{"id":2436,"date":"2017-02-05T12:43:50","date_gmt":"2017-02-05T11:43:50","guid":{"rendered":"http:\/\/istressportsbadminton.com\/?page_id=2436"},"modified":"2017-02-05T12:58:32","modified_gmt":"2017-02-05T11:58:32","slug":"compte-rendu-j4-5","status":"publish","type":"page","link":"https:\/\/istressportsbadminton.com\/?page_id=2436","title":{"rendered":"Compte Rendu J4"},"content":{"rendered":"<p>Salut tout le monde!<\/p>\n<p>Ce dimanche 29 janvier, c\u2019\u00e9tait la reprise pour les championnats r\u00e9gionaux avec deux courts d\u00e9placements pour la R2 \u00e0 Port de Bouc et la R1 \u00e0 Salon.<\/p>\n<p>Apr\u00e8s un int\u00e9rim victorieux en D3 en d\u00e9but de mois, <b>Francky <\/b>retrouvait son costume de capitaine de la R2 \u00e0 l&rsquo;occasion de cette 4e journ\u00e9e qui voyait Istres, solide leader invaincu, affronter Manosque (8e et dernier) et La Batie Neuve (6e).<\/p>\n<p>Grosse tuile \u00e0 une semaine de la rencontre: <b>Agn\u00e8s <\/b>abandonne \u00e0 Eyguieres suite \u00e0 une grosse douleur au genou. Sachant qu&rsquo;elle n&rsquo;est pas du genre \u00e0 l\u00e2cher l&rsquo;affaire (il a fallu la menace d&rsquo;un carton noir pour la faire arr\u00eater lol) on craint le pire! Finalement plus de peur que de mal (en attendant les examens m\u00e9dicaux) mais pas d&rsquo;<b>Agn\u00e8s <\/b>pour cette rencontre de R2 gentiment\u00a0remplac\u00e9e pour l&rsquo;occasion par <b>Lucie <\/b>habituelle joueuse de D3.<\/p>\n<p>La journ\u00e9e d\u00e9bute par la rencontre face \u00e0 La Batie Neuve et on rentre directement dans le vif du sujet pour <b>Lucie<\/b>, associ\u00e9e au tr\u00e8s exp\u00e9riment\u00e9 <b>Robert <\/b>en mixte 2, pour une magnifique victoire 21-13 21-14 suivie de pr\u00e8s par la victoire de <b>Marine <\/b>et <b>Jean Pierre<\/b> en mixte 1 21-15 21-16.<\/p>\n<p>Aucun probl\u00e8me non plus pour <b>Fabrice <\/b>face, il est vrai, \u00e0 un modeste P10 21-6 21-6 tandis qu\u2019<b>Am\u00e9lie <\/b>(D9) va, quant \u00e0 elle, subir la loi de la redoutable M\u00e9lanie Belliard (R6) 21-9 21-11 en simple dame 1. 3-1 pour ISB \u00e0 mi rencontre.<\/p>\n<p>Les choses vont se compliquer s\u00e9rieusement avec les SH1 et SD2 perdus respectivement par <b>Alex <\/b>21-16 21-13 pour son premier match en simple depuis son retour de blessure et par <b>Lucie<\/b> 21-7 21-10 dans un tableau qui n&rsquo;est pas le sien. 3-3 avant les 2 derniers doubles!<\/p>\n<p>Aucune frayeur pour le double homme pour lequel <b>Francky <\/b>avait sorti l&rsquo;artillerie lourde avec une association <b>Jean Pierre<\/b> \/ <b>Robert <\/b>facile vainqueur 21-15 21-10 pour le 4e point d&rsquo;ISB. Allait-on vivre la premi\u00e8re contre performance de la saison pour l&rsquo;\u00e9quipe 2??<\/p>\n<p>Tout le poids de la rencontre se retrouvait donc sur les \u00e9paules de <b>Marine <\/b>(R6) et <b>Am\u00e9lie <\/b>(D9) face \u00e0 M\u00e9lanie Belliard (R4) et Aline Barbarot (R6) bien mieux class\u00e9es qu&rsquo;elles. Mais il en faut plus pour effrayer nos joueuses et c&rsquo;est Istres qui remporte un premier set de haute lutte 21-19. Piqu\u00e9e au vif, la paire bastidonne va r\u00e9agir et survoler le 2e set 21-10 et tout laisse a penser que le match a d\u00e9finitivement tourn\u00e9&#8230; Mais c&rsquo;est sans compter sur l&rsquo;abn\u00e9gation de nos championnes qui vont faire jeu \u00e9gal dans ce 3e set d\u00e9cisif. Les joueuses se rendent coup pour coup jusqu&rsquo;\u00e0 18-20 dans le 3e o\u00f9 nos istr\u00e9ennes vont sauver 2 volants de match! L&rsquo;atmosph\u00e8re est irrespirable, <b>Francky <\/b>au bord de l&rsquo;apoplexie, quand, \u00e0 23-22, apr\u00e8s un nouveau volant de match sauv\u00e9 \u00e0 21-22, <b>Marine <\/b>voit son service retourn\u00e9 directement dans le filet par son adversaire: 24-22 pour ISB!<\/p>\n<p>5-3 pour Istres (comme au match aller) apr\u00e8s ce magnifique double dame et 8e victoire en 8 matchs depuis le d\u00e9but de la saison pour l&rsquo;\u00e9quipe de <b>Franck <\/b>d\u00e9cid\u00e9ment abonn\u00e9e \u00e0 ce score (le 7e en 8 matchs!).<\/p>\n<p>A peine remis de leurs \u00e9motions, les istr\u00e9ens affrontaient une heure plus tard la sympathique \u00e9quipe de Manosque.<\/p>\n<p>Et contrairement au match pr\u00e9c\u00e9dent, c&rsquo;est par les doubles que la rencontre d\u00e9bute. Cette fois ci associ\u00e9 \u00e0 <b>Alex<\/b>, <b>Jean Pierre<\/b> va de nouveau rapporter le point \u00e0 son \u00e9quipe apr\u00e8s une victoire sans trembler 21-9 21-17.<\/p>\n<p>Moins de chance en revanche pour les h\u00e9ro\u00efnes du matin qui, surement pas tout \u00e0 fait remise, vont s&rsquo;incliner en 2 sets 21-12 21-19.<\/p>\n<p>En SD2, pas de miracle pour <b>Lucie <\/b>qui perd s\u00e8chement 21-5 21-7. 2-1 pour Manosque!<\/p>\n<p>Cet avantage ne va pas durer longtemps, <b>Fabrice <\/b>ramenant rapidement les deux \u00e9quipes \u00e0 \u00e9galit\u00e9 malgr\u00e9 un match serr\u00e9 21-17 24-22.<\/p>\n<p>D\u00e9faits le matin, chou (<b>Alex<\/b>) et chou (<b>Am\u00e9lie<\/b>) vont relever la t\u00eate et remporter leurs simples respectifs 21-9 21-14 pour <b>Alex <\/b>et 21-18 21-15 pour <b>Am\u00e9lie <\/b>ce qui porte le score \u00e0 4-2 en faveur d&rsquo;Istres avant les deux mixtes.<\/p>\n<p>D\u00e9sormais habitu\u00e9s \u00e0 \u00e9voluer ensemble, <b>Marine <\/b>et <b>Jean Pierre<\/b> vont avoir l&rsquo;honneur de marquer le 5e point synonyme de victoire pour ISB apr\u00e8s leur victoire 21-9 22-20.<\/p>\n<p>Pour conclure, comme face \u00e0 La Batie Neuve, <b>Lucie <\/b>et <b>Robert <\/b>vont de nouveau l&#8217;emporter en 2 sets 21-17 21-13 pour une victoire finale des istr\u00e9ens 6-2!<\/p>\n<p>ISB poursuit son sans faute dans cette R2 avec 9 victoires en 9 matchs et 45 pts, loin, tr\u00e8s loin, devant les \u00e9quipes d&rsquo;Eygui\u00e8res et du SMUC, dauphins avec 35 pts. \u00c7a tombe bien, ces deux \u00e9quipes se pr\u00e9sentent sur la route des istr\u00e9ens des la prochaine journ\u00e9e qui se jouera le dimanche 19 mars \u00e0 Eygui\u00e8res!<\/p>\n\n<!-- iframe plugin v.5.1 wordpress.org\/plugins\/iframe\/ -->\n<iframe src=\"http:\/\/www.badnet.org\/badnet\/src\/index.php?ic_a=656385&#038;cb=updateMenu&#038;eventId=6835&#038;action=page:656386;drawId:110433\" width=\"100%\" height=\"500\" scrolling=\"yes\" class=\"iframe-class\" frameborder=\"0\"><\/iframe>\n\n","protected":false},"excerpt":{"rendered":"<p>Salut tout le monde! Ce dimanche 29 janvier, c\u2019\u00e9tait la reprise pour les championnats r\u00e9gionaux avec deux courts d\u00e9placements pour la R2 \u00e0 Port de Bouc et la R1 \u00e0 Salon. Apr\u00e8s un int\u00e9rim victorieux en D3 en d\u00e9but de mois, Francky retrouvait son costume de capitaine de la R2 \u00e0 l&rsquo;occasion de cette 4e &hellip; <a href=\"https:\/\/istressportsbadminton.com\/?page_id=2436\" class=\"more-link\">Continuer la lecture<span class=\"screen-reader-text\"> de &laquo;&nbsp;Compte Rendu J4&nbsp;&raquo;<\/span><\/a><\/p>\n","protected":false},"author":3,"featured_media":0,"parent":0,"menu_order":0,"comment_status":"closed","ping_status":"closed","template":"","meta":{"sfsi_plus_gutenberg_text_before_share":"","sfsi_plus_gutenberg_show_text_before_share":"","sfsi_plus_gutenberg_icon_type":"","sfsi_plus_gutenberg_icon_alignemt":"","sfsi_plus_gutenburg_max_per_row":""},"_links":{"self":[{"href":"https:\/\/istressportsbadminton.com\/index.php?rest_route=\/wp\/v2\/pages\/2436"}],"collection":[{"href":"https:\/\/istressportsbadminton.com\/index.php?rest_route=\/wp\/v2\/pages"}],"about":[{"href":"https:\/\/istressportsbadminton.com\/index.php?rest_route=\/wp\/v2\/types\/page"}],"author":[{"embeddable":true,"href":"https:\/\/istressportsbadminton.com\/index.php?rest_route=\/wp\/v2\/users\/3"}],"replies":[{"embeddable":true,"href":"https:\/\/istressportsbadminton.com\/index.php?rest_route=%2Fwp%2Fv2%2Fcomments&post=2436"}],"version-history":[{"count":2,"href":"https:\/\/istressportsbadminton.com\/index.php?rest_route=\/wp\/v2\/pages\/2436\/revisions"}],"predecessor-version":[{"id":2448,"href":"https:\/\/istressportsbadminton.com\/index.php?rest_route=\/wp\/v2\/pages\/2436\/revisions\/2448"}],"wp:attachment":[{"href":"https:\/\/istressportsbadminton.com\/index.php?rest_route=%2Fwp%2Fv2%2Fmedia&parent=2436"}],"curies":[{"name":"wp","href":"https:\/\/api.w.org\/{rel}","templated":true}]}}