{"id":2462,"date":"2017-02-12T17:30:15","date_gmt":"2017-02-12T16:30:15","guid":{"rendered":"http:\/\/istressportsbadminton.com\/?page_id=2462"},"modified":"2017-02-12T17:34:00","modified_gmt":"2017-02-12T16:34:00","slug":"tournois-international-meylan-hermitage-tournonais-de-la-coquille","status":"publish","type":"page","link":"https:\/\/istressportsbadminton.com\/?page_id=2462","title":{"rendered":"Tournois International Meylan &#038; Hermitage Tournonais &#038; de la Coquille"},"content":{"rendered":"<p>Ce weekend des 21 et 22 janvier 2017 aura d\u00e9cid\u00e9ment \u00e9t\u00e9 charg\u00e9 en tournois pour les membres d&rsquo;ISB puisque outre Eygui\u00e8re (<span style=\"color: #008080;\"><strong><a style=\"color: #008080;\" href=\"http:\/\/istressportsbadminton.com\/?page_id=2455\" target=\"_blank\">Compte rendu ici<\/a><\/strong><span style=\"color: #000000;\">), d&rsquo;autres \u00e9taient partis un peu plus loin porter haut les couleurs du club.<\/span><\/span><\/p>\n<h3><strong><span style=\"color: #800080;\">Forza International de Meylan<\/span><\/strong><\/h3>\n<p>Eric avait fait le d\u00e9placement \u00e0 Meylan (Is\u00e8re) pour le prestigieux tournoi de Meylan, \u00a0et participait au tableau de Simple Homme R5. Et Eric aura brill\u00e9 puisqu&rsquo;il remporte solidement ses 4 premiers matchs, jusqu&rsquo;\u00e0\u00a0une\u00a0demi-finale qu&rsquo;il ne pourra finalement pas disputer. Dommage.<\/p>\n<h3><span style=\"color: #800080;\"><strong>Tournoi de double de l&rsquo;Hermitage et du Tournonais<\/strong><\/span><\/h3>\n<figure id=\"attachment_2470\" aria-describedby=\"caption-attachment-2470\" style=\"width: 225px\" class=\"wp-caption alignleft\"><a href=\"http:\/\/istressportsbadminton.com\/wp-content\/uploads\/2017\/02\/Maxence-double.jpg\"><img loading=\"lazy\" class=\"wp-image-2470 size-medium\" src=\"http:\/\/istressportsbadminton.com\/wp-content\/uploads\/2017\/02\/Maxence-double-225x300.jpg\" alt=\"Maxence double\" width=\"225\" height=\"300\" srcset=\"https:\/\/istressportsbadminton.com\/wp-content\/uploads\/2017\/02\/Maxence-double-225x300.jpg 225w, https:\/\/istressportsbadminton.com\/wp-content\/uploads\/2017\/02\/Maxence-double-113x150.jpg 113w, https:\/\/istressportsbadminton.com\/wp-content\/uploads\/2017\/02\/Maxence-double-768x1024.jpg 768w, https:\/\/istressportsbadminton.com\/wp-content\/uploads\/2017\/02\/Maxence-double-1x1.jpg 1w, https:\/\/istressportsbadminton.com\/wp-content\/uploads\/2017\/02\/Maxence-double.jpg 1536w\" sizes=\"(max-width: 225px) 85vw, 225px\" \/><\/a><figcaption id=\"caption-attachment-2470\" class=\"wp-caption-text\">Max vainqueur en DH<\/figcaption><\/figure>\n<p>En Ard\u00e8che, plus pr\u00e9cis\u00e9ment \u00e0\u00a0Tournon sur Rh\u00f4ne , on retrouvait Maxence engag\u00e9 sur 2 tableaux.<\/p>\n<p>Le Samedi en double, Max (R4) \u00e9tait\u00a0associ\u00e9, pour la premi\u00e8re fois, \u00e0 Ruben Hortion (Pierrelate, R6) en s\u00e9rie R4\/R5. Et l&rsquo;essai est transform\u00e9 puisque les 2 hommes remportent haut la main la comp\u00e9tition au terme de 4 matchs parfaitement maitris\u00e9s. Maxence ouvre ainsi son compteur de titre cette saison, et ajoute le 16\u00e8me troph\u00e9e pour le club. Bien jou\u00e9 Max !\u00a0<a href=\"http:\/\/istressportsbadminton.com\/wp-content\/uploads\/2016\/04\/emoji_u1f3c6.png\"><img loading=\"lazy\" class=\"alignnone size-full wp-image-1322\" src=\"http:\/\/istressportsbadminton.com\/wp-content\/uploads\/2016\/04\/emoji_u1f3c6.png\" alt=\"Victoire\" width=\"25\" height=\"25\" srcset=\"https:\/\/istressportsbadminton.com\/wp-content\/uploads\/2016\/04\/emoji_u1f3c6.png 25w, https:\/\/istressportsbadminton.com\/wp-content\/uploads\/2016\/04\/emoji_u1f3c6-1x1.png 1w\" sizes=\"(max-width: 25px) 85vw, 25px\" \/><\/a><\/p>\n<figure id=\"attachment_2471\" aria-describedby=\"caption-attachment-2471\" style=\"width: 249px\" class=\"wp-caption alignright\"><a href=\"http:\/\/istressportsbadminton.com\/wp-content\/uploads\/2017\/02\/Maxence-mixte.jpg\"><img loading=\"lazy\" class=\"wp-image-2471 size-medium\" src=\"http:\/\/istressportsbadminton.com\/wp-content\/uploads\/2017\/02\/Maxence-mixte-249x300.jpg\" alt=\"Maxence mixte\" width=\"249\" height=\"300\" srcset=\"https:\/\/istressportsbadminton.com\/wp-content\/uploads\/2017\/02\/Maxence-mixte-249x300.jpg 249w, https:\/\/istressportsbadminton.com\/wp-content\/uploads\/2017\/02\/Maxence-mixte-124x150.jpg 124w, https:\/\/istressportsbadminton.com\/wp-content\/uploads\/2017\/02\/Maxence-mixte-849x1024.jpg 849w, https:\/\/istressportsbadminton.com\/wp-content\/uploads\/2017\/02\/Maxence-mixte-1x1.jpg 1w, https:\/\/istressportsbadminton.com\/wp-content\/uploads\/2017\/02\/Maxence-mixte.jpg 1697w\" sizes=\"(max-width: 249px) 85vw, 249px\" \/><\/a><figcaption id=\"caption-attachment-2471\" class=\"wp-caption-text\">Et finaliste en mixte!<\/figcaption><\/figure>\n<p>Le lendemain laissait la place au Mixte R4\/R5\u00a0o\u00f9 Max (R4) faisait la paire\u00a0avec Clara Pasquini (Vals-les-Bains, R6). Et on finira tout proche du weekend parfait pour notre Istr\u00e9ens puisque Clara et Max, apr\u00e8s 5 victoires, ne vont \u00e9chouer qu&rsquo;en finale et au bout du suspense\u00a014-21 \/ 21-18 \/ 24-22 !!!<\/p>\n<p>&nbsp;<\/p>\n<p>&nbsp;<\/p>\n<p>&nbsp;<\/p>\n<p>&nbsp;<\/p>\n<h3><span style=\"color: #800080;\"><strong>Tournoi de la Coquille (Six-Fours)<\/strong><\/span><\/h3>\n<p>Jonathan \u00e9tait en d\u00e9placement dans le Var pour ce 3\u00e8me tournoi de la coquille \u00e0 Six-Fours-les-Plages.<\/p>\n<p>Le samedi il \u00e9tait engag\u00e9 en\u00a0simple s\u00e9rie P, un tableau qu&rsquo;il va survoler pour s&rsquo;adjuger le titre\u00a0au terme de 6 matchs totalement ma\u00eetris\u00e9s. \u00a0Bravo!!\u00a0<a href=\"http:\/\/istressportsbadminton.com\/wp-content\/uploads\/2016\/04\/emoji_u1f3c6.png\"><img loading=\"lazy\" class=\"alignnone size-full wp-image-1322\" src=\"http:\/\/istressportsbadminton.com\/wp-content\/uploads\/2016\/04\/emoji_u1f3c6.png\" alt=\"Victoire\" width=\"25\" height=\"25\" srcset=\"https:\/\/istressportsbadminton.com\/wp-content\/uploads\/2016\/04\/emoji_u1f3c6.png 25w, https:\/\/istressportsbadminton.com\/wp-content\/uploads\/2016\/04\/emoji_u1f3c6-1x1.png 1w\" sizes=\"(max-width: 25px) 85vw, 25px\" \/><\/a><\/p>\n<p>Le lendemain, il remettait le couvert en Double Homme D8 \/D9 avec son partenaire habituel Florian Van Hallewyn (Digne, D8). Et m\u00eame r\u00e9ussite pour Jonathan et Florian, qui malgr\u00e9 une phase de poule un peu difficile dont ils se sortent avec 1V et 1D, 3 victoires plus tard et c&rsquo;est le titre pour eux !! <a href=\"http:\/\/istressportsbadminton.com\/wp-content\/uploads\/2016\/04\/emoji_u1f3c6.png\"><img loading=\"lazy\" class=\"alignnone size-full wp-image-1322\" src=\"http:\/\/istressportsbadminton.com\/wp-content\/uploads\/2016\/04\/emoji_u1f3c6.png\" alt=\"Victoire\" width=\"25\" height=\"25\" srcset=\"https:\/\/istressportsbadminton.com\/wp-content\/uploads\/2016\/04\/emoji_u1f3c6.png 25w, https:\/\/istressportsbadminton.com\/wp-content\/uploads\/2016\/04\/emoji_u1f3c6-1x1.png 1w\" sizes=\"(max-width: 25px) 85vw, 25px\" \/><\/a><\/p>\n<p>Superbe weekend pour Jonathan qui remporte ses 2\u00e8me et 3\u00e8me titres de la saison, ce qui porte le total istr\u00e9en \u00e0 18 !! F\u00e9licitations!!!<\/p>\n<p>&nbsp;<\/p>\n","protected":false},"excerpt":{"rendered":"<p>Ce weekend des 21 et 22 janvier 2017 aura d\u00e9cid\u00e9ment \u00e9t\u00e9 charg\u00e9 en tournois pour les membres d&rsquo;ISB puisque outre Eygui\u00e8re (Compte rendu ici), d&rsquo;autres \u00e9taient partis un peu plus loin porter haut les couleurs du club. Forza International de Meylan Eric avait fait le d\u00e9placement \u00e0 Meylan (Is\u00e8re) pour le prestigieux tournoi de Meylan, &hellip; <a href=\"https:\/\/istressportsbadminton.com\/?page_id=2462\" class=\"more-link\">Continuer la lecture<span class=\"screen-reader-text\"> de &laquo;&nbsp;Tournois International Meylan &#038; Hermitage Tournonais &#038; de la Coquille&nbsp;&raquo;<\/span><\/a><\/p>\n","protected":false},"author":3,"featured_media":0,"parent":0,"menu_order":0,"comment_status":"closed","ping_status":"closed","template":"","meta":{"sfsi_plus_gutenberg_text_before_share":"","sfsi_plus_gutenberg_show_text_before_share":"","sfsi_plus_gutenberg_icon_type":"","sfsi_plus_gutenberg_icon_alignemt":"","sfsi_plus_gutenburg_max_per_row":""},"_links":{"self":[{"href":"https:\/\/istressportsbadminton.com\/index.php?rest_route=\/wp\/v2\/pages\/2462"}],"collection":[{"href":"https:\/\/istressportsbadminton.com\/index.php?rest_route=\/wp\/v2\/pages"}],"about":[{"href":"https:\/\/istressportsbadminton.com\/index.php?rest_route=\/wp\/v2\/types\/page"}],"author":[{"embeddable":true,"href":"https:\/\/istressportsbadminton.com\/index.php?rest_route=\/wp\/v2\/users\/3"}],"replies":[{"embeddable":true,"href":"https:\/\/istressportsbadminton.com\/index.php?rest_route=%2Fwp%2Fv2%2Fcomments&post=2462"}],"version-history":[{"count":18,"href":"https:\/\/istressportsbadminton.com\/index.php?rest_route=\/wp\/v2\/pages\/2462\/revisions"}],"predecessor-version":[{"id":2488,"href":"https:\/\/istressportsbadminton.com\/index.php?rest_route=\/wp\/v2\/pages\/2462\/revisions\/2488"}],"wp:attachment":[{"href":"https:\/\/istressportsbadminton.com\/index.php?rest_route=%2Fwp%2Fv2%2Fmedia&parent=2462"}],"curies":[{"name":"wp","href":"https:\/\/api.w.org\/{rel}","templated":true}]}}