{"id":2489,"date":"2017-02-12T19:33:35","date_gmt":"2017-02-12T18:33:35","guid":{"rendered":"http:\/\/istressportsbadminton.com\/?page_id=2489"},"modified":"2017-02-12T19:33:35","modified_gmt":"2017-02-12T18:33:35","slug":"compte-rendu-j6-4","status":"publish","type":"page","link":"https:\/\/istressportsbadminton.com\/?page_id=2489","title":{"rendered":"Compte Rendu J6"},"content":{"rendered":"<div>\n<div>\n<div>\n<div>\n<div>\n<div>\n<div>\n<div>\n<div>\n<div>Salut les badistes!<\/p>\n<\/div>\n<p>Lundi 6 f\u00e9vrier, \u00e0 l&rsquo;occasion de la 6e journ\u00e9e de D3, l&rsquo;\u00e9quipe 3 du capitaine Thibaud, se d\u00e9pla\u00e7ait \u00e0 Salon chez la lanterne rouge de la poule pour poursuivre sa qu\u00eate de play off.<\/p><\/div>\n<p>Malgr\u00e9 les absences de Franck, Phil et Annie, l&rsquo;\u00e9quipe align\u00e9e avait tout de m\u00eame fi\u00e8re allure:<\/p><\/div>\n<p>SH1: Dorian, SH2: Steph, SH3: Nico, SD: R\u00e9gine, DH: Thibaud\/Steph, DD: Lucie\/R\u00e9gine, Mx: Lucie\/Dorian.<\/p><\/div>\n<p>La rencontre d\u00e9bute par le simple dame et le simple homme 1. Restant sur sa 1ere victoire en simple lors de la pr\u00e9c\u00e9dente journ\u00e9e, R\u00e9gine retrouvait la jeune C\u00e9cile Chastagner (Junior P11) qui l&rsquo;avait s\u00e8chement battu au match aller (21-11 21-14). Et malgr\u00e9 un net avantage pour l&rsquo;istr\u00e9enne dans le premier set, une \u00e9norme d\u00e9faillance au service va p\u00e9naliser R\u00e9gine qui s&rsquo;incline finalement 21-18. Compl\u00e8tement d\u00e9mobilis\u00e9e par cette accumulation de services rat\u00e9s, notre v\u00e9t\u00e9rante ne va pas exister dans le 2e set perdu 21-10 pour le premier point salonnais dans cette rencontre. Fort heureusement, les simples hommes vont rapidement remettre les pendules \u00e0 l&rsquo;heure: 21-11 21-7 pour Dorian, 21-4 21-2 pour Steph, et 21-6 21-2 pour Nico! Fallait pas \u00e9nerver nos pistoleros qui permettent \u00e0 ISB de mener 3-1 apr\u00e8s les 4 premiers matchs.<\/p><\/div>\n<p>Dans le double homme, la paire Constantin\/Procot, qui avait pouss\u00e9 Thibaud et Francky au 3e set au match aller, ne va cette fois ci pas faire le poids face \u00e0 Thibaud associ\u00e9 \u00e0 un Steph en feu en ce moment: Victoire 21-12 21-13 pour le point de la victoire!<\/p><\/div>\n<p>La victoire d\u00e9sormais assur\u00e9e, Lucie et R\u00e9gine pouvaient, sans pression, profiter d&rsquo;un double dame tr\u00e8s serr\u00e9 contre la paire Chastagner\/Lambert que les istr\u00e9ennes vont finalement remporter 21-15 19-21 21-15. Bravo les filles.<\/p><\/div>\n<p>Enfin pour le dernier match de la soir\u00e9e, Lucie et Dorian vont facilement prendre la mesure de leurs adversaires avec une belle victoire en 2 sets 21-11 21-15.<\/p>\n<\/div>\n<p>Victoire finale 6-1 pour ISB qui conserve sa 2e place avec 10 pts (5v et 1d) avant de retrouver le leader aixois invaincu (12 pts, 6v) lors de la prochaine journ\u00e9e le 7 mars.<\/p>\n<\/div>\n<p>Bravo \u00e0 tous!<\/p>\n<\/div>\n<p>Allez Istres!<\/p>\n\n<!-- iframe plugin v.5.1 wordpress.org\/plugins\/iframe\/ -->\n<iframe src=\"https:\/\/www.badnet.org\/badnet\/src\/index.php?ic_a=656385&#038;cb=updateMenu&#038;eventId=6898&#038;action=page:656386;drawId:111983\" width=\"100%\" height=\"500\" scrolling=\"yes\" class=\"iframe-class\" frameborder=\"0\"><\/iframe>\n\n","protected":false},"excerpt":{"rendered":"<p>Salut les badistes! Lundi 6 f\u00e9vrier, \u00e0 l&rsquo;occasion de la 6e journ\u00e9e de D3, l&rsquo;\u00e9quipe 3 du capitaine Thibaud, se d\u00e9pla\u00e7ait \u00e0 Salon chez la lanterne rouge de la poule pour poursuivre sa qu\u00eate de play off. Malgr\u00e9 les absences de Franck, Phil et Annie, l&rsquo;\u00e9quipe align\u00e9e avait tout de m\u00eame fi\u00e8re allure: SH1: Dorian, &hellip; <a href=\"https:\/\/istressportsbadminton.com\/?page_id=2489\" class=\"more-link\">Continuer la lecture<span class=\"screen-reader-text\"> de &laquo;&nbsp;Compte Rendu J6&nbsp;&raquo;<\/span><\/a><\/p>\n","protected":false},"author":3,"featured_media":0,"parent":0,"menu_order":0,"comment_status":"closed","ping_status":"closed","template":"","meta":{"sfsi_plus_gutenberg_text_before_share":"","sfsi_plus_gutenberg_show_text_before_share":"","sfsi_plus_gutenberg_icon_type":"","sfsi_plus_gutenberg_icon_alignemt":"","sfsi_plus_gutenburg_max_per_row":""},"_links":{"self":[{"href":"https:\/\/istressportsbadminton.com\/index.php?rest_route=\/wp\/v2\/pages\/2489"}],"collection":[{"href":"https:\/\/istressportsbadminton.com\/index.php?rest_route=\/wp\/v2\/pages"}],"about":[{"href":"https:\/\/istressportsbadminton.com\/index.php?rest_route=\/wp\/v2\/types\/page"}],"author":[{"embeddable":true,"href":"https:\/\/istressportsbadminton.com\/index.php?rest_route=\/wp\/v2\/users\/3"}],"replies":[{"embeddable":true,"href":"https:\/\/istressportsbadminton.com\/index.php?rest_route=%2Fwp%2Fv2%2Fcomments&post=2489"}],"version-history":[{"count":2,"href":"https:\/\/istressportsbadminton.com\/index.php?rest_route=\/wp\/v2\/pages\/2489\/revisions"}],"predecessor-version":[{"id":2491,"href":"https:\/\/istressportsbadminton.com\/index.php?rest_route=\/wp\/v2\/pages\/2489\/revisions\/2491"}],"wp:attachment":[{"href":"https:\/\/istressportsbadminton.com\/index.php?rest_route=%2Fwp%2Fv2%2Fmedia&parent=2489"}],"curies":[{"name":"wp","href":"https:\/\/api.w.org\/{rel}","templated":true}]}}