{"id":2502,"date":"2017-02-25T13:31:36","date_gmt":"2017-02-25T12:31:36","guid":{"rendered":"http:\/\/istressportsbadminton.com\/?page_id=2502"},"modified":"2017-02-25T13:35:56","modified_gmt":"2017-02-25T12:35:56","slug":"les-aventures-de-petit-swann-janvier-fevrier","status":"publish","type":"page","link":"https:\/\/istressportsbadminton.com\/?page_id=2502","title":{"rendered":"Les aventures de Petit Swann, janvier-F\u00e9vrier"},"content":{"rendered":"<p>Salut tout le monde,<\/p>\n<p>on n&rsquo;en a pas parl\u00e9 depuis quelques temps, mais depuis son <span style=\"color: #33cccc;\"><strong><a style=\"color: #33cccc;\" href=\"http:\/\/istressportsbadminton.com\/?page_id=2393\" target=\"_blank\">Troph\u00e9e R\u00e9gional d&rsquo;Apt du 7 janvier et sa 7\u00e8me victoire de la saison<\/a><\/strong><\/span> , notre petit Swann n&rsquo;a pas ch\u00f4m\u00e9 et a continu\u00e9 a \u00e9cumer les diff\u00e9rents tournois jeunes avec\u00a0notamment la participation \u00e0\u00a0son tout premier tournoi de niveau national, et plusieurs tournois jou\u00e9s dans les cat\u00e9gories d&rsquo;ages sup\u00e9rieures.<\/p>\n<p>Le<strong> 14 janvier<\/strong>, c\u2019\u00e9tait donc le grand saut pour notre petite pousse qui avait rendez-vous \u00e0 <strong>Bourges<\/strong> pour le <strong>Troph\u00e9e National Jeune<\/strong>, ultime niveau avant les championnats de France, et l&rsquo;occasion de se frotter \u00e0 l&rsquo;\u00e9lite nationale de la cat\u00e9gorie poussin en simple. Dans un format particulier qui le voit jouer 7 matchs, Swann va faire excellent figure puisqu&rsquo;il finit <strong>4\u00e9me sur 26<\/strong> jeunes, avec un bilan de <strong>5 victoires pour 2 d\u00e9faites<\/strong>. \u00a0Bravo !<a href=\"http:\/\/istressportsbadminton.com\/wp-content\/uploads\/2017\/02\/Swann-TNJ.jpg\"><img loading=\"lazy\" class=\" wp-image-2508 aligncenter\" src=\"http:\/\/istressportsbadminton.com\/wp-content\/uploads\/2017\/02\/Swann-TNJ.jpg\" alt=\"Swann TNJ\" width=\"534\" height=\"328\" srcset=\"https:\/\/istressportsbadminton.com\/wp-content\/uploads\/2017\/02\/Swann-TNJ.jpg 755w, https:\/\/istressportsbadminton.com\/wp-content\/uploads\/2017\/02\/Swann-TNJ-150x92.jpg 150w, https:\/\/istressportsbadminton.com\/wp-content\/uploads\/2017\/02\/Swann-TNJ-300x184.jpg 300w, https:\/\/istressportsbadminton.com\/wp-content\/uploads\/2017\/02\/Swann-TNJ-2x1.jpg 2w\" sizes=\"(max-width: 534px) 85vw, 534px\" \/><\/a><\/p>\n<p>Le <strong>22 janvier<\/strong>, retour aux affaires r\u00e9gionale, avec le <strong>Grand Prix Jeune de Sausset<\/strong>, mais avec un challenge de taille puisqu&rsquo;il \u00e9tait engag\u00e9 dans la cat\u00e9gorie Minimes, soit 2 cat\u00e9gories au dessus de la sienne, avec des jeunes 3 ou 4 ans plus \u00e2g\u00e9s que lui ! Et bien qu&rsquo;il rende un sacr\u00e9 paquet de centim\u00e8tres \u00e0\u00a0ses adversaires, il va encore une fois faire des \u00e9tincelles, remportant ses 3 premiers matchs pour se hisser jusqu&rsquo;en finale. Il devra n\u00e9anmoins s&rsquo;incliner contre un jeune techniquement plus fort, mais le bilan de cette\u00a0journ\u00e9e sera quasi parfait au vu de l\u2019\u00e9cart d&rsquo;\u00e2ge!<\/p>\n<p><a href=\"http:\/\/istressportsbadminton.com\/wp-content\/uploads\/2017\/02\/Swann-Sausset.jpg\"><img loading=\"lazy\" class=\"aligncenter wp-image-2504 \" src=\"http:\/\/istressportsbadminton.com\/wp-content\/uploads\/2017\/02\/Swann-Sausset-300x82.jpg\" alt=\"Swann Sausset\" width=\"552\" height=\"151\" srcset=\"https:\/\/istressportsbadminton.com\/wp-content\/uploads\/2017\/02\/Swann-Sausset-300x82.jpg 300w, https:\/\/istressportsbadminton.com\/wp-content\/uploads\/2017\/02\/Swann-Sausset-150x41.jpg 150w, https:\/\/istressportsbadminton.com\/wp-content\/uploads\/2017\/02\/Swann-Sausset-4x1.jpg 4w, https:\/\/istressportsbadminton.com\/wp-content\/uploads\/2017\/02\/Swann-Sausset.jpg 854w\" sizes=\"(max-width: 552px) 85vw, 552px\" \/><\/a><\/p>\n<p>Le <strong>4 f\u00e9vrier<\/strong>, c\u2019\u00e9tait direction <strong>Sisteron<\/strong> pour le <strong>TRJ 5<\/strong> (R\u00e9gional), avec, une fois de plus, un gros d\u00e9fi cette fois-ci en double:\u00a0Swann et son petit coll\u00e8gue Tim\u00e9o Lacour (Briancon) vont jouer\u00a0surclass\u00e9s en cat\u00e9gorie benjamin top \u00e9lite. Et Swann et Tim\u00e9o se d\u00e9brouillent une fois de plus extr\u00eamement bien en ne s&rsquo;inclinant qu&rsquo;en <strong>finale<\/strong> au terme de 3 jolis set.<\/p>\n<p><a href=\"http:\/\/istressportsbadminton.com\/wp-content\/uploads\/2017\/02\/TRJ-5.jpg\"><img loading=\"lazy\" class=\" wp-image-2510 alignnone\" src=\"http:\/\/istressportsbadminton.com\/wp-content\/uploads\/2017\/02\/TRJ-5.jpg\" alt=\"TRJ 5\" width=\"269\" height=\"359\" srcset=\"https:\/\/istressportsbadminton.com\/wp-content\/uploads\/2017\/02\/TRJ-5.jpg 600w, https:\/\/istressportsbadminton.com\/wp-content\/uploads\/2017\/02\/TRJ-5-113x150.jpg 113w, https:\/\/istressportsbadminton.com\/wp-content\/uploads\/2017\/02\/TRJ-5-225x300.jpg 225w, https:\/\/istressportsbadminton.com\/wp-content\/uploads\/2017\/02\/TRJ-5-1x1.jpg 1w\" sizes=\"(max-width: 269px) 85vw, 269px\" \/><\/a><a href=\"http:\/\/istressportsbadminton.com\/wp-content\/uploads\/2017\/02\/Swann-TRJ5.jpg\"><img loading=\"lazy\" class=\"wp-image-2513 alignright\" src=\"http:\/\/istressportsbadminton.com\/wp-content\/uploads\/2017\/02\/Swann-TRJ5.jpg\" alt=\"Swann TRJ5\" width=\"408\" height=\"229\" srcset=\"https:\/\/istressportsbadminton.com\/wp-content\/uploads\/2017\/02\/Swann-TRJ5.jpg 755w, https:\/\/istressportsbadminton.com\/wp-content\/uploads\/2017\/02\/Swann-TRJ5-150x84.jpg 150w, https:\/\/istressportsbadminton.com\/wp-content\/uploads\/2017\/02\/Swann-TRJ5-300x168.jpg 300w, https:\/\/istressportsbadminton.com\/wp-content\/uploads\/2017\/02\/Swann-TRJ5-2x1.jpg 2w\" sizes=\"(max-width: 408px) 85vw, 408px\" \/><\/a><\/p>\n<p>Mais on ne pouvait d\u00e9cemment pas conclure un compte rendu de Swann sans un troph\u00e9e!&#8230; Rassurez-vous, il restait le<strong> TIJ 3<\/strong> (Interr\u00e9gional) disput\u00e9 \u00e0 <strong>Annecy<\/strong> les <strong>11 et 12 f\u00e9vrier<\/strong> pour reprendre les bonnes habitudes&#8230; Et il ne va pas faire les choses a moiti\u00e9.<br \/>\nInscrit sur les 3 tableaux, il d\u00e9marre par le simple en poussin le samedi matin. Les 2 premiers matchs sont une formalit\u00e9, et il se qualifie d\u00e9j\u00e0 pour les demi qui seront jou\u00e9es le lendemain.<\/p>\n<p><a href=\"http:\/\/istressportsbadminton.com\/wp-content\/uploads\/2017\/02\/Swann-TIJ-Mixte.jpg\"><img loading=\"lazy\" class=\"wp-image-2519 alignleft\" src=\"http:\/\/istressportsbadminton.com\/wp-content\/uploads\/2017\/02\/Swann-TIJ-Mixte.jpg\" alt=\"Swann TIJ Mixte\" width=\"211\" height=\"282\" srcset=\"https:\/\/istressportsbadminton.com\/wp-content\/uploads\/2017\/02\/Swann-TIJ-Mixte.jpg 600w, https:\/\/istressportsbadminton.com\/wp-content\/uploads\/2017\/02\/Swann-TIJ-Mixte-113x150.jpg 113w, https:\/\/istressportsbadminton.com\/wp-content\/uploads\/2017\/02\/Swann-TIJ-Mixte-225x300.jpg 225w, https:\/\/istressportsbadminton.com\/wp-content\/uploads\/2017\/02\/Swann-TIJ-Mixte-1x1.jpg 1w\" sizes=\"(max-width: 211px) 85vw, 211px\" \/><\/a>Le samedi apr\u00e8s-midi, il se lan\u00e7ait dans le Mixte poussin, grande premi\u00e8re en tournoi pour Swann, associ\u00e9 pour l&rsquo;occasion avec Clarysse Renault-Smagghe, 5\u00e8me fran\u00e7aise de la cat\u00e9gorie. Et dans une poule unique de 5, Swann et Clarysse vont surmonter leur manque d&rsquo;automatismes et remporter haut la main les 4 matchs qui leurs \u00e9taient propos\u00e9s et remporter le troph\u00e9e, pour une premi\u00e8re victorieuse qui appellera sans doute un partenariat fixe entre eux \u00e0 l&rsquo;avenir. Bravo !! \u00a0<a href=\"http:\/\/istressportsbadminton.com\/wp-content\/uploads\/2016\/04\/emoji_u1f3c6.png\"><img loading=\"lazy\" class=\"alignnone size-full wp-image-1322\" src=\"http:\/\/istressportsbadminton.com\/wp-content\/uploads\/2016\/04\/emoji_u1f3c6.png\" alt=\"Victoire\" width=\"25\" height=\"25\" srcset=\"https:\/\/istressportsbadminton.com\/wp-content\/uploads\/2016\/04\/emoji_u1f3c6.png 25w, https:\/\/istressportsbadminton.com\/wp-content\/uploads\/2016\/04\/emoji_u1f3c6-1x1.png 1w\" sizes=\"(max-width: 25px) 85vw, 25px\" \/><\/a><\/p>\n<p>Le dimanche matin, place au double avec Tim\u00e9o, encore une fois surclass\u00e9s en cat\u00e9gorie Benjamin. Apr\u00e8s un wo et un match gagn\u00e9 sans trop briller, ils \u00e9chouent malheureusement ensuite en demi-finale contre 2 jeunes faisant 2 fois leur taille, malgr\u00e8 un premier set accroch\u00e9. Dommage !<\/p>\n<p><a href=\"http:\/\/istressportsbadminton.com\/wp-content\/uploads\/2017\/02\/Swann-TIJ-simple.jpg\"><img loading=\"lazy\" class=\"wp-image-2521 alignright\" src=\"http:\/\/istressportsbadminton.com\/wp-content\/uploads\/2017\/02\/Swann-TIJ-simple.jpg\" alt=\"Swann TIJ simple\" width=\"232\" height=\"309\" srcset=\"https:\/\/istressportsbadminton.com\/wp-content\/uploads\/2017\/02\/Swann-TIJ-simple.jpg 600w, https:\/\/istressportsbadminton.com\/wp-content\/uploads\/2017\/02\/Swann-TIJ-simple-113x150.jpg 113w, https:\/\/istressportsbadminton.com\/wp-content\/uploads\/2017\/02\/Swann-TIJ-simple-225x300.jpg 225w, https:\/\/istressportsbadminton.com\/wp-content\/uploads\/2017\/02\/Swann-TIJ-simple-1x1.jpg 1w\" sizes=\"(max-width: 232px) 85vw, 232px\" \/><\/a>Mais l\u2019apr\u00e8s midi, il restait la fin du simple a disputer pour Swanny. Et notre petit istr\u00e9en passe facilement outre sa petite d\u00e9ception du matin et exp\u00e9die sa demi-finale. Et en finale contre le 12\u00e8me francais, tout en\u00a0ma\u00eetrise et avec une superbe d\u00e9termination, il met tout de suite la pression sur son jeune adversaire, \u00a0tactique payante puisqu&rsquo;il l&#8217;emporte sans trembler 21-11\/ 21-10. <a href=\"http:\/\/istressportsbadminton.com\/wp-content\/uploads\/2016\/04\/emoji_u1f3c6.png\"><img loading=\"lazy\" class=\"alignnone size-full wp-image-1322\" src=\"http:\/\/istressportsbadminton.com\/wp-content\/uploads\/2016\/04\/emoji_u1f3c6.png\" alt=\"Victoire\" width=\"25\" height=\"25\" srcset=\"https:\/\/istressportsbadminton.com\/wp-content\/uploads\/2016\/04\/emoji_u1f3c6.png 25w, https:\/\/istressportsbadminton.com\/wp-content\/uploads\/2016\/04\/emoji_u1f3c6-1x1.png 1w\" sizes=\"(max-width: 25px) 85vw, 25px\" \/><\/a><\/p>\n<p>La conclusion d&rsquo;un superbe weekend qui l&rsquo;aura donc vu remporter ses <strong>8\u00e8me<\/strong> et <strong>9\u00e8me<\/strong> troph\u00e9es de la saison, portant \u00e9galement le total d&rsquo;ISB \u00e0\u00a0<strong>20<\/strong>.<\/p>\n<p>Des succ\u00e8s de notre petite pousse qui ont attir\u00e9 les journalistes d&rsquo;un c\u00e9l\u00e8bre magazine Istr\u00e9en&#8230; Affaire \u00e0 suivre\u00a0 \ud83d\ude09<\/p>\n<p><a href=\"http:\/\/istressportsbadminton.com\/wp-content\/uploads\/2017\/02\/Swann-TIJ-SimpleResults.jpg\"><img loading=\"lazy\" class=\"alignnone wp-image-2525\" src=\"http:\/\/istressportsbadminton.com\/wp-content\/uploads\/2017\/02\/Swann-TIJ-SimpleResults.jpg\" alt=\"Swann TIJ SimpleResults\" width=\"473\" height=\"155\" srcset=\"https:\/\/istressportsbadminton.com\/wp-content\/uploads\/2017\/02\/Swann-TIJ-SimpleResults.jpg 754w, https:\/\/istressportsbadminton.com\/wp-content\/uploads\/2017\/02\/Swann-TIJ-SimpleResults-150x49.jpg 150w, https:\/\/istressportsbadminton.com\/wp-content\/uploads\/2017\/02\/Swann-TIJ-SimpleResults-300x98.jpg 300w, https:\/\/istressportsbadminton.com\/wp-content\/uploads\/2017\/02\/Swann-TIJ-SimpleResults-3x1.jpg 3w\" sizes=\"(max-width: 473px) 85vw, 473px\" \/><\/a><\/p>\n<p><a href=\"http:\/\/istressportsbadminton.com\/wp-content\/uploads\/2017\/02\/Swann-TIJ-DoubleResults-1.jpg\"><img loading=\"lazy\" class=\"alignnone wp-image-2523\" src=\"http:\/\/istressportsbadminton.com\/wp-content\/uploads\/2017\/02\/Swann-TIJ-DoubleResults-1.jpg\" alt=\"Swann TIJ DoubleResults\" width=\"480\" height=\"212\" srcset=\"https:\/\/istressportsbadminton.com\/wp-content\/uploads\/2017\/02\/Swann-TIJ-DoubleResults-1.jpg 754w, https:\/\/istressportsbadminton.com\/wp-content\/uploads\/2017\/02\/Swann-TIJ-DoubleResults-1-150x66.jpg 150w, https:\/\/istressportsbadminton.com\/wp-content\/uploads\/2017\/02\/Swann-TIJ-DoubleResults-1-300x132.jpg 300w, https:\/\/istressportsbadminton.com\/wp-content\/uploads\/2017\/02\/Swann-TIJ-DoubleResults-1-2x1.jpg 2w\" sizes=\"(max-width: 480px) 85vw, 480px\" \/><\/a> <a href=\"http:\/\/istressportsbadminton.com\/wp-content\/uploads\/2017\/02\/Swann-TIJ-MixteResults.jpg\"><img loading=\"lazy\" class=\"alignnone wp-image-2524\" src=\"http:\/\/istressportsbadminton.com\/wp-content\/uploads\/2017\/02\/Swann-TIJ-MixteResults.jpg\" alt=\"Swann TIJ MixteResults\" width=\"485\" height=\"268\" srcset=\"https:\/\/istressportsbadminton.com\/wp-content\/uploads\/2017\/02\/Swann-TIJ-MixteResults.jpg 766w, https:\/\/istressportsbadminton.com\/wp-content\/uploads\/2017\/02\/Swann-TIJ-MixteResults-150x83.jpg 150w, https:\/\/istressportsbadminton.com\/wp-content\/uploads\/2017\/02\/Swann-TIJ-MixteResults-300x166.jpg 300w, https:\/\/istressportsbadminton.com\/wp-content\/uploads\/2017\/02\/Swann-TIJ-MixteResults-2x1.jpg 2w\" sizes=\"(max-width: 485px) 85vw, 485px\" \/><\/a><a href=\"http:\/\/istressportsbadminton.com\/wp-content\/uploads\/2017\/02\/Swann-TIJ-DoubleResults.jpg\"><br \/>\n<\/a><\/p>\n","protected":false},"excerpt":{"rendered":"<p>Salut tout le monde, on n&rsquo;en a pas parl\u00e9 depuis quelques temps, mais depuis son Troph\u00e9e R\u00e9gional d&rsquo;Apt du 7 janvier et sa 7\u00e8me victoire de la saison , notre petit Swann n&rsquo;a pas ch\u00f4m\u00e9 et a continu\u00e9 a \u00e9cumer les diff\u00e9rents tournois jeunes avec\u00a0notamment la participation \u00e0\u00a0son tout premier tournoi de niveau national, et &hellip; <a href=\"https:\/\/istressportsbadminton.com\/?page_id=2502\" class=\"more-link\">Continuer la lecture<span class=\"screen-reader-text\"> de &laquo;&nbsp;Les aventures de Petit Swann, janvier-F\u00e9vrier&nbsp;&raquo;<\/span><\/a><\/p>\n","protected":false},"author":3,"featured_media":0,"parent":0,"menu_order":0,"comment_status":"closed","ping_status":"closed","template":"","meta":{"sfsi_plus_gutenberg_text_before_share":"","sfsi_plus_gutenberg_show_text_before_share":"","sfsi_plus_gutenberg_icon_type":"","sfsi_plus_gutenberg_icon_alignemt":"","sfsi_plus_gutenburg_max_per_row":""},"_links":{"self":[{"href":"https:\/\/istressportsbadminton.com\/index.php?rest_route=\/wp\/v2\/pages\/2502"}],"collection":[{"href":"https:\/\/istressportsbadminton.com\/index.php?rest_route=\/wp\/v2\/pages"}],"about":[{"href":"https:\/\/istressportsbadminton.com\/index.php?rest_route=\/wp\/v2\/types\/page"}],"author":[{"embeddable":true,"href":"https:\/\/istressportsbadminton.com\/index.php?rest_route=\/wp\/v2\/users\/3"}],"replies":[{"embeddable":true,"href":"https:\/\/istressportsbadminton.com\/index.php?rest_route=%2Fwp%2Fv2%2Fcomments&post=2502"}],"version-history":[{"count":19,"href":"https:\/\/istressportsbadminton.com\/index.php?rest_route=\/wp\/v2\/pages\/2502\/revisions"}],"predecessor-version":[{"id":2535,"href":"https:\/\/istressportsbadminton.com\/index.php?rest_route=\/wp\/v2\/pages\/2502\/revisions\/2535"}],"wp:attachment":[{"href":"https:\/\/istressportsbadminton.com\/index.php?rest_route=%2Fwp%2Fv2%2Fmedia&parent=2502"}],"curies":[{"name":"wp","href":"https:\/\/api.w.org\/{rel}","templated":true}]}}