{"id":2561,"date":"2017-03-01T16:39:51","date_gmt":"2017-03-01T15:39:51","guid":{"rendered":"http:\/\/istressportsbadminton.com\/?page_id=2561"},"modified":"2017-03-01T16:59:08","modified_gmt":"2017-03-01T15:59:08","slug":"mbc-tour-montpellier-et-tournoi-du-calisson-aix","status":"publish","type":"page","link":"https:\/\/istressportsbadminton.com\/?page_id=2561","title":{"rendered":"MBC Tour (Montpellier) et Tournoi des Calissons (Aix)"},"content":{"rendered":"<p>Salut \u00e0 tous,<\/p>\n<p>Les <strong>18 et 19 f\u00e9vrier<\/strong>, des istr\u00e9ens \u00e9taient sur les terrains \u00e0 Montpellier et \u00e0 Aix pour un weekend charg\u00e9.<\/p>\n<p>Tout d&rsquo;abord, \u00e0\u00a0<strong>Montpellier<\/strong>, pour le compte\u00a0du MBC Tour 2017, on y retrouvait <strong>Eric<\/strong> et <strong>Seb.<\/strong><\/p>\n<p>Le samedi en <strong>simple R4-R5<\/strong>, <strong>Eric<\/strong> (R5) atteint les quarts de finale battu par le futur vainqueur, avec un bilan de 1 victoire et 2 d\u00e9faites.<br \/>\nLe lendemain en <strong>double N2\/N3<\/strong>, <strong>Seb<\/strong> (N2) et Lo\u00efc Blois (Vitrolles, N2) r\u00e9alisent un beau parcours qui les verra seulement chuter en finale apr\u00e8s 3 belles victoires. Dommage!<\/p>\n<p>&nbsp;<\/p>\n<p>A <strong>Aix<\/strong>, c&rsquo;\u00e9tait pour le compte du 5\u00e8me tournoi des Calissons que 13 de nos joueurs avaient fait le d\u00e9placement.<\/p>\n<p>En <strong>Double Dame R4<\/strong>, <strong>Marie<\/strong> (R5) avec Camille Huguet (Aubagne, R4) fini 4\u00e8me d&rsquo;une poule unique \u00e0 5, apr\u00e9s 2 victoires et 2 d\u00e9faites<\/p>\n<p>En <strong>Double Homme D9\/P<\/strong>, on retrouvait <strong>J\u00e9r\u00e9my<\/strong> (P10) avec <strong>Alex D<\/strong> (D9) et <strong>Valentin<\/strong> (D9) avec son partenaire habituel Adrien Debono (Pierrelate, P10). Les 2 paires se retrouvent dans la m\u00eame poule de 4. Et c&rsquo;est <strong>Valentin\/Adrien<\/strong> qui sortent 1er avec 3 victoires, <strong>J\u00e9r\u00e9my<\/strong> et <strong>Alex<\/strong> restent eux \u00e0 quai avec &#8230; 3 d\u00e9faites. Journ\u00e9e \u00e0 oublier pour les 2 hommes qui restaient pourtant sur une finale dans ce\u00a0m\u00eame tournoi un an plus t\u00f4t. Pour <strong>Valentin<\/strong> et <strong>Adrien<\/strong>, ils passeront un tour de plus, et vont finalement s&rsquo;incliner en quart de finale.<br \/>\n3 Istr\u00e9ens \u00e9galement en <strong>D7\/D8<\/strong>. <strong>Jonathan<\/strong> (D8) avec Florian Vanhallewyn (Digne, D7) sont \u00e9limin\u00e9s en quart, avec 1 victoire et 2 d\u00e9faites. <strong>Max<\/strong> et <strong>Baptiste<\/strong> (D8) quant \u00e0 eux, vont chuter en demi-finale contre Bruno Gamba\/C\u00e9dric Brand, apr\u00e8s 3 victoires et 1 d\u00e9faite .<br \/>\nEnfin en <strong>R5\/R6<\/strong>, <strong>Tibo<\/strong> et <strong>Francky<\/strong> (R5) dans un tableau relev\u00e9, chutent en quart de finale apr\u00e8s 2 victoire\/2 d\u00e9faites.<\/p>\n<p>Le lendemain pour les Mixtes, premi\u00e8re en tournoi pour <strong>M\u00e9lody<\/strong> avec <strong>Dilan<\/strong> (P12) en <strong>s\u00e9rie P11\/P12<\/strong>. Dans une poule unique de 5, une entr\u00e9e en mati\u00e8re tr\u00e8s honorable pour eux, qui remportent un match pour 3 d\u00e9faites (dont une d\u2019extr\u00eame justesse ), et&#8230; z\u00e9ro sc\u00e8ne de m\u00e9nage\u00a0 \ud83d\ude1b Mission accomplie\u00a0 <img src=\"https:\/\/istressportsbadminton.com\/wp-includes\/images\/smilies\/mrgreen.png\" alt=\":mrgreen:\" class=\"wp-smiley\" style=\"height: 1em; max-height: 1em;\" \/><br \/>\nEn <strong>D9\/P10<\/strong>, <strong>Max<\/strong> (P10) faisait de nouveau \u00e9quipe avec\u00a0Marjorie Dospital-Mauro (Apt, P11). Vainqueurs de leurs 2 premiers tournois ensemble, ils ne vont malheureusement pas r\u00e9ussir la passe de 3, ils chutent en quart de finale sur un bilan de 2 victoires pour 2 d\u00e9faites. Dommage!<br \/>\nEnfin, en <strong>R5\/R6<\/strong>, on retrouvait <strong>Agn\u00e8s<\/strong> (R5) avec l&rsquo;aixois Jonathan Onephandara (R5) et <strong>JP<\/strong> (R5) avec Tania Hernandez (Airbus, R5). Si pour Agn\u00e8s et Jonathan, l&rsquo;histoire s\u2019arr\u00eate en poule (1 victoire, 2 d\u00e9faites), notre plongeuse nationale\u00a0se sera certainement consol\u00e9e avec la perf de son JP d&rsquo;amour&#8230; Puisque qu&rsquo;avec Tania, ils ne vont pas faire les choses \u00e0 moiti\u00e9&#8230; Et m\u00eame un peu plus que \u00e7a puisqu&rsquo;ils remportent ce tournoi, au bout de 6 victoires\u00a0et d&rsquo;une finale \u00e0 suspense conclue\u00a017-21 \/ 21-15 \/ 22-20 contre Claudia Poncet (La Batie Neuve)\/Raphael Vannunen (Airbus).<\/p>\n<p>1er succ\u00e8s de la saison pour JP, et le<strong> 25\u00e8me pour ISB<\/strong> pour conclure un joli weekend de bad. Bravo!!\u00a0<a href=\"http:\/\/istressportsbadminton.com\/wp-content\/uploads\/2016\/04\/emoji_u1f3c6.png\"><img loading=\"lazy\" class=\"alignnone size-full wp-image-1322\" src=\"http:\/\/istressportsbadminton.com\/wp-content\/uploads\/2016\/04\/emoji_u1f3c6.png\" alt=\"Victoire\" width=\"25\" height=\"25\" srcset=\"https:\/\/istressportsbadminton.com\/wp-content\/uploads\/2016\/04\/emoji_u1f3c6.png 25w, https:\/\/istressportsbadminton.com\/wp-content\/uploads\/2016\/04\/emoji_u1f3c6-1x1.png 1w\" sizes=\"(max-width: 25px) 85vw, 25px\" \/><\/a><\/p>\n","protected":false},"excerpt":{"rendered":"<p>Salut \u00e0 tous, Les 18 et 19 f\u00e9vrier, des istr\u00e9ens \u00e9taient sur les terrains \u00e0 Montpellier et \u00e0 Aix pour un weekend charg\u00e9. Tout d&rsquo;abord, \u00e0\u00a0Montpellier, pour le compte\u00a0du MBC Tour 2017, on y retrouvait Eric et Seb. Le samedi en simple R4-R5, Eric (R5) atteint les quarts de finale battu par le futur vainqueur, &hellip; <a href=\"https:\/\/istressportsbadminton.com\/?page_id=2561\" class=\"more-link\">Continuer la lecture<span class=\"screen-reader-text\"> de &laquo;&nbsp;MBC Tour (Montpellier) et Tournoi des Calissons (Aix)&nbsp;&raquo;<\/span><\/a><\/p>\n","protected":false},"author":3,"featured_media":0,"parent":0,"menu_order":0,"comment_status":"closed","ping_status":"closed","template":"","meta":{"sfsi_plus_gutenberg_text_before_share":"","sfsi_plus_gutenberg_show_text_before_share":"","sfsi_plus_gutenberg_icon_type":"","sfsi_plus_gutenberg_icon_alignemt":"","sfsi_plus_gutenburg_max_per_row":""},"_links":{"self":[{"href":"https:\/\/istressportsbadminton.com\/index.php?rest_route=\/wp\/v2\/pages\/2561"}],"collection":[{"href":"https:\/\/istressportsbadminton.com\/index.php?rest_route=\/wp\/v2\/pages"}],"about":[{"href":"https:\/\/istressportsbadminton.com\/index.php?rest_route=\/wp\/v2\/types\/page"}],"author":[{"embeddable":true,"href":"https:\/\/istressportsbadminton.com\/index.php?rest_route=\/wp\/v2\/users\/3"}],"replies":[{"embeddable":true,"href":"https:\/\/istressportsbadminton.com\/index.php?rest_route=%2Fwp%2Fv2%2Fcomments&post=2561"}],"version-history":[{"count":4,"href":"https:\/\/istressportsbadminton.com\/index.php?rest_route=\/wp\/v2\/pages\/2561\/revisions"}],"predecessor-version":[{"id":2566,"href":"https:\/\/istressportsbadminton.com\/index.php?rest_route=\/wp\/v2\/pages\/2561\/revisions\/2566"}],"wp:attachment":[{"href":"https:\/\/istressportsbadminton.com\/index.php?rest_route=%2Fwp%2Fv2%2Fmedia&parent=2561"}],"curies":[{"name":"wp","href":"https:\/\/api.w.org\/{rel}","templated":true}]}}