{"id":2567,"date":"2017-03-01T17:41:14","date_gmt":"2017-03-01T16:41:14","guid":{"rendered":"http:\/\/istressportsbadminton.com\/?page_id=2567"},"modified":"2017-03-01T17:41:14","modified_gmt":"2017-03-01T16:41:14","slug":"les-plumes-phoceennes-smuc","status":"publish","type":"page","link":"https:\/\/istressportsbadminton.com\/?page_id=2567","title":{"rendered":"Les Plumes Phoc\u00e9ennes (SMUC)"},"content":{"rendered":"<p>Salut tout le monde!<\/p>\n<p>Les <strong>25 et 26 f\u00e9vrier 2017<\/strong>, le club du SMUC organisait la premi\u00e8re \u00e9dition du tournoi des Plumes Phoc\u00e9ennes en double et mixte. 5 Istr\u00e9ens avaient fait le d\u00e9placement \u00e0 Marseille pour l&rsquo;occassion.<\/p>\n<p>Seule repr\u00e9sentante en <strong>Double Dame<\/strong>, <strong>R\u00e9gine<\/strong> (D8) \u00e9tait de nouveau engag\u00e9e avec la mart\u00e9gale Isabelle Fizet (D7) dans un difficile tableau <strong>R6\/D7<\/strong>. Et \u00e7a se conclue malheureusement sur 3 d\u00e9faites et une sortie d\u00e8s la phase de poule.<\/p>\n<p>En <strong>Double Homme<\/strong>, <strong>R4\/R5<\/strong>, pas plus de succ\u00e9s pour <strong>Tibo<\/strong> et <strong>Francky<\/strong> (R5), \u00e9galement vite \u00e0 la maison, \u00e9limin\u00e9s en poule apr\u00e8s 2 d\u00e9faites.<\/p>\n<p>Heureusement, \u00e7a se d\u00e9roulera un peu mieux pour nos deux derniers repr\u00e9sentants. En <strong>R6\/D7<\/strong>, <strong>Jonathan<\/strong> (D8) et Florian Vanhallewyn (Dignes, D7) sortent premier de leur poule (1 victoire et 1 d\u00e9faites). Ils chuteront malheureusement lors d&rsquo;une d\u00e9faite en 3 sets en quart de finale.<\/p>\n<p>Mais la perf de la journ\u00e9e est \u00e0 mettre \u00e0 l&rsquo;actif de <strong>Valentin<\/strong> (D9) et son coll\u00e8gue Adrien Debono (Pierrelate, P10) engag\u00e9s en <strong>D8\/D9<\/strong>.<br \/>\nPourtant les moins bien class\u00e9s de leur poule, ils finissent premier, avec 2 succ\u00e9s. Ils montent alors encore en puissance, remportant en vieux briscard leur quart puis leur demi-finale pour se hisser superbement en finale ou les attendent les vitrollais Florian Tashjian\/Jean-Loup Biran, t\u00eate de s\u00e9rie 1 et tous deux D8 !<br \/>\nSans complexe devant ce tr\u00e9s gros morceau, Valentin et Adrien rentrent bien dans leur finale et remportent le premier set 21-14. On aurait pu croire que la perte de la seconde manche les mettrait \u00e0 terre, mais il n&rsquo;en fut rien. Notre Istr\u00e9en et son coll\u00e8gue reste au contact tout au long de cette ultime manche, et ce n&rsquo;est qu&rsquo;au bout du suspense et sur d&rsquo;infimes d\u00e9tails qu&rsquo;ils rendront finalement les armes au bout d&rsquo;un beau combat! Score finale 14-21\/ 21-17\/ 21-19 !! Bravo!!<\/p>\n<figure id=\"attachment_2569\" aria-describedby=\"caption-attachment-2569\" style=\"width: 654px\" class=\"wp-caption aligncenter\"><a href=\"http:\/\/istressportsbadminton.com\/wp-content\/uploads\/2017\/03\/Valentin-SMUC.jpg\"><img loading=\"lazy\" class=\"wp-image-2569 size-large\" src=\"http:\/\/istressportsbadminton.com\/wp-content\/uploads\/2017\/03\/Valentin-SMUC-1024x931.jpg\" alt=\"Valentin SMUC\" width=\"654\" height=\"595\" srcset=\"https:\/\/istressportsbadminton.com\/wp-content\/uploads\/2017\/03\/Valentin-SMUC-1024x931.jpg 1024w, https:\/\/istressportsbadminton.com\/wp-content\/uploads\/2017\/03\/Valentin-SMUC-150x136.jpg 150w, https:\/\/istressportsbadminton.com\/wp-content\/uploads\/2017\/03\/Valentin-SMUC-300x273.jpg 300w, https:\/\/istressportsbadminton.com\/wp-content\/uploads\/2017\/03\/Valentin-SMUC-1x1.jpg 1w, https:\/\/istressportsbadminton.com\/wp-content\/uploads\/2017\/03\/Valentin-SMUC.jpg 1247w\" sizes=\"(max-width: 654px) 85vw, 654px\" \/><\/a><figcaption id=\"caption-attachment-2569\" class=\"wp-caption-text\">Adrien et Valentin tout proche de l&rsquo;exploit!<\/figcaption><\/figure>\n","protected":false},"excerpt":{"rendered":"<p>Salut tout le monde! Les 25 et 26 f\u00e9vrier 2017, le club du SMUC organisait la premi\u00e8re \u00e9dition du tournoi des Plumes Phoc\u00e9ennes en double et mixte. 5 Istr\u00e9ens avaient fait le d\u00e9placement \u00e0 Marseille pour l&rsquo;occassion. Seule repr\u00e9sentante en Double Dame, R\u00e9gine (D8) \u00e9tait de nouveau engag\u00e9e avec la mart\u00e9gale Isabelle Fizet (D7) dans &hellip; <a href=\"https:\/\/istressportsbadminton.com\/?page_id=2567\" class=\"more-link\">Continuer la lecture<span class=\"screen-reader-text\"> de &laquo;&nbsp;Les Plumes Phoc\u00e9ennes (SMUC)&nbsp;&raquo;<\/span><\/a><\/p>\n","protected":false},"author":3,"featured_media":0,"parent":0,"menu_order":0,"comment_status":"closed","ping_status":"closed","template":"","meta":{"sfsi_plus_gutenberg_text_before_share":"","sfsi_plus_gutenberg_show_text_before_share":"","sfsi_plus_gutenberg_icon_type":"","sfsi_plus_gutenberg_icon_alignemt":"","sfsi_plus_gutenburg_max_per_row":""},"_links":{"self":[{"href":"https:\/\/istressportsbadminton.com\/index.php?rest_route=\/wp\/v2\/pages\/2567"}],"collection":[{"href":"https:\/\/istressportsbadminton.com\/index.php?rest_route=\/wp\/v2\/pages"}],"about":[{"href":"https:\/\/istressportsbadminton.com\/index.php?rest_route=\/wp\/v2\/types\/page"}],"author":[{"embeddable":true,"href":"https:\/\/istressportsbadminton.com\/index.php?rest_route=\/wp\/v2\/users\/3"}],"replies":[{"embeddable":true,"href":"https:\/\/istressportsbadminton.com\/index.php?rest_route=%2Fwp%2Fv2%2Fcomments&post=2567"}],"version-history":[{"count":3,"href":"https:\/\/istressportsbadminton.com\/index.php?rest_route=\/wp\/v2\/pages\/2567\/revisions"}],"predecessor-version":[{"id":2571,"href":"https:\/\/istressportsbadminton.com\/index.php?rest_route=\/wp\/v2\/pages\/2567\/revisions\/2571"}],"wp:attachment":[{"href":"https:\/\/istressportsbadminton.com\/index.php?rest_route=%2Fwp%2Fv2%2Fmedia&parent=2567"}],"curies":[{"name":"wp","href":"https:\/\/api.w.org\/{rel}","templated":true}]}}