{"id":2582,"date":"2017-03-08T18:24:56","date_gmt":"2017-03-08T17:24:56","guid":{"rendered":"http:\/\/istressportsbadminton.com\/?page_id=2582"},"modified":"2017-03-08T18:32:00","modified_gmt":"2017-03-08T17:32:00","slug":"tournoi-de-double-mallemort","status":"publish","type":"page","link":"https:\/\/istressportsbadminton.com\/?page_id=2582","title":{"rendered":"Tournoi de Double Mallemort"},"content":{"rendered":"<p>Nouvelle \u00e9preuve dans la r\u00e9gion, le club de Mallemort accueillait les <strong>4 et 5 mars 2017<\/strong> son tout premier Tournoi National de Double, auquel 5 istr\u00e9ens etaient inscrits.<\/p>\n<p>En<strong> Double Homme<\/strong>, on retrouvait 3 repr\u00e9sentants, tous dans la m\u00eame<strong> s\u00e9rie R4\/R5<\/strong>. Deux paire au profil radicalement oppos\u00e9. La premi\u00e8re \u00e9tait celle de la jeunesse, <strong>Dorian<\/strong> (R6) \u00e9tant associ\u00e9 au tr\u00e8s jeune (16 ans) Paco Bambina (Apt, R5). Et malheureusement l&rsquo;aventure s\u2019arr\u00eate pr\u00e9matur\u00e9ment, et un \u00e9limination d\u00e8s les poules avec 3 d\u00e9faites.<br \/>\nLa deuxi\u00e8me paire \u00e9tait elle au contraire on ne peut plus exp\u00e9riment\u00e9e, puisque elle voyait <strong>JP<\/strong> (R4) faire \u00e9quipe avec <strong>Bobby<\/strong> (R4) !! Et nos deux (vieux) briscard vont la faire parler l&rsquo;exp\u00e9rience! Ils remportent leurs 2 matchs de poule, mais ils vont finalement s&rsquo;incliner en 1\/4 de finale contre les Salonais Wodniack\/Festoc. Dommage!<\/p>\n<p>Le lendemain laissait la place aux <strong>mixtes<\/strong>.<br \/>\n<strong>R\u00e9gine<\/strong> (R6) et <strong>Bobby<\/strong> (R5) \u00e9taient engag\u00e9 en <strong>s\u00e9rie R6<\/strong>, et ils \u00e9chouent en poule avec 1 victoire et 2 d\u00e9faites<\/p>\n<p>En<strong> s\u00e9rie N3\/R4\/R5<\/strong>, on retrouvait Amour et Amour. <strong>Agn\u00e8s<\/strong> (R5) et Raph\u00e4el Vannunen (Airbus, R4) malgr\u00e9 2 victoires et 1 d\u00e9faites, finissent 3\u00e8me de leur poule et restent sur le carreaux, seulement \u00e9limin\u00e9s \u00e0 la diff\u00e9rence de set avec 2 autres \u00e9quipes \u00e0 2 victoires. Rageant. Mais notre Agn\u00e8s nationale n&rsquo;aura pas oubli\u00e9 de nous gratifier des cascades dont elle seule a le secret, superbement immortalis\u00e9 par le photographe du tournoi\u00a0 \ud83d\ude2f \u00a0Assur\u00e9ment une des photos de la saison !<a href=\"http:\/\/istressportsbadminton.com\/wp-content\/uploads\/2017\/03\/Agn\u00e8s-Mallemort.jpg\"><img loading=\"lazy\" class=\"alignnone size-full wp-image-2583\" src=\"http:\/\/istressportsbadminton.com\/wp-content\/uploads\/2017\/03\/Agn\u00e8s-Mallemort.jpg\" alt=\"Agn\u00e8s Mallemort\" width=\"1440\" height=\"963\" srcset=\"https:\/\/istressportsbadminton.com\/wp-content\/uploads\/2017\/03\/Agn\u00e8s-Mallemort.jpg 1440w, https:\/\/istressportsbadminton.com\/wp-content\/uploads\/2017\/03\/Agn\u00e8s-Mallemort-150x100.jpg 150w, https:\/\/istressportsbadminton.com\/wp-content\/uploads\/2017\/03\/Agn\u00e8s-Mallemort-300x201.jpg 300w, https:\/\/istressportsbadminton.com\/wp-content\/uploads\/2017\/03\/Agn\u00e8s-Mallemort-1024x685.jpg 1024w, https:\/\/istressportsbadminton.com\/wp-content\/uploads\/2017\/03\/Agn\u00e8s-Mallemort-1x1.jpg 1w\" sizes=\"(max-width: 709px) 85vw, (max-width: 909px) 67vw, (max-width: 1362px) 62vw, 840px\" \/><\/a><\/p>\n<p>Mais pendant que sa moiti\u00e9 faisait le show, <strong>JP<\/strong> (R5) et Tania Hernandez (Airbus, R5) se sortaient de leur poule, avec \u00e9galement 2 victoires et 1 d\u00e9faite, mais un peu plus de chance sur le classement final. Ils vont n\u00e9anmoins \u00e9chouer en 1\/4 de finale, battus par les Vitrollais Manon Moyroud (R4)\/Loic Blois (N3).<\/p>\n","protected":false},"excerpt":{"rendered":"<p>Nouvelle \u00e9preuve dans la r\u00e9gion, le club de Mallemort accueillait les 4 et 5 mars 2017 son tout premier Tournoi National de Double, auquel 5 istr\u00e9ens etaient inscrits. En Double Homme, on retrouvait 3 repr\u00e9sentants, tous dans la m\u00eame s\u00e9rie R4\/R5. Deux paire au profil radicalement oppos\u00e9. La premi\u00e8re \u00e9tait celle de la jeunesse, Dorian &hellip; <a href=\"https:\/\/istressportsbadminton.com\/?page_id=2582\" class=\"more-link\">Continuer la lecture<span class=\"screen-reader-text\"> de &laquo;&nbsp;Tournoi de Double Mallemort&nbsp;&raquo;<\/span><\/a><\/p>\n","protected":false},"author":3,"featured_media":0,"parent":0,"menu_order":0,"comment_status":"closed","ping_status":"closed","template":"","meta":{"sfsi_plus_gutenberg_text_before_share":"","sfsi_plus_gutenberg_show_text_before_share":"","sfsi_plus_gutenberg_icon_type":"","sfsi_plus_gutenberg_icon_alignemt":"","sfsi_plus_gutenburg_max_per_row":""},"_links":{"self":[{"href":"https:\/\/istressportsbadminton.com\/index.php?rest_route=\/wp\/v2\/pages\/2582"}],"collection":[{"href":"https:\/\/istressportsbadminton.com\/index.php?rest_route=\/wp\/v2\/pages"}],"about":[{"href":"https:\/\/istressportsbadminton.com\/index.php?rest_route=\/wp\/v2\/types\/page"}],"author":[{"embeddable":true,"href":"https:\/\/istressportsbadminton.com\/index.php?rest_route=\/wp\/v2\/users\/3"}],"replies":[{"embeddable":true,"href":"https:\/\/istressportsbadminton.com\/index.php?rest_route=%2Fwp%2Fv2%2Fcomments&post=2582"}],"version-history":[{"count":4,"href":"https:\/\/istressportsbadminton.com\/index.php?rest_route=\/wp\/v2\/pages\/2582\/revisions"}],"predecessor-version":[{"id":2591,"href":"https:\/\/istressportsbadminton.com\/index.php?rest_route=\/wp\/v2\/pages\/2582\/revisions\/2591"}],"wp:attachment":[{"href":"https:\/\/istressportsbadminton.com\/index.php?rest_route=%2Fwp%2Fv2%2Fmedia&parent=2582"}],"curies":[{"name":"wp","href":"https:\/\/api.w.org\/{rel}","templated":true}]}}