{"id":2644,"date":"2017-04-13T21:55:49","date_gmt":"2017-04-13T20:55:49","guid":{"rendered":"http:\/\/istressportsbadminton.com\/?page_id=2644"},"modified":"2017-04-13T21:55:49","modified_gmt":"2017-04-13T20:55:49","slug":"comptes-rendus-j5-et-j6","status":"publish","type":"page","link":"https:\/\/istressportsbadminton.com\/?page_id=2644","title":{"rendered":"Comptes rendus J5 et J6"},"content":{"rendered":"<p>Apr\u00e8s un d\u00e9but de campagne parfait et 4 victoires en autant de rencontres, la Promobad de Captain Olive s&rsquo;attaquait au plus gros morceau du championnat avec une double confrontation contre\u00a0<b>St Cannat<\/b>, \u00e9quipe \u00e9galement invaincu et tenant du titre, pour ce qui ressemblait d\u00e9j\u00e0 a une finale avant l&rsquo;heure de cette poule B du championnat Promobad.<\/p>\n<div><\/div>\n<div>Pour la manche \u00ab\u00a0aller\u00a0\u00bb le mardi 21 mars \u00e0 domicile, Captain Olive pouvait compter sur J\u00e9r\u00e9my, Jonathan, Alex D, Laurent D&rsquo;A, et Laurent T, et chez les femmes Laurence, Orianne F, M\u00e9lody, Oriane A, Audrey et Claire. 14 matchs avaient \u00e9t\u00e9 programm\u00e9s pour la soir\u00e9e.<\/div>\n<div><\/div>\n<div>Les performances sur les simples hommes se r\u00e9v\u00e8lent \u00e9quilibr\u00e9es, puisque qu&rsquo;\u00e0 la facile victoire de <strong>Jonathan<\/strong> et celle solide de <strong>J\u00e9r\u00e9my<\/strong>, les joueurs de St Cannat r\u00e9pliquent bien en remportant les 2 simples suivants, aux d\u00e9pends de <strong>Laurent D&rsquo;A<\/strong> et d&rsquo;<strong>Alex<\/strong>..<\/div>\n<div>M\u00eame sch\u00e9ma en ce qui concerne les doubles hommes, avec les victoires des <strong>2 Laurent<\/strong>, puis celle de la paire <strong>J\u00e9r\u00e9my\/Ale<\/strong>x, mais les d\u00e9faites de <strong>Laurent T\/Olive<\/strong> et <strong>Jonathan\/Didier<\/strong>.<\/div>\n<div>4-4, comme attendu la rencontre \u00e9tait accroch\u00e9e!<\/div>\n<div><\/div>\n<div>Et comme souvent depuis le d\u00e9but de saison, la vrai satisfaction de cette ann\u00e9e de Promobad viendra \u00e0 nouveau des grosses performances de nos filles. <strong>Laurence<\/strong> et <strong>Orianne<\/strong> remportent sans trembler leurs simples, tandis que la paire <strong>Orianne<\/strong>\/<strong>M\u00e9lody<\/strong> fera de m\u00eame un peu plus tard. 7-4, il ne manquait d\u00e9sormais qu&rsquo;une petite victoire pour remporter la rencontre, alors que se profilaient les 3 mixtes.<\/div>\n<div>Et le doute ne va pas durer, puisque les Istr\u00e9ens feront carton plein dans la discipline, avec les victoires de <strong>Jonathan\/Audrey<\/strong>, <strong>J\u00e9r\u00e9my<\/strong>\/ <strong>Oriane<\/strong> et <strong>Alex\/Claire<\/strong>.<\/div>\n<div><\/div>\n<div><b>Victoire finale 10-4<\/b>\u00a0lors de cette premi\u00e8re rencontre, \u00a0et 1\u00e8re manche pour ISB qui s&#8217;emparait alors \u00e0 ce moment l\u00e0 de la place de leader avec 2pts d&rsquo;avance sur ses adversaires du soir.<\/div>\n<div><\/div>\n<div>Deux semaines plus tard, le lundi 3 avril, c&rsquo;\u00e9tait donc du cot\u00e9 de St Cannat que se jouait la revanche, avec une \u00e9quation simple: une victoire des hommes de Captain Olive rel\u00e9guerait St Cannat \u00e0 4 pts soit 2 victoires de plus, et ce serait alors une tr\u00e8s grosse option de prise sur la victoire finale en championnat.<\/div>\n<div><\/div>\n<div>L&rsquo;\u00e9quipe align\u00e9e diff\u00e9rait l\u00e9g\u00e8rement, avec Laurence, M\u00e9lody, Orianne et Taline chez les filles, et Valentin, J\u00e9r\u00e9my, Cyril, Alex D, Laurent D&rsquo;A et Olivier chez les hommes, et pour 13 matchs de pr\u00e9vus.<\/div>\n<div><\/div>\n<div>Et comme \u00e0 l&rsquo;aller, les simples hommes vont d\u00e9boucher sur un\u00a0<i>statu quo<\/i>, avec les victoires de <strong>Valentin<\/strong> et <strong>J\u00e9r\u00e9my<\/strong>, et les d\u00e9faites de <strong>Cyril<\/strong> et d&rsquo;<strong>Alex<\/strong>. Les doubles hommes vont \u00eatre cette fois-ci mieux ma\u00eetris\u00e9s avec 3 victoires pour les paires <strong>Laurent\/Cyril<\/strong>, <strong>Olivier\/Cyril<\/strong>, et <strong>Laurent\/Olivier<\/strong>. Seuls<strong> J\u00e9r\u00e9my\/Alex<\/strong> vont s&rsquo;incliner au terme d&rsquo;un match pour le moins accroch\u00e9 25-23\/ 23-25\/ 21-19 !!<\/div>\n<div>5-3, Istres avait l&rsquo;avantage, mais encore restait-il a transformer l&rsquo;essai avec les filles.<\/div>\n<div><\/div>\n<div>Et une fois de plus, elles vont \u00eatre au top!! <strong>Laurence<\/strong> survole son simple, tandis que <strong>Taline<\/strong> aura besoin de 3 sets pour se d\u00e9faire de la vaillante Cl\u00e9o. 7-3 la victoire \u00e9tait d&rsquo;ores et d\u00e9j\u00e0 dans la poche !! Il restait les 3 derniers mixtes pour donner de l&rsquo; ampleur \u00e0 la performance istr\u00e9enne, ce qui va \u00eatre fait de fort belle mani\u00e8re avec les victoires de <strong>Laurent\/Orianne<\/strong>, <strong>Valentin\/Taline<\/strong> et <strong>Valentin\/ M\u00e9lody<\/strong>.<\/div>\n<div><\/div>\n<div>Tr\u00e8s grosse performance pour l&rsquo;\u00e9quipe qui l&#8217;emporte donc finalement\u00a0<b>10-3\u00a0<\/b>et accomplie sa mission de belle mani\u00e8re avec cette double victoire contre les saint-cannad\u00e9ens. Avec d\u00e9sormais 2 victoires d&rsquo;avance, les joueurs de Captain Olive se retrouvent dans les meilleurs conditions pour conserver cette position jusqu\u2019\u00e0 la fin de saison. Mais avec 4 rencontres restantes, il faudra tout de m\u00eame rester s\u00e9rieux!!<\/div>\n<div>Les rencontres vont desormais s\u2019encha\u00eener \u00e0 un rythme soutenu, avec pour les 2 prochains rendez-vous, les r\u00e9ceptions de Rognes le mardi 25 avril, puis Ventabren le mardi 2 mai.<\/div>\n<div><\/div>\n<div>Bravo \u00e0 tous !!<\/div>\n<div><\/div>\n<div>\n<figure id=\"attachment_2645\" aria-describedby=\"caption-attachment-2645\" style=\"width: 654px\" class=\"wp-caption alignnone\"><a href=\"http:\/\/istressportsbadminton.com\/wp-content\/uploads\/2017\/04\/20170403_225138.jpg\"><img loading=\"lazy\" class=\"wp-image-2645 size-large\" src=\"http:\/\/istressportsbadminton.com\/wp-content\/uploads\/2017\/04\/20170403_225138-1024x768.jpg\" alt=\"20170403_225138\" width=\"654\" height=\"491\" srcset=\"https:\/\/istressportsbadminton.com\/wp-content\/uploads\/2017\/04\/20170403_225138-1024x768.jpg 1024w, https:\/\/istressportsbadminton.com\/wp-content\/uploads\/2017\/04\/20170403_225138-150x113.jpg 150w, https:\/\/istressportsbadminton.com\/wp-content\/uploads\/2017\/04\/20170403_225138-300x225.jpg 300w, https:\/\/istressportsbadminton.com\/wp-content\/uploads\/2017\/04\/20170403_225138-1x1.jpg 1w\" sizes=\"(max-width: 654px) 85vw, 654px\" \/><\/a><figcaption id=\"caption-attachment-2645\" class=\"wp-caption-text\">Belle photo de famille avec les 2 \u00e8quipes de promobad de St Cannat et d&rsquo;Istres<\/figcaption><\/figure>\n<\/div>\n","protected":false},"excerpt":{"rendered":"<p>Apr\u00e8s un d\u00e9but de campagne parfait et 4 victoires en autant de rencontres, la Promobad de Captain Olive s&rsquo;attaquait au plus gros morceau du championnat avec une double confrontation contre\u00a0St Cannat, \u00e9quipe \u00e9galement invaincu et tenant du titre, pour ce qui ressemblait d\u00e9j\u00e0 a une finale avant l&rsquo;heure de cette poule B du championnat Promobad. &hellip; <a href=\"https:\/\/istressportsbadminton.com\/?page_id=2644\" class=\"more-link\">Continuer la lecture<span class=\"screen-reader-text\"> de &laquo;&nbsp;Comptes rendus J5 et J6&nbsp;&raquo;<\/span><\/a><\/p>\n","protected":false},"author":3,"featured_media":0,"parent":0,"menu_order":0,"comment_status":"closed","ping_status":"closed","template":"","meta":{"sfsi_plus_gutenberg_text_before_share":"","sfsi_plus_gutenberg_show_text_before_share":"","sfsi_plus_gutenberg_icon_type":"","sfsi_plus_gutenberg_icon_alignemt":"","sfsi_plus_gutenburg_max_per_row":""},"_links":{"self":[{"href":"https:\/\/istressportsbadminton.com\/index.php?rest_route=\/wp\/v2\/pages\/2644"}],"collection":[{"href":"https:\/\/istressportsbadminton.com\/index.php?rest_route=\/wp\/v2\/pages"}],"about":[{"href":"https:\/\/istressportsbadminton.com\/index.php?rest_route=\/wp\/v2\/types\/page"}],"author":[{"embeddable":true,"href":"https:\/\/istressportsbadminton.com\/index.php?rest_route=\/wp\/v2\/users\/3"}],"replies":[{"embeddable":true,"href":"https:\/\/istressportsbadminton.com\/index.php?rest_route=%2Fwp%2Fv2%2Fcomments&post=2644"}],"version-history":[{"count":1,"href":"https:\/\/istressportsbadminton.com\/index.php?rest_route=\/wp\/v2\/pages\/2644\/revisions"}],"predecessor-version":[{"id":2646,"href":"https:\/\/istressportsbadminton.com\/index.php?rest_route=\/wp\/v2\/pages\/2644\/revisions\/2646"}],"wp:attachment":[{"href":"https:\/\/istressportsbadminton.com\/index.php?rest_route=%2Fwp%2Fv2%2Fmedia&parent=2644"}],"curies":[{"name":"wp","href":"https:\/\/api.w.org\/{rel}","templated":true}]}}