{"id":2672,"date":"2017-04-26T14:49:43","date_gmt":"2017-04-26T13:49:43","guid":{"rendered":"http:\/\/istressportsbadminton.com\/?page_id=2672"},"modified":"2017-04-26T14:49:43","modified_gmt":"2017-04-26T13:49:43","slug":"compte-rendu-j5-7","status":"publish","type":"page","link":"https:\/\/istressportsbadminton.com\/?page_id=2672","title":{"rendered":"Compte Rendu J5"},"content":{"rendered":"<p>Salut tout le monde,<\/p>\n<p>Le dimanche 19 mars 2017 se jouait la 5e et avant derni\u00e8re journ\u00e9e des championnats r\u00e9gionaux:<\/p>\n<p><b>Franck <\/b>et son \u00e9quipe, leader incontest\u00e9 de sa poule, \u00e9taient en d\u00e9placement \u00e0 Eygui\u00e8res pour y affronter le SMUC et Eygui\u00e8res 2e ex aequo de la poule. De nouveau priv\u00e9 d&rsquo;<b>Agn\u00e8s <\/b>en raison d&rsquo;une nouvelle blessure au genou ainsi que de <b>Fabrice<\/b>, <b>Robert<\/b>, <b>Thomas <\/b>et <b>Laetitia <\/b>non disponible, <b>Franck <\/b>pouvait en revanche compter sur le renfort de <b>Lucie <\/b>et <b>R\u00e9gine <\/b>pour ces deux rencontres.<\/p>\n<p>Oppos\u00e9 au SMUC dans la premi\u00e8re rencontre de la journ\u00e9e, <b>Franck <\/b>alignait la compo suivante: Mx1 <b>Jean Pierre<\/b>\/<b>Marine<\/b>, Mx2 <b>Alex<\/b>\/<b>Lucie<\/b>, SH1 <b>Eric<\/b>, SD1 <b>Am\u00e9lie<\/b>, SD2 <b>Lucie<\/b>, SH2 <b>Alex<\/b>, DH <b>Jean Pierre<\/b>\/<b>Eric <\/b>et DD <b>Marine<\/b>\/<b>Am\u00e9lie<\/b>.<\/p>\n<p>On d\u00e9marre par les deux mixtes avec des fortunes diverses: <b>Marine <\/b>et <b>Jean Pierre<\/b> malgr\u00e9 la perte du 1er set vont progressivement prendre l&rsquo;ascendant sur leurs adversaires pour l&#8217;emporter finalement en 3 sets 19-21 21-16 21-08. Dans l&rsquo;autre match, <b>Alex <\/b>exceptionnellement associ\u00e9 \u00e0 <b>Lucie<\/b>, habituelle joueuse de D3, vont opposer une belle r\u00e9sistance \u00e0 la paire Normand\/Seng (R6 les deux) mais vont s&rsquo;incliner 21-11 21-18. 1-1 apr\u00e8s les deux premiers matchs.<\/p>\n<p><b>Eric<\/b>, toujours aussi chaud en simple, ne va laisser passer l&rsquo;occasion de ramener un point suppl\u00e9mentaire \u00e0 l&rsquo;\u00e9quipe en l&#8217;emportant 21-19 21-13.<\/p>\n<p>En revanche la marche sera trop haute pour notre <b>Am\u00e9lie <\/b>qui chute lourdement 21-09 21-07 face \u00e0 Caroline Thomas (R5).<\/p>\n<p>Passage plus difficile pour <b>Lucie<\/b>, \u00ab\u00a0sacrifi\u00e9e\u00a0\u00bb en simple dame et pour <b>Alex<\/b>, qui peine a retrouver son niveau physique en simple, qui vont tous les deux perdre en 2 sets respectivement 21-07 21-10 et 21-17 21-16. 4-2 pour le SMUC qui va priver pour la premi\u00e8re fois de la saison Istres d&rsquo;une victoire!<\/p>\n<p>Mais le match nul est toujours possible quand s&rsquo;avance sur les terrains les doubles homme et dame&#8230;<\/p>\n<p>Aucun probl\u00e8me en DH pour lequel <b>Francky <\/b>avait align\u00e9 la grosse \u00e9quipe: <b>Jean Pierre<\/b> et <b>Eric<\/b>, en vieux briscards, l&#8217;emporte 21-15 21-17 pour ramener le score \u00e0 4-3 en faveur des marseillais.<\/p>\n<p>Et c&rsquo;est d\u00e9cid\u00e9ment une habitude, ce sont de nouveau <b>Am\u00e9lie <\/b>et <b>Marine <\/b>qui vont jouer le match d\u00e9cisif de cette rencontre! Et comme la derni\u00e8re fois, les filles vont parfaitement g\u00e9rer la pression et, apr\u00e8s un match maitris\u00e9 de bout en bout, vont battre leurs adversaires 21-10 21-17 pour permettre \u00e0 ISB d&rsquo;arracher un match nul 4-4.<\/p>\n<p>La s\u00e9rie de 9 victoires cons\u00e9cutives prend donc fin mais le leader reste malgr\u00e9 tout invaincu \u00e0 4 matchs de la fin de la saison.<\/p>\n<p>C&rsquo;est au tour d&rsquo;Eygui\u00e8res, qui joue \u00e0 domicile, de se retrouver face aux istr\u00e9ens pour la 2e et derni\u00e8re rencontre de la journ\u00e9e. Pour cette rencontre <b>Francky <\/b>alignait la compo suivante: DH <b>Eric<\/b>\/<b>Alex<\/b>, DD <b>Marine<\/b>\/<b>Am\u00e9lie<\/b>, SH2 <b>Jean Pierre<\/b>, SD1 <b>R\u00e9gine<\/b>, SH1 <b>Eric<\/b>, SD2 <b>Am\u00e9lie<\/b>, Mx1 <b>Jean Pierre<\/b>\/<b>Marine<\/b>, Mx2 <b>R\u00e9gine<\/b>\/<b>Alex<\/b>.<\/p>\n<p>Les matchs se suivent et ne se ressemblent pas pour <b>Marine <\/b>et <b>Am\u00e9lie <\/b>qui s&rsquo;inclinent cette fois face \u00e0 la paire Leblet\/Pons malgr\u00e9 un 1er set accroch\u00e9 21-19 21-07 en ouverture de la rencontre.<\/p>\n<p>Heureusement <b>Eric <\/b>et <b>Alex <\/b>vont rapidement permettre \u00e0 Istres d&rsquo;\u00e9galiser au terme d&rsquo;un match au couteau magnifiquement remport\u00e9 en 3 sets 15-21 21-17 21-17.<\/p>\n<p>Dans la foul\u00e9e, <b>Jean Pierre<\/b> s&rsquo;offre le scalp de Jimmy Leblet apr\u00e8s un gros match gagn\u00e9 sur le score de 25-23 21-16 pour le 2e point de son \u00e9quipe.<\/p>\n<p>Align\u00e9e en simple dame 1, pour \u00ab\u00a0d\u00e9panner\u00a0\u00bb \u00e0 l&rsquo;instar de <b>Lucie<\/b>, <b>R\u00e9gine <\/b>va faire beaucoup mieux que \u00e7a en remportant son match au bout du suspense! 18-21 22-20 10-21 malgr\u00e9 une f\u00e9brilit\u00e9 au service et 2e victoire de la saison en R2 (sur 3 matchs) pour <b>R\u00e9gine <\/b>qui n&rsquo;en aura gagn\u00e9 qu&rsquo;un seul sur 7 en D3! Un comble lol.<\/p>\n<p>Oppos\u00e9 au seul joueur qui l&rsquo;a battu en interclubs cette saison, <b>Eric <\/b>va cette fois ci ne faire qu&rsquo;une bouch\u00e9e du jeune Quentin Vaur sans solution face \u00e0 l&rsquo;ex foss\u00e9en. Victoire 21-16 21-09 pour le 4e point d&rsquo;ISB! 4-1!<\/p>\n<p>C&rsquo;est <b>Am\u00e9lie <\/b>pour le simple dame 2, qui va marquer le point de la victoire en l&#8217;emportant assez facilement 21-11 21-12 face \u00e0 Pauline Pons contre qui elle avait perdu un peu plus t\u00f4t en double. 5-1 et 10e victoire de la saison pour l&rsquo;\u00e9quipe de <b>Francky<\/b>!<\/p>\n<p>Les deux d\u00e9faites en mixte de <b>Marine <\/b>et <b>Jean Pierre<\/b> 21-14 16-21 16-21 face aux Leblet (comme \u00e0 l&rsquo;aller) et de <b>R\u00e9gine <\/b>et <b>Alex <\/b>17-21 17-21 face \u00e0 notre amie Emilie Sambardy associ\u00e9e \u00e0 Vandick vont permettre \u00e0 Eygui\u00e8res de ne s&rsquo;incliner \u00ab\u00a0que\u00a0\u00bb 5-3 et de marquer le point de bonus d\u00e9fensif.<\/p>\n<p>Istres continue sa saison presque parfaite avec un bilan exceptionnel de 10v pour un nul en 11 matchs. ISB caracole \u00e9videmment en t\u00eate de la poule avec 53 pts loin devant Martigues et le SMUC, 41 pts. Eygui\u00e8res est 4e avec 39 pts.<\/p>\n<p>6e et derni\u00e8re journ\u00e9e pour ISB qui se rend \u00e0 Pernes le dimanche 9 avril pour y affronter L&rsquo;isle sur la Sorgue, Pernes et Martigues pour tenter de conclure victorieusement cette saison.<\/p>\n<p>Allez Istres!<\/p>\n<p>Alex<\/p>\n","protected":false},"excerpt":{"rendered":"<p>Salut tout le monde, Le dimanche 19 mars 2017 se jouait la 5e et avant derni\u00e8re journ\u00e9e des championnats r\u00e9gionaux: Franck et son \u00e9quipe, leader incontest\u00e9 de sa poule, \u00e9taient en d\u00e9placement \u00e0 Eygui\u00e8res pour y affronter le SMUC et Eygui\u00e8res 2e ex aequo de la poule. De nouveau priv\u00e9 d&rsquo;Agn\u00e8s en raison d&rsquo;une nouvelle &hellip; <a href=\"https:\/\/istressportsbadminton.com\/?page_id=2672\" class=\"more-link\">Continuer la lecture<span class=\"screen-reader-text\"> de &laquo;&nbsp;Compte Rendu J5&nbsp;&raquo;<\/span><\/a><\/p>\n","protected":false},"author":3,"featured_media":0,"parent":0,"menu_order":0,"comment_status":"closed","ping_status":"closed","template":"","meta":{"sfsi_plus_gutenberg_text_before_share":"","sfsi_plus_gutenberg_show_text_before_share":"","sfsi_plus_gutenberg_icon_type":"","sfsi_plus_gutenberg_icon_alignemt":"","sfsi_plus_gutenburg_max_per_row":""},"_links":{"self":[{"href":"https:\/\/istressportsbadminton.com\/index.php?rest_route=\/wp\/v2\/pages\/2672"}],"collection":[{"href":"https:\/\/istressportsbadminton.com\/index.php?rest_route=\/wp\/v2\/pages"}],"about":[{"href":"https:\/\/istressportsbadminton.com\/index.php?rest_route=\/wp\/v2\/types\/page"}],"author":[{"embeddable":true,"href":"https:\/\/istressportsbadminton.com\/index.php?rest_route=\/wp\/v2\/users\/3"}],"replies":[{"embeddable":true,"href":"https:\/\/istressportsbadminton.com\/index.php?rest_route=%2Fwp%2Fv2%2Fcomments&post=2672"}],"version-history":[{"count":1,"href":"https:\/\/istressportsbadminton.com\/index.php?rest_route=\/wp\/v2\/pages\/2672\/revisions"}],"predecessor-version":[{"id":2673,"href":"https:\/\/istressportsbadminton.com\/index.php?rest_route=\/wp\/v2\/pages\/2672\/revisions\/2673"}],"wp:attachment":[{"href":"https:\/\/istressportsbadminton.com\/index.php?rest_route=%2Fwp%2Fv2%2Fmedia&parent=2672"}],"curies":[{"name":"wp","href":"https:\/\/api.w.org\/{rel}","templated":true}]}}