{"id":2675,"date":"2017-04-26T14:52:07","date_gmt":"2017-04-26T13:52:07","guid":{"rendered":"http:\/\/istressportsbadminton.com\/?page_id=2675"},"modified":"2017-04-26T14:52:07","modified_gmt":"2017-04-26T13:52:07","slug":"compte-rendu-j6-6","status":"publish","type":"page","link":"https:\/\/istressportsbadminton.com\/?page_id=2675","title":{"rendered":"Compte Rendu J6"},"content":{"rendered":"<p>Salut tout le monde!!<\/p>\n<p>Dimanche 9 avril, l&rsquo;\u00e9quipe 2 du capitaine <b>Francky<\/b>, quasiment assur\u00e9 du titre de champion de R2, se d\u00e9placait\u00a0\u00e0 Pernes \u00e0 l&rsquo;occasion de la 6e journ\u00e9e, d\u00e9placement qui avait des allures de marathon: En effet 3 rencontres sont au programme de cette derni\u00e8re journ\u00e9e: Face \u00e0 l&rsquo;Isle sur Sorgue, face \u00e0 Pernes puis face \u00e0 Martigues pour finir la saison.<\/p>\n<p>Pour tenir le coup physiquement, <b>Franck <\/b>pouvait compter sur une \u00e9quipe plus que comp\u00e9titive: <b>Marine<\/b>, <b>Am\u00e9lie<\/b>, <b>L\u00e6titia <\/b>et <b>Agn\u00e8s <\/b>(de retour de blessure) pour les filles et <b>Thomas<\/b>, <b>Fabrice<\/b>, <b>Mickey<\/b>, <b>Alex <\/b>et <b>Jean Pierre<\/b> pour les gar\u00e7ons.<\/p>\n<p>Face au Club Islois de Badminton, les istr\u00e9ens vont d\u00e9marrer sur les chapeaux de roues: 3 victoires dans les 3 premiers matchs respectivement pour <b>Thomas <\/b>et <b>L\u00e6titia <\/b>en Mx1 <i>21-11 21-11<\/i>, <b>Marine <\/b>et <b>Mickey <\/b>en Mx2 <i>19-21 21-13 21-13<\/i>, et <b>Am\u00e9lie <\/b>en SD2 <i>22-20 16-21 21-14<\/i>. Le CIB va ouvrir son compteur gr\u00e2ce \u00e0 la victoire de Julien Guichard (R4) face \u00e0 <b>Thomas <\/b>(R6) <i>21-15 21-17<\/i>, suivi par celle de Julien Moron face \u00e0 <b>Mickey <\/b>sur le score hyper serr\u00e9 de <i>30-29 21-19<\/i>. En simple dame 1, <b>L\u00e6titia <\/b>ne va faire qu&rsquo;une bouch\u00e9e de son adversaire battue sur le score de <i>21-11 21-05<\/i> pour permettre \u00e0 Istres de mener 4-2. Avec seulement 2 filles align\u00e9s, le club de l&rsquo;Isle sur Sorgue \u00e9tait dans l&rsquo;impossibilit\u00e9 de jouer le double dame perdu donc par WO. Le dernier match de la rencontre opposait donc <b>Alex <\/b>(R4) et <b>Fabrice <\/b>(R5) \u00e0 Mathieu Duchemin (R6) et Kevin Rivarel (R4). Apr\u00e8s un 1er set domin\u00e9 par les joueurs du CIB <i>21-13<\/i>, les istr\u00e9ens vont se reprendre et survoler les deux sets suivants sur le m\u00eame score <i>21-09<\/i>. Victoire finale d&rsquo;Istres 6-2 pour une 11e victoire de la saison en 12 matchs!<\/p>\n<p>En d\u00e9but d&rsquo;apr\u00e8s midi, c&rsquo;est Pernes, le club local, qui se pr\u00e9sentait face \u00e0 ISB. Et malgr\u00e9 le tr\u00e8s bon accueil, les istr\u00e9ens vont se montrer sans piti\u00e9 pour leurs adversaires: <b>Marine <\/b>et <b>L\u00e6titia <\/b>vont ouvrir le bal avec une victoire facile en DD <i>21-09 21-12<\/i>, suivi de <b>Jean Pierre<\/b> et <b>Agn\u00e8s<\/b>, vainqueurs en Mx1 <i>21-16 21-17<\/i>. Victoire \u00e9galement pour <b>Thomas <\/b>face \u00e0 Sundar Massa <i>21-19 21-15<\/i> et pour <b>Am\u00e9lie <\/b>en SD2 <i>21-18 21-17<\/i> et <b>Fabrice <\/b>en SH2 <i>19-21 21-09 21-17<\/i>. Apr\u00e8s les 5 premiers matchs, Istres avait d\u00e9j\u00e0 assur\u00e9 une 12e victoire cette saison! La d\u00e9faite de <b>Marine <\/b>en SD1 <i>21-07 21-09<\/i> ne portait donc pas \u00e0 cons\u00e9quence surtout que, dans la foul\u00e9e, <b>Mickey <\/b>et <b>Thomas <\/b>en DH et <b>Alex<\/b> et <b>Am\u00e9lie <\/b>en Mx2, respectivement vainqueurs <i>21-19 21-17<\/i> et <i>21-18 21-10<\/i>, vont se charger de donner au score des allures de correction. Victoire 7-1!<\/p>\n<p>Pour la 14e et derni\u00e8re rencontre de la saison, Istres \u00e9tait oppos\u00e9 au voisin mart\u00e9gual, encore en course avec les SMUC et Eygui\u00e8res pour finir 2e de la poule. Mais il \u00e9tait \u00e9crit que les istr\u00e9ens \u00e9craseraient jusqu&rsquo;au bout la division: Apr\u00e8s une victoire en DH pour <b>Alex <\/b>et <b>Jean Pierre<\/b> <i>21-13 21-11<\/i>, suivi de la d\u00e9faite en DD d&rsquo;<b>Agn\u00e8s <\/b>et <b>Marine<\/b> <i>21-19 21-15<\/i>, les joueurs d&rsquo;ISB vont acc\u00e9l\u00e9rer pour ne laisser que des miettes \u00e0 leurs adversaires: Victoire d&rsquo;<b>Am\u00e9lie <\/b>en SD2\u00a0<i>21-11 21-11<\/i>, de <b>Thomas <\/b>en SH1 <i>21-13 21-19<\/i>, de <b>Fabrice <\/b>en SH2 <i>21-08 21-16<\/i>, de <b>L\u00e6titia <\/b>et <b>Mickey <\/b>en Mx2 <i>13-21 22-20 21-10<\/i>, d&rsquo;<b>Agn\u00e8s <\/b>et<b> Jean Pierre<\/b> en Mx1 <i>21-15 15-21 21-15<\/i> et pour finir de <b>L\u00e6titia <\/b>en SD1 <i>21-16\u00a0 21-10<\/i> pour une victoire finale nette et sans appel 7-1!!<\/p>\n<p>La saison se termine donc sur une journ\u00e9e parfaite avec un bilan qui l&rsquo;est presque autant: 1er avec 68 pts, 13 victoires, 1 nul en 14 matchs et 15 pts d&rsquo;avance sur le SMUC qui termine 2e! Quelle saison pour <b>Francky<\/b>, qui reprenait du service en tant que capitaine apr\u00e8s de longue ann\u00e9e d&rsquo;abstinence, et pour son \u00e9quipe au sein de laquelle je tiens \u00e0 saluer l&rsquo;excellent \u00e9tat d&rsquo;esprit qui a r\u00e9gn\u00e9 tout au long de la saison. Un grand bravo \u00e0 <b>Marine<\/b>, <b>Agn\u00e8s<\/b>, <b>Am\u00e9lie<\/b>, <b>L\u00e6titia<\/b>, <b>R\u00e9gine<\/b>, <b>Lucie<\/b>, <b>Eric<\/b>, <b>Thomas<\/b>, <b>Robert<\/b>, <b>Fabrice<\/b>, <b>Alex<\/b>, <b>Jean Pierre<\/b> et <b>Mickey <\/b>qui ont fait d&rsquo;Istres le champion de R2 pour la 2e saison cons\u00e9cutive \ud83d\ude09<\/p>\n<p>On se retrouve l&rsquo;an prochain pour la suite des aventures des \u00e9quipes d&rsquo;Istres Sports Badminton en championnat r\u00e9gional!<\/p>\n<p>Sportivement<\/p>\n<p>Alex<\/p>\n","protected":false},"excerpt":{"rendered":"<p>Salut tout le monde!! Dimanche 9 avril, l&rsquo;\u00e9quipe 2 du capitaine Francky, quasiment assur\u00e9 du titre de champion de R2, se d\u00e9placait\u00a0\u00e0 Pernes \u00e0 l&rsquo;occasion de la 6e journ\u00e9e, d\u00e9placement qui avait des allures de marathon: En effet 3 rencontres sont au programme de cette derni\u00e8re journ\u00e9e: Face \u00e0 l&rsquo;Isle sur Sorgue, face \u00e0 Pernes &hellip; <a href=\"https:\/\/istressportsbadminton.com\/?page_id=2675\" class=\"more-link\">Continuer la lecture<span class=\"screen-reader-text\"> de &laquo;&nbsp;Compte Rendu J6&nbsp;&raquo;<\/span><\/a><\/p>\n","protected":false},"author":3,"featured_media":0,"parent":0,"menu_order":0,"comment_status":"closed","ping_status":"closed","template":"","meta":{"sfsi_plus_gutenberg_text_before_share":"","sfsi_plus_gutenberg_show_text_before_share":"","sfsi_plus_gutenberg_icon_type":"","sfsi_plus_gutenberg_icon_alignemt":"","sfsi_plus_gutenburg_max_per_row":""},"_links":{"self":[{"href":"https:\/\/istressportsbadminton.com\/index.php?rest_route=\/wp\/v2\/pages\/2675"}],"collection":[{"href":"https:\/\/istressportsbadminton.com\/index.php?rest_route=\/wp\/v2\/pages"}],"about":[{"href":"https:\/\/istressportsbadminton.com\/index.php?rest_route=\/wp\/v2\/types\/page"}],"author":[{"embeddable":true,"href":"https:\/\/istressportsbadminton.com\/index.php?rest_route=\/wp\/v2\/users\/3"}],"replies":[{"embeddable":true,"href":"https:\/\/istressportsbadminton.com\/index.php?rest_route=%2Fwp%2Fv2%2Fcomments&post=2675"}],"version-history":[{"count":1,"href":"https:\/\/istressportsbadminton.com\/index.php?rest_route=\/wp\/v2\/pages\/2675\/revisions"}],"predecessor-version":[{"id":2676,"href":"https:\/\/istressportsbadminton.com\/index.php?rest_route=\/wp\/v2\/pages\/2675\/revisions\/2676"}],"wp:attachment":[{"href":"https:\/\/istressportsbadminton.com\/index.php?rest_route=%2Fwp%2Fv2%2Fmedia&parent=2675"}],"curies":[{"name":"wp","href":"https:\/\/api.w.org\/{rel}","templated":true}]}}