{"id":2678,"date":"2017-04-26T14:55:50","date_gmt":"2017-04-26T13:55:50","guid":{"rendered":"http:\/\/istressportsbadminton.com\/?page_id=2678"},"modified":"2017-04-26T14:55:50","modified_gmt":"2017-04-26T13:55:50","slug":"compte-rendu-j7-4","status":"publish","type":"page","link":"https:\/\/istressportsbadminton.com\/?page_id=2678","title":{"rendered":"Compte rendu J7"},"content":{"rendered":"<p>Salut \u00e0 tous!<\/p>\n<p>Suite des aventures de l&rsquo;\u00e9quipe 3 d&rsquo;Istres Sports Badminton qui s&rsquo;est <span class=\"il\">rendue<\/span> \u00e0 Aix le mardi 7 mars pour le choc au sommet de cette poule B de D3. C&rsquo;est avec un esprit de revanche apr\u00e8s la d\u00e9faite au match aller (4-3, la seule de la saison pour l&rsquo;instant), que les joueurs du capitaine <b>Thibaud <\/b>se rendait au gymnase Bobet priv\u00e9s de <b>Phil<\/b>, <b>Greg <\/b>et <b>Annie <\/b>pour l&rsquo;occasion. Compo align\u00e9e: SD: <b>Lucie<\/b>, SH1: <b>Dorian<\/b>, SH2: <b>Steph<\/b>, SH3: <b>Nico<\/b>, DD: <b>R\u00e9gine<\/b>\/<b>Lucie<\/b>, Dmx: <b>R\u00e9gine<\/b>\/<b>Dorian<\/b>, DH: <b>Thibaud<\/b>\/<b>Franck<\/b>.<\/p>\n<p>La rencontre d\u00e9bute par les simples homme 2 et 3 avec deux physionomies oppos\u00e9es: En simple 2, <b>Steph<\/b>, toujours aussi fringant, ne va laisser aucune chance \u00e0 son adversaire pour une victoire autoritaire 21-12 21-15 tandis que <b>Nico<\/b>, en simple 3, va lutter jusqu&rsquo;au bout pour finir par s&rsquo;incliner 25-23 21-15. 1-1 entre les deux \u00e9quipes quand entrent en sc\u00e8ne <b>Lucie <\/b>et <b>Dorian<\/b>.<\/p>\n<p>Pas de miracle pour notre recrue <b>Lucie <\/b>qui, oppos\u00e9e \u00e0 une Pauline Alamercery bien mieux class\u00e9e qu&rsquo;elle, va perdre assez largement 21-7 21-7.<\/p>\n<p>Face \u00e0 Antony Monello, qu&rsquo;il avait battu au championnat de ligue r\u00e9cemment, <b>Dorian <\/b>va tr\u00e8s mal entamer le simple 1 en perdant le 1er set 21-11. le sursaut d&rsquo;orgueil lui permettant de mener \u00e0 11 au 2e set ne va pas suffire au benjamin de l&rsquo;\u00e9quipe qui s&rsquo;incline finalement 21-11 21-17. 3-1 pour Aix qui fait le break dans cette rencontre avant les 3 doubles.<\/p>\n<p>Plus de droit \u00e0 l&rsquo;erreur pour ISB! Malheureusement <b>R\u00e9gine <\/b>et <b>Dorian <\/b>ne vont pas faire le poids face \u00e0 la paire L\u00e9\/Karsenti qui l&#8217;emporte sans trembler 21-13 21-14 et\u00a0marque le 4e point de leur \u00e9quipe. La victoire dans la poche pour Aix, les doubles homme et dame se jouent donc pour du beurre.<\/p>\n<p>En bon capitaine, <b>Thibaud <\/b>associ\u00e9 \u00e0 son comp\u00e8re <b>Franck<\/b>, va rapporter un point suppl\u00e9mentaire \u00e0 son \u00e9quipe avec une\u00a0victoire en 3 sets 15-21 21-12 21-13.<\/p>\n<p>Moins de r\u00e9ussite en revanche pour le double dame qui va subir la loi de la paire Karsenti\/Peroux 21-12 21-9 pour une victoire finale du leader aixois sur le score de 5-2.<\/p>\n<p>Avec 7 victoires en 7 matchs, rien de semble arr\u00eater Aix plus que jamais en t\u00eate de la poule. ISB conserve la 2e place malgr\u00e9 la d\u00e9faite mais voit Bouc Bel Air revenir a \u00e9galit\u00e9 de point \u00e0 3 journ\u00e9es de la fin de la saison r\u00e9guli\u00e8re. Le dernier rdv de la saison \u00e0 Donadieu le 25 avril contre le BBC sera surement d\u00e9cisif pour la qualif en play off. En attendant, ISB se d\u00e9place \u00e0 Simiane, 4e, des lundi prochain (le 20) pour la 8e et ant\u00e9p\u00e9nulti\u00e8me journ\u00e9e de la saison.<\/p>\n<p>&nbsp;<\/p>\n","protected":false},"excerpt":{"rendered":"<p>Salut \u00e0 tous! Suite des aventures de l&rsquo;\u00e9quipe 3 d&rsquo;Istres Sports Badminton qui s&rsquo;est rendue \u00e0 Aix le mardi 7 mars pour le choc au sommet de cette poule B de D3. C&rsquo;est avec un esprit de revanche apr\u00e8s la d\u00e9faite au match aller (4-3, la seule de la saison pour l&rsquo;instant), que les joueurs &hellip; <a href=\"https:\/\/istressportsbadminton.com\/?page_id=2678\" class=\"more-link\">Continuer la lecture<span class=\"screen-reader-text\"> de &laquo;&nbsp;Compte rendu J7&nbsp;&raquo;<\/span><\/a><\/p>\n","protected":false},"author":3,"featured_media":0,"parent":0,"menu_order":0,"comment_status":"closed","ping_status":"closed","template":"","meta":{"sfsi_plus_gutenberg_text_before_share":"","sfsi_plus_gutenberg_show_text_before_share":"","sfsi_plus_gutenberg_icon_type":"","sfsi_plus_gutenberg_icon_alignemt":"","sfsi_plus_gutenburg_max_per_row":""},"_links":{"self":[{"href":"https:\/\/istressportsbadminton.com\/index.php?rest_route=\/wp\/v2\/pages\/2678"}],"collection":[{"href":"https:\/\/istressportsbadminton.com\/index.php?rest_route=\/wp\/v2\/pages"}],"about":[{"href":"https:\/\/istressportsbadminton.com\/index.php?rest_route=\/wp\/v2\/types\/page"}],"author":[{"embeddable":true,"href":"https:\/\/istressportsbadminton.com\/index.php?rest_route=\/wp\/v2\/users\/3"}],"replies":[{"embeddable":true,"href":"https:\/\/istressportsbadminton.com\/index.php?rest_route=%2Fwp%2Fv2%2Fcomments&post=2678"}],"version-history":[{"count":1,"href":"https:\/\/istressportsbadminton.com\/index.php?rest_route=\/wp\/v2\/pages\/2678\/revisions"}],"predecessor-version":[{"id":2679,"href":"https:\/\/istressportsbadminton.com\/index.php?rest_route=\/wp\/v2\/pages\/2678\/revisions\/2679"}],"wp:attachment":[{"href":"https:\/\/istressportsbadminton.com\/index.php?rest_route=%2Fwp%2Fv2%2Fmedia&parent=2678"}],"curies":[{"name":"wp","href":"https:\/\/api.w.org\/{rel}","templated":true}]}}