{"id":2742,"date":"2017-08-07T17:10:28","date_gmt":"2017-08-07T15:10:28","guid":{"rendered":"http:\/\/istressportsbadminton.com\/?page_id=2742"},"modified":"2025-09-03T12:26:50","modified_gmt":"2025-09-03T10:26:50","slug":"inscriptions-aux-tournois","status":"publish","type":"page","link":"https:\/\/istressportsbadminton.com\/?page_id=2742","title":{"rendered":"Inscriptions aux Tournois"},"content":{"rendered":"\n<p>Si vous souhaitez vous inscrire&nbsp;sur un tournoi, tout se passe sur le site <a rel=\"noreferrer noopener\" href=\"https:\/\/badnet.fr\/\" target=\"_blank\">Badnet.fr<\/a> qui r\u00e9cence tous les tournois en France.<\/p>\n\n\n\n<p>Vous \u00eates autonomes pour y cr\u00e9er votre page joueur, et vous inscrire directement en y r\u00e9glant l&rsquo;inscription<\/p>\n\n\n\n<p>Nous vous rappelons qu&rsquo;avec la <strong>licence Entrainement + Tournoi<\/strong> (la licence \u00e0 205\u20ac), le club prend en charge les frais d&rsquo;inscriptions \u00e0 hauteur de 3 tournois dans la saison. <\/p>\n\n\n\n<p>En fin de saison, le club vous contactera pour effectuer le remboursement des tournois effectu\u00e9s  dans le cadre de la licence.<\/p>\n\n\n\n<p><span style=\"color: #ff0000;\"><strong>ATTENTION: les tournois se remplissent g\u00e9n\u00e9ralement rapidement! Pensez \u00e0 vous y inscrire plusieurs mois avant!! <\/strong><\/span><\/p>\n\n\n\n<p>En cas de probl\u00e8me ou question relatif \u00e0 une inscription tournoi, vous pouvez contacte Baptiste \u00e0 : <a rel=\"noreferrer noopener\" href=\"mailto:baptistezoppis@gmail.com\" target=\"_blank\">baptistezoppis@gmail.com<\/a> ou le club \u00e0 isb13800@gmail.com<\/p>\n\n\n\n<p>Bonne saison \u00e0 toutes et tous<\/p>\n","protected":false},"excerpt":{"rendered":"<p>Si vous souhaitez vous inscrire&nbsp;sur un tournoi, tout se passe sur le site Badnet.fr qui r\u00e9cence tous les tournois en France. Vous \u00eates autonomes pour y cr\u00e9er votre page joueur, et vous inscrire directement en y r\u00e9glant l&rsquo;inscription Nous vous rappelons qu&rsquo;avec la licence Entrainement + Tournoi (la licence \u00e0 205\u20ac), le club prend en &hellip; <a href=\"https:\/\/istressportsbadminton.com\/?page_id=2742\" class=\"more-link\">Continuer la lecture<span class=\"screen-reader-text\"> de &laquo;&nbsp;Inscriptions aux Tournois&nbsp;&raquo;<\/span><\/a><\/p>\n","protected":false},"author":3,"featured_media":0,"parent":0,"menu_order":0,"comment_status":"closed","ping_status":"closed","template":"","meta":{"sfsi_plus_gutenberg_text_before_share":"","sfsi_plus_gutenberg_show_text_before_share":"","sfsi_plus_gutenberg_icon_type":"","sfsi_plus_gutenberg_icon_alignemt":"","sfsi_plus_gutenburg_max_per_row":""},"_links":{"self":[{"href":"https:\/\/istressportsbadminton.com\/index.php?rest_route=\/wp\/v2\/pages\/2742"}],"collection":[{"href":"https:\/\/istressportsbadminton.com\/index.php?rest_route=\/wp\/v2\/pages"}],"about":[{"href":"https:\/\/istressportsbadminton.com\/index.php?rest_route=\/wp\/v2\/types\/page"}],"author":[{"embeddable":true,"href":"https:\/\/istressportsbadminton.com\/index.php?rest_route=\/wp\/v2\/users\/3"}],"replies":[{"embeddable":true,"href":"https:\/\/istressportsbadminton.com\/index.php?rest_route=%2Fwp%2Fv2%2Fcomments&post=2742"}],"version-history":[{"count":41,"href":"https:\/\/istressportsbadminton.com\/index.php?rest_route=\/wp\/v2\/pages\/2742\/revisions"}],"predecessor-version":[{"id":4883,"href":"https:\/\/istressportsbadminton.com\/index.php?rest_route=\/wp\/v2\/pages\/2742\/revisions\/4883"}],"wp:attachment":[{"href":"https:\/\/istressportsbadminton.com\/index.php?rest_route=%2Fwp%2Fv2%2Fmedia&parent=2742"}],"curies":[{"name":"wp","href":"https:\/\/api.w.org\/{rel}","templated":true}]}}