{"id":2768,"date":"2017-09-01T14:55:52","date_gmt":"2017-09-01T12:55:52","guid":{"rendered":"http:\/\/istressportsbadminton.com\/?page_id=2768"},"modified":"2018-01-29T23:52:27","modified_gmt":"2018-01-29T21:52:27","slug":"test-inscriptions","status":"publish","type":"page","link":"https:\/\/istressportsbadminton.com\/?page_id=2768","title":{"rendered":"Inscriptions 2017\/2018"},"content":{"rendered":"<p>Les inscriptions en ligne pour la nouvelle saison 2017\/2018 d&rsquo;Istres Sports Badminton sont d\u00e9sormais accessibles en ligne en cliquant sur ce lien:\u00a0 \u00a0<span style=\"text-decoration: underline;\"><strong><span style=\"color: #00ccff;\"><a style=\"color: #00ccff; text-decoration: underline;\" href=\"https:\/\/www.e-cotiz.com\/app\/site\/4695-IstresSportsBadminton_licences2017_2018\" target=\"_blank\">&#8212;&gt; INSCRIPTIONS 2017\/2018<\/a><\/span><\/strong><\/span><\/p>\n<p><span style=\"color: #ff0000;\"><strong>R\u00e9duction Tarifs, inscriptions 2\u00e8me trimestre<\/strong><\/span><\/p>\n<p><span style=\"text-decoration: underline; color: #000000;\"><span style=\"font-size: 14pt;\"><strong>Licences<\/strong><\/span><\/span><\/p>\n<p style=\"padding-left: 60px; text-align: left;\"><span style=\"color: #000000;\"><strong><span style=\"text-decoration: underline;\"><del>140<\/del><\/span><del>\u00a0\u20ac<\/del>\u00a0 <span style=\"text-decoration: underline; color: #ff0000;\">120 \u20ac (6 tournois pris en charge)<\/span><\/strong><\/span><br \/>\n<span style=\"color: #000000;\"><strong>Adulte comp\u00e9titeur:\u00a0<\/strong>\u00a0(acc\u00e9s aux 3 cr\u00e9neaux \u00ab\u00a0jeu libre\u00a0\u00bb <a style=\"color: #000000;\" href=\"http:\/\/istressportsbadminton.com\/wp-content\/uploads\/2017\/09\/jeu-libre.png\"><img loading=\"lazy\" class=\"alignnone size-full wp-image-2803\" src=\"http:\/\/istressportsbadminton.com\/wp-content\/uploads\/2017\/09\/jeu-libre.png\" alt=\"jeu libre\" width=\"44\" height=\"16\" srcset=\"https:\/\/istressportsbadminton.com\/wp-content\/uploads\/2017\/09\/jeu-libre.png 44w, https:\/\/istressportsbadminton.com\/wp-content\/uploads\/2017\/09\/jeu-libre-3x1.png 3w\" sizes=\"(max-width: 44px) 85vw, 44px\" \/><\/a>+ entrainement encadr\u00e9 \u00ab\u00a0Adultes comp\u00e9titeurs\u00a0\u00bb jeudi 19h30-21h30\u00a0<a style=\"color: #000000;\" href=\"http:\/\/istressportsbadminton.com\/wp-content\/uploads\/2017\/09\/competiteur.png\"><img loading=\"lazy\" class=\"alignnone size-full wp-image-2805\" src=\"http:\/\/istressportsbadminton.com\/wp-content\/uploads\/2017\/09\/competiteur.png\" alt=\"competiteur\" width=\"40\" height=\"16\" srcset=\"https:\/\/istressportsbadminton.com\/wp-content\/uploads\/2017\/09\/competiteur.png 40w, https:\/\/istressportsbadminton.com\/wp-content\/uploads\/2017\/09\/competiteur-3x1.png 3w\" sizes=\"(max-width: 40px) 85vw, 40px\" \/><\/a> + frais d&rsquo;inscriptions aux comp\u00e9titions pris en charge par le club\u00a0\u00e0 concurrence de 10 tournois, les GP comptant pour 0,5 tournoi)<\/span><br \/>\n<del><span style=\"text-decoration: underline; color: #000000;\"><strong>85\u00a0\u20ac<\/strong><\/span><\/del> <strong><span style=\"text-decoration: underline;\"><span style=\"color: #ff0000; text-decoration: underline;\">75 \u20ac<\/span><\/span><\/strong><br \/>\n<span style=\"color: #000000;\"><strong>Adulte loisir<\/strong>\u00a0(acc\u00e9s aux 3 cr\u00e9neaux \u00ab\u00a0jeu libre\u00a0\u00bb\u00a0<a style=\"color: #000000;\" href=\"http:\/\/istressportsbadminton.com\/wp-content\/uploads\/2017\/09\/jeu-libre.png\"><img loading=\"lazy\" class=\"alignnone size-full wp-image-2803\" src=\"http:\/\/istressportsbadminton.com\/wp-content\/uploads\/2017\/09\/jeu-libre.png\" alt=\"jeu libre\" width=\"44\" height=\"16\" srcset=\"https:\/\/istressportsbadminton.com\/wp-content\/uploads\/2017\/09\/jeu-libre.png 44w, https:\/\/istressportsbadminton.com\/wp-content\/uploads\/2017\/09\/jeu-libre-3x1.png 3w\" sizes=\"(max-width: 44px) 85vw, 44px\" \/><\/a>+ \u00ab\u00a0initiation adulte d\u00e9butant\u00a0\u00bb\u00a0 le vendredi 20h-21h\u00a0<a style=\"color: #000000;\" href=\"http:\/\/istressportsbadminton.com\/wp-content\/uploads\/2017\/09\/Initiation-adulte-debutant.png\"><img loading=\"lazy\" class=\"alignnone size-full wp-image-2808\" src=\"http:\/\/istressportsbadminton.com\/wp-content\/uploads\/2017\/09\/Initiation-adulte-debutant.png\" alt=\"Initiation adulte debutant\" width=\"38\" height=\"15\" srcset=\"https:\/\/istressportsbadminton.com\/wp-content\/uploads\/2017\/09\/Initiation-adulte-debutant.png 38w, https:\/\/istressportsbadminton.com\/wp-content\/uploads\/2017\/09\/Initiation-adulte-debutant-3x1.png 3w\" sizes=\"(max-width: 38px) 85vw, 38px\" \/><\/a><\/span><\/p>\n<p style=\"padding-left: 60px; text-align: left;\"><span style=\"text-decoration: underline; color: #000000;\"><strong>85\u00a0\u20ac<\/strong><\/span> <span style=\"text-decoration: underline; color: #ff0000;\"><strong>Cr\u00e9neaux Complets!<\/strong><\/span><br \/>\n<span style=\"color: #000000;\"><strong>Jeune loisir (11-17 ans)<\/strong>\u00a0,\u00a0<strong>1<\/strong><a style=\"color: #000000;\" href=\"http:\/\/istressportsbadminton.com\/?page_id=45\"><strong>\u00a0<\/strong><\/a><strong>cr\u00e9neau encadr\u00e9<\/strong><a style=\"color: #000000;\" href=\"http:\/\/istressportsbadminton.com\/?page_id=45\"><strong> l<\/strong>e vendredi\u00a018h-20h<\/a>\u00a0<a style=\"color: #000000;\" href=\"http:\/\/istressportsbadminton.com\/wp-content\/uploads\/2017\/09\/Jeune-loisir.png\"><img loading=\"lazy\" class=\"alignnone size-full wp-image-2806\" src=\"http:\/\/istressportsbadminton.com\/wp-content\/uploads\/2017\/09\/Jeune-loisir.png\" alt=\"Jeune loisir\" width=\"47\" height=\"17\" srcset=\"https:\/\/istressportsbadminton.com\/wp-content\/uploads\/2017\/09\/Jeune-loisir.png 47w, https:\/\/istressportsbadminton.com\/wp-content\/uploads\/2017\/09\/Jeune-loisir-3x1.png 3w\" sizes=\"(max-width: 47px) 85vw, 47px\" \/><\/a><\/span><br \/>\n<span style=\"text-decoration: underline; color: #000000;\"><strong>85\u00a0\u20ac<\/strong><\/span><span style=\"color: #ff0000;\"><strong>\u00a0<\/strong><span style=\"text-decoration: underline;\"><strong>Cr\u00e9neaux Complets!<\/strong><\/span><\/span><br \/>\n<span style=\"color: #000000;\"><strong>Mini-Bad\u00a0<\/strong>\u00a0<strong>(5-10 ans), <strong>1<\/strong><a style=\"color: #000000;\" href=\"http:\/\/istressportsbadminton.com\/?page_id=45\"><strong>\u00a0<\/strong><\/a><strong>cr\u00e9neau encadr\u00e9<\/strong><\/strong><a style=\"color: #000000;\" href=\"http:\/\/istressportsbadminton.com\/?page_id=45\">\u00a0le jeudi 18h-19h30<\/a>\u00a0<a style=\"color: #000000;\" href=\"http:\/\/istressportsbadminton.com\/wp-content\/uploads\/2017\/09\/minibad.png\"><img loading=\"lazy\" class=\"alignnone size-full wp-image-2804\" src=\"http:\/\/istressportsbadminton.com\/wp-content\/uploads\/2017\/09\/minibad.png\" alt=\"minibad\" width=\"52\" height=\"17\" srcset=\"https:\/\/istressportsbadminton.com\/wp-content\/uploads\/2017\/09\/minibad.png 52w, https:\/\/istressportsbadminton.com\/wp-content\/uploads\/2017\/09\/minibad-3x1.png 3w\" sizes=\"(max-width: 52px) 85vw, 52px\" \/><\/a><\/span><\/p>\n<p><strong><span style=\"color: #000000;\">Les licences jeunes Perfectionnement ( 2 entra\u00eenements\/ semaine, 120 \u20ac) et jeunes Haut Niveau (4 entra\u00eenements\/ semaine, 180 \u20ac) sont\u00a0soumises \u00e0 l\u2019appr\u00e9ciation des encadrants.\u00a0<\/span><\/strong><\/p>\n<div><span style=\"color: #000000;\">En outre, un cr\u00e9neau famille est mis \u00e0 disposition des enfants (Jeune loisir et Minibad) ainsi que de leurs parents (licenci\u00e9s uniquement) le samedi de 10h \u00e0 12h.\u00a0<a style=\"color: #000000;\" href=\"http:\/\/istressportsbadminton.com\/wp-content\/uploads\/2017\/09\/Famille.png\"><img loading=\"lazy\" class=\"alignnone size-full wp-image-2807\" src=\"http:\/\/istressportsbadminton.com\/wp-content\/uploads\/2017\/09\/Famille.png\" alt=\"Famille\" width=\"55\" height=\"19\" srcset=\"https:\/\/istressportsbadminton.com\/wp-content\/uploads\/2017\/09\/Famille.png 55w, https:\/\/istressportsbadminton.com\/wp-content\/uploads\/2017\/09\/Famille-3x1.png 3w\" sizes=\"(max-width: 55px) 85vw, 55px\" \/><\/a><\/span><\/div>\n<div><\/div>\n<div><\/div>\n<div><\/div>\n<p><span style=\"color: #000000;\">Possibilit\u00e9s de r\u00e9duction si plusieurs inscriptions par famille (-5% pour 2 membres de la meme famille, -10<\/span><span style=\"color: #000000;\">% pour 3e, etc..) et pour les inscriptions en cours de saison.<\/span><\/p>\n<div><\/div>\n<div><span style=\"color: #000000;\">Dans le cadre de l&rsquo;op\u00e9ration nationale <strong>\u00a0\u00bbSmash ton Diab\u00e8te\u00a0\u00bb<\/strong>, de fortes r\u00e9ductions sont consenties pour toute personne atteinte de diab\u00e8te de type I lors de l&rsquo;inscription au club. Veuillez contacter \u00a0<span style=\"text-decoration: underline;\">pr\u00e9alablement<\/span> \u00e0 l&rsquo;inscription un membre du bureau pour la marche \u00e0 suivre.<\/span><\/div>\n<div><\/div>\n<p>&nbsp;<\/p>\n<div><span style=\"color: #000000;\">Pour les <span style=\"text-decoration: underline;\"><strong>nouveaux licenci\u00e9s<\/strong><\/span> habitants dans un <strong>quartier sensible (QPV)<\/strong> ou une <strong>zone rurale en revitalisation (ZRR)<\/strong>, la ligue PACA offre une raquette de badminton et une r\u00e9duction du co\u00fbt de la licence. Pour savoir si vous \u00eates \u00e9ligible,<\/span> <span style=\"color: #33cccc;\"><strong><a style=\"color: #33cccc;\" href=\"https:\/\/www.geoportail.gouv.fr\/carte?c=5.854618482318244,43.722056109291145&amp;z=9&amp;l0=GEOGRAPHICALGRIDSYSTEMS.PLANIGN::GEOPORTAIL:OGC:WMTS(1)&amp;l1=DEPARTEMENT.2015::GEOPORTAIL:OGC:WMS(0.2;g)&amp;l2=COMMUNES.PRIORITYDISCTRICT::GEOPORTAIL:OGC:WMTS(1)&amp;l3=COMMUNES.ZRR::GEOPORTAIL:OGC:WMTS(0.6)&amp;permalink=yes\" target=\"_blank\">entrez votre adresse sur ce lien\u00a0<\/a>.\u00a0<\/strong><span style=\"color: #000000;\">Veuillez contacter \u00a0<span style=\"text-decoration: underline;\">pr\u00e9alablement<\/span>\u00a0\u00e0 l&rsquo;inscription un membre du bureau pour la marche \u00e0 suivre.<\/span><\/span><\/div>\n<div><span style=\"color: #000000;\">\u00a0<\/span><\/div>\n<div><\/div>\n<div>\u00a0&#8212;&#8212;&#8212;&#8212;&#8212;&#8212;&#8212;&#8212;&#8212;&#8212;&#8212;&#8212;&#8212;&#8212;&#8212;&#8212;&#8212;&#8212;&#8212;&#8212;&#8212;&#8212;&#8212;&#8212;&#8212;&#8212;&#8212;&#8212;&#8212;&#8212;&#8212;&#8212;&#8212;&#8212;&#8212;&#8212;&#8212;&#8212;&#8212;&#8212;&#8212;&#8212;&#8212;&#8212;&#8212;&#8212;&#8212;&#8212;&#8212;&#8212;-<\/div>\n<p><span style=\"text-decoration: underline;\"><strong><span style=\"color: #000000; text-decoration: underline;\">L&rsquo;inscription\u00a0comprend pour tous\u00a0:\u00a0<\/span><\/strong><\/span><\/p>\n<div><span style=\"color: #000000;\">&#8211; La licence\/assurance FFBAD, les droits de la Ligue PACA, du Comit\u00e9 13 et d\u2019ISB en g\u00e9n\u00e9ral.<\/span><\/div>\n<div><span style=\"color: #000000;\">&#8211; Acc\u00e8s aux diff\u00e9rents cr\u00e9neaux propos\u00e9s selon la cotisation choisie.<\/span><\/div>\n<div><span style=\"color: #000000;\">&#8211; Pr\u00eat de raquettes pour les d\u00e9butants.<\/span><\/div>\n<div><span style=\"color: #000000;\">&#8211; Vente de volants plumes \u00e0 prix pr\u00e9f\u00e9rentiels lors des diff\u00e9rents cr\u00e9neaux (se renseigner aupr\u00e8s d&rsquo;un membre du bureau)<\/span><\/div>\n<div><span style=\"color: #000000;\">&#8211; Possibilit\u00e9 de faire corder sa raquette avec un cordage Yonex-BG65,\u00a010\u20ac \/ raquette, contacter Franck FERAUD (cocoye1801@hotmail.com)<\/span><\/div>\n<div><span style=\"color: #000000;\">&#8211; r\u00e9ductions sur le site de LARDE SPORTS (sp\u00e9cialiste de la vente en ligne de\u00a0mat\u00e9riels de sport de raquette)\u00a0<b>\u00a0\u00a0<a style=\"color: #000000;\" href=\"http:\/\/www.lardesports.com\/\" target=\"_blank\">http:\/\/www.lardesports.com\/<\/a><\/b><\/span><\/div>\n<div><span style=\"color: #000000;\">\u00a0<\/span><\/div>\n<p><span style=\"text-decoration: underline; color: #000000;\"><strong>IMPORTANT : S\u00c9ANCES D&rsquo;ESSAI<\/strong><\/span><\/p>\n<p><span style=\"color: #000000;\">Que vous soyez un ancien licenci\u00e9 ou un nouveau, les s\u00e9ances d&rsquo;essai seront\u00a0<span style=\"text-decoration: underline;\">au maximum de 3.<\/span><\/span><\/p>\n<p><span style=\"color: #000000;\">Pour pouvoir \u00eatre couvert lors de ces s\u00e9ances d&rsquo;essai,\u00a0lorsque vous viendrez au gymnase vous devrez remplir un\u00a0<a style=\"color: #000000;\" href=\"http:\/\/istressportsbadminton.com\/wp-content\/uploads\/2015\/07\/Fiche-dinscription-Pratiquant-a-lessai.pdf\"><strong>formulaire<\/strong><\/a>\u00a0et nous vous enregistrerons sur un registre .<\/span><\/p>\n<p><span style=\"color: #000000;\">Si vous voulez vous affranchir de cette proc\u00e9dure d&rsquo;essais, il vous suffit alors de prendre directement votre licence.<\/span><\/p>\n<div><\/div>\n<div><span style=\"font-size: 12pt; color: #000000;\"><strong>NOTE IMPORTANTE!! :<\/strong><\/span><\/div>\n<p><span style=\"color: #000000;\">Le badminton est un sport sollicitant fortement les appuis lat\u00e9raux\u00a0et les changements brutaux de directions, l&rsquo;utilisation notamment de\u00a0<strong>chaussures de running\u00a0\u00e9tant \u00e0\u00a0proscrire<u>\u00a0ABSOLUMENT<\/u><\/strong>\u00a0de par le danger qu&rsquo;elles repr\u00e9sentent pour les chevilles des badistes!\u00a0<\/span><span style=\"color: #000000;\">Il est<strong style=\"color: #000000;\">\u00a0<span style=\"text-decoration: underline;\">IMP\u00c9RATIF<\/span>\u00a0<\/strong>de\u00a0pratiquer le badminton avec<strong style=\"color: #000000;\"> des chaussures de sport adapt\u00e9es dites \u00ab\u00a0de sports de salle\u00a0\u00bb, con\u00e7ues pour le Badminton, Squash, Handball, <\/strong>et que vous retrouvez facilement dans les rayons sp\u00e9cialis\u00e9s des magasins de sport.<strong style=\"color: #000000;\">\u00a0<\/strong>N&rsquo;h\u00e9sitez pas a\u00a0demander conseil aux\u00a0membres du club qui seront ravis de vous renseigner.<\/span><\/p>\n<p>&nbsp;<\/p>\n<p><a href=\"http:\/\/istressportsbadminton.com\/wp-content\/uploads\/2017\/09\/Cr\u00e9neaux-ISB-2017_2018.png\"><img loading=\"lazy\" class=\"alignnone size-full wp-image-2811\" src=\"http:\/\/istressportsbadminton.com\/wp-content\/uploads\/2017\/09\/Cr\u00e9neaux-ISB-2017_2018.png\" alt=\"Cr\u00e9neaux ISB 2017_2018\" width=\"1017\" height=\"589\" srcset=\"https:\/\/istressportsbadminton.com\/wp-content\/uploads\/2017\/09\/Cr\u00e9neaux-ISB-2017_2018.png 1017w, https:\/\/istressportsbadminton.com\/wp-content\/uploads\/2017\/09\/Cr\u00e9neaux-ISB-2017_2018-150x87.png 150w, https:\/\/istressportsbadminton.com\/wp-content\/uploads\/2017\/09\/Cr\u00e9neaux-ISB-2017_2018-300x174.png 300w, https:\/\/istressportsbadminton.com\/wp-content\/uploads\/2017\/09\/Cr\u00e9neaux-ISB-2017_2018-2x1.png 2w\" sizes=\"(max-width: 709px) 85vw, (max-width: 909px) 67vw, (max-width: 1362px) 62vw, 840px\" \/><\/a><\/p>\n","protected":false},"excerpt":{"rendered":"<p>Les inscriptions en ligne pour la nouvelle saison 2017\/2018 d&rsquo;Istres Sports Badminton sont d\u00e9sormais accessibles en ligne en cliquant sur ce lien:\u00a0 \u00a0&#8212;&gt; INSCRIPTIONS 2017\/2018 R\u00e9duction Tarifs, inscriptions 2\u00e8me trimestre Licences 140\u00a0\u20ac\u00a0 120 \u20ac (6 tournois pris en charge) Adulte comp\u00e9titeur:\u00a0\u00a0(acc\u00e9s aux 3 cr\u00e9neaux \u00ab\u00a0jeu libre\u00a0\u00bb + entrainement encadr\u00e9 \u00ab\u00a0Adultes comp\u00e9titeurs\u00a0\u00bb jeudi 19h30-21h30\u00a0 + frais &hellip; <a href=\"https:\/\/istressportsbadminton.com\/?page_id=2768\" class=\"more-link\">Continuer la lecture<span class=\"screen-reader-text\"> de &laquo;&nbsp;Inscriptions 2017\/2018&nbsp;&raquo;<\/span><\/a><\/p>\n","protected":false},"author":3,"featured_media":0,"parent":0,"menu_order":0,"comment_status":"closed","ping_status":"closed","template":"","meta":{"sfsi_plus_gutenberg_text_before_share":"","sfsi_plus_gutenberg_show_text_before_share":"","sfsi_plus_gutenberg_icon_type":"","sfsi_plus_gutenberg_icon_alignemt":"","sfsi_plus_gutenburg_max_per_row":""},"_links":{"self":[{"href":"https:\/\/istressportsbadminton.com\/index.php?rest_route=\/wp\/v2\/pages\/2768"}],"collection":[{"href":"https:\/\/istressportsbadminton.com\/index.php?rest_route=\/wp\/v2\/pages"}],"about":[{"href":"https:\/\/istressportsbadminton.com\/index.php?rest_route=\/wp\/v2\/types\/page"}],"author":[{"embeddable":true,"href":"https:\/\/istressportsbadminton.com\/index.php?rest_route=\/wp\/v2\/users\/3"}],"replies":[{"embeddable":true,"href":"https:\/\/istressportsbadminton.com\/index.php?rest_route=%2Fwp%2Fv2%2Fcomments&post=2768"}],"version-history":[{"count":23,"href":"https:\/\/istressportsbadminton.com\/index.php?rest_route=\/wp\/v2\/pages\/2768\/revisions"}],"predecessor-version":[{"id":3031,"href":"https:\/\/istressportsbadminton.com\/index.php?rest_route=\/wp\/v2\/pages\/2768\/revisions\/3031"}],"wp:attachment":[{"href":"https:\/\/istressportsbadminton.com\/index.php?rest_route=%2Fwp%2Fv2%2Fmedia&parent=2768"}],"curies":[{"name":"wp","href":"https:\/\/api.w.org\/{rel}","templated":true}]}}