{"id":2928,"date":"2017-11-24T19:36:31","date_gmt":"2017-11-24T17:36:31","guid":{"rendered":"http:\/\/istressportsbadminton.com\/?page_id=2928"},"modified":"2018-09-03T16:14:35","modified_gmt":"2018-09-03T14:14:35","slug":"calendrier-d2","status":"publish","type":"page","link":"https:\/\/istressportsbadminton.com\/?page_id=2928","title":{"rendered":"Calendrier D2"},"content":{"rendered":"<h3><strong>D\u00e9partementale 2 (D2), saison 2017\/2018<\/strong><\/h3>\n<h3><span style=\"color: #99cc00;\"><em><strong><span style=\"font-size: 12pt;\">ISB3 termine 3 \u00e8me du championnat de D2<\/span><\/strong><\/em><\/span><\/h3>\n<h3><span style=\"font-size: 14pt;\">Retrouvez le classement actualis\u00e9 en bas de page (cliquez dessus pour les d\u00e9tails des matchs)<\/span><\/h3>\n<p>A l\u2019issue de la saison r\u00e9guli\u00e8re, les\u00a0<strong>2 premi\u00e8res \u00e9quipes de chaque poule se qualifient pour les Play-off en demi-finales crois\u00e9es. Les 2 finalistes sont promus en D1 et se disputent le titre de champion de D2 lors de la finale.<\/strong>\u00a0\u00a0Les \u00e9quipes <strong>derni\u00e8res<\/strong> de chacune des poules<span style=\"font-size: 14px;\">\u00a0sont, elles,\u00a0<\/span><strong style=\"font-size: 14px;\">rel\u00e9gu\u00e9es en D3.<\/strong><\/p>\n<p><span style=\"color: #33cccc;\"><strong>J1- Mardi 7 novembre, \u00e0 Eygui\u00e8res:\u00a0<\/strong><\/span><\/p>\n<p>Eygui\u00e8re\u00a0\u2013\u00a0<strong>Istres\u00a0\u00a0<span style=\"color: #99cc00;\">2-5\u00a0<a href=\"http:\/\/istressportsbadminton.com\/wp-content\/uploads\/2017\/10\/victoire-e1511536310543.png\"><img loading=\"lazy\" class=\"alignnone size-full wp-image-2914\" src=\"http:\/\/istressportsbadminton.com\/wp-content\/uploads\/2017\/10\/victoire-e1511536310543.png\" alt=\"victoire\" width=\"17\" height=\"17\" \/><\/a><\/span><\/strong><\/p>\n<p><span style=\"color: #ff9900;\"><strong><span style=\"color: #33cccc;\">J2-\u00a0Mercredi 22 novembre 2017,<\/span> \u00e0 Istres:\u00a0<\/strong><\/span><\/p>\n<p><strong>Istres &#8211; <\/strong>Mallemort <strong>\u00a0<span style=\"color: #99cc00;\">5-2\u00a0<a href=\"http:\/\/istressportsbadminton.com\/wp-content\/uploads\/2017\/10\/victoire-e1511536310543.png\"><img loading=\"lazy\" class=\"alignnone size-full wp-image-2914\" src=\"http:\/\/istressportsbadminton.com\/wp-content\/uploads\/2017\/10\/victoire-e1511536310543.png\" alt=\"victoire\" width=\"17\" height=\"17\" \/><\/a><\/span><\/strong><\/p>\n<p><span style=\"color: #33cccc;\"><strong>J3-\u00a0Jeudi 14\u00a0d\u00e9cembre 2017, \u00e0 Carnoux:\u00a0<\/strong><\/span><\/p>\n<p>Carnoux<strong>&#8211; Istres\u00a0<span style=\"color: #99cc00;\">1-6<\/span>\u00a0<a href=\"http:\/\/istressportsbadminton.com\/wp-content\/uploads\/2017\/10\/victoire-e1511536310543.png\"><img loading=\"lazy\" class=\"alignnone size-full wp-image-2914\" src=\"http:\/\/istressportsbadminton.com\/wp-content\/uploads\/2017\/10\/victoire-e1511536310543.png\" alt=\"victoire\" width=\"17\" height=\"17\" \/><\/a><\/strong><\/p>\n<p><span style=\"color: #ff9900;\"><strong><span style=\"color: #33cccc;\">J4-\u00a0Mercredi 10 janvier 2018,<\/span> \u00e0 Istres:\u00a0<\/strong><\/span><\/p>\n<p><strong>Istres<\/strong>\u00a0\u2013 Vitrolles\u00a0<strong><span style=\"color: #99cc00;\">5-2\u00a0<\/span><a href=\"http:\/\/istressportsbadminton.com\/wp-content\/uploads\/2017\/10\/victoire-e1511536310543.png\"><img loading=\"lazy\" class=\"alignnone size-full wp-image-2914\" src=\"http:\/\/istressportsbadminton.com\/wp-content\/uploads\/2017\/10\/victoire-e1511536310543.png\" alt=\"victoire\" width=\"17\" height=\"17\" \/><\/a><\/strong><\/p>\n<p><span style=\"color: #33cccc;\"><strong>J5- Jeudi 25 janvier 2018, \u00e0 Trets:\u00a0<\/strong><\/span><\/p>\n<p>Trets &#8211;\u00a0<strong>Istres\u00a0<span style=\"color: #99cc00;\">3-4<\/span>\u00a0<a href=\"http:\/\/istressportsbadminton.com\/wp-content\/uploads\/2017\/10\/victoire-e1511536310543.png\"><img loading=\"lazy\" class=\"alignnone size-full wp-image-2914\" src=\"http:\/\/istressportsbadminton.com\/wp-content\/uploads\/2017\/10\/victoire-e1511536310543.png\" alt=\"victoire\" width=\"17\" height=\"17\" \/><\/a><\/strong><\/p>\n<p><span style=\"color: #ff9900;\"><strong><span style=\"color: #33cccc;\">J6- Mercredi 7 f\u00e9vrier 2018,<\/span> \u00e0 Istres:\u00a0<\/strong><\/span><\/p>\n<p><strong>Istres\u00a0<\/strong>&#8211;\u00a0Eygui\u00e8res <strong><span style=\"color: #99cc00;\">7-0<\/span>\u00a0<a href=\"http:\/\/istressportsbadminton.com\/wp-content\/uploads\/2017\/10\/victoire-e1511536310543.png\"><img loading=\"lazy\" class=\"alignnone size-full wp-image-2914\" src=\"http:\/\/istressportsbadminton.com\/wp-content\/uploads\/2017\/10\/victoire-e1511536310543.png\" alt=\"victoire\" width=\"17\" height=\"17\" \/><\/a><\/strong><\/p>\n<p><span style=\"color: #33cccc;\"><strong>J7-\u00a0Mardi 20 f\u00e9vrier 2018, \u00e0 Mallemort:<\/strong><\/span><\/p>\n<p>Mallemort<strong> &#8211; Istres\u00a0<span style=\"color: #99cc00;\">1-6<\/span>\u00a0<a href=\"http:\/\/istressportsbadminton.com\/wp-content\/uploads\/2017\/10\/victoire-e1511536310543.png\"><img loading=\"lazy\" class=\"alignnone size-full wp-image-2914\" src=\"http:\/\/istressportsbadminton.com\/wp-content\/uploads\/2017\/10\/victoire-e1511536310543.png\" alt=\"victoire\" width=\"17\" height=\"17\" \/><\/a><\/strong><\/p>\n<p><span style=\"color: #ff9900;\"><strong><span style=\"color: #33cccc;\">J8-\u00a0Mercredi\u00a014 mars 2018,<\/span> \u00e0\u00a0Istres:\u00a0<\/strong><\/span><\/p>\n<p><strong>Istres<\/strong> &#8211; Carnoux\u00a0<strong><span style=\"color: #99cc00;\">7-0<\/span>\u00a0<a href=\"http:\/\/istressportsbadminton.com\/wp-content\/uploads\/2017\/10\/victoire-e1511536310543.png\"><img loading=\"lazy\" class=\"alignnone size-full wp-image-2914\" src=\"http:\/\/istressportsbadminton.com\/wp-content\/uploads\/2017\/10\/victoire-e1511536310543.png\" alt=\"victoire\" width=\"17\" height=\"17\" \/><\/a><\/strong><\/p>\n<p><span style=\"color: #33cccc;\"><strong>J9-\u00a0Mardi 27 mars\u00a02018, \u00e0 Vitrolles:\u00a0<\/strong><\/span><\/p>\n<p>Vitrolles &#8211; <strong>Istres\u00a0<span style=\"color: #99cc00;\">3-4<\/span>\u00a0<a href=\"http:\/\/istressportsbadminton.com\/wp-content\/uploads\/2017\/10\/victoire-e1511536310543.png\"><img loading=\"lazy\" class=\"alignnone size-full wp-image-2914\" src=\"http:\/\/istressportsbadminton.com\/wp-content\/uploads\/2017\/10\/victoire-e1511536310543.png\" alt=\"victoire\" width=\"17\" height=\"17\" \/><\/a><\/strong><\/p>\n<p><span style=\"color: #33cccc;\"><strong>J<\/strong><\/span><span style=\"color: #ff9900;\"><strong><span style=\"color: #33cccc;\">10- Mercredi 11 avril 2018,<\/span> \u00e0 Istres:<\/strong><\/span><\/p>\n<p><strong>Istres<\/strong> &#8211; Trets <span style=\"color: #ff0000;\"><strong>2-5<\/strong><\/span>\u00a0<a href=\"http:\/\/istressportsbadminton.com\/wp-content\/uploads\/2017\/10\/D\u00e9faite-e1511536283726.png\"><img loading=\"lazy\" class=\"alignnone size-full wp-image-2912\" src=\"http:\/\/istressportsbadminton.com\/wp-content\/uploads\/2017\/10\/D\u00e9faite-e1511536283726.png\" alt=\"D\u00e9faite\" width=\"17\" height=\"16\" \/><\/a><\/p>\n<p>&nbsp;<\/p>\n<p><span style=\"font-size: 14pt;\"><strong><span style=\"color: #33cccc;\">Playoff:\u00a0<\/span><\/strong><\/span><\/p>\n<p><strong>Demi-finales:<\/strong>\u00a0<strong><span style=\"color: #33cccc;\">16 mai 2018, \u00e0 St Martin de Crau:<\/span><\/strong><\/p>\n<p>Saint-Martin &#8211; <strong>Istres <span style=\"color: #ff0000;\"><strong>5-2<\/strong><\/span>\u00a0<a href=\"http:\/\/istressportsbadminton.com\/wp-content\/uploads\/2017\/10\/D\u00e9faite-e1511536283726.png\"><img loading=\"lazy\" class=\"alignnone size-full wp-image-2912\" src=\"http:\/\/istressportsbadminton.com\/wp-content\/uploads\/2017\/10\/D\u00e9faite-e1511536283726.png\" alt=\"D\u00e9faite\" width=\"17\" height=\"16\" \/><\/a><\/strong><\/p>\n<p><strong>Finale 3\u00e8me place:<\/strong>\u00a0<strong><span style=\"color: #33cccc;\">Samedi 26 mai 2018, \u00e0 P\u00e9lissanne:<\/span><\/strong><\/p>\n<p><strong>Istres<\/strong> &#8211; Aix-en-Provence\u00a0<strong><span style=\"color: #99cc00;\">5-0<\/span>\u00a0<a href=\"http:\/\/istressportsbadminton.com\/wp-content\/uploads\/2017\/10\/victoire-e1511536310543.png\"><img loading=\"lazy\" class=\"alignnone size-full wp-image-2914\" src=\"http:\/\/istressportsbadminton.com\/wp-content\/uploads\/2017\/10\/victoire-e1511536310543.png\" alt=\"victoire\" width=\"17\" height=\"17\" \/><\/a><\/strong><\/p>\n<p><span style=\"text-decoration: underline;\"><strong><a href=\"https:\/\/www.badnet.org\/badnet\/Src\/index.php?ic_a=656385&amp;cb=updateMenu&amp;eventId=7986&amp;action=page:656386;drawId:132703\" target=\"_blank\">Retrouvez tous les r\u00e9sultats et matchs de la saison sur Badnet en cliquant ici<\/a><\/strong><\/span><\/p>\n\n<!-- iframe plugin v.5.1 wordpress.org\/plugins\/iframe\/ -->\n<iframe src=\"https:\/\/www.badnet.org\/badnet\/Src\/index.php?ic_a=656385&#038;cb=updateMenu&#038;eventId=7986&#038;action=page:656386;drawId:132703\" width=\"100%\" height=\"500\" scrolling=\"yes\" class=\"iframe-class\" frameborder=\"0\"><\/iframe>\n\n","protected":false},"excerpt":{"rendered":"<p>D\u00e9partementale 2 (D2), saison 2017\/2018 ISB3 termine 3 \u00e8me du championnat de D2 Retrouvez le classement actualis\u00e9 en bas de page (cliquez dessus pour les d\u00e9tails des matchs) A l\u2019issue de la saison r\u00e9guli\u00e8re, les\u00a02 premi\u00e8res \u00e9quipes de chaque poule se qualifient pour les Play-off en demi-finales crois\u00e9es. Les 2 finalistes sont promus en D1 &hellip; <a href=\"https:\/\/istressportsbadminton.com\/?page_id=2928\" class=\"more-link\">Continuer la lecture<span class=\"screen-reader-text\"> de &laquo;&nbsp;Calendrier D2&nbsp;&raquo;<\/span><\/a><\/p>\n","protected":false},"author":3,"featured_media":0,"parent":0,"menu_order":0,"comment_status":"closed","ping_status":"closed","template":"","meta":{"sfsi_plus_gutenberg_text_before_share":"","sfsi_plus_gutenberg_show_text_before_share":"","sfsi_plus_gutenberg_icon_type":"","sfsi_plus_gutenberg_icon_alignemt":"","sfsi_plus_gutenburg_max_per_row":""},"_links":{"self":[{"href":"https:\/\/istressportsbadminton.com\/index.php?rest_route=\/wp\/v2\/pages\/2928"}],"collection":[{"href":"https:\/\/istressportsbadminton.com\/index.php?rest_route=\/wp\/v2\/pages"}],"about":[{"href":"https:\/\/istressportsbadminton.com\/index.php?rest_route=\/wp\/v2\/types\/page"}],"author":[{"embeddable":true,"href":"https:\/\/istressportsbadminton.com\/index.php?rest_route=\/wp\/v2\/users\/3"}],"replies":[{"embeddable":true,"href":"https:\/\/istressportsbadminton.com\/index.php?rest_route=%2Fwp%2Fv2%2Fcomments&post=2928"}],"version-history":[{"count":10,"href":"https:\/\/istressportsbadminton.com\/index.php?rest_route=\/wp\/v2\/pages\/2928\/revisions"}],"predecessor-version":[{"id":3147,"href":"https:\/\/istressportsbadminton.com\/index.php?rest_route=\/wp\/v2\/pages\/2928\/revisions\/3147"}],"wp:attachment":[{"href":"https:\/\/istressportsbadminton.com\/index.php?rest_route=%2Fwp%2Fv2%2Fmedia&parent=2928"}],"curies":[{"name":"wp","href":"https:\/\/api.w.org\/{rel}","templated":true}]}}