{"id":3137,"date":"2018-08-31T17:51:08","date_gmt":"2018-08-31T15:51:08","guid":{"rendered":"http:\/\/istressportsbadminton.com\/?page_id=3137"},"modified":"2018-10-22T21:57:37","modified_gmt":"2018-10-22T19:57:37","slug":"inscriptions-20182019","status":"publish","type":"page","link":"https:\/\/istressportsbadminton.com\/?page_id=3137","title":{"rendered":"Inscriptions 2018\/2019"},"content":{"rendered":"<p>Bonjour \u00e0 tous,<\/p>\n<p>Les inscriptions en ligne pour la nouvelle saison 2018\/2019 d\u2019Istres Sports Badminton sont d\u00e9sormais disponibles. Tout se passe sur ce formulaire \u00e0 remplir en ligne:\u00a0<strong><a href=\"https:\/\/www.e-cotiz.com\/app\/site\/7884-IstresSportsBadminton_licences2018_2019\">Inscriptions ISB 2018\/2019<\/a><\/strong><\/p>\n<p><strong>La saison (et donc les diff\u00e9rents entrainements) d\u00e9marre d\u00e8s la semaine du 3 septembre 2018.<\/strong><\/p>\n<p><strong>Licences<\/strong><\/p>\n<p><strong>Adulte comp\u00e9titeur:\u00a0\u00a0150\u00a0\u20ac\u00a0<\/strong><\/p>\n<p>(acc\u00e9s aux 3 cr\u00e9neaux \u00ab\u00a0jeu libre\u00a0\u00bb\u00a0<a href=\"http:\/\/istressportsbadminton.com\/wp-content\/uploads\/2017\/09\/jeu-libre.png\"><img loading=\"lazy\" class=\"alignnone size-full wp-image-2803\" src=\"http:\/\/istressportsbadminton.com\/wp-content\/uploads\/2017\/09\/jeu-libre.png\" sizes=\"(max-width: 44px) 100vw, 44px\" srcset=\"http:\/\/istressportsbadminton.com\/wp-content\/uploads\/2017\/09\/jeu-libre.png 44w, http:\/\/istressportsbadminton.com\/wp-content\/uploads\/2017\/09\/jeu-libre-3x1.png 3w\" alt=\"jeu libre\" width=\"44\" height=\"16\" \/><\/a>+ entrainement encadr\u00e9 \u00ab\u00a0Adultes comp\u00e9titeurs\u00a0\u00bb jeudi 19h30-21h30\u00a0<a href=\"http:\/\/istressportsbadminton.com\/wp-content\/uploads\/2017\/09\/competiteur.png\"><img loading=\"lazy\" class=\"alignnone size-full wp-image-2805\" src=\"http:\/\/istressportsbadminton.com\/wp-content\/uploads\/2017\/09\/competiteur.png\" sizes=\"(max-width: 40px) 100vw, 40px\" srcset=\"http:\/\/istressportsbadminton.com\/wp-content\/uploads\/2017\/09\/competiteur.png 40w, http:\/\/istressportsbadminton.com\/wp-content\/uploads\/2017\/09\/competiteur-3x1.png 3w\" alt=\"competiteur\" width=\"40\" height=\"16\" \/><\/a>\u00a0+ frais d\u2019inscriptions aux comp\u00e9titions pris en charge par le club\u00a0\u00e0 concurrence de 10 tournois, les GP comptant pour 0,5 tournoi)<\/p>\n<p><strong>Adulte loisir:<\/strong>\u00a0<strong>100\u00a0\u20ac<\/strong><\/p>\n<p>(acc\u00e9s aux 3 cr\u00e9neaux \u00ab\u00a0jeu libre\u00a0\u00bb\u00a0<a href=\"http:\/\/istressportsbadminton.com\/wp-content\/uploads\/2017\/09\/jeu-libre.png\"><img loading=\"lazy\" class=\"alignnone size-full wp-image-2803\" src=\"http:\/\/istressportsbadminton.com\/wp-content\/uploads\/2017\/09\/jeu-libre.png\" sizes=\"(max-width: 44px) 100vw, 44px\" srcset=\"http:\/\/istressportsbadminton.com\/wp-content\/uploads\/2017\/09\/jeu-libre.png 44w, http:\/\/istressportsbadminton.com\/wp-content\/uploads\/2017\/09\/jeu-libre-3x1.png 3w\" alt=\"jeu libre\" width=\"44\" height=\"16\" \/><\/a>+ \u00ab\u00a0initiation adulte d\u00e9butant\u00a0\u00bb\u00a0 le vendredi 20h-21h\u00a0<a href=\"http:\/\/istressportsbadminton.com\/wp-content\/uploads\/2017\/09\/Initiation-adulte-debutant.png\"><img loading=\"lazy\" class=\"alignnone size-full wp-image-2808\" src=\"http:\/\/istressportsbadminton.com\/wp-content\/uploads\/2017\/09\/Initiation-adulte-debutant.png\" sizes=\"(max-width: 38px) 100vw, 38px\" srcset=\"http:\/\/istressportsbadminton.com\/wp-content\/uploads\/2017\/09\/Initiation-adulte-debutant.png 38w, http:\/\/istressportsbadminton.com\/wp-content\/uploads\/2017\/09\/Initiation-adulte-debutant-3x1.png 3w\" alt=\"Initiation adulte debutant\" width=\"38\" height=\"15\" \/><\/a><\/p>\n<p><del><strong>Jeune loisir (11-17 ans)<\/strong><strong>: 85 \u20ac<\/strong>\u00a0<\/del><\/p>\n<p><del><strong>1<\/strong><a href=\"http:\/\/istressportsbadminton.com\/?page_id=45\"><strong>\u00a0<\/strong><\/a><strong>cr\u00e9neau encadr\u00e9<\/strong><a href=\"http:\/\/istressportsbadminton.com\/?page_id=45\"><strong>\u00a0l<\/strong>e vendredi\u00a018h-20h<\/a>\u00a0<a href=\"http:\/\/istressportsbadminton.com\/wp-content\/uploads\/2017\/09\/Jeune-loisir.png\"><img loading=\"lazy\" class=\"alignnone size-full wp-image-2806\" src=\"http:\/\/istressportsbadminton.com\/wp-content\/uploads\/2017\/09\/Jeune-loisir.png\" sizes=\"(max-width: 47px) 100vw, 47px\" srcset=\"http:\/\/istressportsbadminton.com\/wp-content\/uploads\/2017\/09\/Jeune-loisir.png 47w, http:\/\/istressportsbadminton.com\/wp-content\/uploads\/2017\/09\/Jeune-loisir-3x1.png 3w\" alt=\"Jeune loisir\" width=\"47\" height=\"17\" \/><\/a>\u00a0+ Jeu Libre cr\u00e9neau Famille samedi 10h-12h (NON ENCADRE, sous la responsabilit\u00e9 d\u2019un parent responsable)<\/del><\/p>\n<p>&nbsp;<\/p>\n<p><del><strong>Mini-Bad\u00a0<\/strong>\u00a0<strong>(5-10 ans): 85\u00a0 \u20ac<\/strong><\/del><\/p>\n<p><del><strong><strong>1<\/strong><a href=\"http:\/\/istressportsbadminton.com\/?page_id=45\"><strong>\u00a0<\/strong><\/a><strong>cr\u00e9neau encadr\u00e9<\/strong><\/strong><a href=\"http:\/\/istressportsbadminton.com\/?page_id=45\">\u00a0le jeudi 18h-19h30<\/a>\u00a0<a href=\"http:\/\/istressportsbadminton.com\/wp-content\/uploads\/2017\/09\/minibad.png\"><img loading=\"lazy\" class=\"alignnone size-full wp-image-2804\" src=\"http:\/\/istressportsbadminton.com\/wp-content\/uploads\/2017\/09\/minibad.png\" sizes=\"(max-width: 52px) 100vw, 52px\" srcset=\"http:\/\/istressportsbadminton.com\/wp-content\/uploads\/2017\/09\/minibad.png 52w, http:\/\/istressportsbadminton.com\/wp-content\/uploads\/2017\/09\/minibad-3x1.png 3w\" alt=\"minibad\" width=\"52\" height=\"17\" \/><\/a>\u00a0+ Jeu Libre cr\u00e9neau Famille samedi 10h-12h (NON ENCADRE, sous la responsabilit\u00e9 d\u2019un parent responsable)<\/del><\/p>\n<p>*LES INSCRIPTIONS POUR LES JEUNES LOISIRS SONT CLOSES\u00a0POUR LE MOMENT, AYANT MALHEUREUSEMENT ATTEINT LA\u00a0CAPACIT\u00c9\u00a0MAXIMALE D\u2019ACCUEIL.<\/p>\n<p><strong>POUR LES JEUNES NE EN 2001<\/strong>\u00a0(17 ans cette ann\u00e9e), NOUS POUVONS, A LA PLACE, LEUR PROPOSER DE PARTICIPER AUX JEUX LIBRES ADULTE (meme acc\u00e8s que ceux permis par la\u00a0licence adulte Loisir).<\/p>\n<p>MERCI DE CONTACTER PR\u00c9ALABLEMENT alexandredecorps@gmail.com POUR LES RENSEIGNEMENTS ET LA MARCHE A SUIVRE. Merci<\/p>\n<p><strong>Les licences jeunes Perfectionnement et jeunes Haut Niveau sont\u00a0soumises \u00e0 l\u2019appr\u00e9ciation des encadrants.\u00a0<\/strong><\/p>\n<p>&nbsp;<\/p>\n<div>En outre, ouvert \u00e0 tous, un cr\u00e9neau famille est mis \u00e0 disposition des adultes, des enfants (Jeune loisir et Minibad) ainsi que de leurs parents le samedi de 10h \u00e0 12h.\u00a0<a href=\"http:\/\/istressportsbadminton.com\/wp-content\/uploads\/2017\/09\/Famille.png\"><img loading=\"lazy\" class=\"alignnone size-full wp-image-2807\" src=\"http:\/\/istressportsbadminton.com\/wp-content\/uploads\/2017\/09\/Famille.png\" sizes=\"(max-width: 55px) 100vw, 55px\" srcset=\"http:\/\/istressportsbadminton.com\/wp-content\/uploads\/2017\/09\/Famille.png 55w, http:\/\/istressportsbadminton.com\/wp-content\/uploads\/2017\/09\/Famille-3x1.png 3w\" alt=\"Famille\" width=\"55\" height=\"19\" \/><\/a><\/div>\n<div><\/div>\n<div>Possibilit\u00e9s de r\u00e9duction si plusieurs inscriptions par famille (-5% pour 2 membres de la meme famille, -10% pour 3e, etc..) et pour les inscriptions en cours de saison.<\/div>\n<div><\/div>\n<div>Dans le cadre de l\u2019op\u00e9ration nationale\u00a0<strong>\u00a0\u00bbSmash ton Diab\u00e8te\u00a0\u00bb<\/strong>, de fortes r\u00e9ductions sont consenties pour toute personne atteinte de diab\u00e8te de type I lors de l\u2019inscription au club.\u00a0Veuillez contacter pr\u00e9alablement\u00a0\u00e0 l\u2019inscription\u00a0un membre du bureau pour la marche \u00e0 suivre.<\/div>\n<div><\/div>\n<div>Pour les\u00a0<strong>nouveaux licenci\u00e9s<\/strong>\u00a0habitants dans un\u00a0<strong>quartier sensible (QPV)<\/strong>\u00a0ou une\u00a0<strong>zone rurale en revitalisation (ZRR)<\/strong>, la ligue PACA offre une raquette de badminton et une r\u00e9duction du co\u00fbt de la licence. Pour savoir si vous \u00eates \u00e9ligible,\u00a0<strong><a href=\"https:\/\/www.geoportail.gouv.fr\/carte?c=5.854618482318244,43.722056109291145&amp;z=9&amp;l0=GEOGRAPHICALGRIDSYSTEMS.PLANIGN::GEOPORTAIL:OGC:WMTS(1)&amp;l1=DEPARTEMENT.2015::GEOPORTAIL:OGC:WMS(0.2;g)&amp;l2=COMMUNES.PRIORITYDISCTRICT::GEOPORTAIL:OGC:WMTS(1)&amp;l3=COMMUNES.ZRR::GEOPORTAIL:OGC:WMTS(0.6)&amp;permalink=yes\" target=\"_blank\">entrez votre adresse sur ce lien\u00a0<\/a>.\u00a0<\/strong>Veuillez contacter\u00a0pr\u00e9alablement\u00a0\u00e0 l\u2019inscription\u00a0un membre du bureau pour la marche \u00e0 suivre.<\/div>\n<div><\/div>\n<div><\/div>\n<div>\u00a0\u2014\u2014\u2014\u2014\u2014\u2014\u2014\u2014\u2014\u2014\u2014\u2014\u2014\u2014\u2014\u2014\u2014\u2014\u2014\u2014\u2014\u2014\u2014\u2014\u2014\u2014\u2014\u2014\u2014\u2014\u2014\u2014\u2014\u2014\u2014\u2014\u2014\u2014\u2014\u2014\u2014\u2014\u2014\u2014\u2014\u2014\u2014\u2014\u2014\u2014-<\/div>\n<p><strong>L\u2019inscription\u00a0comprend pour tous\u00a0:\u00a0<\/strong><\/p>\n<div>\u2013 La licence\/assurance FFBAD, les droits de la Ligue PACA, du Comit\u00e9 13 et d\u2019ISB en g\u00e9n\u00e9ral.<\/div>\n<div>\u2013 Acc\u00e8s aux diff\u00e9rents cr\u00e9neaux propos\u00e9s selon la cotisation choisie.<\/div>\n<div>\u2013 Pr\u00eat de raquettes pour les d\u00e9butants.<\/div>\n<div>\u2013 Vente de volants plumes \u00e0 prix pr\u00e9f\u00e9rentiels lors des diff\u00e9rents cr\u00e9neaux (se renseigner aupr\u00e8s d\u2019un membre du bureau)<\/div>\n<div>\u2013 Possibilit\u00e9 de faire corder sa raquette avec un cordage Yonex-BG65,\u00a010\u20ac \/ raquette, contacter Franck FERAUD (cocoye1801@hotmail.com)<\/div>\n<div>\u2013 r\u00e9ductions sur le site de notre partenaire +2Bad (<strong><a href=\"http:\/\/www.plusdebad.com\/\">Site +2Bad<\/a><\/strong>) et en boutique (Isysport,\u00a0<span class=\"w8qArf\">\u00a0<\/span><span class=\"LrzXr\">3 Rue Arlatan, 13300 Salon-de-Provence)<\/span><\/div>\n<div><\/div>\n<p><strong>IMPORTANT : S\u00c9ANCES D\u2019ESSAI<\/strong><\/p>\n<p>Que vous soyez un ancien licenci\u00e9 ou un nouveau, les s\u00e9ances d\u2019essai seront\u00a0au maximum de 3.<\/p>\n<p>Pour pouvoir \u00eatre couvert lors de ces s\u00e9ances d\u2019essai,\u00a0lorsque vous viendrez au gymnase vous devrez remplir un\u00a0<a href=\"http:\/\/istressportsbadminton.com\/wp-content\/uploads\/2015\/07\/Fiche-dinscription-Pratiquant-a-lessai.pdf\"><strong>formulaire<\/strong><\/a>\u00a0et nous vous enregistrerons sur un registre .<\/p>\n<p>Si vous voulez vous affranchir de cette proc\u00e9dure d\u2019essais, il vous suffit alors de prendre directement votre licence.<\/p>\n<div><\/div>\n<div><strong>MATERIEL, NOTE IMPORTANTE !! :<\/strong><\/div>\n<p>Le badminton est un sport sollicitant fortement les appuis lat\u00e9raux\u00a0et les changements brutaux de directions, l\u2019utilisation notamment de\u00a0<strong>chaussures de running\u00a0\u00e9tant \u00e0\u00a0proscrire<u>\u00a0ABSOLUMENT<\/u><\/strong>\u00a0de par le danger qu\u2019elles repr\u00e9sentent pour les chevilles des badistes!\u00a0Il est<strong>\u00a0IMP\u00c9RATIF\u00a0<\/strong>de\u00a0pratiquer le badminton avec<strong>\u00a0des chaussures de sport adapt\u00e9es dites \u00ab\u00a0de sports de salle\u00a0\u00bb, con\u00e7ues pour le Badminton, Squash, Handball,\u00a0<\/strong>et que vous retrouvez facilement dans les rayons sp\u00e9cialis\u00e9s des magasins de sport.<strong>\u00a0<\/strong>N\u2019h\u00e9sitez pas a\u00a0demander conseil aux\u00a0membres du club qui seront ravis de vous renseigner<\/p>\n<p>&nbsp;<\/p>\n<p><a href=\"http:\/\/istressportsbadminton.com\/wp-content\/uploads\/2018\/10\/Cr%C3%A9neaux-2018_2019.png\"><img loading=\"lazy\" class=\"alignleft wp-image-3192 size-full\" src=\"http:\/\/istressportsbadminton.com\/wp-content\/uploads\/2018\/10\/Cr%C3%A9neaux-2018_2019.png\" sizes=\"(max-width: 1138px) 100vw, 1138px\" srcset=\"http:\/\/istressportsbadminton.com\/wp-content\/uploads\/2018\/10\/Cr\u00e9neaux-2018_2019.png 1138w, http:\/\/istressportsbadminton.com\/wp-content\/uploads\/2018\/10\/Cr\u00e9neaux-2018_2019-150x65.png 150w, http:\/\/istressportsbadminton.com\/wp-content\/uploads\/2018\/10\/Cr\u00e9neaux-2018_2019-300x129.png 300w, http:\/\/istressportsbadminton.com\/wp-content\/uploads\/2018\/10\/Cr\u00e9neaux-2018_2019-1024x442.png 1024w, http:\/\/istressportsbadminton.com\/wp-content\/uploads\/2018\/10\/Cr\u00e9neaux-2018_2019-2x1.png 2w\" alt=\"Cr\u00e9neaux 2018_2019\" width=\"1138\" height=\"491\" \/><\/a><\/p>\n","protected":false},"excerpt":{"rendered":"<p>Bonjour \u00e0 tous, Les inscriptions en ligne pour la nouvelle saison 2018\/2019 d\u2019Istres Sports Badminton sont d\u00e9sormais disponibles. Tout se passe sur ce formulaire \u00e0 remplir en ligne:\u00a0Inscriptions ISB 2018\/2019 La saison (et donc les diff\u00e9rents entrainements) d\u00e9marre d\u00e8s la semaine du 3 septembre 2018. Licences Adulte comp\u00e9titeur:\u00a0\u00a0150\u00a0\u20ac\u00a0 (acc\u00e9s aux 3 cr\u00e9neaux \u00ab\u00a0jeu libre\u00a0\u00bb\u00a0+ entrainement &hellip; <a href=\"https:\/\/istressportsbadminton.com\/?page_id=3137\" class=\"more-link\">Continuer la lecture<span class=\"screen-reader-text\"> de &laquo;&nbsp;Inscriptions 2018\/2019&nbsp;&raquo;<\/span><\/a><\/p>\n","protected":false},"author":3,"featured_media":0,"parent":0,"menu_order":0,"comment_status":"closed","ping_status":"closed","template":"","meta":{"sfsi_plus_gutenberg_text_before_share":"","sfsi_plus_gutenberg_show_text_before_share":"","sfsi_plus_gutenberg_icon_type":"","sfsi_plus_gutenberg_icon_alignemt":"","sfsi_plus_gutenburg_max_per_row":""},"_links":{"self":[{"href":"https:\/\/istressportsbadminton.com\/index.php?rest_route=\/wp\/v2\/pages\/3137"}],"collection":[{"href":"https:\/\/istressportsbadminton.com\/index.php?rest_route=\/wp\/v2\/pages"}],"about":[{"href":"https:\/\/istressportsbadminton.com\/index.php?rest_route=\/wp\/v2\/types\/page"}],"author":[{"embeddable":true,"href":"https:\/\/istressportsbadminton.com\/index.php?rest_route=\/wp\/v2\/users\/3"}],"replies":[{"embeddable":true,"href":"https:\/\/istressportsbadminton.com\/index.php?rest_route=%2Fwp%2Fv2%2Fcomments&post=3137"}],"version-history":[{"count":4,"href":"https:\/\/istressportsbadminton.com\/index.php?rest_route=\/wp\/v2\/pages\/3137\/revisions"}],"predecessor-version":[{"id":3195,"href":"https:\/\/istressportsbadminton.com\/index.php?rest_route=\/wp\/v2\/pages\/3137\/revisions\/3195"}],"wp:attachment":[{"href":"https:\/\/istressportsbadminton.com\/index.php?rest_route=%2Fwp%2Fv2%2Fmedia&parent=3137"}],"curies":[{"name":"wp","href":"https:\/\/api.w.org\/{rel}","templated":true}]}}