{"id":3196,"date":"2018-10-22T22:50:26","date_gmt":"2018-10-22T20:50:26","guid":{"rendered":"http:\/\/istressportsbadminton.com\/?page_id=3196"},"modified":"2018-12-13T21:03:32","modified_gmt":"2018-12-13T19:03:32","slug":"declaration-daccident","status":"publish","type":"page","link":"https:\/\/istressportsbadminton.com\/?page_id=3196","title":{"rendered":"D\u00e9claration d&rsquo;accident"},"content":{"rendered":"<p>Si vous deviez malheureusement etre victime d&rsquo;un accident ou d&rsquo;une blessure pendant la pratique au gymnase ou dans le cadre d&rsquo;une comp\u00e9tition, vous devez le d\u00e9clarer <strong>dans les 5 jours<\/strong> aupr\u00e8s de l&rsquo;assurance inclue dans votre licence FFBad.\u00a0Toutes les informations sur l&rsquo;assurance sont \u00e0 retrouver sur ce lien explicatif:\u00a0<span style=\"text-decoration: underline;\"><strong>http:\/\/www.ffbad.org\/la-ffbad\/l-assurance\/<\/strong><\/span><\/p>\n<p>Le processus de d\u00e9claration est tr\u00e9s simple et se fait sur ce formulaire \u00e0 completer en ligne:\u00a0<span style=\"text-decoration: underline;\"><a href=\"https:\/\/federation-sport.aiac.fr\/declaration\/declarationSinistre.aspx?fkFed=FFBAD5412JT9\"><strong>Je declare mon accident en ligne<\/strong><\/a><\/span><\/p>\n<p>Pensez \u00e9galement \u00e0 informer le club isb13800@gmail.com<\/p>\n<p>&nbsp;<\/p>\n","protected":false},"excerpt":{"rendered":"<p>Si vous deviez malheureusement etre victime d&rsquo;un accident ou d&rsquo;une blessure pendant la pratique au gymnase ou dans le cadre d&rsquo;une comp\u00e9tition, vous devez le d\u00e9clarer dans les 5 jours aupr\u00e8s de l&rsquo;assurance inclue dans votre licence FFBad.\u00a0Toutes les informations sur l&rsquo;assurance sont \u00e0 retrouver sur ce lien explicatif:\u00a0http:\/\/www.ffbad.org\/la-ffbad\/l-assurance\/ Le processus de d\u00e9claration est tr\u00e9s &hellip; <a href=\"https:\/\/istressportsbadminton.com\/?page_id=3196\" class=\"more-link\">Continuer la lecture<span class=\"screen-reader-text\"> de &laquo;&nbsp;D\u00e9claration d&rsquo;accident&nbsp;&raquo;<\/span><\/a><\/p>\n","protected":false},"author":3,"featured_media":0,"parent":0,"menu_order":0,"comment_status":"closed","ping_status":"closed","template":"","meta":{"sfsi_plus_gutenberg_text_before_share":"","sfsi_plus_gutenberg_show_text_before_share":"","sfsi_plus_gutenberg_icon_type":"","sfsi_plus_gutenberg_icon_alignemt":"","sfsi_plus_gutenburg_max_per_row":""},"_links":{"self":[{"href":"https:\/\/istressportsbadminton.com\/index.php?rest_route=\/wp\/v2\/pages\/3196"}],"collection":[{"href":"https:\/\/istressportsbadminton.com\/index.php?rest_route=\/wp\/v2\/pages"}],"about":[{"href":"https:\/\/istressportsbadminton.com\/index.php?rest_route=\/wp\/v2\/types\/page"}],"author":[{"embeddable":true,"href":"https:\/\/istressportsbadminton.com\/index.php?rest_route=\/wp\/v2\/users\/3"}],"replies":[{"embeddable":true,"href":"https:\/\/istressportsbadminton.com\/index.php?rest_route=%2Fwp%2Fv2%2Fcomments&post=3196"}],"version-history":[{"count":2,"href":"https:\/\/istressportsbadminton.com\/index.php?rest_route=\/wp\/v2\/pages\/3196\/revisions"}],"predecessor-version":[{"id":3230,"href":"https:\/\/istressportsbadminton.com\/index.php?rest_route=\/wp\/v2\/pages\/3196\/revisions\/3230"}],"wp:attachment":[{"href":"https:\/\/istressportsbadminton.com\/index.php?rest_route=%2Fwp%2Fv2%2Fmedia&parent=3196"}],"curies":[{"name":"wp","href":"https:\/\/api.w.org\/{rel}","templated":true}]}}