{"id":3209,"date":"2018-11-26T17:10:25","date_gmt":"2018-11-26T15:10:25","guid":{"rendered":"http:\/\/istressportsbadminton.com\/?page_id=3209"},"modified":"2018-11-26T17:10:25","modified_gmt":"2018-11-26T15:10:25","slug":"calendrier-et-resultats-pn","status":"publish","type":"page","link":"https:\/\/istressportsbadminton.com\/?page_id=3209","title":{"rendered":"Calendrier et R\u00e9sultats PN"},"content":{"rendered":"<p>Acc\u00e9dez \u00e0 tous les r\u00e9sultats sur Badnet, en cliquant si dessous<\/p>\n\n<!-- iframe plugin v.5.1 wordpress.org\/plugins\/iframe\/ -->\n<iframe src=\"https:\/\/www.badnet.org\/Src\/index.php?ic_a=656384&#038;cb=updateMenu&#038;eventId=9116&#038;action=page:656386;drawId:335467\" width=\"100%\" height=\"500\" scrolling=\"yes\" class=\"iframe-class\" frameborder=\"0\"><\/iframe>\n\n<p>&nbsp;<\/p>\n<p>&nbsp;<\/p>\n","protected":false},"excerpt":{"rendered":"<p>Acc\u00e9dez \u00e0 tous les r\u00e9sultats sur Badnet, en cliquant si dessous &nbsp; &nbsp;<\/p>\n","protected":false},"author":3,"featured_media":0,"parent":0,"menu_order":0,"comment_status":"closed","ping_status":"closed","template":"","meta":{"sfsi_plus_gutenberg_text_before_share":"","sfsi_plus_gutenberg_show_text_before_share":"","sfsi_plus_gutenberg_icon_type":"","sfsi_plus_gutenberg_icon_alignemt":"","sfsi_plus_gutenburg_max_per_row":""},"_links":{"self":[{"href":"https:\/\/istressportsbadminton.com\/index.php?rest_route=\/wp\/v2\/pages\/3209"}],"collection":[{"href":"https:\/\/istressportsbadminton.com\/index.php?rest_route=\/wp\/v2\/pages"}],"about":[{"href":"https:\/\/istressportsbadminton.com\/index.php?rest_route=\/wp\/v2\/types\/page"}],"author":[{"embeddable":true,"href":"https:\/\/istressportsbadminton.com\/index.php?rest_route=\/wp\/v2\/users\/3"}],"replies":[{"embeddable":true,"href":"https:\/\/istressportsbadminton.com\/index.php?rest_route=%2Fwp%2Fv2%2Fcomments&post=3209"}],"version-history":[{"count":2,"href":"https:\/\/istressportsbadminton.com\/index.php?rest_route=\/wp\/v2\/pages\/3209\/revisions"}],"predecessor-version":[{"id":3211,"href":"https:\/\/istressportsbadminton.com\/index.php?rest_route=\/wp\/v2\/pages\/3209\/revisions\/3211"}],"wp:attachment":[{"href":"https:\/\/istressportsbadminton.com\/index.php?rest_route=%2Fwp%2Fv2%2Fmedia&parent=3209"}],"curies":[{"name":"wp","href":"https:\/\/api.w.org\/{rel}","templated":true}]}}