{"id":355,"date":"2015-12-15T14:57:39","date_gmt":"2015-12-15T13:57:39","guid":{"rendered":"http:\/\/istressportsbadminton.com\/?page_id=355"},"modified":"2016-08-24T17:29:09","modified_gmt":"2016-08-24T16:29:09","slug":"lassociation-humanitaire-solibad","status":"publish","type":"page","link":"https:\/\/istressportsbadminton.com\/?page_id=355","title":{"rendered":"L&rsquo;association"},"content":{"rendered":"<p><a href=\"http:\/\/istressportsbadminton.com\/wp-content\/uploads\/2015\/12\/solibad_fr.png\"><img loading=\"lazy\" class=\"wp-image-312 size-medium aligncenter\" src=\"http:\/\/istressportsbadminton.com\/wp-content\/uploads\/2015\/12\/solibad_fr-300x120.png\" alt=\"\" width=\"300\" height=\"120\" \/><\/a><\/p>\n<p>Depuis la saison derni\u00e8re, le <strong>Istres Sport Badminton<\/strong> est partenaire de l&rsquo;association humanitaire <strong>Solibad<\/strong>.<\/p>\n<p><a href=\"http:\/\/www.solibad.fr\/\">www.solibad.fr<\/a><\/p>\n<p><a href=\"https:\/\/www.facebook.com\/solibad.fr\/\">https:\/\/www.facebook.com\/solibad.fr\/<\/a><\/p>\n<p>Solibad, c\u2019est avant tout la contraction de \u00ab\u00a0Solidarit\u00e9 et Badminton\u00a0\u00bb \u2013 Solibad est donc une association caritative autour des valeurs du sport et de la solidarit\u00e9.<\/p>\n<p>Cr\u00e9\u00e9e en d\u00e9cembre 2009, elle a pour but de combiner moyens humains et ressources (mat\u00e9rielles ou financi\u00e8res) afin d\u2019organiser des projets humanitaires.<\/p>\n<p><strong><span style=\"color: #ff0000;\">Naissance<\/span>\u00a0<\/strong> \u00ab Solibad\u00a0 \u2013 Badminton Sans Fronti\u00e8res\u00bb, une association loi 1901 \u00e0 but non lucratif est n\u00e9\u00e9e le 10 d\u00e9cembre 2009, comme un symbole fort puisque c est le jour de l\u2019anniversaire de la D\u00e9claration Universelle des droits humains.<\/p>\n<p><span style=\"color: #ff6600;\"><strong>L\u2019objectif<\/strong><\/span> de Solibad est de mettre en commun des ressources humaines et financi\u00e8res au sein de la communaut\u00e9 du badminton en France et \u00e0 l\u2019international, afin de mener \u00e0 bien et soutenir des projets humanitaires. Pour ce faire, Solibad propose tout simplement, \u00e0 tous ceux qui le souhaitent, de participer de mani\u00e8re concr\u00e8te \u00e0 des actions de solidarit\u00e9, au travers de leur passion,\u00a0le badminton.<\/p>\n<p><span style=\"color: #c7de1d;\"><strong>La philosophie<\/strong><\/span> de l\u2019action de Solibad se veut originale : s\u2019amuser pour r\u00e9colter des fonds et apporter de l\u2019aide financi\u00e8re ou mat\u00e9rielle \u00e0 des populations en difficult\u00e9. Donner doit \u00eatre un plaisir et un moyen de partager et de f\u00e9d\u00e9rer l\u2019ensemble de la communaut\u00e9 du badminton. Il ne s\u2019agit pas de se d\u00e9culpabiliser, mais de donner en prenant du plaisir. Une vision \u00e9picurienne du partage et de la solidarit\u00e9.<\/p>\n<p><strong><span style=\"color: #339966;\">Concr\u00e8tement<\/span>,<\/strong> Solibad aide \u00e0 mettre en place un panel d\u2019actions destin\u00e9 \u00e0 tous les acteurs du monde du badminton, en France et \u00e0 l\u2019\u00e9tranger : joueurs, clubs, partenaires priv\u00e9s, institutions publiques, tous sont sollicit\u00e9s \u00e0 travers des actions de lev\u00e9es de fonds pour nos projets : cotisations annuelles, ventes aux ench\u00e8res, organisation de manifestations diverses (d\u00e9monstrations, galas, brocantes, tournois, etc\u2026), avec un processus de labellisation pour nos donateurs (du particulier aux sponsors priv\u00e9s en passant par les clubs et organismes divers)<\/p>\n<p><span style=\"color: #3366ff;\"><strong>Les projets et actions<\/strong><\/span> soutenus sont choisis avec une grande attention par l\u2019\u00e9quipe, afin de s\u2019assurer que les aides recueillies sont utilis\u00e9es de mani\u00e8re pertinente et effective au profit de l\u2019am\u00e9lioration de la qualit\u00e9 de vie des populations cibl\u00e9es. Le tout \u2013 et c\u2019est l\u2019une des cl\u00e9s de notre action \u2013 en mettant l\u2019int\u00e9gralit\u00e9 des fonds r\u00e9colt\u00e9s au service direct des projets. Les co\u00fbts administratifs sont r\u00e9duits au strict minimum et d\u00e9duits des b\u00e9n\u00e9fices engendr\u00e9s par les ventes de l\u2019association. Tous les dons vont donc sur le terrain.<\/p>\n<p><span style=\"color: #800080;\"><strong>Les projets de Solibad<\/strong><\/span><br \/>\nLe premier projet est parrain\u00e9 par le champion Olympique 2004, l\u2019Indon\u00e9sien Taufik Hidayat, et soutenait un orphelinat \u00e0 Bali, \u00e0 travers un projet d\u2019insertion par l\u2019apprentissage de l\u2019informatique. d\u00e8s 2010, une deuxi\u00e8me projet est une aide \u00e0 un orphelinat catholique de la banlieue de Kuala Lumpur, en Malaisie, qui trouve des difficult\u00e9s \u00e0 subvenir aux besoins quotidiens d\u2019une quarantaine d\u2019enfants d\u00e9favoris\u00e9s. Ont suivi nos projets \u00e0 Haiti, en Malaisie, au Vietnam, \u00e0 l\u2019Ile Maurice, au Br\u00e9sil et plus r\u00e9cemment en Ouganda et en Iran.<\/p>\n<p>Chaque projet nouveau fait l\u2019objet d\u2019une attention particuli\u00e8re et nous passons parfois la main pour des projets plus anciens, lorsque les besoins ne sont plus aussi importants o\u00f9 lorsque nos partenaires locaux ont trouv\u00e9 d\u2019autres partenaires.<\/p>\n<p>Retrouvez les differents projets de Solibad dans l&rsquo;onglet \u00ab\u00a0Newsletters\u00a0\u00bb du menu \u00ab\u00a0Solibad\u00a0\u00bb<\/p>\n<p>Merci!<\/p>\n","protected":false},"excerpt":{"rendered":"<p>Depuis la saison derni\u00e8re, le Istres Sport Badminton est partenaire de l&rsquo;association humanitaire Solibad. www.solibad.fr https:\/\/www.facebook.com\/solibad.fr\/ Solibad, c\u2019est avant tout la contraction de \u00ab\u00a0Solidarit\u00e9 et Badminton\u00a0\u00bb \u2013 Solibad est donc une association caritative autour des valeurs du sport et de la solidarit\u00e9. Cr\u00e9\u00e9e en d\u00e9cembre 2009, elle a pour but de combiner moyens humains et &hellip; <a href=\"https:\/\/istressportsbadminton.com\/?page_id=355\" class=\"more-link\">Continuer la lecture<span class=\"screen-reader-text\"> de &laquo;&nbsp;L&rsquo;association&nbsp;&raquo;<\/span><\/a><\/p>\n","protected":false},"author":3,"featured_media":0,"parent":0,"menu_order":0,"comment_status":"closed","ping_status":"closed","template":"","meta":{"sfsi_plus_gutenberg_text_before_share":"","sfsi_plus_gutenberg_show_text_before_share":"","sfsi_plus_gutenberg_icon_type":"","sfsi_plus_gutenberg_icon_alignemt":"","sfsi_plus_gutenburg_max_per_row":""},"_links":{"self":[{"href":"https:\/\/istressportsbadminton.com\/index.php?rest_route=\/wp\/v2\/pages\/355"}],"collection":[{"href":"https:\/\/istressportsbadminton.com\/index.php?rest_route=\/wp\/v2\/pages"}],"about":[{"href":"https:\/\/istressportsbadminton.com\/index.php?rest_route=\/wp\/v2\/types\/page"}],"author":[{"embeddable":true,"href":"https:\/\/istressportsbadminton.com\/index.php?rest_route=\/wp\/v2\/users\/3"}],"replies":[{"embeddable":true,"href":"https:\/\/istressportsbadminton.com\/index.php?rest_route=%2Fwp%2Fv2%2Fcomments&post=355"}],"version-history":[{"count":7,"href":"https:\/\/istressportsbadminton.com\/index.php?rest_route=\/wp\/v2\/pages\/355\/revisions"}],"predecessor-version":[{"id":1713,"href":"https:\/\/istressportsbadminton.com\/index.php?rest_route=\/wp\/v2\/pages\/355\/revisions\/1713"}],"wp:attachment":[{"href":"https:\/\/istressportsbadminton.com\/index.php?rest_route=%2Fwp%2Fv2%2Fmedia&parent=355"}],"curies":[{"name":"wp","href":"https:\/\/api.w.org\/{rel}","templated":true}]}}