{"id":3560,"date":"2019-10-10T19:17:53","date_gmt":"2019-10-10T17:17:53","guid":{"rendered":"http:\/\/istressportsbadminton.com\/?page_id=3560"},"modified":"2025-11-22T22:52:06","modified_gmt":"2025-11-22T20:52:06","slug":"equipes-departementales-et-promobad","status":"publish","type":"page","link":"https:\/\/istressportsbadminton.com\/?page_id=3560","title":{"rendered":"ISB 3 : D\u00e9partementale 7"},"content":{"rendered":"\n\n\n<p>L\u2019\u00e9quipe 3 jouera en championnat de D\u00e9partementale 7 pour la saison 2025\/2026, avec comme Capitaine Alex D.<\/p>\n<p>Tous les r\u00e9sultats, classement et d\u00e9tails des matchs de l\u2019\u00e9quipe sont a suivre sur le site ICBAD en\u00a0<a href=\"https:\/\/icbad.ffbad.org\/competition\/2502359\">Cliquant sur ce Lien<\/a><\/p>\n<p>Et bien s\u00fbr via la page Facebook du club:<a href=\"http:\/\/www.facebook.com\/IstresSportsBadminton\" target=\"_blank\" rel=\"noreferrer noopener\">http:\/\/www.facebook.com\/IstresSportsBadminton<\/a>\u00a0et le compte Instagram istres sports badminton.<\/p>\n<p>On vous attend nombreux pour soutenir notre \u00e9quipe lors des rencontres \u00e0 domicile !<\/p>\n<p><strong><em>Mode D\u2019emploi de la saison:<\/em><\/strong><\/p>\n<p>Chaque division de D\u00e9partementale est compos\u00e9e de 2 poules de 6 \u00e9quipes qui se rencontrent 2 fois dans la saison, soit 10 rencontres par \u00e9quipes, 5 \u00e0 domicile et 5 \u00e0 l\u2019ext\u00e9rieur. Les rencontres se d\u00e9roulent les soirs de semaine.<\/p>\n<p>A l\u2019issue de la saison r\u00e9guli\u00e8re, les 2 premiers de chaque poule s\u2019affrontent lors de demi-finale et finale de play-off. Les 2 finalistes sont promus en D\u00e9partementale 6. Le dernier de chaque poule de saison r\u00e9guli\u00e8re est rel\u00e9gu\u00e9s en D\u00e9partementale 8.<\/p>\n<p>Chaque rencontre se joue en\u00a0<strong>8 matchs\u00a0<\/strong>:<\/p>\n<ul>\n<li><strong>2 Simples Homme<\/strong><\/li>\n<li><strong>1 Simple Dame<\/strong><\/li>\n<li><strong>1 Double Hommes<\/strong><\/li>\n<li><strong>1 Double Dames<\/strong><\/li>\n<li><strong>3 Doubles Mixtes<\/strong><\/li>\n<\/ul>\n","protected":false},"excerpt":{"rendered":"<p>L\u2019\u00e9quipe 3 jouera en championnat de D\u00e9partementale 7 pour la saison 2025\/2026, avec comme Capitaine Alex D. Tous les r\u00e9sultats, classement et d\u00e9tails des matchs de l\u2019\u00e9quipe sont a suivre sur le site ICBAD en\u00a0Cliquant sur ce Lien Et bien s\u00fbr via la page Facebook du club:http:\/\/www.facebook.com\/IstresSportsBadminton\u00a0et le compte Instagram istres sports badminton. On vous &hellip; <a href=\"https:\/\/istressportsbadminton.com\/?page_id=3560\" class=\"more-link\">Continuer la lecture<span class=\"screen-reader-text\"> de &laquo;&nbsp;ISB 3 : D\u00e9partementale 7&nbsp;&raquo;<\/span><\/a><\/p>\n","protected":false},"author":3,"featured_media":0,"parent":0,"menu_order":0,"comment_status":"closed","ping_status":"closed","template":"","meta":{"sfsi_plus_gutenberg_text_before_share":"","sfsi_plus_gutenberg_show_text_before_share":"","sfsi_plus_gutenberg_icon_type":"","sfsi_plus_gutenberg_icon_alignemt":"","sfsi_plus_gutenburg_max_per_row":""},"_links":{"self":[{"href":"https:\/\/istressportsbadminton.com\/index.php?rest_route=\/wp\/v2\/pages\/3560"}],"collection":[{"href":"https:\/\/istressportsbadminton.com\/index.php?rest_route=\/wp\/v2\/pages"}],"about":[{"href":"https:\/\/istressportsbadminton.com\/index.php?rest_route=\/wp\/v2\/types\/page"}],"author":[{"embeddable":true,"href":"https:\/\/istressportsbadminton.com\/index.php?rest_route=\/wp\/v2\/users\/3"}],"replies":[{"embeddable":true,"href":"https:\/\/istressportsbadminton.com\/index.php?rest_route=%2Fwp%2Fv2%2Fcomments&post=3560"}],"version-history":[{"count":13,"href":"https:\/\/istressportsbadminton.com\/index.php?rest_route=\/wp\/v2\/pages\/3560\/revisions"}],"predecessor-version":[{"id":4930,"href":"https:\/\/istressportsbadminton.com\/index.php?rest_route=\/wp\/v2\/pages\/3560\/revisions\/4930"}],"wp:attachment":[{"href":"https:\/\/istressportsbadminton.com\/index.php?rest_route=%2Fwp%2Fv2%2Fmedia&parent=3560"}],"curies":[{"name":"wp","href":"https:\/\/api.w.org\/{rel}","templated":true}]}}