{"id":3587,"date":"2019-10-30T15:28:37","date_gmt":"2019-10-30T13:28:37","guid":{"rendered":"http:\/\/istressportsbadminton.com\/?page_id=3587"},"modified":"2025-11-22T22:24:43","modified_gmt":"2025-11-22T20:24:43","slug":"interclubs-mode-demploi","status":"publish","type":"page","link":"https:\/\/istressportsbadminton.com\/?page_id=3587","title":{"rendered":"Interclubs: Mode d&#8217;emploi"},"content":{"rendered":"\n<p>Les interclubs sont des comp\u00e9titions <strong>mixtes<\/strong> faisant s&rsquo;affronter des \u00e9quipes de 2 clubs lors de rencontres compos\u00e9es d&rsquo;un certains nombre de matchs hommes et femmes, et organis\u00e9s sous forme de diff\u00e9rents championnats avec promotions et rel\u00e9gations en fin de saison.<\/p>\n\n\n\n<p>La hi\u00e9rarchie des championnats pour une \u00e9quipe des Bouches du Rh\u00f4nes comme Istres Sports Badminton est la suivante:<\/p>\n\n\n\n<ul><li><strong>\u00c9chelon National:<\/strong> Top 12 &gt; National 1 &gt; National 2 &gt; National 3 &gt; <\/li><li> <strong>\u00c9chelon R\u00e9gional:<\/strong> Pr\u00e9-National &gt; R\u00e9gional 1 &gt; R\u00e9gional 2 &gt; R\u00e9gional 3 &gt; <\/li><li> <strong>\u00c9chelon D\u00e9partemental:<\/strong> D\u00e9partemental 1 &gt;  D\u00e9partemental 2 &gt; D\u00e9partemental 3 &gt; D\u00e9partemental 4 &gt; D\u00e9partementale 5 &gt; D\u00e9partemental 6 &gt; Promobad<\/li><\/ul>\n\n\n\n<p>En Divisions d&rsquo;\u00e9chelons National et R\u00e9gional, chaque rencontre se joue en 8 matchs : 2 Simples Hommes, 2 Simples Dames, 1 Double Hommes, 1 Double Dames et 2 Doubles Mixte<\/p>\n\n\n\n<p>En Divisions d&rsquo;\u00e9chelon D\u00e9partemental, chaque rencontre se joue en 8 matchs:  <br>2 Simples Hommes, 1 ou 2 Simple Dame, 1 Double Hommes, 1 Double Dames et 2 ou  Double Mixte.<\/p>\n\n\n\n<p>En Promobad le format est libre<\/p>\n\n\n\n<p>Suite \u00e0 la saison r\u00e9guli\u00e8re, dans les championnats Nationaux et d\u00e9partementaux des Play-off se d\u00e9roulent pour d\u00e9terminer les \u00e9quipes promus. <br>Retrouvez les r\u00e8glements particuliers des championnats en acc\u00e9dant aux pages de chacune de nos \u00e9quipes.<\/p>\n\n\n\n<p>Tous les r\u00e9sultats de la saison sont d\u00e9sormais visible sur le nouveau site ICBad mis en place par la FFBad : <a rel=\"noreferrer noopener\" aria-label=\"https:\/\/icbad.ffbad.org\/ (s\u2019ouvre dans un nouvel onglet)\" href=\"https:\/\/icbad.ffbad.org\/\" target=\"_blank\">https:\/\/icbad.ffbad.org\/<\/a><\/p>\n","protected":false},"excerpt":{"rendered":"<p>Les interclubs sont des comp\u00e9titions mixtes faisant s&rsquo;affronter des \u00e9quipes de 2 clubs lors de rencontres compos\u00e9es d&rsquo;un certains nombre de matchs hommes et femmes, et organis\u00e9s sous forme de diff\u00e9rents championnats avec promotions et rel\u00e9gations en fin de saison. La hi\u00e9rarchie des championnats pour une \u00e9quipe des Bouches du Rh\u00f4nes comme Istres Sports Badminton &hellip; <a href=\"https:\/\/istressportsbadminton.com\/?page_id=3587\" class=\"more-link\">Continuer la lecture<span class=\"screen-reader-text\"> de &laquo;&nbsp;Interclubs: Mode d&#8217;emploi&nbsp;&raquo;<\/span><\/a><\/p>\n","protected":false},"author":3,"featured_media":0,"parent":0,"menu_order":0,"comment_status":"closed","ping_status":"closed","template":"","meta":{"sfsi_plus_gutenberg_text_before_share":"","sfsi_plus_gutenberg_show_text_before_share":"","sfsi_plus_gutenberg_icon_type":"","sfsi_plus_gutenberg_icon_alignemt":"","sfsi_plus_gutenburg_max_per_row":""},"_links":{"self":[{"href":"https:\/\/istressportsbadminton.com\/index.php?rest_route=\/wp\/v2\/pages\/3587"}],"collection":[{"href":"https:\/\/istressportsbadminton.com\/index.php?rest_route=\/wp\/v2\/pages"}],"about":[{"href":"https:\/\/istressportsbadminton.com\/index.php?rest_route=\/wp\/v2\/types\/page"}],"author":[{"embeddable":true,"href":"https:\/\/istressportsbadminton.com\/index.php?rest_route=\/wp\/v2\/users\/3"}],"replies":[{"embeddable":true,"href":"https:\/\/istressportsbadminton.com\/index.php?rest_route=%2Fwp%2Fv2%2Fcomments&post=3587"}],"version-history":[{"count":9,"href":"https:\/\/istressportsbadminton.com\/index.php?rest_route=\/wp\/v2\/pages\/3587\/revisions"}],"predecessor-version":[{"id":4913,"href":"https:\/\/istressportsbadminton.com\/index.php?rest_route=\/wp\/v2\/pages\/3587\/revisions\/4913"}],"wp:attachment":[{"href":"https:\/\/istressportsbadminton.com\/index.php?rest_route=%2Fwp%2Fv2%2Fmedia&parent=3587"}],"curies":[{"name":"wp","href":"https:\/\/api.w.org\/{rel}","templated":true}]}}