{"id":360,"date":"2015-12-15T15:04:07","date_gmt":"2015-12-15T14:04:07","guid":{"rendered":"http:\/\/istressportsbadminton.com\/?page_id=360"},"modified":"2015-12-16T00:49:59","modified_gmt":"2015-12-15T23:49:59","slug":"aider-solibad","status":"publish","type":"page","link":"https:\/\/istressportsbadminton.com\/?page_id=360","title":{"rendered":"Aider Solibad"},"content":{"rendered":"<h4><span style=\"color: #33cccc;\"><strong>Il existe de nombreuses fa\u00e7ons d\u2019aider SOLIBAD.<\/strong><\/span><\/h4>\n<p>Il est possible d\u2019aider Solibad, soit <a href=\"http:\/\/www.solibad.fr\/?page_id=787\" target=\"_blank\">en rejoignant l\u2019\u00e9quipe<\/a>, ou tout simplement en assurant la <a href=\"http:\/\/www.solibad.fr\/?page_id=755\" target=\"_blank\">promotion de notre fondation<\/a>.<\/p>\n<p>Vous pouvez aussi donner de l\u2019argent, ponctuellement ou de mani\u00e8re r\u00e9guli\u00e8re. Conform\u00e9ment \u00e0 notre philosophie et \u00e0 nos engagements, chaque euro de don re\u00e7u est utilis\u00e9 au b\u00e9n\u00e9fice des projets que nous soutenons.<\/p>\n<p>Solibad est titulaire du statut \u00ab\u00a0d\u2019organisme d\u2019Int\u00earet G\u00e9n\u00e9ral\u00a0\u00bb (depuis mars 2014), c\u2019est \u00e0 dire que vous pouvez d\u00e9grever vos dons pour Solibad de vos imp\u00f4ts \u00e0 hauteur de 66%.<br \/>\n100\u20ac donn\u00e9s \u00e0 Solibad ne vous couteront en fait que 34\u20ac.<br \/>\nNous vous enverrons par mail un re\u00e7u officiel pour l\u2019administration fiscale<\/p>\n<p><span style=\"color: #99cc00;\"><strong>Les dons peuvent \u00eatre faits :<\/strong><\/span><\/p>\n<p><span style=\"color: #ff9900;\"><strong>Par ch\u00e8que \u00e0 l\u2019ordre de SOLIBAD,<\/strong><\/span><\/p>\n<p>\u00e0 l\u2019adresse suivante :<br \/>\nSOLIBAD \u2013 Chez Raphael Sachetat<br \/>\n10 bis rue Favier, 94360 BRY SUR MARNE<\/p>\n<p><span style=\"color: #ff0000;\"><strong>Par virement bancaire<\/strong> <strong>s\u00e9curis\u00e9<\/strong><\/span><\/p>\n<p>Compte: Solibad<\/p>\n<p>Code banque : 10107<\/p>\n<p>Code Guichet : 00312<\/p>\n<p>Compte : 009 280 113 47 cl\u00e9 44<\/p>\n<p>BIC : BREDFRPPXXX<\/p>\n<p>IBAN : FR76 1010 7003 1200 9280 1134 744<\/p>\n<p><span style=\"color: #33cccc;\"><strong>Par carte bleue ou virement paypal<\/strong><\/span><\/p>\n<p>Vous pouvez\u00a0faire des dons\u00a0gr\u00e2ce \u00e0 votre\u00a0carte bleue en toute s\u00e9curit\u00e9, via le site Paypal. Il n\u2019est cependant\u00a0pas n\u00e9cessaire d\u2019avoir un compte paypal, et seule votre carte\u00a0de cr\u00e9dit\u00a0suffit pour effectuer vos donations.Pour faire un don en ligne, <a href=\"http:\/\/bit.ly\/1fS9CpA\" target=\"_blank\">cliquez ICI<\/a><\/p>\n<p>&nbsp;<\/p>\n<p>&nbsp;<\/p>\n<p>Un grand merci par avance pour tous vos dons \u2013 ils nous sont n\u00e9cessaires\u00a0pour\u00a0mener \u00e0 bien\u00a0nos actions \u2013 nous sommes tous b\u00e9n\u00e9voles \u00e0 Solibad, et seule votre participation peut nous permettre\u00a0de faire avancer nos projets, sur place.<\/p>\n<p>Si vous rencontrez des difficult\u00e9s pour effectuer un don ou\u00a0si vous avez des\u00a0questions, contactez-nous \u00e0 l\u2019adresse suivante raphael@solibad.net<\/p>\n","protected":false},"excerpt":{"rendered":"<p>Il existe de nombreuses fa\u00e7ons d\u2019aider SOLIBAD. Il est possible d\u2019aider Solibad, soit en rejoignant l\u2019\u00e9quipe, ou tout simplement en assurant la promotion de notre fondation. Vous pouvez aussi donner de l\u2019argent, ponctuellement ou de mani\u00e8re r\u00e9guli\u00e8re. Conform\u00e9ment \u00e0 notre philosophie et \u00e0 nos engagements, chaque euro de don re\u00e7u est utilis\u00e9 au b\u00e9n\u00e9fice des &hellip; <a href=\"https:\/\/istressportsbadminton.com\/?page_id=360\" class=\"more-link\">Continuer la lecture<span class=\"screen-reader-text\"> de &laquo;&nbsp;Aider Solibad&nbsp;&raquo;<\/span><\/a><\/p>\n","protected":false},"author":3,"featured_media":0,"parent":0,"menu_order":0,"comment_status":"closed","ping_status":"closed","template":"","meta":{"sfsi_plus_gutenberg_text_before_share":"","sfsi_plus_gutenberg_show_text_before_share":"","sfsi_plus_gutenberg_icon_type":"","sfsi_plus_gutenberg_icon_alignemt":"","sfsi_plus_gutenburg_max_per_row":""},"_links":{"self":[{"href":"https:\/\/istressportsbadminton.com\/index.php?rest_route=\/wp\/v2\/pages\/360"}],"collection":[{"href":"https:\/\/istressportsbadminton.com\/index.php?rest_route=\/wp\/v2\/pages"}],"about":[{"href":"https:\/\/istressportsbadminton.com\/index.php?rest_route=\/wp\/v2\/types\/page"}],"author":[{"embeddable":true,"href":"https:\/\/istressportsbadminton.com\/index.php?rest_route=\/wp\/v2\/users\/3"}],"replies":[{"embeddable":true,"href":"https:\/\/istressportsbadminton.com\/index.php?rest_route=%2Fwp%2Fv2%2Fcomments&post=360"}],"version-history":[{"count":3,"href":"https:\/\/istressportsbadminton.com\/index.php?rest_route=\/wp\/v2\/pages\/360\/revisions"}],"predecessor-version":[{"id":407,"href":"https:\/\/istressportsbadminton.com\/index.php?rest_route=\/wp\/v2\/pages\/360\/revisions\/407"}],"wp:attachment":[{"href":"https:\/\/istressportsbadminton.com\/index.php?rest_route=%2Fwp%2Fv2%2Fmedia&parent=360"}],"curies":[{"name":"wp","href":"https:\/\/api.w.org\/{rel}","templated":true}]}}