{"id":3608,"date":"2019-11-06T17:31:54","date_gmt":"2019-11-06T15:31:54","guid":{"rendered":"http:\/\/istressportsbadminton.com\/?page_id=3608"},"modified":"2023-01-16T15:35:52","modified_gmt":"2023-01-16T13:35:52","slug":"isb-4-departementale-3","status":"publish","type":"page","link":"https:\/\/istressportsbadminton.com\/?page_id=3608","title":{"rendered":"ISB 4:"},"content":{"rendered":"\n<p class=\"has-text-color\" style=\"color:#490257\"><em>\u00ab\u00a0Plus d&rsquo;info \u00e0 venir sur la saison 202<\/em>2\/2023<em>\u00ab\u00a0<\/em><\/p>\n\n\n\n<p>Le d\u00e9roul\u00e9 de la saison est simple: 2 poules de 6 \u00e9quipes qui s&rsquo;affrontent en allez-retour de novembre \u00e0 Avril, soit 10 journ\u00e9es.<br>\nAu mois de mai, les 2 premiers de chaque poules disputent alors les play-off lors de demi-finales (le 1er d&rsquo;une poule re\u00e7oit le 2nd de l&rsquo;autre poule).<br>\nLes 2 vainqueurs auront valid\u00e9 leur ticket pour \u00eatre promu en D\u00e9partementale 2 pour la saison suivante<br>\nIls s&rsquo;affrontent lors de la finale des play-off pour le titre honorifique de champion de la division<\/p>\n\n\n\n<p>Le dernier de chaque poule est rel\u00e9gu\u00e9 en D\u00e9partementale 4<\/p>\n\n\n\n<p>Suivez le calendrier et tous les r\u00e9sultats et classements des diff\u00e9rentes \u00e9quipes ci dessous:<br> h<a href=\"\/\/www.badnet.org\/Src\/index.php?ic_a=656384&amp;eventId=13012\" target=\"_blank\" rel=\"noreferrer noopener\">ttps:\/\/www.badnet.org\/Src\/index.php?ic_a=656384&amp;eventId=13012<\/a><\/p>\n\n\n","protected":false},"excerpt":{"rendered":"<p>\u00ab\u00a0Plus d&rsquo;info \u00e0 venir sur la saison 2022\/2023\u00ab\u00a0 Le d\u00e9roul\u00e9 de la saison est simple: 2 poules de 6 \u00e9quipes qui s&rsquo;affrontent en allez-retour de novembre \u00e0 Avril, soit 10 journ\u00e9es. Au mois de mai, les 2 premiers de chaque poules disputent alors les play-off lors de demi-finales (le 1er d&rsquo;une poule re\u00e7oit le 2nd &hellip; <a href=\"https:\/\/istressportsbadminton.com\/?page_id=3608\" class=\"more-link\">Continuer la lecture<span class=\"screen-reader-text\"> de &laquo;&nbsp;ISB 4:&nbsp;&raquo;<\/span><\/a><\/p>\n","protected":false},"author":3,"featured_media":0,"parent":0,"menu_order":0,"comment_status":"closed","ping_status":"closed","template":"","meta":{"sfsi_plus_gutenberg_text_before_share":"","sfsi_plus_gutenberg_show_text_before_share":"","sfsi_plus_gutenberg_icon_type":"","sfsi_plus_gutenberg_icon_alignemt":"","sfsi_plus_gutenburg_max_per_row":""},"_links":{"self":[{"href":"https:\/\/istressportsbadminton.com\/index.php?rest_route=\/wp\/v2\/pages\/3608"}],"collection":[{"href":"https:\/\/istressportsbadminton.com\/index.php?rest_route=\/wp\/v2\/pages"}],"about":[{"href":"https:\/\/istressportsbadminton.com\/index.php?rest_route=\/wp\/v2\/types\/page"}],"author":[{"embeddable":true,"href":"https:\/\/istressportsbadminton.com\/index.php?rest_route=\/wp\/v2\/users\/3"}],"replies":[{"embeddable":true,"href":"https:\/\/istressportsbadminton.com\/index.php?rest_route=%2Fwp%2Fv2%2Fcomments&post=3608"}],"version-history":[{"count":5,"href":"https:\/\/istressportsbadminton.com\/index.php?rest_route=\/wp\/v2\/pages\/3608\/revisions"}],"predecessor-version":[{"id":4311,"href":"https:\/\/istressportsbadminton.com\/index.php?rest_route=\/wp\/v2\/pages\/3608\/revisions\/4311"}],"wp:attachment":[{"href":"https:\/\/istressportsbadminton.com\/index.php?rest_route=%2Fwp%2Fv2%2Fmedia&parent=3608"}],"curies":[{"name":"wp","href":"https:\/\/api.w.org\/{rel}","templated":true}]}}