{"id":3614,"date":"2019-11-06T17:36:28","date_gmt":"2019-11-06T15:36:28","guid":{"rendered":"http:\/\/istressportsbadminton.com\/?page_id=3614"},"modified":"2019-11-06T17:36:30","modified_gmt":"2019-11-06T15:36:30","slug":"isb-6-departementale-6","status":"publish","type":"page","link":"https:\/\/istressportsbadminton.com\/?page_id=3614","title":{"rendered":"ISB 6: D\u00e9partementale 6"},"content":{"rendered":"<p>L&rsquo;\u00e9quipe 6 d&rsquo;ISB est entra\u00een\u00e9e cette saison par David Vincent.<\/p>\n<p>Le d\u00e9roul\u00e9 de la saison est simple: 3 poules de 5 ou 6 \u00e9quipes qui s&rsquo;affrontent en allez-retour de novembre \u00e0 Avril, soit 10 journ\u00e9es.<br \/>\nAu mois de mai, les vainqueurs de chaque poules plus le meilleurs second disputent alors les play-off lors de demi-finales.<br \/>\nLes 2 vainqueurs auront valid\u00e9 leur ticket pour \u00eatre promu en D\u00e9partementale 5 pour la saison suivante<br \/>\nIls s&rsquo;affrontent lors de la finale des play-off pour le titre honorifique de champion de la division<\/p>\n<p>Il n&rsquo;y a pas de rel\u00e9gation dans cette division<\/p>\n<p>Suivez le calendrier et tous les r\u00e9sultats et classements des diff\u00e9rentes \u00e9quipes ci dessous:<br \/>\n\n<!-- iframe plugin v.5.1 wordpress.org\/plugins\/iframe\/ -->\n<iframe src=\"https:\/\/www.badnet.org\/badnet\/src\/index.php?ic_a=656384&#038;eventId=10656\" width=\"100%\" height=\"500\" scrolling=\"yes\" class=\"iframe-class\" frameborder=\"0\"><\/iframe>\n<\/p>\n","protected":false},"excerpt":{"rendered":"<p>L&rsquo;\u00e9quipe 6 d&rsquo;ISB est entra\u00een\u00e9e cette saison par David Vincent. Le d\u00e9roul\u00e9 de la saison est simple: 3 poules de 5 ou 6 \u00e9quipes qui s&rsquo;affrontent en allez-retour de novembre \u00e0 Avril, soit 10 journ\u00e9es. Au mois de mai, les vainqueurs de chaque poules plus le meilleurs second disputent alors les play-off lors de demi-finales. &hellip; <a href=\"https:\/\/istressportsbadminton.com\/?page_id=3614\" class=\"more-link\">Continuer la lecture<span class=\"screen-reader-text\"> de &laquo;&nbsp;ISB 6: D\u00e9partementale 6&nbsp;&raquo;<\/span><\/a><\/p>\n","protected":false},"author":3,"featured_media":0,"parent":0,"menu_order":0,"comment_status":"closed","ping_status":"closed","template":"","meta":{"sfsi_plus_gutenberg_text_before_share":"","sfsi_plus_gutenberg_show_text_before_share":"","sfsi_plus_gutenberg_icon_type":"","sfsi_plus_gutenberg_icon_alignemt":"","sfsi_plus_gutenburg_max_per_row":""},"_links":{"self":[{"href":"https:\/\/istressportsbadminton.com\/index.php?rest_route=\/wp\/v2\/pages\/3614"}],"collection":[{"href":"https:\/\/istressportsbadminton.com\/index.php?rest_route=\/wp\/v2\/pages"}],"about":[{"href":"https:\/\/istressportsbadminton.com\/index.php?rest_route=\/wp\/v2\/types\/page"}],"author":[{"embeddable":true,"href":"https:\/\/istressportsbadminton.com\/index.php?rest_route=\/wp\/v2\/users\/3"}],"replies":[{"embeddable":true,"href":"https:\/\/istressportsbadminton.com\/index.php?rest_route=%2Fwp%2Fv2%2Fcomments&post=3614"}],"version-history":[{"count":1,"href":"https:\/\/istressportsbadminton.com\/index.php?rest_route=\/wp\/v2\/pages\/3614\/revisions"}],"predecessor-version":[{"id":3616,"href":"https:\/\/istressportsbadminton.com\/index.php?rest_route=\/wp\/v2\/pages\/3614\/revisions\/3616"}],"wp:attachment":[{"href":"https:\/\/istressportsbadminton.com\/index.php?rest_route=%2Fwp%2Fv2%2Fmedia&parent=3614"}],"curies":[{"name":"wp","href":"https:\/\/api.w.org\/{rel}","templated":true}]}}