{"id":3617,"date":"2019-11-06T17:43:55","date_gmt":"2019-11-06T15:43:55","guid":{"rendered":"http:\/\/istressportsbadminton.com\/?page_id=3617"},"modified":"2025-11-22T22:50:40","modified_gmt":"2025-11-22T20:50:40","slug":"isb-7-promobad","status":"publish","type":"page","link":"https:\/\/istressportsbadminton.com\/?page_id=3617","title":{"rendered":"ISB 5: PromoBad"},"content":{"rendered":"\n<p>L\u2019\u00e9quipe 5 jouera en championnat Promobad pour la saison 2025\/2026, avec comme Capitaine Gino.<\/p>\n\n\n\n<p>Le championnat PromoBad a \u00e9t\u00e9 d\u00e9velopp\u00e9 pour permettre l&rsquo;acc\u00e8s et la d\u00e9couverte de la comp\u00e9tition aux loisirs et d\u00e9butants, en privil\u00e9giant la convivialit\u00e9. Le format est souple (les 2 capitaines d\u00e9cident du nombre et du type de match qu&rsquo;ils veulent jouer selon leurs effectifs), et le niveau de classement est limit\u00e9 \u00e0 P10 maximum. L&rsquo;aspect \u00ab\u00a0r\u00e9sultat sportif\u00a0\u00bb restant secondaire (pas de promotions ni rel\u00e9gations).<\/p>\n\n\n\n<p>N&rsquo;h\u00e9sitez pas \u00e0 contacter Gino ou un autre membre du club si vous souhaitez vous lancer dans la Promobad .<\/p>\n\n\n\n<p>Tous les r\u00e9sultats, classement et d\u00e9tails des matchs de l\u2019\u00e9quipe sont a suivre sur le site ICBAD en\u00a0<a href=\"https:\/\/icbad.ffbad.org\/competition\/2503580\">Cliquant sur ce Lien<\/a><\/p>\n\n\n\n<p>Et bien s\u00fbr via la page Facebook du club:<a href=\"http:\/\/www.facebook.com\/IstresSportsBadminton\" target=\"_blank\" rel=\"noreferrer noopener\">http:\/\/www.facebook.com\/IstresSportsBadminton<\/a>&nbsp;et le compte Instagram istres sports badminton.<\/p>\n\n\n\n<p>On vous attend nombreux pour soutenir notre \u00e9quipe lors des rencontres \u00e0 domicile !<\/p>\n\n\n\n<p><strong><em>Mode D\u2019emploi de la saison:<\/em><\/strong><\/p>\n\n\n\n<p>La division de Promobad est compos\u00e9e d&rsquo;une poule unique de 6 \u00e9quipes qui se rencontrent 2 fois dans la saison, soit 10 rencontres par \u00e9quipes, 5 \u00e0 domicile et 5 \u00e0 l\u2019ext\u00e9rieur. Les rencontres se d\u00e9roulent les soirs de semaine.<\/p>\n\n\n\n<p><\/p>\n","protected":false},"excerpt":{"rendered":"<p>L\u2019\u00e9quipe 5 jouera en championnat Promobad pour la saison 2025\/2026, avec comme Capitaine Gino. Le championnat PromoBad a \u00e9t\u00e9 d\u00e9velopp\u00e9 pour permettre l&rsquo;acc\u00e8s et la d\u00e9couverte de la comp\u00e9tition aux loisirs et d\u00e9butants, en privil\u00e9giant la convivialit\u00e9. Le format est souple (les 2 capitaines d\u00e9cident du nombre et du type de match qu&rsquo;ils veulent jouer &hellip; <a href=\"https:\/\/istressportsbadminton.com\/?page_id=3617\" class=\"more-link\">Continuer la lecture<span class=\"screen-reader-text\"> de &laquo;&nbsp;ISB 5: PromoBad&nbsp;&raquo;<\/span><\/a><\/p>\n","protected":false},"author":3,"featured_media":0,"parent":0,"menu_order":0,"comment_status":"closed","ping_status":"closed","template":"","meta":{"sfsi_plus_gutenberg_text_before_share":"","sfsi_plus_gutenberg_show_text_before_share":"","sfsi_plus_gutenberg_icon_type":"","sfsi_plus_gutenberg_icon_alignemt":"","sfsi_plus_gutenburg_max_per_row":""},"_links":{"self":[{"href":"https:\/\/istressportsbadminton.com\/index.php?rest_route=\/wp\/v2\/pages\/3617"}],"collection":[{"href":"https:\/\/istressportsbadminton.com\/index.php?rest_route=\/wp\/v2\/pages"}],"about":[{"href":"https:\/\/istressportsbadminton.com\/index.php?rest_route=\/wp\/v2\/types\/page"}],"author":[{"embeddable":true,"href":"https:\/\/istressportsbadminton.com\/index.php?rest_route=\/wp\/v2\/users\/3"}],"replies":[{"embeddable":true,"href":"https:\/\/istressportsbadminton.com\/index.php?rest_route=%2Fwp%2Fv2%2Fcomments&post=3617"}],"version-history":[{"count":8,"href":"https:\/\/istressportsbadminton.com\/index.php?rest_route=\/wp\/v2\/pages\/3617\/revisions"}],"predecessor-version":[{"id":4929,"href":"https:\/\/istressportsbadminton.com\/index.php?rest_route=\/wp\/v2\/pages\/3617\/revisions\/4929"}],"wp:attachment":[{"href":"https:\/\/istressportsbadminton.com\/index.php?rest_route=%2Fwp%2Fv2%2Fmedia&parent=3617"}],"curies":[{"name":"wp","href":"https:\/\/api.w.org\/{rel}","templated":true}]}}