{"id":369,"date":"2015-12-15T15:29:07","date_gmt":"2015-12-15T14:29:07","guid":{"rendered":"http:\/\/istressportsbadminton.com\/?page_id=369"},"modified":"2015-12-17T10:57:40","modified_gmt":"2015-12-17T09:57:40","slug":"novembre-2015","status":"publish","type":"page","link":"https:\/\/istressportsbadminton.com\/?page_id=369","title":{"rendered":"Novembre 2015"},"content":{"rendered":"<h3><strong>Solibad c\u2019est\u2026 un tr\u00e8s joli calendrier, des nouveaux programmes \u2026 une fin d\u2019ann\u00e9e bien remplie.<\/strong><\/h3>\n<h4><strong><span style=\"color: #ff0000;\">Id\u00e9e cadeau\u00a0? Notre calendrier<\/span>\u00a0<\/strong><\/h4>\n<p>Notre superbe calendrier 2016 est officiellement en vente sur notre <a href=\"http:\/\/www.solibad.net\/shop\/index.php\" target=\"_blank\">boutique en ligne<\/a> !<\/p>\n<p>Profitez-en pour faire votre shopping de No\u00ebl &#8211; Cela fera surement plaisir \u00e0 vos amis, \u00e0 vos proches qui font du badminton, voire \u00e0 vous m\u00eame !\u00a0Les joueurs de l&rsquo;\u00e9quipe de France ont pos\u00e9 avec un grand plaisir pour Solibad.<\/p>\n<p><span style=\"color: #ff9900;\"><strong>Bintang Solibad, Indon\u00e9sie<\/strong><\/span><\/p>\n<p><img class=\"alignleft\" src=\"http:\/\/www.solibad.fr\/wp-content\/uploads\/2015\/11\/Bintang-Indonesia-3-201x124.jpg\" alt=\"&quot;Enfants &quot;poubelles&quot;\" \/>Ce tout nouveau programme qui a \u00e9t\u00e9 adopt\u00e9 par le Bureau fin octobre est situ\u00e9 \u00e0 deux endroits diff\u00e9rents. A Jakarta, o\u00f9 les enfants vivent sur une immense d\u00e9ch\u00e8terie dans des conditions sanitaires pr\u00e9caires, ils sont un peu scolaris\u00e9s, trient les d\u00e9chets et \u2026 font du badminton, ce qui leur permet d\u2019envisager un meilleur avenir en devenant peut-\u00eatre un \u00ab\u00a0grand\u00a0\u00bb joueur ou un tr\u00e8s bon coach.<\/p>\n<p>A Yogyakarta, \u00e9galement sur l\u2019\u00eele de Java, o\u00f9 un projet \u00e9ducatif est d\u00e9velopp\u00e9 pour des enfants pauvres qui ont une perception du monde ext\u00e9rieur tr\u00e8s limit\u00e9e et n\u2019ont donc aucune id\u00e9e pour leur avenir. L\u2019instruction et le badminton vont \u00e9largir leur horizon, nous l\u2019esp\u00e9rons.<\/p>\n<p><a href=\"http:\/\/www.solibad.fr\/?proj=bintang-solibad-indonesie\" target=\"_blank\">Le programme BINTANG SOLIBAD sur Solibad.fr<\/a><\/p>\n<h4><span style=\"color: #99cc00;\"><strong>Casa Hogar Francico Gabilondo Soler, Colima, Mexique<\/strong><\/span><\/h4>\n<p>La quarantaine d\u2019enfants de cette institution ont \u00e9t\u00e9 abandonn\u00e9s par leur famille, certains ont \u00e9t\u00e9 oblig\u00e9s de mendier de la nourriture ou de l\u2019argent, d\u2019autres encore ont \u00e9t\u00e9 abus\u00e9s sexuellement tr\u00e8s jeunes. Ils sont plac\u00e9s par le gouvernement en attendant d\u2019\u00eatre adopt\u00e9s. Ils sont scolaris\u00e9s, log\u00e9s et nourris. Ils n\u2019ont par contre aucune activit\u00e9 extrascolaire. Madame Griz Cruz s\u2019occupe d\u2019eux apr\u00e8s l\u2019\u00e9cole, veille \u00e0 ce qu\u2019ils mangent, aide pour leurs devoirs et reste avec eux jusqu\u2019au coucher. Avec son mari qui est coach de badminton, elle aimerait que les enfants puissent jouer r\u00e9guli\u00e8rement mais il n\u2019y a pas d\u2019argent pour acheter\u00a0 raquettes, volants, chaussures,\u2026 C\u2019est donc principalement l\u00e0 que Solibad va les aider. Une partie du mat\u00e9riel que nous r\u00e9coltons en France partira donc l\u00e0-bas. Nous les aiderons aussi un peu pour am\u00e9liorer leur quotidien.<\/p>\n<p>&nbsp;<\/p>\n<p><strong><span style=\"color: #00ccff;\">Mais aussi: <\/span><\/strong><\/p>\n<p><span style=\"color: #00ccff;\">Naissance \u00e0 Marseille le 14 novembre de la petite Mei Lin, fille de notre marraine Pi Hongyan.\u00a0Bienvenue sur notre belle plan\u00e8te et f\u00e9licitations aux heureux parents.<\/span><\/p>\n<p>&nbsp;<\/p>\n<h4><span style=\"color: #339966;\"><strong>\u00c0 vos agendas<\/strong><\/span><\/h4>\n<h4><strong>Les rendez-vous importants \u00e0 venir\u00a0:<\/strong><\/h4>\n<p>10 d\u00e9cembre 2015\u00a0: Anniversaire de Solibad \u2013 6 ans d\u00e9j\u00e0\u00a0!<\/p>\n<p>16-24 avril 2016 \u2013 Solibad Days \u2013 Th\u00e8me: \u00ab\u00a0Solibad Nights\u00a0\u00bb<\/p>\n<p>19 juin 2016 : Course des h\u00e9ros \u00e0 Lyon et Paris pour Solibad<\/p>\n<h6><\/h6>\n<h6><strong>Contacts : Rapha\u00ebl, raphael@solibad.net et Colette, cristina@solibad.net<\/strong><\/h6>\n<h6><strong>Photos\u00a0Raphael SACHETAT<\/strong><\/h6>\n<p>&nbsp;<\/p>\n<p>&nbsp;<\/p>\n<p>&nbsp;<\/p>\n","protected":false},"excerpt":{"rendered":"<p>Solibad c\u2019est\u2026 un tr\u00e8s joli calendrier, des nouveaux programmes \u2026 une fin d\u2019ann\u00e9e bien remplie. Id\u00e9e cadeau\u00a0? Notre calendrier\u00a0 Notre superbe calendrier 2016 est officiellement en vente sur notre boutique en ligne ! Profitez-en pour faire votre shopping de No\u00ebl &#8211; Cela fera surement plaisir \u00e0 vos amis, \u00e0 vos proches qui font du badminton, &hellip; <a href=\"https:\/\/istressportsbadminton.com\/?page_id=369\" class=\"more-link\">Continuer la lecture<span class=\"screen-reader-text\"> de &laquo;&nbsp;Novembre 2015&nbsp;&raquo;<\/span><\/a><\/p>\n","protected":false},"author":3,"featured_media":0,"parent":0,"menu_order":0,"comment_status":"closed","ping_status":"closed","template":"","meta":{"sfsi_plus_gutenberg_text_before_share":"","sfsi_plus_gutenberg_show_text_before_share":"","sfsi_plus_gutenberg_icon_type":"","sfsi_plus_gutenberg_icon_alignemt":"","sfsi_plus_gutenburg_max_per_row":""},"_links":{"self":[{"href":"https:\/\/istressportsbadminton.com\/index.php?rest_route=\/wp\/v2\/pages\/369"}],"collection":[{"href":"https:\/\/istressportsbadminton.com\/index.php?rest_route=\/wp\/v2\/pages"}],"about":[{"href":"https:\/\/istressportsbadminton.com\/index.php?rest_route=\/wp\/v2\/types\/page"}],"author":[{"embeddable":true,"href":"https:\/\/istressportsbadminton.com\/index.php?rest_route=\/wp\/v2\/users\/3"}],"replies":[{"embeddable":true,"href":"https:\/\/istressportsbadminton.com\/index.php?rest_route=%2Fwp%2Fv2%2Fcomments&post=369"}],"version-history":[{"count":12,"href":"https:\/\/istressportsbadminton.com\/index.php?rest_route=\/wp\/v2\/pages\/369\/revisions"}],"predecessor-version":[{"id":488,"href":"https:\/\/istressportsbadminton.com\/index.php?rest_route=\/wp\/v2\/pages\/369\/revisions\/488"}],"wp:attachment":[{"href":"https:\/\/istressportsbadminton.com\/index.php?rest_route=%2Fwp%2Fv2%2Fmedia&parent=369"}],"curies":[{"name":"wp","href":"https:\/\/api.w.org\/{rel}","templated":true}]}}