{"id":3711,"date":"2022-09-04T17:51:00","date_gmt":"2022-09-04T15:51:00","guid":{"rendered":"http:\/\/istressportsbadminton.com\/?page_id=3711"},"modified":"2023-08-31T23:15:48","modified_gmt":"2023-08-31T21:15:48","slug":"inscriptions-2020-2021","status":"publish","type":"page","link":"https:\/\/istressportsbadminton.com\/?page_id=3711","title":{"rendered":"INSCRIPTIONS 2023\/2024"},"content":{"rendered":"\n<p class=\"has-medium-font-size\"><strong>Les inscriptions \u00e0 Istres Sports Badminton sont d\u00e9sormais disponibles pour la nouvelle saison!! <\/strong><\/p>\n\n\n\n<p><\/p>\n\n\n\n<p>Les cr\u00e9neaux de cette saison sont \u00e0 retrouver sur cette page: <br><a rel=\"noreferrer noopener\" href=\"http:\/\/istressportsbadminton.com\/?page_id=3402\" target=\"_blank\"><strong>Cr\u00e9neaux ISB 2023\/2024<\/strong><\/a><br>et les diff\u00e9rents tarifs :  <br><strong> <\/strong><a rel=\"noreferrer noopener\" href=\"http:\/\/istressportsbadminton.com\/?page_id=4257\" target=\"_blank\"><strong>Tarifs ISB 2023\/2024 <\/strong><\/a><strong>  <\/strong><\/p>\n\n\n\n<p>Si vous \u00eates un adulte d\u00e9butant, des infos sur cette page -&gt; <a rel=\"noreferrer noopener\" aria-label=\"http:\/\/istressportsbadminton.com\/?p=3510  (s\u2019ouvre dans un nouvel onglet)\" href=\"http:\/\/istressportsbadminton.com\/?p=3510\" target=\"_blank\">Info D\u00e9couverte Adulte<\/a> <br>Pour les enfants, des infos sur cette page -&gt; <a href=\"http:\/\/istressportsbadminton.com\/?page_id=3747\">Infos Jeunes<\/a> <\/p>\n\n\n\n<p><strong><mark>Le club accepte  les r\u00e9ductions suivantes : <\/mark><\/strong><\/p>\n\n\n\n<ul><li>Carte CJeune (Coll\u00e9giens) (jusqu&rsquo;a 100\u20ac). Plus d&rsquo;informations <a rel=\"noreferrer noopener\" aria-label=\"ICI (s\u2019ouvre dans un nouvel onglet)\" href=\"https:\/\/www.collegiendeprovence.fr\/\" target=\"_blank\">ICI<\/a><\/li><li>Allocation Pass&rsquo;Sport (50\u20ac). Plus d&rsquo;informations <a rel=\"noreferrer noopener\" href=\"https:\/\/sports.gouv.fr\/pratiques-sportives\/sports-pour-tous\/pass-sport\/\" target=\"_blank\">ICI<\/a><\/li><li>Carte E&rsquo;Pass Jeunes (jusqu&rsquo;\u00e0 20\u20ac). Plus d&rsquo;informations <a rel=\"noreferrer noopener\" aria-label=\"ICI (s\u2019ouvre dans un nouvel onglet)\" href=\"https:\/\/e-passjeunes.maregionsud.fr\/index\" target=\"_blank\">ICI<\/a><\/li><li>R\u00e9ductions familles sur chaque membre suivant (-10% sur la 2\u00e8me licence, -20% sur la 3\u00e8me, etc)<\/li><li>Coupons Sports ANCV. Plus d&rsquo;informations <a rel=\"noreferrer noopener\" href=\"https:\/\/www.ancv.com\/le-coupon-sport\" target=\"_blank\">ICI<\/a><\/li><\/ul>\n\n\n\n<hr class=\"wp-block-separator has-css-opacity\"\/>\n\n\n\n<p class=\"has-text-color has-background has-medium-font-size\" style=\"background-color:#0dcca0;color:#ffffff\"><strong>Inscriptions en ligne. Mode d&#8217;emploi:<\/strong><\/p>\n\n\n\n<p> <em>2 cas possibles selon votre situation: <\/em> <br><\/p>\n\n\n\n<p><strong>-Vous \u00e9tiez Licenci\u00e9 \u00e0 ISB ou dans un autre club et poss\u00e9dez un compte MyFFBad:<\/strong> <br>-&gt;Cliquez <a href=\"http:\/\/istressportsbadminton.com\/?page_id=3862\" data-type=\"URL\" target=\"_blank\" rel=\"noreferrer noopener\">ICI<\/a>  <\/p>\n\n\n\n<p><strong>-Vous n&rsquo;avez jamais \u00e9t\u00e9 licenci\u00e9 dans un club f\u00e9d\u00e9r\u00e9 de Badminton, ou licenci\u00e9 dans le pass\u00e9 sans compte MyFFBad:<\/strong> <br>-&gt;Cliquez <a rel=\"noreferrer noopener\" href=\"http:\/\/istressportsbadminton.com\/?page_id=3904\" target=\"_blank\">ICI<\/a> <\/p>\n\n\n\n<p class=\"has-text-color has-background has-medium-font-size\" style=\"background-color:#f46f6f;color:#ffffff\"><strong>Infos Suppl\u00e9mentaires:<\/strong><\/p>\n\n\n\n<p>Les r\u00e8glements peuvent se faire sur le formulaire en ligne par <strong>Carte Bancaire, virement bancaire<\/strong>, ou bien au gymnase en<strong> Ch\u00e8que(s)<\/strong> (ordre ISB) (si paiement en plusieurs fois, indiquez date d&rsquo;encaissement \u00e0 l&rsquo;endos), <strong>Carte Bancaire <\/strong>ou<strong> Esp\u00e8ces<\/strong><\/p>\n\n\n\n<hr class=\"wp-block-separator has-css-opacity\"\/>\n\n\n\n<p><strong>-R\u00e9ductions familles<\/strong> (Non applicable pour les \u00ab\u00a0licences cr\u00e9neau famille\u00a0\u00bb \u00e0 65\u20ac) <br>Une r\u00e9duction de 10%, 20% ou 30%, \u00e0 appliquer sur le tarif de la 2\u00e8me personne, 3\u00e8me personne ou 4\u00e8me personne d&rsquo;une famille (parents, enfants, fr\u00e8re\/s\u0153ur, couple). <\/p>\n\n\n\n<p><em>Par ex:<\/em> <br><em>Si 3 membres d&rsquo;une m\u00eame famille:<\/em> <\/p>\n\n\n\n<ul><li><em>ne rien appliquer sur la premi\u00e8re licence<\/em><\/li><li><em>appliquez la \u00ab\u00a0R\u00e9duction Famille 2\u00e8me membre\u00a0\u00bb en prenant  la 2\u00e8me licence<\/em><\/li><li><em>appliquez la \u00ab\u00a0R\u00e9duction Famille 3\u00e8me membre\u00a0\u00bb en prenant la 3\u00e8me licence<\/em> <br><em>etc.<\/em> <\/li><\/ul>\n\n\n\n<p>Merci de transmettre au club \u00e0 l&rsquo;adresse  isb13800@gmail.com  le nom du\/des autre(s) membre(s) de la famille concern\u00e9s.<\/p>\n\n\n\n<hr class=\"wp-block-separator has-css-opacity\"\/>\n\n\n\n<p>Pour un cas particulier de r\u00e9ductions non indiqu\u00e9es sur le formulaire, choisir \u00ab\u00a0Autre\u00a0\u00bb comme moyen de paiement et contacter le club \u00e0 <a rel=\"noreferrer noopener\" href=\"mailto:isb13800@gmail.com\" target=\"_blank\">isb13800@gmail.com<\/a><\/p>\n\n\n\n<hr class=\"wp-block-separator has-css-opacity\"\/>\n\n\n\n<p class=\"has-vivid-cyan-blue-color has-text-color\">-Pour les jeunes<strong>&nbsp;de&nbsp;+ de 16 ans<\/strong>&nbsp;et qui souhaiteraient jouer hors cours encadr\u00e9s, merci \u00e9galement de contacter le club avant toute prise de licence&nbsp;<\/p>\n\n\n\n<p>ATTENTION, les cr\u00e9neaux jeunes se remplissent tr\u00e8s vite, ne tardez pas \u00e0 valider totalement les inscriptions. Premier arriv\u00e9, premier servi.<\/p>\n\n\n\n<hr class=\"wp-block-separator has-css-opacity\"\/>\n\n\n\n<p><strong>Chaque licence comprend:<\/strong><\/p>\n\n\n\n<p>\u2013<strong> La licence\/assurance FFBAD<\/strong>, les droits de la Ligue PACA, du Comit\u00e9 13 et d\u2019ISB en g\u00e9n\u00e9ral.<br>\u2013<strong>l\u2019acc\u00e8s aux cr\u00e9neaux, aux entrainements et aux prises en charge d\u2019inscriptions en tournois selon la licence souscrite<\/strong> (d\u00e9tails des droits d&rsquo;acc\u00e8s <a rel=\"noreferrer noopener\" href=\"http:\/\/istressportsbadminton.com\/?page_id=3402\" target=\"_blank\">ici <\/a>)<br>\u2013<strong>Pr\u00eat de raquettes<\/strong> pour les d\u00e9butants.<br>\u2013Vente de volants plumes \u00e0 prix pr\u00e9f\u00e9rentiels lors des diff\u00e9rents cr\u00e9neaux  <br>\u2013Possibilit\u00e9 de faire <strong>corder sa raquette<\/strong> \u00e0 prix pr\u00e9f\u00e9rentiel. Contacter Franck FERAUD (cocoye1801@hotmail.com) (prix pouvant \u00e9voluer dans l\u2019ann\u00e9e) (se renseigner aupr\u00e8s d\u2019un membre du bureau)                                                                          <\/p>\n\n\n\n<p>D\u00e9tails fournis dans l\u2019email de bienvenue que vous recevrez apr\u00e8s votre inscription.<\/p>\n\n\n\n<hr class=\"wp-block-separator has-css-opacity\"\/>\n\n\n\n<p class=\"has-light-blue-background-color has-background\"><strong>S\u00c9ANCES D\u2019ESSAI<\/strong><\/p>\n\n\n\n<p>Que vous soyez un ancien licenci\u00e9 ou un nouveau, les s\u00e9ances d\u2019essai seront au maximum de 3.<\/p>\n\n\n\n<p>Pour pouvoir \u00eatre couvert lors de ces s\u00e9ances d\u2019essai, lorsque vous viendrez au gymnase vous devrez remplir un formulaire ou scanner un QR code et remplir vos coordonn\u00e9es<\/p>\n\n\n\n<p>Si vous voulez vous affranchir de cette proc\u00e9dure d\u2019essais, il vous suffit alors de prendre directement votre licence.<\/p>\n\n\n\n<hr class=\"wp-block-separator has-css-opacity\"\/>\n\n\n\n<p class=\"has-text-align-left has-vivid-red-background-color has-text-color has-background\" style=\"color:#ffffff\"><strong>MATERIEL, NOTE IMPORTANTE !! :<\/strong><\/p>\n\n\n\n<p>Le badminton est un sport <strong>sollicitant fortement les appuis lat\u00e9raux et les changements brutaux de directions<\/strong>, l\u2019utilisation notamment de chaussures de running \u00e9tant \u00e0 proscrire ABSOLUMENT n&rsquo;\u00e9tant pas du tout adapt\u00e9 aux chevilles des badistes! <\/p>\n\n\n\n<p>Il est IMP\u00c9RATIF de pratiquer le badminton avec <em><strong>des chaussures de sport adapt\u00e9es<\/strong><\/em> <strong>dites \u00ab de sports de salle <\/strong>\u00bb, con\u00e7ues pour le Badminton, Squash, Handball, et que vous retrouvez facilement dans les rayons sp\u00e9cialis\u00e9s des magasins de sport. <\/p>\n\n\n\n<p>N\u2019h\u00e9sitez pas a demander conseil aux membres du club qui seront ravis de vous renseigner<\/p>\n\n\n\n<p><br><br><\/p>\n","protected":false},"excerpt":{"rendered":"<p>Les inscriptions \u00e0 Istres Sports Badminton sont d\u00e9sormais disponibles pour la nouvelle saison!! Les cr\u00e9neaux de cette saison sont \u00e0 retrouver sur cette page: Cr\u00e9neaux ISB 2023\/2024et les diff\u00e9rents tarifs : Tarifs ISB 2023\/2024 Si vous \u00eates un adulte d\u00e9butant, des infos sur cette page -&gt; Info D\u00e9couverte Adulte Pour les enfants, des infos sur &hellip; <a href=\"https:\/\/istressportsbadminton.com\/?page_id=3711\" class=\"more-link\">Continuer la lecture<span class=\"screen-reader-text\"> de &laquo;&nbsp;INSCRIPTIONS 2023\/2024&nbsp;&raquo;<\/span><\/a><\/p>\n","protected":false},"author":3,"featured_media":0,"parent":0,"menu_order":0,"comment_status":"closed","ping_status":"closed","template":"","meta":{"sfsi_plus_gutenberg_text_before_share":"","sfsi_plus_gutenberg_show_text_before_share":"","sfsi_plus_gutenberg_icon_type":"","sfsi_plus_gutenberg_icon_alignemt":"","sfsi_plus_gutenburg_max_per_row":""},"_links":{"self":[{"href":"https:\/\/istressportsbadminton.com\/index.php?rest_route=\/wp\/v2\/pages\/3711"}],"collection":[{"href":"https:\/\/istressportsbadminton.com\/index.php?rest_route=\/wp\/v2\/pages"}],"about":[{"href":"https:\/\/istressportsbadminton.com\/index.php?rest_route=\/wp\/v2\/types\/page"}],"author":[{"embeddable":true,"href":"https:\/\/istressportsbadminton.com\/index.php?rest_route=\/wp\/v2\/users\/3"}],"replies":[{"embeddable":true,"href":"https:\/\/istressportsbadminton.com\/index.php?rest_route=%2Fwp%2Fv2%2Fcomments&post=3711"}],"version-history":[{"count":42,"href":"https:\/\/istressportsbadminton.com\/index.php?rest_route=\/wp\/v2\/pages\/3711\/revisions"}],"predecessor-version":[{"id":4436,"href":"https:\/\/istressportsbadminton.com\/index.php?rest_route=\/wp\/v2\/pages\/3711\/revisions\/4436"}],"wp:attachment":[{"href":"https:\/\/istressportsbadminton.com\/index.php?rest_route=%2Fwp%2Fv2%2Fmedia&parent=3711"}],"curies":[{"name":"wp","href":"https:\/\/api.w.org\/{rel}","templated":true}]}}