{"id":3731,"date":"2020-09-07T15:51:49","date_gmt":"2020-09-07T13:51:49","guid":{"rendered":"http:\/\/istressportsbadminton.com\/?page_id=3731"},"modified":"2020-10-19T21:38:39","modified_gmt":"2020-10-19T19:38:39","slug":"tournoi-de-doubles-et-mixtes-distres","status":"publish","type":"page","link":"https:\/\/istressportsbadminton.com\/?page_id=3731","title":{"rendered":"ANNULATION!! Tournoi de Doubles et Mixtes d&rsquo;Istres 24\/25 Octobre 2020"},"content":{"rendered":"\n<p class=\"has-text-color has-vivid-red-color\">&#8212;Maj 19 octobre:  Suite aux derniers d\u00e9cret minist\u00e9riel et arr\u00eat\u00e9 pr\u00e9fectoral, nous nous voyons dans l&rsquo;obligation d&rsquo;annuler la tenue du tournoi de Doubles et Mixtes des 24 et 25 octobre.<\/p>\n\n\n\n<p class=\"has-text-color has-vivid-red-color\">En esp\u00e9rant vous accueillir tr\u00e8s prochainement sur une autre comp\u00e9tition&#8212;<\/p>\n\n\n\n<p><\/p>\n\n\n\n<p>Les 24 et 25 Octobre 2020, nous avons le plaisir de vous accueillir pour un tournoi National de Doubles et Mixtes qui se d\u00e9roulera sur 2 gymnases (Donadieu et Le Podium) pour un total de 14 terrains.<\/p>\n\n\n\n<p>Ouvert de N2 \u00e0 P12, nous vous attendons nombreux \u00e0 Istres pour ce weekend de tournoi pour lequel notre club promets de vous offrir une belle comp\u00e9tition. <\/p>\n\n\n\n<p>Toutes les informations sur Badiste: -&gt; <a href=\"http:\/\/badiste.fr\/tournoi-badminton\/tournoi-national-doubles-isb-12478.html\">Tournoi de Doubles et Mixtes d&rsquo;Istres<\/a> <\/p>\n\n\n\n<p>Au plaisir de vous accueillir.<\/p>\n\n\n\n<p>Istres Sports Badminton <\/p>\n\n\n\n<figure class=\"wp-block-image\"><img loading=\"lazy\" width=\"724\" height=\"1024\" src=\"http:\/\/istressportsbadminton.com\/wp-content\/uploads\/2020\/10\/Tournoi-ISB-Oct-2020-724x1024.jpg\" alt=\"\" class=\"wp-image-3769\" srcset=\"https:\/\/istressportsbadminton.com\/wp-content\/uploads\/2020\/10\/Tournoi-ISB-Oct-2020-724x1024.jpg 724w, https:\/\/istressportsbadminton.com\/wp-content\/uploads\/2020\/10\/Tournoi-ISB-Oct-2020-106x150.jpg 106w, https:\/\/istressportsbadminton.com\/wp-content\/uploads\/2020\/10\/Tournoi-ISB-Oct-2020-212x300.jpg 212w, https:\/\/istressportsbadminton.com\/wp-content\/uploads\/2020\/10\/Tournoi-ISB-Oct-2020-90x128.jpg 90w, https:\/\/istressportsbadminton.com\/wp-content\/uploads\/2020\/10\/Tournoi-ISB-Oct-2020-23x32.jpg 23w, https:\/\/istressportsbadminton.com\/wp-content\/uploads\/2020\/10\/Tournoi-ISB-Oct-2020-1x1.jpg 1w, https:\/\/istressportsbadminton.com\/wp-content\/uploads\/2020\/10\/Tournoi-ISB-Oct-2020.jpg 842w\" sizes=\"(max-width: 724px) 85vw, 724px\" \/><\/figure>\n","protected":false},"excerpt":{"rendered":"<p>&#8212;Maj 19 octobre: Suite aux derniers d\u00e9cret minist\u00e9riel et arr\u00eat\u00e9 pr\u00e9fectoral, nous nous voyons dans l&rsquo;obligation d&rsquo;annuler la tenue du tournoi de Doubles et Mixtes des 24 et 25 octobre. En esp\u00e9rant vous accueillir tr\u00e8s prochainement sur une autre comp\u00e9tition&#8212; Les 24 et 25 Octobre 2020, nous avons le plaisir de vous accueillir pour un &hellip; <a href=\"https:\/\/istressportsbadminton.com\/?page_id=3731\" class=\"more-link\">Continuer la lecture<span class=\"screen-reader-text\"> de &laquo;&nbsp;ANNULATION!! Tournoi de Doubles et Mixtes d&rsquo;Istres 24\/25 Octobre 2020&nbsp;&raquo;<\/span><\/a><\/p>\n","protected":false},"author":3,"featured_media":0,"parent":0,"menu_order":0,"comment_status":"closed","ping_status":"closed","template":"","meta":{"sfsi_plus_gutenberg_text_before_share":"","sfsi_plus_gutenberg_show_text_before_share":"","sfsi_plus_gutenberg_icon_type":"","sfsi_plus_gutenberg_icon_alignemt":"","sfsi_plus_gutenburg_max_per_row":""},"_links":{"self":[{"href":"https:\/\/istressportsbadminton.com\/index.php?rest_route=\/wp\/v2\/pages\/3731"}],"collection":[{"href":"https:\/\/istressportsbadminton.com\/index.php?rest_route=\/wp\/v2\/pages"}],"about":[{"href":"https:\/\/istressportsbadminton.com\/index.php?rest_route=\/wp\/v2\/types\/page"}],"author":[{"embeddable":true,"href":"https:\/\/istressportsbadminton.com\/index.php?rest_route=\/wp\/v2\/users\/3"}],"replies":[{"embeddable":true,"href":"https:\/\/istressportsbadminton.com\/index.php?rest_route=%2Fwp%2Fv2%2Fcomments&post=3731"}],"version-history":[{"count":6,"href":"https:\/\/istressportsbadminton.com\/index.php?rest_route=\/wp\/v2\/pages\/3731\/revisions"}],"predecessor-version":[{"id":3784,"href":"https:\/\/istressportsbadminton.com\/index.php?rest_route=\/wp\/v2\/pages\/3731\/revisions\/3784"}],"wp:attachment":[{"href":"https:\/\/istressportsbadminton.com\/index.php?rest_route=%2Fwp%2Fv2%2Fmedia&parent=3731"}],"curies":[{"name":"wp","href":"https:\/\/api.w.org\/{rel}","templated":true}]}}