{"id":3737,"date":"2020-09-09T19:06:38","date_gmt":"2020-09-09T17:06:38","guid":{"rendered":"http:\/\/istressportsbadminton.com\/?page_id=3737"},"modified":"2022-05-19T19:10:43","modified_gmt":"2022-05-19T17:10:43","slug":"tarifs-licences-2020-2021","status":"publish","type":"page","link":"https:\/\/istressportsbadminton.com\/?page_id=3737","title":{"rendered":"Tarifs Licences 2021\/2022"},"content":{"rendered":"\n<p><span style=\"color: #ff9900;\"><strong>&#8212;-Licences Estivale &#8212;-<\/strong><\/span><\/p>\n<p><strong><span style=\"color: #3366ff;\">C&rsquo;est l&rsquo;<span style=\"color: #ff9900;\">\u00e9t\u00e9,<\/span> (re)venez jouer au bad !!<\/span><\/strong><\/p>\n<p><strong><span style=\"color: #3366ff;\">Tarifs <span style=\"color: #ff9900;\">Licences estivales<\/span>, valables du 1er mai au 31 aout (et on joue toutes les vacances d&rsquo;\u00e9t\u00e9 \u00e0 raison de 4 cr\u00e9neaux\/semaine!)\u00a0<\/span><\/strong><\/p>\n<p><strong><span style=\"color: #3366ff;\">-&gt; Licences Adultes ou Jeunes\u00a0 \u00e0 <span style=\"color: #ff9900;\">50 \u20ac<\/span><\/span><\/strong><\/p>\n<p><strong><span style=\"color: #3366ff;\">-&gt; Renouvellement Adultes ou Jeunes\u00a0 (pour les licenci\u00e9s 2020\/2021) \u00e0 <span style=\"color: #ff9900;\">25 \u20ac<\/span><\/span><\/strong><\/p>\n<p><strong><span style=\"color: #ff9900;\">&#8212;&#8212;&#8212;<\/span><\/strong><\/p>\n<p>\u00a0<\/p>\n\n\n\n<figure class=\"wp-block-image\"><a href=\"http:\/\/istressportsbadminton.com\/wp-content\/uploads\/2021\/09\/prix-licences-1.png\" target=\"_blank\" rel=\"noreferrer noopener\"><img loading=\"lazy\" width=\"1024\" height=\"690\" src=\"http:\/\/istressportsbadminton.com\/wp-content\/uploads\/2021\/09\/prix-licences-1-1024x690.png\" alt=\"\" class=\"wp-image-4007\" srcset=\"https:\/\/istressportsbadminton.com\/wp-content\/uploads\/2021\/09\/prix-licences-1-1024x690.png 1024w, https:\/\/istressportsbadminton.com\/wp-content\/uploads\/2021\/09\/prix-licences-1-150x101.png 150w, https:\/\/istressportsbadminton.com\/wp-content\/uploads\/2021\/09\/prix-licences-1-300x202.png 300w, https:\/\/istressportsbadminton.com\/wp-content\/uploads\/2021\/09\/prix-licences-1-128x86.png 128w, https:\/\/istressportsbadminton.com\/wp-content\/uploads\/2021\/09\/prix-licences-1-32x22.png 32w, https:\/\/istressportsbadminton.com\/wp-content\/uploads\/2021\/09\/prix-licences-1-1x1.png 1w, https:\/\/istressportsbadminton.com\/wp-content\/uploads\/2021\/09\/prix-licences-1.png 1242w\" sizes=\"(max-width: 709px) 85vw, (max-width: 909px) 67vw, (max-width: 1362px) 62vw, 840px\" \/><\/a><figcaption>cliquez pour agrandir<\/figcaption><\/figure>\n","protected":false},"excerpt":{"rendered":"<p>&#8212;-Licences Estivale &#8212;- C&rsquo;est l&rsquo;\u00e9t\u00e9, (re)venez jouer au bad !! Tarifs Licences estivales, valables du 1er mai au 31 aout (et on joue toutes les vacances d&rsquo;\u00e9t\u00e9 \u00e0 raison de 4 cr\u00e9neaux\/semaine!)\u00a0 -&gt; Licences Adultes ou Jeunes\u00a0 \u00e0 50 \u20ac -&gt; Renouvellement Adultes ou Jeunes\u00a0 (pour les licenci\u00e9s 2020\/2021) \u00e0 25 \u20ac &#8212;&#8212;&#8212; \u00a0<\/p>\n","protected":false},"author":3,"featured_media":0,"parent":0,"menu_order":0,"comment_status":"closed","ping_status":"closed","template":"","meta":{"sfsi_plus_gutenberg_text_before_share":"","sfsi_plus_gutenberg_show_text_before_share":"","sfsi_plus_gutenberg_icon_type":"","sfsi_plus_gutenberg_icon_alignemt":"","sfsi_plus_gutenburg_max_per_row":""},"_links":{"self":[{"href":"https:\/\/istressportsbadminton.com\/index.php?rest_route=\/wp\/v2\/pages\/3737"}],"collection":[{"href":"https:\/\/istressportsbadminton.com\/index.php?rest_route=\/wp\/v2\/pages"}],"about":[{"href":"https:\/\/istressportsbadminton.com\/index.php?rest_route=\/wp\/v2\/types\/page"}],"author":[{"embeddable":true,"href":"https:\/\/istressportsbadminton.com\/index.php?rest_route=\/wp\/v2\/users\/3"}],"replies":[{"embeddable":true,"href":"https:\/\/istressportsbadminton.com\/index.php?rest_route=%2Fwp%2Fv2%2Fcomments&post=3737"}],"version-history":[{"count":9,"href":"https:\/\/istressportsbadminton.com\/index.php?rest_route=\/wp\/v2\/pages\/3737\/revisions"}],"predecessor-version":[{"id":4175,"href":"https:\/\/istressportsbadminton.com\/index.php?rest_route=\/wp\/v2\/pages\/3737\/revisions\/4175"}],"wp:attachment":[{"href":"https:\/\/istressportsbadminton.com\/index.php?rest_route=%2Fwp%2Fv2%2Fmedia&parent=3737"}],"curies":[{"name":"wp","href":"https:\/\/api.w.org\/{rel}","templated":true}]}}