{"id":3747,"date":"2020-09-28T16:08:04","date_gmt":"2020-09-28T14:08:04","guid":{"rendered":"http:\/\/istressportsbadminton.com\/?page_id=3747"},"modified":"2025-09-02T17:51:15","modified_gmt":"2025-09-02T15:51:15","slug":"creneaux-jeunes","status":"publish","type":"page","link":"https:\/\/istressportsbadminton.com\/?page_id=3747","title":{"rendered":"Cr\u00e9neaux Jeunes"},"content":{"rendered":"\n\n\n<p><strong>Istres Sports Badminton <\/strong>est un club labellis\u00e9 par la FFBad <strong>Ecole Fran\u00e7aise de Badminton niveau 2 \u00e9toiles<\/strong> (sur 5) ainsi que <strong>Club Formateur<\/strong> par la Ligue PACA de Badminton, pour la qualit\u00e9 et la diversit\u00e9 de l&rsquo;offre de pratique offerte \u00e0 tous les publics jeunes, d\u00e9couverte, loisirs comme comp\u00e9titeurs.<\/p>\n\n\n<div class=\"wp-block-image\">\n<figure class=\"aligncenter size-full\"><img loading=\"lazy\" width=\"310\" height=\"200\" src=\"http:\/\/istressportsbadminton.com\/wp-content\/uploads\/2025\/08\/FFBaD_EFB_2Etoiles_Saison_2526.png\" alt=\"\" class=\"wp-image-4817\" srcset=\"https:\/\/istressportsbadminton.com\/wp-content\/uploads\/2025\/08\/FFBaD_EFB_2Etoiles_Saison_2526.png 310w, https:\/\/istressportsbadminton.com\/wp-content\/uploads\/2025\/08\/FFBaD_EFB_2Etoiles_Saison_2526-300x194.png 300w, https:\/\/istressportsbadminton.com\/wp-content\/uploads\/2025\/08\/FFBaD_EFB_2Etoiles_Saison_2526-150x97.png 150w\" sizes=\"(max-width: 310px) 85vw, 310px\" \/><\/figure><\/div>\n\n\n<p>Nous accueillons les enfants <strong>d\u00e8s 5 ans<\/strong>, avec des cours allant de la d\u00e9couverte (Minibad ou Jeunes Loisirs) jusqu&rsquo;aux cr\u00e9neaux d\u2019entra\u00eenements plus pouss\u00e9s et \u00e0 vocation ou ax\u00e9s comp\u00e9titions (Jeunes Perfectionnement et Jeunes Comp\u00e9titeurs de niveau national, sur acceptation des encadrants), avec possibilit\u00e9 de b\u00e9n\u00e9ficier jusqu&rsquo;\u00e0 3 entrainements hebdomadaires, encadr\u00e9s par un<strong> Entra\u00eeneur dipl\u00f4m\u00e9 d&rsquo;Etat<\/strong>. <\/p>\n\n\n\n<p>Essais possibles sur les cr\u00e9neaux ci-dessous selon les \u00e2ge, en se signalant \u00e0 l&rsquo;encadrant en arrivant au gymnase. <strong>Pr\u00eat de raquettes et volant, venir en affaire de sport (avec des tennis ou des baskets), et pr\u00e9voir une gourde d&rsquo;eau. <\/strong><\/p>\n\n\n\n<ul><li>Pour les <strong>5-11ans<\/strong> , cr\u00e9neaux <strong>Minibads<\/strong>,  les <strong>lundi 17h30-18h30<\/strong> et\/ou <strong>Mercredi 16h-17h<\/strong>.<\/li><li>Pour les <strong>12-16 ans<\/strong>, cr\u00e9neaux<strong> Jeunes Loisirs<\/strong>, les <strong>mercredi 18h-19h<\/strong> et\/ou <strong>Vendredi 18h-19h30<\/strong><\/li><\/ul>\n\n\n\n<p>Le club accepte les r\u00e9ductions cartes CJeune (Coll\u00e9giens), allocation Pass&rsquo;Sport, ch\u00e8ques Pass&rsquo;Sport Loisir CAF, Ch\u00e8ques Vacances ANCV<\/p>\n\n\n\n<p class=\"has-bright-blue-color has-text-color\">Pour des jeunes <strong>confirm\u00e9s<\/strong> et <strong>souhaitant progresser<\/strong> dans une optique comp\u00e9titive, sont disponibles les cours Jeunes Perfectionnement et Jeunes Comp\u00e9titeurs accessible apr\u00e9s validation par les encadrants . <em><strong>Prendre contact pr\u00e9alablement avec le club pour ces cr\u00e9neaux!<\/strong><\/em><\/p>\n\n\n\n<p>Pour les jeunes de 17 \u00e0 18 ans, le passage avec les adultes sera propos\u00e9. Merci de contacter pr\u00e9alablement le club (isb13800@gmail.com ou le secr\u00e9tariat au 06 16 86 43 03)<\/p>\n\n\n\n<p>Afin d&rsquo;accompagner les enfants le souhaitant vers la comp\u00e9tition, le club prend \u00e0 sa charge les frais d&rsquo;inscriptions en tournois jeunes tout au long de la saison, et d&rsquo;\u00e9ventuels stages (contacter directement le club pour plus d&rsquo;informations)<\/p>\n\n\n\n<p>En plus des cours encadr\u00e9s, les licences jeunes donnent acc\u00e8s<strong> au Cr\u00e9neau famille de jeu libre <mark style=\"background-color:rgba(0, 0, 0, 0)\" class=\"has-inline-color has-bright-red-color\">non encadr\u00e9<\/mark> du samedi matin 10h-12h<\/strong>. Si vous souhaitez venir y jouer avec votre enfant, ses fr\u00e8res et s\u0153urs, etc, une prise de licence est n\u00e9cessaire pour chaque personne (pour des raisons d&rsquo;assurance), le club proposant les Licences familles \u00e0 70\u20ac (prix co\u00fbtant pour le club).<\/p>\n\n\n\n<p><strong>Formulaire d&rsquo;inscription en ligne disponible tr\u00e8s prochainement! <\/strong><\/p>\n\n\n\n<p>A tr\u00e8s bient\u00f4t au gymnase<\/p>\n","protected":false},"excerpt":{"rendered":"<p>Istres Sports Badminton est un club labellis\u00e9 par la FFBad Ecole Fran\u00e7aise de Badminton niveau 2 \u00e9toiles (sur 5) ainsi que Club Formateur par la Ligue PACA de Badminton, pour la qualit\u00e9 et la diversit\u00e9 de l&rsquo;offre de pratique offerte \u00e0 tous les publics jeunes, d\u00e9couverte, loisirs comme comp\u00e9titeurs. Nous accueillons les enfants d\u00e8s 5 &hellip; <a href=\"https:\/\/istressportsbadminton.com\/?page_id=3747\" class=\"more-link\">Continuer la lecture<span class=\"screen-reader-text\"> de &laquo;&nbsp;Cr\u00e9neaux Jeunes&nbsp;&raquo;<\/span><\/a><\/p>\n","protected":false},"author":3,"featured_media":0,"parent":0,"menu_order":0,"comment_status":"closed","ping_status":"closed","template":"","meta":{"sfsi_plus_gutenberg_text_before_share":"","sfsi_plus_gutenberg_show_text_before_share":"","sfsi_plus_gutenberg_icon_type":"","sfsi_plus_gutenberg_icon_alignemt":"","sfsi_plus_gutenburg_max_per_row":""},"_links":{"self":[{"href":"https:\/\/istressportsbadminton.com\/index.php?rest_route=\/wp\/v2\/pages\/3747"}],"collection":[{"href":"https:\/\/istressportsbadminton.com\/index.php?rest_route=\/wp\/v2\/pages"}],"about":[{"href":"https:\/\/istressportsbadminton.com\/index.php?rest_route=\/wp\/v2\/types\/page"}],"author":[{"embeddable":true,"href":"https:\/\/istressportsbadminton.com\/index.php?rest_route=\/wp\/v2\/users\/3"}],"replies":[{"embeddable":true,"href":"https:\/\/istressportsbadminton.com\/index.php?rest_route=%2Fwp%2Fv2%2Fcomments&post=3747"}],"version-history":[{"count":16,"href":"https:\/\/istressportsbadminton.com\/index.php?rest_route=\/wp\/v2\/pages\/3747\/revisions"}],"predecessor-version":[{"id":4855,"href":"https:\/\/istressportsbadminton.com\/index.php?rest_route=\/wp\/v2\/pages\/3747\/revisions\/4855"}],"wp:attachment":[{"href":"https:\/\/istressportsbadminton.com\/index.php?rest_route=%2Fwp%2Fv2%2Fmedia&parent=3747"}],"curies":[{"name":"wp","href":"https:\/\/api.w.org\/{rel}","templated":true}]}}