{"id":377,"date":"2015-12-15T15:39:09","date_gmt":"2015-12-15T14:39:09","guid":{"rendered":"http:\/\/istressportsbadminton.com\/?page_id=377"},"modified":"2015-12-17T10:59:35","modified_gmt":"2015-12-17T09:59:35","slug":"octobre-2015","status":"publish","type":"page","link":"https:\/\/istressportsbadminton.com\/?page_id=377","title":{"rendered":"Octobre 2015"},"content":{"rendered":"<h3><strong>\u00c7a bouge \u00e0 Solibad ! Voici les derni\u00e8res petites nouvelles de quelques-uns de nos programmes. Octobre 2015<\/strong><\/h3>\n<h4><strong><span style=\"color: #ff0000;\"> Sp\u00e9ciale Programmes Sonhos e Badminton, Gravata \u2013 Br\u00e9sil <\/span><\/strong><\/h4>\n<p><img class=\"alignleft\" src=\"http:\/\/www.solibad.fr\/wp-content\/uploads\/2012\/12\/DSCN6455.jpg\" alt=\"\" \/>Comment d\u00e9crire le bonheur de ces enfants jouant au badminton\u00a0quand on conna\u00eet l\u2019environnement de violence, l\u2019abus de drogue, l\u2019insalubrit\u00e9 tout autour d\u2019eux. Il y a le jeu et les tr\u00e8s importantes pauses repas. Avoir quelque chose \u00e0 manger n\u2019est pas chose \u00e9vidente, une assiette de riz ou de p\u00e2te avec des sardines est un v\u00e9ritable bonheur. Nourrir 60 enfants 6 jours\/semaine est possible gr\u00e2ce \u00e0 l\u2019aide financi\u00e8re de Solibad. Nous vous en remercions tous et le sourire des enfants est la plus belle des r\u00e9compenses nous dit Frank le responsable du groupe. De plus, les comp\u00e9titions de badminton sont de formidables stimulants et les joueurs sont tr\u00e8s fiers de porter le logo Solibad comme Carolina Marin et d\u2019autres stars mondiales.<\/p>\n<p><a href=\"http:\/\/www.solibad.fr\/?page_id=829\" target=\"_blank\">Suivre le programme GRAVATA sur Solibad.fr<\/a><\/p>\n<p>&nbsp;<\/p>\n<h4><strong><span style=\"color: #ff9900;\">Rowan, Mawanga \u2013 Ouganda<\/span><\/strong><\/h4>\n<p><img class=\"alignright\" src=\"http:\/\/www.solibad.fr\/wp-content\/uploads\/2013\/03\/rowan-kid-150x150.jpg\" alt=\"\" \/>La contribution annuelle de Solibad a un impact tr\u00e8s important sur la vie de 21 jeunes qui suivent l\u2019enseignement<br \/>\nsecondaire. Ils peuvent maintenant r\u00eaver de devenir m\u00e9decin, avocat, officier de police, \u2026 Ils sont en internat la semaine, mais ils reviennent le week-end et pendant les vacances scolaires. Ils enseignent leurs connaissances aux plus petits afin de leur permettre de suivre la m\u00eame voie qu\u2019eux. C\u2019est un v\u00e9ritable plaisir de revenir, \u00e0 leur tour, aider b\u00e9n\u00e9volement les gens de leur village.<\/p>\n<p><a href=\"http:\/\/www.solibad.fr\/?page_id=1173\" target=\"_blank\">Suivre le programme ROWAN sur Solibad.fr<\/a><\/p>\n<p>&nbsp;<\/p>\n<p>&nbsp;<\/p>\n<h4><strong><span style=\"color: #99cc00;\">Poona Medellin \u2013 Colombie <\/span><\/strong><\/h4>\n<p><img class=\"alignleft\" src=\"http:\/\/www.solibad.fr\/wp-content\/uploads\/2015\/03\/Poona-Paiola-5-300x180.jpg\" alt=\"Poona Paiola 5\" \/>Les enfants de notre programme ont eu une jolie surprise \u00e0 l\u2019occasion du tournoi international qui avait lieu \u00e0 Medellin. Les entra\u00eeneurs les y ont emmen\u00e9s et ils ont eu l\u2019occasion de partager un agr\u00e9able moment avec notre Ambassadeur br\u00e9silien Daniel Paiola et avec notre Ambassadrice honoraire suisse Jeanine Cicognini. Approcher ces stars sera, nous l\u2019esp\u00e9rons une super motivation !<\/p>\n<p><a href=\"http:\/\/www.solibad.fr\/?proj=medellin-colombie\" target=\"_blank\">Suivre le programme MEDELLIN sur Solibad.fr<\/a><\/p>\n<p>&nbsp;<\/p>\n<p>&nbsp;<\/p>\n<h4><span style=\"color: #00ccff;\"><strong>Mais aussi:<\/strong><\/span><\/h4>\n<h4><span style=\"color: #00ccff;\"><strong>4000 \u20ac<\/strong> <\/span><\/h4>\n<p>C\u2019est la somme r\u00e9colt\u00e9e pendant les IFB 2015. <strong>Merci pour votre g\u00e9n\u00e9rosit\u00e9 !<\/strong><\/p>\n<p>&nbsp;<\/p>\n<p><span style=\"color: #339966;\"><strong>\u00c0 vos agendas<\/strong> <\/span><\/p>\n<p><strong>Les rendez-vous importants \u00e0 venir<\/strong>\u00a0:<\/p>\n<p>10 d\u00e9cembre 2015 : Anniversaire de Solibad \u2013 6 ans d\u00e9j\u00e0 !<\/p>\n<p>16-24 avril 2016 \u2013 Solibad Days \u2013 Th\u00e8me: \u00ab Solibad Nights \u00bb<\/p>\n<p>19 juin 2016 : Course des h\u00e9ros \u00e0 Lyon et Paris pour Solibad<\/p>\n<p>&nbsp;<\/p>\n<h6><strong>Contacts : Rapha\u00ebl, raphael@solibad.net et Colette, cristina@solibad.net \u00a0<\/strong><\/h6>\n<h6><strong>Photos\u00a0Raphael SACHETAT<\/strong><\/h6>\n<p>&nbsp;<\/p>\n","protected":false},"excerpt":{"rendered":"<p>\u00c7a bouge \u00e0 Solibad ! Voici les derni\u00e8res petites nouvelles de quelques-uns de nos programmes. Octobre 2015 Sp\u00e9ciale Programmes Sonhos e Badminton, Gravata \u2013 Br\u00e9sil Comment d\u00e9crire le bonheur de ces enfants jouant au badminton\u00a0quand on conna\u00eet l\u2019environnement de violence, l\u2019abus de drogue, l\u2019insalubrit\u00e9 tout autour d\u2019eux. Il y a le jeu et les tr\u00e8s &hellip; <a href=\"https:\/\/istressportsbadminton.com\/?page_id=377\" class=\"more-link\">Continuer la lecture<span class=\"screen-reader-text\"> de &laquo;&nbsp;Octobre 2015&nbsp;&raquo;<\/span><\/a><\/p>\n","protected":false},"author":3,"featured_media":0,"parent":0,"menu_order":0,"comment_status":"closed","ping_status":"closed","template":"","meta":{"sfsi_plus_gutenberg_text_before_share":"","sfsi_plus_gutenberg_show_text_before_share":"","sfsi_plus_gutenberg_icon_type":"","sfsi_plus_gutenberg_icon_alignemt":"","sfsi_plus_gutenburg_max_per_row":""},"_links":{"self":[{"href":"https:\/\/istressportsbadminton.com\/index.php?rest_route=\/wp\/v2\/pages\/377"}],"collection":[{"href":"https:\/\/istressportsbadminton.com\/index.php?rest_route=\/wp\/v2\/pages"}],"about":[{"href":"https:\/\/istressportsbadminton.com\/index.php?rest_route=\/wp\/v2\/types\/page"}],"author":[{"embeddable":true,"href":"https:\/\/istressportsbadminton.com\/index.php?rest_route=\/wp\/v2\/users\/3"}],"replies":[{"embeddable":true,"href":"https:\/\/istressportsbadminton.com\/index.php?rest_route=%2Fwp%2Fv2%2Fcomments&post=377"}],"version-history":[{"count":15,"href":"https:\/\/istressportsbadminton.com\/index.php?rest_route=\/wp\/v2\/pages\/377\/revisions"}],"predecessor-version":[{"id":390,"href":"https:\/\/istressportsbadminton.com\/index.php?rest_route=\/wp\/v2\/pages\/377\/revisions\/390"}],"wp:attachment":[{"href":"https:\/\/istressportsbadminton.com\/index.php?rest_route=%2Fwp%2Fv2%2Fmedia&parent=377"}],"curies":[{"name":"wp","href":"https:\/\/api.w.org\/{rel}","templated":true}]}}