{"id":3844,"date":"2021-09-09T20:26:18","date_gmt":"2021-09-09T18:26:18","guid":{"rendered":"http:\/\/istressportsbadminton.com\/?page_id=3844"},"modified":"2021-09-12T23:15:03","modified_gmt":"2021-09-12T21:15:03","slug":"reinscriptions-pour-les-licencies-de-2020-2021","status":"publish","type":"page","link":"https:\/\/istressportsbadminton.com\/?page_id=3844","title":{"rendered":"R\u00e9inscriptions pour les licenci\u00e9s ISB de 2020\/2021"},"content":{"rendered":"\n<p class=\"has-text-color has-very-dark-gray-color\">Comme valid\u00e9 lors de la derni\u00e8re AG et sur proposition du Comit\u00e9 d&rsquo;Administration, le club a d\u00e9cid\u00e9 de proposer la nouvelle licence \u00e0 <strong>60\u20ac  pour 2021\/2022 \u00e0 tous les licenci\u00e9s inscrits la saison pass\u00e9e.<\/strong><\/p>\n\n\n\n<p>Afin de faire un effort pour compenser les fermetures dues au COVID de la saison derni\u00e8res, le club renonce ainsi \u00e0 sa partie de l&rsquo;adh\u00e9sion, seul restant donc \u00e0 votre charge la partie f\u00e9d\u00e9rale de la licence (ce que le club reverse \u00e0 la FFBad).  <\/p>\n\n\n\n<p>De plus, le club se rapprochera tr\u00e8s vite de vous pour vous proposer les <strong>nouvelles tenues du club<\/strong>  dans un pack comprenant <strong>6 \u00e9l\u00e9ments<\/strong> (2 maillots, 1 short, 1 sweat, 1 pantalon, 1 veste) <strong>vendu au prix de 30 \u20ac<\/strong> ( pour une valeur de l&rsquo;ensemble de plus de 110\u20ac prix public).  <br>Les tenues du club seront obligatoires si vous souhaitez participer int\u00e9grer une \u00e9quipe d&rsquo;interclubs .  <\/p>\n\n\n\n<p><strong>Pour votre r\u00e9inscription, rien de plus simple:<\/strong><\/p>\n\n\n\n<p>1\/ Rendez vous sur votre portail MyFFBad ->\u00a0 <a rel=\"noreferrer noopener\" href=\"https:\/\/www.myffbad.fr\/connexion\" target=\"_blank\">https:\/\/www.myffbad.fr\/connexion<\/a> <br><em>Si vous ne connaissez pas votre mot de passe, faites \u00ab\u00a0mot de passe oubli\u00e9\u00a0\u00bb. Un lien pour r\u00e9initialiser votre mot de passe vous sera envoy\u00e9 par mail (v\u00e9rifiez vos Spams).<br>Si vous ne connaissez pas votre num\u00e9ro de licence :<a rel=\"noreferrer noopener\" href=\"http:\/\/badiste.fr\/rechercher-joueur-badminton\" target=\"_blank\">\u00a0http:\/\/badiste.fr\/rechercher-joueur-badminton<\/a><\/em> <\/p>\n\n\n\n<p>2\/ Une fois connect\u00e9, une fen\u00eatre s&rsquo;ouvrira pour vous inviter \u00e0 vous r\u00e9-inscrire et vous dirigera vers le formulaire pr\u00e9-rempli.<\/p>\n\n\n\n<p>3\/ En page \u00ab\u00a03.sant\u00e9\u00a0\u00bb du formulaire:<\/p>\n\n\n\n<ul><li>Si votre certificat m\u00e9dical fourni une ann\u00e9e pr\u00e9c\u00e9dente est encore valable (3 ans), un Questionnaire de Sant\u00e9 vous sera pr\u00e9sent\u00e9.<\/li><li><strong>Pour les enfants, plus de certificat m\u00e9dical obligatoire<\/strong> \u00e0 fournir, d\u00e9sormais remplac\u00e9 par un Questionnaire de Sant\u00e9 vous sera pr\u00e9sent\u00e9 (\u00e0 faire remplir si possible par l&rsquo;enfant lui m\u00eame) <\/li><li> Si vous avez r\u00e9pondu OUI \u00e0 au moins une question du Questionnaire (adulte comme enfant), ou bien si votre certificat initial n&rsquo;est plus valable, alors un nouveau certificat de moins de 6 mois devra \u00eatre fourni, et sa photo ou scan ins\u00e9r\u00e9 dans le champ correspondant pour continuer le processus d&rsquo;inscription.  <\/li><\/ul>\n\n\n\n<p>A noter que vous avez \u00e9galement la possibilit\u00e9 de soumettre un nouveau certificat m\u00eame si le votre est encore valable en r\u00e9pondant OUI \u00e0 la premi\u00e8re question du Questionnaire  \u00ab\u00a0Souhaitez-vous soumettre un certificat m\u00e9dical ?\u00a0\u00bb et en ins\u00e9rant sa photo ou scan dans le champ correspondant<br><\/p>\n\n\n\n<p>4\/ En page 5, vous s\u00e9lectionnerez donc la licence correspondant au renouvellement de votre <strong>Licence de la saison pass\u00e9e<\/strong> et suivez les instructions. C&rsquo;est \u00e0 cette \u00e9tape que vous pouvez renseigner des \u00e9ventuelles r\u00e9ductions. En cas de doute, contacter le club: isb13800@gmail.com<\/p>\n\n\n\n<p>NB: Si vous souhaitez passer d&rsquo;une licence loisir de la saison pass\u00e9e \u00e0 une licence comp\u00e9titeur cette saison, choisissez \u00ab\u00a0renouvellement licence loisir\u00a0\u00bb puis cocher l&rsquo;option \u00a0\u00bb Passage de Loisirs 2020\/21 \u00e0 Comp\u00e9titeur 2021\/22 \u00ab\u00a0, le diff\u00e9rentiel de prix entre les 2 licences vous sera demand\u00e9 (+70\u20ac) <\/p>\n\n\n\n<p>5\/  Choisissez le mode de r\u00e8glement voulu : <\/p>\n\n\n\n<ul><li><strong>Carte Bancaire<\/strong> (prise d&#8217;empreinte) (m\u00e9thode la plus simple et rapide)<\/li><li><strong>Virement&nbsp;<\/strong>(stipuler Nom du licenci\u00e9, motif : Licence)<\/li><li> <strong>Autre&nbsp;<\/strong>(pour un r\u00e8glement au gymnase par Ch\u00e8que, Carte Bancaire, Esp\u00e8ce ou si vous avez choisi une r\u00e9duction non list\u00e9e).<\/li><\/ul>\n\n\n\n<p>6\/ Validez votre inscription<\/p>\n\n\n\n<ul><li>Vous recevrez alors un premier mail confirmant l&rsquo;envoi de votre de votre dossier, \u00ab\u00a0en attente de validation du club\u00a0\u00bb (pensez \u00e0 verifier vos spam) <\/li><li> Vous recevrez ensuite un second mail lors votre inscription aura \u00e9t\u00e9 valid\u00e9e par le club.  <\/li><\/ul>\n\n\n\n<p>Si vous avez choisi le paiement Carte Bleue sur le site, votre carte est alors automatiquement d\u00e9bit\u00e9e <br>Si vous avez choisi de r\u00e9gler par Virement ou directement au gymnase, il vous faudra alors vous acquitter de votre paiement.  <\/p>\n\n\n\n<p><strong>Les licences ne seront prises aupr\u00e8s de la FFBad qu&rsquo;une fois la licence r\u00e9gl\u00e9e au club.&nbsp;<\/strong><\/p>\n\n\n\n<p>7\/ La licence est re\u00e7u dans les jours suivants par email sous forme de PDF, ou \u00e0 retrouver sur son espace MyFFBad<\/p>\n","protected":false},"excerpt":{"rendered":"<p>Comme valid\u00e9 lors de la derni\u00e8re AG et sur proposition du Comit\u00e9 d&rsquo;Administration, le club a d\u00e9cid\u00e9 de proposer la nouvelle licence \u00e0 60\u20ac pour 2021\/2022 \u00e0 tous les licenci\u00e9s inscrits la saison pass\u00e9e. Afin de faire un effort pour compenser les fermetures dues au COVID de la saison derni\u00e8res, le club renonce ainsi \u00e0 &hellip; <a href=\"https:\/\/istressportsbadminton.com\/?page_id=3844\" class=\"more-link\">Continuer la lecture<span class=\"screen-reader-text\"> de &laquo;&nbsp;R\u00e9inscriptions pour les licenci\u00e9s ISB de 2020\/2021&nbsp;&raquo;<\/span><\/a><\/p>\n","protected":false},"author":3,"featured_media":0,"parent":0,"menu_order":0,"comment_status":"closed","ping_status":"closed","template":"","meta":{"sfsi_plus_gutenberg_text_before_share":"","sfsi_plus_gutenberg_show_text_before_share":"","sfsi_plus_gutenberg_icon_type":"","sfsi_plus_gutenberg_icon_alignemt":"","sfsi_plus_gutenburg_max_per_row":""},"_links":{"self":[{"href":"https:\/\/istressportsbadminton.com\/index.php?rest_route=\/wp\/v2\/pages\/3844"}],"collection":[{"href":"https:\/\/istressportsbadminton.com\/index.php?rest_route=\/wp\/v2\/pages"}],"about":[{"href":"https:\/\/istressportsbadminton.com\/index.php?rest_route=\/wp\/v2\/types\/page"}],"author":[{"embeddable":true,"href":"https:\/\/istressportsbadminton.com\/index.php?rest_route=\/wp\/v2\/users\/3"}],"replies":[{"embeddable":true,"href":"https:\/\/istressportsbadminton.com\/index.php?rest_route=%2Fwp%2Fv2%2Fcomments&post=3844"}],"version-history":[{"count":10,"href":"https:\/\/istressportsbadminton.com\/index.php?rest_route=\/wp\/v2\/pages\/3844\/revisions"}],"predecessor-version":[{"id":3982,"href":"https:\/\/istressportsbadminton.com\/index.php?rest_route=\/wp\/v2\/pages\/3844\/revisions\/3982"}],"wp:attachment":[{"href":"https:\/\/istressportsbadminton.com\/index.php?rest_route=%2Fwp%2Fv2%2Fmedia&parent=3844"}],"curies":[{"name":"wp","href":"https:\/\/api.w.org\/{rel}","templated":true}]}}