{"id":3862,"date":"2021-09-10T00:27:30","date_gmt":"2021-09-09T22:27:30","guid":{"rendered":"http:\/\/istressportsbadminton.com\/?page_id=3862"},"modified":"2023-08-31T23:33:43","modified_gmt":"2023-08-31T21:33:43","slug":"inscription-2021-2022-si-vous-avez-un-compte-myffbad","status":"publish","type":"page","link":"https:\/\/istressportsbadminton.com\/?page_id=3862","title":{"rendered":"Inscription via MyFFBad"},"content":{"rendered":"\n\n\n<p>1\/ Rendez vous sur votre portail MyFFBad -&gt;&nbsp; <a rel=\"noreferrer noopener\" href=\"https:\/\/www.myffbad.fr\/connexion\" target=\"_blank\">https:\/\/www.myffbad.fr\/connexion<\/a> <br><em>Si vous ne connaissez pas votre mot de passe, faites \u00ab\u00a0mot de passe oubli\u00e9\u00a0\u00bb. Un lien pour r\u00e9initialiser votre mot de passe vous sera envoy\u00e9 par mail (v\u00e9rifiez vos Spams).<br>Si vous ne connaissez pas votre num\u00e9ro de licence :<a rel=\"noreferrer noopener\" href=\"http:\/\/badiste.fr\/rechercher-joueur-badminton\" target=\"_blank\">&nbsp;http:\/\/badiste.fr\/rechercher-joueur-badminton<\/a><\/em> <\/p>\n\n\n\n<p>2\/ Une fois connect\u00e9 : <\/p>\n\n\n\n<p>-&gt;Si vous \u00e9tiez d\u00e9j\u00e0 licenci\u00e9 \u00e0 Istres Sports Badminton la saison pass\u00e9e, une fen\u00eatre s\u2019ouvrira pour vous inviter \u00e0 vous r\u00e9inscrire et vous dirigera vers le formulaire pr\u00e9rempli.<\/p>\n\n\n\n<p>-&gt; Sinon, dans la barre de recherche situ\u00e9e en haut, taper \u00ab\u00a0Istres\u00a0\u00bb et s\u00e9lectionner \u00ab\u00a0Club\u00a0\u00bb comme param\u00e8tre de recherche et acc\u00e9der \u00e0 la fiche du club<\/p>\n\n\n\n<p>Cliquez sur \u00ab\u00a0voir le club\u00a0\u00bb puis \u00ab\u00a0M&rsquo;inscrire et prendre ma licence dans ce club\u00a0\u00bb<\/p>\n\n\n\n<p>Vous \u00eates maintenant sur le formulaire d&rsquo;inscription du club. V\u00e9rifiez bien que tous les informations soient \u00e0 jour, notamment les adresses email de contact et num\u00e9ro de t\u00e9l\u00e9phone.<\/p>\n\n\n\n<p>3\/ En page \u00ab 3.sant\u00e9 \u00bb du formulaire:<\/p>\n\n\n\n<p> -&gt;Si votre certificat m\u00e9dical fourni une ann\u00e9e pr\u00e9c\u00e9dente est encore valable (3 ans cons\u00e9cutifs), un Questionnaire de Sant\u00e9 vous sera pr\u00e9sent\u00e9.<br><\/p>\n\n\n\n<p>-&gt;Si votre certificat initial n&rsquo;est plus valable, ou si vous avez r\u00e9pondu OUI \u00e0 au moins une question du Questionnaire de Sant\u00e9, alors un nouveau certificat dat\u00e9 de moins de 6 mois devra \u00eatre fourni. Ins\u00e9rez sa photo ou scan dans le champ correspondant pour continuer le processus d&rsquo;inscription.<br> <\/p>\n\n\n\n<p><strong>Pour les enfants, plus de certificat m\u00e9dical obligatoire<\/strong> \u00e0 fournir, d\u00e9sormais remplac\u00e9 par un Questionnaire de Sant\u00e9 (\u00e0 faire remplir si possible par l&rsquo;enfant lui m\u00eame)  <\/p>\n\n\n\n<p>NB: Un arr\u00eat d&rsquo;un an ou plus de pratique licenci\u00e9e n\u00e9cessite la fourniture d&rsquo;un nouveau certificat m\u00e9dical dat\u00e9 de moins de 6 mois<\/p>\n\n\n\n<p>4\/ En page 5, vous s\u00e9lectionnerez donc la licence correspondant \u00e0 la Licence d\u00e9sir\u00e9e et suivez les instructions. C\u2019est \u00e0 cette \u00e9tape que vous pouvez renseigner des \u00e9ventuelles r\u00e9ductions. En cas de doute, contacter le club: isb13800@gmail.com<\/p>\n\n\n\n<p>5\/ Choisissez le mode de r\u00e8glement voulu :<\/p>\n\n\n\n<ul><li><strong>Carte Bancaire<\/strong>\u00a0(prise d\u2019empreinte) (m\u00e9thode la plus simple et rapide) directement sur le site ; En 1x, 2x ou 3x.<\/li><li><strong>Virement\u00a0<\/strong>(stipuler Nom du licenci\u00e9, motif : Licence)<\/li><li><strong>Autre\u00a0<\/strong>(pour un r\u00e8glement au gymnase par Ch\u00e8que (jusqu&rsquo;en 3x, <strong>1er ch\u00e8que de 65\u20ac obligatoire<\/strong> ), Carte Bancaire, Esp\u00e8ces, ou si vous avez choisi une r\u00e9duction non list\u00e9e).<\/li><\/ul>\n\n\n\n<p>6\/ Validez votre inscription<\/p>\n\n\n\n<ul><li>Vous recevrez alors un premier mail confirmant l\u2019envoi de votre de votre dossier, \u00ab&nbsp;en attente de validation du club&nbsp;\u00bb (pensez \u00e0 v\u00e9rifier vos spam)<\/li><li>Vous recevrez ensuite un second mail lorsque votre inscription aura \u00e9t\u00e9 valid\u00e9e par le club.<\/li><\/ul>\n\n\n\n<p>Si vous avez choisi le paiement Carte Bleue sur le site, votre carte est alors automatiquement d\u00e9bit\u00e9e<br>Si vous avez choisi de r\u00e9gler par Virement ou directement au gymnase, il vous faudra alors vous acquitter de votre paiement.<\/p>\n\n\n\n<p><strong>Les licences ne seront prises aupr\u00e8s de la FFBad qu\u2019une fois la licence r\u00e9gl\u00e9e au club.&nbsp;<\/strong><\/p>\n\n\n\n<p>7\/ La licence est re\u00e7ue dans les jours suivants par email sous forme de PDF, ou \u00e0 retrouver sur son espace MyFFBad<\/p>\n","protected":false},"excerpt":{"rendered":"<p>1\/ Rendez vous sur votre portail MyFFBad -&gt;&nbsp; https:\/\/www.myffbad.fr\/connexion Si vous ne connaissez pas votre mot de passe, faites \u00ab\u00a0mot de passe oubli\u00e9\u00a0\u00bb. Un lien pour r\u00e9initialiser votre mot de passe vous sera envoy\u00e9 par mail (v\u00e9rifiez vos Spams).Si vous ne connaissez pas votre num\u00e9ro de licence :&nbsp;http:\/\/badiste.fr\/rechercher-joueur-badminton 2\/ Une fois connect\u00e9 : -&gt;Si vous &hellip; <a href=\"https:\/\/istressportsbadminton.com\/?page_id=3862\" class=\"more-link\">Continuer la lecture<span class=\"screen-reader-text\"> de &laquo;&nbsp;Inscription via MyFFBad&nbsp;&raquo;<\/span><\/a><\/p>\n","protected":false},"author":3,"featured_media":0,"parent":0,"menu_order":0,"comment_status":"closed","ping_status":"closed","template":"","meta":{"sfsi_plus_gutenberg_text_before_share":"","sfsi_plus_gutenberg_show_text_before_share":"","sfsi_plus_gutenberg_icon_type":"","sfsi_plus_gutenberg_icon_alignemt":"","sfsi_plus_gutenburg_max_per_row":""},"_links":{"self":[{"href":"https:\/\/istressportsbadminton.com\/index.php?rest_route=\/wp\/v2\/pages\/3862"}],"collection":[{"href":"https:\/\/istressportsbadminton.com\/index.php?rest_route=\/wp\/v2\/pages"}],"about":[{"href":"https:\/\/istressportsbadminton.com\/index.php?rest_route=\/wp\/v2\/types\/page"}],"author":[{"embeddable":true,"href":"https:\/\/istressportsbadminton.com\/index.php?rest_route=\/wp\/v2\/users\/3"}],"replies":[{"embeddable":true,"href":"https:\/\/istressportsbadminton.com\/index.php?rest_route=%2Fwp%2Fv2%2Fcomments&post=3862"}],"version-history":[{"count":10,"href":"https:\/\/istressportsbadminton.com\/index.php?rest_route=\/wp\/v2\/pages\/3862\/revisions"}],"predecessor-version":[{"id":4450,"href":"https:\/\/istressportsbadminton.com\/index.php?rest_route=\/wp\/v2\/pages\/3862\/revisions\/4450"}],"wp:attachment":[{"href":"https:\/\/istressportsbadminton.com\/index.php?rest_route=%2Fwp%2Fv2%2Fmedia&parent=3862"}],"curies":[{"name":"wp","href":"https:\/\/api.w.org\/{rel}","templated":true}]}}