{"id":3904,"date":"2021-09-10T02:03:44","date_gmt":"2021-09-10T00:03:44","guid":{"rendered":"http:\/\/istressportsbadminton.com\/?page_id=3904"},"modified":"2023-08-31T23:35:40","modified_gmt":"2023-08-31T21:35:40","slug":"nouveau-licencie-badminton-ou-sans-compte-myffbad","status":"publish","type":"page","link":"https:\/\/istressportsbadminton.com\/?page_id=3904","title":{"rendered":"Nouveau Licenci\u00e9 Badminton ou sans compte MyFFBad"},"content":{"rendered":"\n<p>Avant de vous lancer dans votre Inscription, pour les adultes seulement, vous devrez \u00eatre en possession d&rsquo;un <strong>certificat m\u00e9dical<\/strong> dat\u00e9 de moins de 6 mois (\u00e0 t\u00e9l\u00e9charger <a rel=\"noreferrer noopener\" aria-label=\"ICI (s\u2019ouvre dans un nouvel onglet)\" href=\"http:\/\/istressportsbadminton.com\/wp-content\/uploads\/2021\/09\/Certificat-Medical.pdf\" target=\"_blank\"><strong>CERTIFICAT MEDICAL<\/strong><\/a><strong> <\/strong>et faire remplir par son m\u00e9decin, ou sur une ordonnance avec la mention \u00ab\u00a0badminton y compris en comp\u00e9tition\u00a0\u00bb)<\/p>\n\n\n\n<p><strong>Nouveau: Plus de certificat m\u00e9dical obligatoire pour les mineurs.<\/strong><\/p>\n\n\n\n<p class=\"has-medium-font-size\"><strong>Pour proc\u00e9der \u00e0 l&rsquo;inscription:<\/strong><\/p>\n\n\n\n<p>1\/ Rendez vous sur le formulaire d&rsquo;inscription du club -&gt;&nbsp; <a rel=\"noreferrer noopener\" href=\"https:\/\/adherer.ffbad.club\/ISB13\" target=\"_blank\">FORMULAIRE INSCRIPTION<\/a><\/p>\n\n\n\n<p>2\/ Compl\u00e9tez les diff\u00e9rentes rubriques. V\u00e9rifiez bien l&rsquo;exactitude des email de contact et num\u00e9ros de t\u00e9l\u00e9phone renseign\u00e9s<\/p>\n\n\n\n<p>3\/ En page \u00ab\u00a03.sant\u00e9\u00a0\u00bb du formulaire:<\/p>\n\n\n\n<ul><li>Ins\u00e9rez la photo ou scan du certificat m\u00e9dical dans le champ pr\u00e9vu \u00e0 cet effet<\/li><li><strong>Pour les enfants, plus de certificat m\u00e9dical obligatoire<\/strong> \u00e0 fournir, d\u00e9sormais remplac\u00e9 par un Questionnaire de Sant\u00e9 qui vous sera pr\u00e9sent\u00e9 (\u00e0 faire remplir si possible par l&rsquo;enfant lui m\u00eame) <\/li><li> Si vous avez r\u00e9pondu OUI \u00e0 au moins une question du Questionnaire de Sant\u00e9, alors la fourniture d&rsquo;un certificat sera alors indispensable pour compl\u00e9ter l&rsquo;inscription<\/li><\/ul>\n\n\n\n<p>4\/ En page 5, vous s\u00e9lectionnerez la licence correspondant \u00e0 la Licence d\u00e9sir\u00e9e et suivez les instructions. C&rsquo;est \u00e0 cette \u00e9tape que vous pouvez renseigner des \u00e9ventuelles r\u00e9ductions. En cas de doute, contacter le club: isb13800@gmail.com<\/p>\n\n\n\n<p>5\/  Choisissez le mode de r\u00e8glement voulu : <\/p>\n\n\n\n<ul><li><strong><strong>Carte Bancaire<\/strong>\u00a0(prise d\u2019empreinte) (m\u00e9thode la plus simple et rapide) directement sur le site ; En 1x, 2x ou 3x.<\/strong><\/li><li><strong>Virement\u00a0<\/strong>(stipuler Nom du licenci\u00e9, motif : Licence)<\/li><li><strong>Autre\u00a0<\/strong>(pour un r\u00e8glement au gymnase par Ch\u00e8que (jusqu\u2019en 3x,\u00a0<strong>1er ch\u00e8que de 65\u20ac obligatoire<\/strong>\u00a0), Carte Bancaire, Esp\u00e8ces, ou si vous avez choisi une r\u00e9duction non list\u00e9e).<\/li><\/ul>\n\n\n\n<p>6\/ Validez votre inscription<\/p>\n\n\n\n<ul><li>Vous recevrez alors un premier mail confirmant l&rsquo;envoi de votre de votre dossier, \u00ab\u00a0en attente de validation du club\u00a0\u00bb (pensez \u00e0 verifier vos spam) <\/li><li> Vous recevrez ensuite un second mail lors votre inscription aura \u00e9t\u00e9 valid\u00e9e par le club.  <\/li><\/ul>\n\n\n\n<p>Si vous avez choisi le paiement Carte Bleue sur le site, votre carte est alors automatiquement d\u00e9bit\u00e9e <br>Si vous avez choisi de r\u00e9gler par Virement ou directement au gymnase, il vous faudra alors vous acquitter de votre paiement.  <\/p>\n\n\n\n<p><strong>Les licences ne seront prises aupr\u00e8s de la FFBad qu&rsquo;une fois la licence r\u00e9gl\u00e9e au club.&nbsp;<\/strong><\/p>\n\n\n\n<p>7\/ La licence est re\u00e7u dans les jours suivants par email sous forme de PDF, ou \u00e0 retrouver sur son espace MyFFBad<\/p>\n","protected":false},"excerpt":{"rendered":"<p>Avant de vous lancer dans votre Inscription, pour les adultes seulement, vous devrez \u00eatre en possession d&rsquo;un certificat m\u00e9dical dat\u00e9 de moins de 6 mois (\u00e0 t\u00e9l\u00e9charger CERTIFICAT MEDICAL et faire remplir par son m\u00e9decin, ou sur une ordonnance avec la mention \u00ab\u00a0badminton y compris en comp\u00e9tition\u00a0\u00bb) Nouveau: Plus de certificat m\u00e9dical obligatoire pour les &hellip; <a href=\"https:\/\/istressportsbadminton.com\/?page_id=3904\" class=\"more-link\">Continuer la lecture<span class=\"screen-reader-text\"> de &laquo;&nbsp;Nouveau Licenci\u00e9 Badminton ou sans compte MyFFBad&nbsp;&raquo;<\/span><\/a><\/p>\n","protected":false},"author":3,"featured_media":0,"parent":0,"menu_order":0,"comment_status":"closed","ping_status":"closed","template":"","meta":{"sfsi_plus_gutenberg_text_before_share":"","sfsi_plus_gutenberg_show_text_before_share":"","sfsi_plus_gutenberg_icon_type":"","sfsi_plus_gutenberg_icon_alignemt":"","sfsi_plus_gutenburg_max_per_row":""},"_links":{"self":[{"href":"https:\/\/istressportsbadminton.com\/index.php?rest_route=\/wp\/v2\/pages\/3904"}],"collection":[{"href":"https:\/\/istressportsbadminton.com\/index.php?rest_route=\/wp\/v2\/pages"}],"about":[{"href":"https:\/\/istressportsbadminton.com\/index.php?rest_route=\/wp\/v2\/types\/page"}],"author":[{"embeddable":true,"href":"https:\/\/istressportsbadminton.com\/index.php?rest_route=\/wp\/v2\/users\/3"}],"replies":[{"embeddable":true,"href":"https:\/\/istressportsbadminton.com\/index.php?rest_route=%2Fwp%2Fv2%2Fcomments&post=3904"}],"version-history":[{"count":12,"href":"https:\/\/istressportsbadminton.com\/index.php?rest_route=\/wp\/v2\/pages\/3904\/revisions"}],"predecessor-version":[{"id":4451,"href":"https:\/\/istressportsbadminton.com\/index.php?rest_route=\/wp\/v2\/pages\/3904\/revisions\/4451"}],"wp:attachment":[{"href":"https:\/\/istressportsbadminton.com\/index.php?rest_route=%2Fwp%2Fv2%2Fmedia&parent=3904"}],"curies":[{"name":"wp","href":"https:\/\/api.w.org\/{rel}","templated":true}]}}