{"id":45,"date":"2015-07-23T16:18:53","date_gmt":"2015-07-23T16:18:53","guid":{"rendered":"http:\/\/istressportsbadminton.com\/?page_id=45"},"modified":"2016-08-30T20:24:02","modified_gmt":"2016-08-30T19:24:02","slug":"les-creneaux","status":"publish","type":"page","link":"https:\/\/istressportsbadminton.com\/?page_id=45","title":{"rendered":"Les cr\u00e9neaux"},"content":{"rendered":"<div><span style=\"font-size: 12pt;\"><strong>Horaires Gymnase Donadieu (Le Palio), valables \u00e0 partir<\/strong> <strong>du\u00a0<span style=\"text-decoration: underline;\">jeudi<\/span><span style=\"text-decoration: underline;\"> 1er septembre 2016<\/span>.<\/strong><\/span><\/div>\n<div><strong><span style=\"color: #ff0000;\">Pensez \u00e0 toujours\u00a0v\u00e9rifier des modifications\u00a0\u00e9ventuelles de cr\u00e9neaux (vacances scolaires notamment) notifi\u00e9es en rouge en page d\u2019accueil du site.<\/span><\/strong><\/div>\n<div><\/div>\n<div><strong>Vous noterez la nouveaut\u00e9 de la mise en place d&rsquo;un cr\u00e9neau famille le samedi de 10h \u00e0 12h, \u00e0 disposition des enfants (Jeune loisir et Minibad) ainsi que de leurs parents (<span style=\"text-decoration: underline;\">licenci\u00e9s uniquement<\/span>) .<\/strong><\/div>\n<div><\/div>\n<div><a href=\"http:\/\/istressportsbadminton.com\/wp-content\/uploads\/2015\/07\/Cr\u00e9neaux-2016-2017.png\"><img loading=\"lazy\" class=\"alignnone size-full wp-image-1688\" src=\"http:\/\/istressportsbadminton.com\/wp-content\/uploads\/2015\/07\/Cr\u00e9neaux-2016-2017.png\" alt=\"Cr\u00e9neaux 2016-2017\" width=\"1287\" height=\"555\" srcset=\"https:\/\/istressportsbadminton.com\/wp-content\/uploads\/2015\/07\/Cr\u00e9neaux-2016-2017.png 1287w, https:\/\/istressportsbadminton.com\/wp-content\/uploads\/2015\/07\/Cr\u00e9neaux-2016-2017-150x65.png 150w, https:\/\/istressportsbadminton.com\/wp-content\/uploads\/2015\/07\/Cr\u00e9neaux-2016-2017-300x129.png 300w, https:\/\/istressportsbadminton.com\/wp-content\/uploads\/2015\/07\/Cr\u00e9neaux-2016-2017-1024x442.png 1024w, https:\/\/istressportsbadminton.com\/wp-content\/uploads\/2015\/07\/Cr\u00e9neaux-2016-2017-2x1.png 2w\" sizes=\"(max-width: 709px) 85vw, (max-width: 909px) 67vw, (max-width: 1362px) 62vw, 840px\" \/><\/a><\/div>\n","protected":false},"excerpt":{"rendered":"<p>Horaires Gymnase Donadieu (Le Palio), valables \u00e0 partir du\u00a0jeudi 1er septembre 2016. Pensez \u00e0 toujours\u00a0v\u00e9rifier des modifications\u00a0\u00e9ventuelles de cr\u00e9neaux (vacances scolaires notamment) notifi\u00e9es en rouge en page d\u2019accueil du site. Vous noterez la nouveaut\u00e9 de la mise en place d&rsquo;un cr\u00e9neau famille le samedi de 10h \u00e0 12h, \u00e0 disposition des enfants (Jeune loisir et &hellip; <a href=\"https:\/\/istressportsbadminton.com\/?page_id=45\" class=\"more-link\">Continuer la lecture<span class=\"screen-reader-text\"> de &laquo;&nbsp;Les cr\u00e9neaux&nbsp;&raquo;<\/span><\/a><\/p>\n","protected":false},"author":3,"featured_media":0,"parent":0,"menu_order":0,"comment_status":"closed","ping_status":"open","template":"","meta":{"sfsi_plus_gutenberg_text_before_share":"","sfsi_plus_gutenberg_show_text_before_share":"","sfsi_plus_gutenberg_icon_type":"","sfsi_plus_gutenberg_icon_alignemt":"","sfsi_plus_gutenburg_max_per_row":""},"_links":{"self":[{"href":"https:\/\/istressportsbadminton.com\/index.php?rest_route=\/wp\/v2\/pages\/45"}],"collection":[{"href":"https:\/\/istressportsbadminton.com\/index.php?rest_route=\/wp\/v2\/pages"}],"about":[{"href":"https:\/\/istressportsbadminton.com\/index.php?rest_route=\/wp\/v2\/types\/page"}],"author":[{"embeddable":true,"href":"https:\/\/istressportsbadminton.com\/index.php?rest_route=\/wp\/v2\/users\/3"}],"replies":[{"embeddable":true,"href":"https:\/\/istressportsbadminton.com\/index.php?rest_route=%2Fwp%2Fv2%2Fcomments&post=45"}],"version-history":[{"count":14,"href":"https:\/\/istressportsbadminton.com\/index.php?rest_route=\/wp\/v2\/pages\/45\/revisions"}],"predecessor-version":[{"id":1728,"href":"https:\/\/istressportsbadminton.com\/index.php?rest_route=\/wp\/v2\/pages\/45\/revisions\/1728"}],"wp:attachment":[{"href":"https:\/\/istressportsbadminton.com\/index.php?rest_route=%2Fwp%2Fv2%2Fmedia&parent=45"}],"curies":[{"name":"wp","href":"https:\/\/api.w.org\/{rel}","templated":true}]}}