{"id":4504,"date":"2023-10-10T09:50:08","date_gmt":"2023-10-10T07:50:08","guid":{"rendered":"http:\/\/istressportsbadminton.com\/?page_id=4504"},"modified":"2025-11-22T22:39:45","modified_gmt":"2025-11-22T20:39:45","slug":"isb-4-departementale-7","status":"publish","type":"page","link":"https:\/\/istressportsbadminton.com\/?page_id=4504","title":{"rendered":"ISB 4: D\u00e9partementale 8"},"content":{"rendered":"\n\n\n<p>L\u2019\u00e9quipe 4 jouera en championnat de D\u00e9partementale 8 pour la saison 2025\/2026, avec comme Capitaine Ga\u00ebl.<\/p>\n\n\n\n<p>Tous les r\u00e9sultats, classement et d\u00e9tails des matchs de l\u2019\u00e9quipe sont a suivre sur le site ICBAD en\u00a0<a href=\"https:\/\/icbad.ffbad.org\/competition\/2503646\">Cliquant sur ce Lien<\/a><\/p>\n\n\n\n<p>Et bien s\u00fbr via la page Facebook du club:<a href=\"http:\/\/www.facebook.com\/IstresSportsBadminton\" target=\"_blank\" rel=\"noreferrer noopener\">http:\/\/www.facebook.com\/IstresSportsBadminton<\/a>&nbsp;et le compte Instagram istres sports badminton.<\/p>\n\n\n\n<p>On vous attend nombreux pour soutenir notre \u00e9quipe lors des rencontres \u00e0 domicile !<\/p>\n\n\n\n<p><strong><em>Mode D\u2019emploi de la saison:<\/em><\/strong><\/p>\n\n\n\n<p>Chaque division de D\u00e9partementale est compos\u00e9e de 2 poules de 6 \u00e9quipes qui se rencontrent 2 fois dans la saison, soit 10 rencontres par \u00e9quipes, 5 \u00e0 domicile et 5 \u00e0 l\u2019ext\u00e9rieur. Les rencontres se d\u00e9roulent les soirs de semaine.<\/p>\n\n\n\n<p>A l\u2019issue de la saison r\u00e9guli\u00e8re, les 2 premiers de chaque poule s\u2019affrontent lors de demi-finale et finale de play-off. Les 2 finalistes sont promus en D\u00e9partementale 7. <\/p>\n\n\n\n<p>Chaque rencontre se joue en&nbsp;<strong>8 matchs&nbsp;<\/strong>:<\/p>\n\n\n\n<ul><li><strong>2 Simples Homme<\/strong><\/li><li><strong>1 Simple Dame<\/strong><\/li><li><strong>1 Double Hommes<\/strong><\/li><li><strong>1 Double Dames<\/strong><\/li><li><strong>3 Doubles Mixte<\/strong><\/li><\/ul>\n","protected":false},"excerpt":{"rendered":"<p>L\u2019\u00e9quipe 4 jouera en championnat de D\u00e9partementale 8 pour la saison 2025\/2026, avec comme Capitaine Ga\u00ebl. Tous les r\u00e9sultats, classement et d\u00e9tails des matchs de l\u2019\u00e9quipe sont a suivre sur le site ICBAD en\u00a0Cliquant sur ce Lien Et bien s\u00fbr via la page Facebook du club:http:\/\/www.facebook.com\/IstresSportsBadminton&nbsp;et le compte Instagram istres sports badminton. On vous attend &hellip; <a href=\"https:\/\/istressportsbadminton.com\/?page_id=4504\" class=\"more-link\">Continuer la lecture<span class=\"screen-reader-text\"> de &laquo;&nbsp;ISB 4: D\u00e9partementale 8&nbsp;&raquo;<\/span><\/a><\/p>\n","protected":false},"author":3,"featured_media":0,"parent":0,"menu_order":0,"comment_status":"closed","ping_status":"closed","template":"","meta":{"sfsi_plus_gutenberg_text_before_share":"","sfsi_plus_gutenberg_show_text_before_share":"","sfsi_plus_gutenberg_icon_type":"","sfsi_plus_gutenberg_icon_alignemt":"","sfsi_plus_gutenburg_max_per_row":""},"_links":{"self":[{"href":"https:\/\/istressportsbadminton.com\/index.php?rest_route=\/wp\/v2\/pages\/4504"}],"collection":[{"href":"https:\/\/istressportsbadminton.com\/index.php?rest_route=\/wp\/v2\/pages"}],"about":[{"href":"https:\/\/istressportsbadminton.com\/index.php?rest_route=\/wp\/v2\/types\/page"}],"author":[{"embeddable":true,"href":"https:\/\/istressportsbadminton.com\/index.php?rest_route=\/wp\/v2\/users\/3"}],"replies":[{"embeddable":true,"href":"https:\/\/istressportsbadminton.com\/index.php?rest_route=%2Fwp%2Fv2%2Fcomments&post=4504"}],"version-history":[{"count":4,"href":"https:\/\/istressportsbadminton.com\/index.php?rest_route=\/wp\/v2\/pages\/4504\/revisions"}],"predecessor-version":[{"id":4926,"href":"https:\/\/istressportsbadminton.com\/index.php?rest_route=\/wp\/v2\/pages\/4504\/revisions\/4926"}],"wp:attachment":[{"href":"https:\/\/istressportsbadminton.com\/index.php?rest_route=%2Fwp%2Fv2%2Fmedia&parent=4504"}],"curies":[{"name":"wp","href":"https:\/\/api.w.org\/{rel}","templated":true}]}}