{"id":4507,"date":"2023-10-10T09:51:54","date_gmt":"2023-10-10T07:51:54","guid":{"rendered":"http:\/\/istressportsbadminton.com\/?page_id=4507"},"modified":"2023-10-10T09:51:55","modified_gmt":"2023-10-10T07:51:55","slug":"isb-5-departementale-7","status":"publish","type":"page","link":"https:\/\/istressportsbadminton.com\/?page_id=4507","title":{"rendered":"ISB 5: D\u00e9partementale 7"},"content":{"rendered":"\n<p><\/p>\n<p>L\u2019\u00e9quipe 5 jouera en championnat de D\u00e9partementale 7 pour la saison 2023\/2024, avec comme Capitaine Raphael.<\/p>\n<p><\/p>\n<p>Tous les r\u00e9sultats, classement et d\u00e9tails des matchs de l\u2019\u00e9quipe sont a suivre sur le site ICBAD en\u00a0<a href=\"https:\/\/icbad.ffbad.org\/\">Cliquant sur ce Lien<\/a> Et bien s\u00fbr via la page Facebook du club:<a href=\"http:\/\/www.facebook.com\/IstresSportsBadminton\" target=\"_blank\" rel=\"noreferrer noopener\">http:\/\/www.facebook.com\/IstresSportsBadminton<\/a>\u00a0et le compte Instagram istres sports badminton.<\/p>\n<p>Les journ\u00e9es \u00e0 domicile se d\u00e9rouleront aux dates suivantes \u00e0 Donadieu. On vous y attend nombreux pour soutenir notre \u00e9quipe !<\/p>\n<ul>\n<li><em>\u00ab\u00a0Calendrier \u00e0 venir\u00a0\u00bb<\/em><\/li>\n<\/ul>\n<p><strong><em>Mode D\u2019emploi de la saison:<\/em><\/strong><\/p>\n<p>La division de D\u00e9partementale 7 est compos\u00e9e de 4 poules de 6 ou 5 \u00e9quipes, qui se rencontrent 2 fois dans la saison, soit 10 (ou 8) rencontres par \u00e9quipes, 5 (ou 4) \u00e0 domicile et 5 (ou 4) \u00e0 l&rsquo;ext\u00e9rieur. Les rencontres se d\u00e9roulent les soirs de semaine. A l\u2019issue de la saison r\u00e9guli\u00e8re, les premiers de chaque poule s\u2019affrontent lors de demi-finale et finale de play-off. Les 2 finalistes sont promus en D\u00e9partementale 6.\u00a0<\/p>\n<p>Chaque rencontre se joue en <strong>7 matchs <\/strong>:<\/p>\n<ul>\n<li><strong>3 Simples Hommes<\/strong><\/li>\n<li><strong>1 Simple Dames<\/strong><\/li>\n<li><strong>1 Double Hommes<\/strong><\/li>\n<li><strong>1 Double Dames<\/strong><\/li>\n<li><strong>1 Doubles Mixte<\/strong><\/li>\n<\/ul>\n","protected":false},"excerpt":{"rendered":"<p>L\u2019\u00e9quipe 5 jouera en championnat de D\u00e9partementale 7 pour la saison 2023\/2024, avec comme Capitaine Raphael. Tous les r\u00e9sultats, classement et d\u00e9tails des matchs de l\u2019\u00e9quipe sont a suivre sur le site ICBAD en\u00a0Cliquant sur ce Lien Et bien s\u00fbr via la page Facebook du club:http:\/\/www.facebook.com\/IstresSportsBadminton\u00a0et le compte Instagram istres sports badminton. Les journ\u00e9es \u00e0 &hellip; <a href=\"https:\/\/istressportsbadminton.com\/?page_id=4507\" class=\"more-link\">Continuer la lecture<span class=\"screen-reader-text\"> de &laquo;&nbsp;ISB 5: D\u00e9partementale 7&nbsp;&raquo;<\/span><\/a><\/p>\n","protected":false},"author":3,"featured_media":0,"parent":0,"menu_order":0,"comment_status":"closed","ping_status":"closed","template":"","meta":{"sfsi_plus_gutenberg_text_before_share":"","sfsi_plus_gutenberg_show_text_before_share":"","sfsi_plus_gutenberg_icon_type":"","sfsi_plus_gutenberg_icon_alignemt":"","sfsi_plus_gutenburg_max_per_row":""},"_links":{"self":[{"href":"https:\/\/istressportsbadminton.com\/index.php?rest_route=\/wp\/v2\/pages\/4507"}],"collection":[{"href":"https:\/\/istressportsbadminton.com\/index.php?rest_route=\/wp\/v2\/pages"}],"about":[{"href":"https:\/\/istressportsbadminton.com\/index.php?rest_route=\/wp\/v2\/types\/page"}],"author":[{"embeddable":true,"href":"https:\/\/istressportsbadminton.com\/index.php?rest_route=\/wp\/v2\/users\/3"}],"replies":[{"embeddable":true,"href":"https:\/\/istressportsbadminton.com\/index.php?rest_route=%2Fwp%2Fv2%2Fcomments&post=4507"}],"version-history":[{"count":1,"href":"https:\/\/istressportsbadminton.com\/index.php?rest_route=\/wp\/v2\/pages\/4507\/revisions"}],"predecessor-version":[{"id":4509,"href":"https:\/\/istressportsbadminton.com\/index.php?rest_route=\/wp\/v2\/pages\/4507\/revisions\/4509"}],"wp:attachment":[{"href":"https:\/\/istressportsbadminton.com\/index.php?rest_route=%2Fwp%2Fv2%2Fmedia&parent=4507"}],"curies":[{"name":"wp","href":"https:\/\/api.w.org\/{rel}","templated":true}]}}