{"id":4870,"date":"2025-09-02T18:43:00","date_gmt":"2025-09-02T16:43:00","guid":{"rendered":"https:\/\/istressportsbadminton.com\/?page_id=4870"},"modified":"2025-09-03T12:41:08","modified_gmt":"2025-09-03T10:41:08","slug":"lien-et-info-dinscription","status":"publish","type":"page","link":"https:\/\/istressportsbadminton.com\/?page_id=4870","title":{"rendered":"<span style=\"color: #3366ff;\">Lien et infos d&rsquo;inscription<\/span>"},"content":{"rendered":"\n<p>Les inscriptions se font via un formulaire en ligne accessible soit:<\/p>\n<ul>\n<li>Votre <strong>page MyFFBad<\/strong> pour les <strong>ancien licenci\u00e9<\/strong> (acc\u00e9der \u00e0 la page d&rsquo;Istres Sports Badminton et cliquez sur le bouton \u00ab\u00a0Adh\u00e9rer\u00a0\u00bb), votre formulaire sera pr\u00e9remplis<\/li>\n<li>Pour des n\u00e9o-licenci\u00e9, via le lien direct:&nbsp; &nbsp;<span style=\"background-color: #ffcc99;\"><strong> <a style=\"background-color: #ffcc99;\" href=\"https:\/\/adherer.myffbad.fr\/ISB13\" target=\"_blank\" rel=\"noopener\">https:\/\/adherer.myffbad.fr\/ISB13&nbsp;<\/a><\/strong><\/span><\/li>\n<\/ul>\n\n\n\n<p style=\"text-align: center;\">&#8212;<\/p>\n<p><span style=\"text-decoration: underline;\"><strong>Moyens de paiements:<\/strong><\/span> <em>A choisir en fin de formulaire, soit:<\/em><\/p>\n<ul>\n<li><span style=\"color: #ff6600;\"><strong>Carte Bancaire<\/strong><\/span> : pour paiement en ligne (en 1x, 2x ou 3x)<\/li>\n<li><span style=\"color: #ff6600;\"><strong>Virement bancaire<\/strong><\/span><\/li>\n<li><strong><span style=\"color: #ff6600;\">Autre<\/span><\/strong> : pour un paiement <span style=\"text-decoration: underline;\"><strong>directement au gymnase<\/strong><\/span>, soit par :\n<ul>\n<li style=\"list-style-type: none;\">\n<ul>\n<li style=\"list-style-type: none;\">\n<ul style=\"list-style-type: circle;\">\n<li>Carte bancaire (en 1x uniquement)<\/li>\n<li>Ch\u00e8que (possibilit\u00e9 en 3x, 1er ch\u00e8que de 65\u20ac minimum)<\/li>\n<li>Esp\u00e8ces<\/li>\n<li><span style=\"color: #0000ff;\">NOUVEAUT\u00c9 :&nbsp;<strong>CHEQUES VACANCES ANCV<\/strong><\/span> <strong><span style=\"color: #0000ff;\">(papier ou Connect)&nbsp;<\/span><\/strong>\n<ol>\n<li><strong style=\"font-size: revert;\">cocher&nbsp;<\/strong><span style=\"font-size: revert;\">l&rsquo;option \u00ab\u00a0Ch\u00e8ques Vacances\u00a0\u00bb apr\u00e8s le choix de la licence <\/span><\/li>\n<li><span style=\"font-size: revert;\">choisir \u00ab\u00a0<\/span><strong style=\"font-size: revert;\">Autre<\/strong><span style=\"font-size: revert;\">\u00a0\u00bb comme moyen de paiement<\/span><\/li>\n<li><strong style=\"font-size: revert;\">validez&nbsp;<\/strong><span style=\"font-size: revert;\">le formulaire<\/span><\/li>\n<li><strong style=\"font-size: revert;\">contacter&nbsp;<\/strong><span style=\"font-size: revert;\">le club \u00e0&nbsp;<\/span><u style=\"font-size: revert;\">isb13800@gmail.com<\/u><span style=\"font-size: revert;\"> pour indiquer la valeur de vos ch\u00e8ques Vacances, et organiser le paiement de l&rsquo;\u00e9ventuel reste \u00e0 charge<\/span><\/li>\n<\/ol>\n<\/li>\n<\/ul>\n<\/li>\n<\/ul>\n<\/li>\n<\/ul>\n<\/li>\n<\/ul>\n<p>&nbsp;<\/p>\n<p><span style=\"text-decoration: underline;\"><strong>R\u00e9ductions Famille:<\/strong><\/span><\/p>\n<ul>\n<li>10% sur le 2\u00e8me membre de la famille, le 1er payant plein tarif<\/li>\n<li>20% sur le 3\u00e8me membre de la famille, le 1er payant plein tarif, le 2\u00e8me 10%<\/li>\n<li>etc.<\/li>\n<\/ul>\n<p>&nbsp;<\/p>\n<p><span style=\"text-decoration: underline;\"><strong>R\u00e9ductions Jeunes:<\/strong><\/span><\/p>\n<ul style=\"list-style-type: disc;\">\n<li><strong>Carte CJeune de provence<\/strong> (pour les coll\u00e9giens) : jusqu&rsquo;\u00e0 75\u20ac sur la licence\n<ul>\n<li style=\"list-style-type: none;\">\n<ul style=\"list-style-type: circle;\">\n<li>+ d&rsquo;info : <a href=\"https:\/\/www.cjeunedeprovence.fr\/\" target=\"_blank\" rel=\"noopener\">https:\/\/www.cjeunedeprovence.fr\/<\/a><\/li>\n<\/ul>\n<\/li>\n<\/ul>\n<\/li>\n<li><strong>Pass&rsquo;Sport<\/strong>: (pour les 14 \/17 ans b\u00e9n\u00e9ficiaires de l&rsquo;ARS): 70\u20ac sur la licence\n<ul>\n<li style=\"list-style-type: none;\">\n<ul style=\"list-style-type: circle;\">\n<li>+ d&rsquo;info : <a href=\"https:\/\/istressportsbadminton.com\/wp-admin\/post.php?post=4603&amp;action=edit\" target=\"_blank\" rel=\"noopener\">istressportsbadminton.com\/pass&rsquo;sport<\/a><\/li>\n<\/ul>\n<\/li>\n<\/ul>\n<\/li>\n<li><strong>Ch\u00e8ques Pass&rsquo;Sport Loisirs Culture CAF13<\/strong> (pour les 3\/11 ans selon quotient familial)\n<ul>\n<li style=\"list-style-type: none;\">\n<ul style=\"list-style-type: circle;\">\n<li>+ d&rsquo;info : <a href=\"https:\/\/www.caf.fr\/allocataires\/caf-des-bouches-du-rhone\/offre-de-service\/vie-personnelle\/pass-sport-loisirs-culture\">https:\/\/www.caf.fr\/allocataires\/caf-des-bouches-du-rhone\/offre-de-service\/vie-personnelle\/pass-sport-loisirs-culture<\/a><\/li>\n<\/ul>\n<\/li>\n<\/ul>\n<\/li>\n<\/ul>\n\n\n\n\n\n<p><strong>Plus d\u2019info ou des r\u00e9ductions non list\u00e9es&nbsp;? Contacter :&nbsp;<u>isb13800@gmail.com<\/u><\/strong><\/p>\n","protected":false},"excerpt":{"rendered":"<p>Les inscriptions se font via un formulaire en ligne accessible soit: Votre page MyFFBad pour les ancien licenci\u00e9 (acc\u00e9der \u00e0 la page d&rsquo;Istres Sports Badminton et cliquez sur le bouton \u00ab\u00a0Adh\u00e9rer\u00a0\u00bb), votre formulaire sera pr\u00e9remplis Pour des n\u00e9o-licenci\u00e9, via le lien direct:&nbsp; &nbsp; https:\/\/adherer.myffbad.fr\/ISB13&nbsp; &#8212; Moyens de paiements: A choisir en fin de formulaire, soit: &hellip; <a href=\"https:\/\/istressportsbadminton.com\/?page_id=4870\" class=\"more-link\">Continuer la lecture<span class=\"screen-reader-text\"> de &laquo;&nbsp;<span style=\"color: #3366ff;\">Lien et infos d&rsquo;inscription<\/span>&nbsp;&raquo;<\/span><\/a><\/p>\n","protected":false},"author":3,"featured_media":0,"parent":0,"menu_order":0,"comment_status":"closed","ping_status":"closed","template":"","meta":{"sfsi_plus_gutenberg_text_before_share":"","sfsi_plus_gutenberg_show_text_before_share":"","sfsi_plus_gutenberg_icon_type":"","sfsi_plus_gutenberg_icon_alignemt":"","sfsi_plus_gutenburg_max_per_row":""},"_links":{"self":[{"href":"https:\/\/istressportsbadminton.com\/index.php?rest_route=\/wp\/v2\/pages\/4870"}],"collection":[{"href":"https:\/\/istressportsbadminton.com\/index.php?rest_route=\/wp\/v2\/pages"}],"about":[{"href":"https:\/\/istressportsbadminton.com\/index.php?rest_route=\/wp\/v2\/types\/page"}],"author":[{"embeddable":true,"href":"https:\/\/istressportsbadminton.com\/index.php?rest_route=\/wp\/v2\/users\/3"}],"replies":[{"embeddable":true,"href":"https:\/\/istressportsbadminton.com\/index.php?rest_route=%2Fwp%2Fv2%2Fcomments&post=4870"}],"version-history":[{"count":5,"href":"https:\/\/istressportsbadminton.com\/index.php?rest_route=\/wp\/v2\/pages\/4870\/revisions"}],"predecessor-version":[{"id":4885,"href":"https:\/\/istressportsbadminton.com\/index.php?rest_route=\/wp\/v2\/pages\/4870\/revisions\/4885"}],"wp:attachment":[{"href":"https:\/\/istressportsbadminton.com\/index.php?rest_route=%2Fwp%2Fv2%2Fmedia&parent=4870"}],"curies":[{"name":"wp","href":"https:\/\/api.w.org\/{rel}","templated":true}]}}