{"id":499,"date":"2015-12-22T01:22:45","date_gmt":"2015-12-22T00:22:45","guid":{"rendered":"http:\/\/istressportsbadminton.com\/?page_id=499"},"modified":"2015-12-22T01:22:45","modified_gmt":"2015-12-22T00:22:45","slug":"compte-rendu-j2","status":"publish","type":"page","link":"https:\/\/istressportsbadminton.com\/?page_id=499","title":{"rendered":"Compte rendu J2"},"content":{"rendered":"<p>Salut \u00e0 tous!<\/p>\n<p>Dimanche 13 d\u00e9cembre se jouait la 2e journ\u00e9e de r\u00e9gionale 3 \u00e0 Port de Bouc. Apr\u00e8s 2 victoires probantes lors de la 1ere journ\u00e9e, l&rsquo;\u00e9quipe 1 d&rsquo;ISB du capitaine <strong>Phil<\/strong> affrontait les locaux de Port de bouc et l&rsquo;\u00e9quipe de Martigues pour tenter de rester en t\u00eate du classement.<br \/>\nOppos\u00e9 en d\u00e9but de journ\u00e9e \u00e0 une \u00e9quipe de Port de bouc auteur d&rsquo;une victoire contre Dignes et d&rsquo;une d\u00e9faite contre l&rsquo;ogre Pertuisien lors de la journ\u00e9e initiale, les istr\u00e9ens d\u00e9but\u00e8rent la rencontre par les deux doubles:<br \/>\nAucun probl\u00e8me pour <strong>Seb<\/strong> et <strong>Alex<\/strong> qui disposent de la paire VIDAL \/ FELICES en 2 sets 21-15 21-18 sans forcer.<br \/>\nPuis, associ\u00e9es pour la premi\u00e8re fois, <strong>Marie<\/strong> et <strong>Am\u00e9lie<\/strong>, novice \u00e0 ce niveau de comp\u00e9tition, remportent leur match 21-19 21-15 sans trembler malgr\u00e9 un d\u00e9but de match un peu crisp\u00e9.<br \/>\nPlace ensuite aux mixtes avec deux nouvelles victoires faciles pour les paires <strong>Seb<\/strong> \/ <strong>Marie<\/strong> et <strong>Robert<\/strong> \/ <strong>Marine<\/strong> vainqueurs respectivement 21-08 21-14 et 21-10 21-13. 4-0 pour ISB \u00e0 la mi-temps de ce match. Mais la prudence \u00e9tait de mise en attendant les 4 simples au vu de la valeur des joueurs Port de Boucain dans cette cat\u00e9gorie.<br \/>\nLe prochain match opposait <strong>Mickey<\/strong> \u00e0 J\u00e9r\u00e9my VIDAL en simple homme 1. Habitu\u00e9 \u00e0 d\u00e9marrer doucement ses matchs, <strong>Mickey<\/strong> allait subir la nette sup\u00e9riorit\u00e9 de son adversaire dans le premier set sur le score sans appel de 21-03. Enfin r\u00e9veill\u00e9 par cette fess\u00e9e, le match va v\u00e9ritablement commencer dans un 2e set plus accroch\u00e9 mais finalement remport\u00e9 par J\u00e9r\u00e9my 21-17 pour le premier point de Port de bouc dans cette rencontre.<br \/>\nDans l&rsquo;autre simple homme, <strong>Alex<\/strong> \u00e9tait oppos\u00e9 \u00e0 Fabien FELICES qui restait sur une victoire face \u00e0 <strong>Alex<\/strong> lors de leur derni\u00e8re confrontation. Et cette tendance allait se confirmer des le d\u00e9but du match. Mis en difficult\u00e9 par un adversaire solide, <strong>Alex<\/strong> allait rapidement prendre du retard et passer le set \u00e0 courir apr\u00e8s le score pour s&rsquo;incliner finalement 21-16. Incapable de r\u00e9soudre l&rsquo;\u00e9quation propos\u00e9 par Fabien, le 2e set sera la copie du 1er conclu sur le score de 21-15. 2e point pour Bad in Bouc qui r\u00e9duit l&rsquo;\u00e9cart \u00e0 4-2 avant les deux derniers simples dames.<br \/>\nDans le simple dame 2, <strong>Am\u00e9lie<\/strong> s&rsquo;incline logiquement face \u00e0 une joueuse bien mieux class\u00e9 qu&rsquo;elle (21-08 21-11) tout en faisant preuve de sa combativit\u00e9 habituelle. 4-3! Le suspense \u00e9tait total avant le dernier match de la rencontre entre <strong>Marine<\/strong> et Ludivine SEVESTRE.<br \/>\nMais la joueuse de Port de Bouc va se charger de tuer tout suspense avec un match bien maitris\u00e9 et remport\u00e9 facilement 21-14 21-08.<br \/>\n4-4 dans cette rencontre qui se conclu donc sur ce score parit\u00e9 logique au vu de la sup\u00e9riorit\u00e9 en double pour les istr\u00e9ens et celle en simple pour les joueurs de Port de Bouc.<\/p>\n<p>L&rsquo;apr\u00e8s midi, notre \u00e9quipe affrontait celle de Martigues d\u00e9faite quelques heures plus t\u00f4t par Eygui\u00e8res.<br \/>\nEt \u00e0 l&rsquo;instar de la confrontation de la matin\u00e9e, les mixtes vont offrir deux points aux istr\u00e9ens d&rsquo;entr\u00e9e de rencontre avec les victoires respectives en 2 sets d&rsquo;<strong>Alex<\/strong> et <strong>Marine<\/strong> (21-17 21-18) et de <strong>Seb<\/strong> et <strong>Marie<\/strong> (21-13 21-12).<br \/>\nPour son 2e simple de la journ\u00e9e, <strong>Am\u00e9lie<\/strong> \u00e9tait ensuite oppos\u00e9e \u00e0 Agathe MONFORT class\u00e9 D9 comme elle. Apr\u00e8s un premier set serr\u00e9 mais perdu par notre cascadeuse 21-17, la physionomie du match s&rsquo;inversa lors du 2e set sous les conseils de coach <strong>Alex<\/strong>. Parvenant enfin \u00e0 renvoyer son adversaire au fond du terrain, <strong>Am\u00e9lie<\/strong> remporta facilement le 2e set sur le score de 21-13. Mais c&rsquo;est \u00e0 6-5 dans l&rsquo;ultime set que, sur un simple appui, le genou d&rsquo;Am\u00e9lie se d\u00e9roba litt\u00e9ralement&#8230; Verdict: Fracture du m\u00e9nisque et rupture partielle du ligament crois\u00e9 ant\u00e9rieur du genou gauche! \u00c9norme coup dur pour <strong>Am\u00e9lie<\/strong> et pour son \u00e9quipe qui voit, impuissante, leur co\u00e9quipi\u00e8re quitter le gymnase avec les pompiers. Difficile apr\u00e8s \u00e7a de se reconcentrer sur les matchs a venir. La blessure d&rsquo;<strong>Am\u00e9lie<\/strong> a pour cons\u00e9quente imm\u00e9diate la d\u00e9faite en simple dame 2 sur abandon ainsi que la perte du double dame par wo. 2-2 donc entre les deux \u00e9quipes apr\u00e8s ce terrible coup du sort.<br \/>\n<strong>Phil<\/strong> avait d\u00e9cid\u00e9 de modifier l\u00e9g\u00e8rement sa compo pour cette rencontre en alignant <strong>Seb<\/strong> en simple 1, faisant reculer <strong>Mickey<\/strong> en simple 2. Et cette d\u00e9cision allait s&rsquo;av\u00e9rer payante puisque, contrairement \u00e0 la rencontre face \u00e0 Port de bouc, les istr\u00e9ens finirent par remporter leurs matchs \u00e0 chaque fois en 3 sets. 4-2 avant les deux derniers matchs. Le sc\u00e9nario de la derni\u00e8re rencontre allait-il se r\u00e9p\u00e9ter??<br \/>\nDans l&rsquo;avant dernier match de la journ\u00e9e, <strong>Marine<\/strong> s&rsquo;inclina, non sans d\u00e9m\u00e9riter, face \u00e0 Claire DIAS BARREIROS sur le score de 21-15 21-15. 4-3 avant le double homme qui allait d\u00e9cider du sort de la rencontre&#8230;<br \/>\nPour cet ultime match, <strong>Alex<\/strong> et <strong>Robert<\/strong> (R5\/R4) \u00e9taient oppos\u00e9s \u00e0 la paire DOMENJOUD \/ SIMKO (D9\/D8) nettement inf\u00e9rieure sur le papier. Et cette sup\u00e9riorit\u00e9 va se confirmer sur le terrain avec une victoire facile 21-11 21-13 pour les istr\u00e9ens! 5-3 au final pour ISB qui remporte cette 2e rencontre malgr\u00e9 la grave blessure d&rsquo;Am\u00e9lie.<\/p>\n<p>Apr\u00e8s 4 matchs, ISB totalise 19 pts et pointe \u00e0 la seconde place du classement de la R3, 2 petits points derri\u00e8re le club de Pertuis, en t\u00eate avec 4 victoires en autant de match. Prochain rendez vous \u00e0 Istres le dimanche 31 janvier 2016 pour les 3 derniers matchs de la phase aller dont la rencontre au sommet face \u00e0 Pertuis!<\/p>\n<p>Une grosse pens\u00e9e \u00e0 notre <strong>Am\u00e9lie<\/strong> qui se voit priv\u00e9 de son passe temps favori, le sport, pour plusieurs mois. Le club d&rsquo;Istres Sports Badminton lui souhaite donc beaucoup de courage et sera derri\u00e8re elle pour sa r\u00e9\u00e9ducation \u00e0 venir \ud83d\ude09<\/p>\n<p>Alex<\/p>\n","protected":false},"excerpt":{"rendered":"<p>Salut \u00e0 tous! Dimanche 13 d\u00e9cembre se jouait la 2e journ\u00e9e de r\u00e9gionale 3 \u00e0 Port de Bouc. Apr\u00e8s 2 victoires probantes lors de la 1ere journ\u00e9e, l&rsquo;\u00e9quipe 1 d&rsquo;ISB du capitaine Phil affrontait les locaux de Port de bouc et l&rsquo;\u00e9quipe de Martigues pour tenter de rester en t\u00eate du classement. Oppos\u00e9 en d\u00e9but &hellip; <a href=\"https:\/\/istressportsbadminton.com\/?page_id=499\" class=\"more-link\">Continuer la lecture<span class=\"screen-reader-text\"> de &laquo;&nbsp;Compte rendu J2&nbsp;&raquo;<\/span><\/a><\/p>\n","protected":false},"author":2,"featured_media":0,"parent":0,"menu_order":0,"comment_status":"closed","ping_status":"closed","template":"","meta":{"sfsi_plus_gutenberg_text_before_share":"","sfsi_plus_gutenberg_show_text_before_share":"","sfsi_plus_gutenberg_icon_type":"","sfsi_plus_gutenberg_icon_alignemt":"","sfsi_plus_gutenburg_max_per_row":""},"_links":{"self":[{"href":"https:\/\/istressportsbadminton.com\/index.php?rest_route=\/wp\/v2\/pages\/499"}],"collection":[{"href":"https:\/\/istressportsbadminton.com\/index.php?rest_route=\/wp\/v2\/pages"}],"about":[{"href":"https:\/\/istressportsbadminton.com\/index.php?rest_route=\/wp\/v2\/types\/page"}],"author":[{"embeddable":true,"href":"https:\/\/istressportsbadminton.com\/index.php?rest_route=\/wp\/v2\/users\/2"}],"replies":[{"embeddable":true,"href":"https:\/\/istressportsbadminton.com\/index.php?rest_route=%2Fwp%2Fv2%2Fcomments&post=499"}],"version-history":[{"count":1,"href":"https:\/\/istressportsbadminton.com\/index.php?rest_route=\/wp\/v2\/pages\/499\/revisions"}],"predecessor-version":[{"id":500,"href":"https:\/\/istressportsbadminton.com\/index.php?rest_route=\/wp\/v2\/pages\/499\/revisions\/500"}],"wp:attachment":[{"href":"https:\/\/istressportsbadminton.com\/index.php?rest_route=%2Fwp%2Fv2%2Fmedia&parent=499"}],"curies":[{"name":"wp","href":"https:\/\/api.w.org\/{rel}","templated":true}]}}