{"id":502,"date":"2015-12-22T01:24:01","date_gmt":"2015-12-22T00:24:01","guid":{"rendered":"http:\/\/istressportsbadminton.com\/?page_id=502"},"modified":"2015-12-22T01:24:41","modified_gmt":"2015-12-22T00:24:41","slug":"compte-rendu-j2-2","status":"publish","type":"page","link":"https:\/\/istressportsbadminton.com\/?page_id=502","title":{"rendered":"Compte rendu J3"},"content":{"rendered":"<p>Pour leur 2eme match du championnat PromoBad, l&rsquo;\u00e9quipe du Captain Olive se d\u00e9pla\u00e7ait \u00e0 St-Cannat. Dans ce championnat aux configurations de matchs libres, il avait \u00e9t\u00e9 d\u00e9cid\u00e9 de jouer 3 simples hommes, 3 doubles hommes et 1 double mixte.<\/p>\n<div>\n<div dir=\"ltr\">\n<div>\n<div>La rencontre d\u00e9butait donc par les 3 simples hommes. Et le manque d&rsquo;habitude de jeu dans cette discipline \u00e9tait malheureusement criante et conduit \u00e0 3 s\u00e8ches d\u00e9faites de <b>Thomas<\/b>, <b>Alex D<\/b> et <b>Florian<\/b>. 0-3 d&rsquo;entr\u00e9e, le d\u00e9cor \u00e9t\u00e9 d\u2019embl\u00e9e (mal) plant\u00e9!<\/div>\n<div><\/div>\n<div>Va s&rsquo;en suivre un premier double mixte compos\u00e9 de <b>C\u00e9line<\/b>\/<b>Olivier<\/b>. Et cette fois-ci, il y eu bataille, les istr\u00e9ens ne s&rsquo;inclinant finalement que de tr\u00e8s peu 21-19 24-22. <b>Thomas<\/b>\/ <b>Jeremy C<\/b>\u00a0ne feront ensuite malheureusement\u00a0pas le poids face \u00e0 leurs adversaires lors du premier DH.<\/div>\n<div>0-5, tout cela commen\u00e7ait a ressembler fortement \u00e0 une piquette&#8230;<\/div>\n<\/div>\n<div><\/div>\n<div>Heureusement, la suite sera un peu plus positive. Les paires plus exp\u00e9riment\u00e9s\u00a0<b>Florian\/<\/b>\u00a0<b>Laurent<\/b> (21-19 21-9)\u00a0et\u00a0<b>Fred\/Alex D <\/b>(16-21 21-13 21-10)\u00a0vont sereinement remporter leurs match. Le dernier match de mixte verra finalement la d\u00e9faite des cousins <b>C\u00e9line<\/b>\/<b>J\u00e9r\u00e9my <\/b>lors du second DMx<b>.<\/b><\/div>\n<div><b>\u00a0<\/b><\/div>\n<div>\n<p>Score final, d\u00e9faite 6\/2, mais une bonne exp\u00e9rience d&#8217;emmagasin\u00e9e pour <b>C\u00e9line<\/b>, <b>Thomas<\/b> et <b>J\u00e9r\u00e9my<\/b>, tous d\u00e9butants de cette ann\u00e9e faut-il le rappeler.<\/p>\n<p>Alex D<\/p>\n<\/div>\n<\/div>\n<\/div>\n","protected":false},"excerpt":{"rendered":"<p>Pour leur 2eme match du championnat PromoBad, l&rsquo;\u00e9quipe du Captain Olive se d\u00e9pla\u00e7ait \u00e0 St-Cannat. Dans ce championnat aux configurations de matchs libres, il avait \u00e9t\u00e9 d\u00e9cid\u00e9 de jouer 3 simples hommes, 3 doubles hommes et 1 double mixte. La rencontre d\u00e9butait donc par les 3 simples hommes. Et le manque d&rsquo;habitude de jeu dans &hellip; <a href=\"https:\/\/istressportsbadminton.com\/?page_id=502\" class=\"more-link\">Continuer la lecture<span class=\"screen-reader-text\"> de &laquo;&nbsp;Compte rendu J3&nbsp;&raquo;<\/span><\/a><\/p>\n","protected":false},"author":2,"featured_media":0,"parent":0,"menu_order":0,"comment_status":"closed","ping_status":"closed","template":"","meta":{"sfsi_plus_gutenberg_text_before_share":"","sfsi_plus_gutenberg_show_text_before_share":"","sfsi_plus_gutenberg_icon_type":"","sfsi_plus_gutenberg_icon_alignemt":"","sfsi_plus_gutenburg_max_per_row":""},"_links":{"self":[{"href":"https:\/\/istressportsbadminton.com\/index.php?rest_route=\/wp\/v2\/pages\/502"}],"collection":[{"href":"https:\/\/istressportsbadminton.com\/index.php?rest_route=\/wp\/v2\/pages"}],"about":[{"href":"https:\/\/istressportsbadminton.com\/index.php?rest_route=\/wp\/v2\/types\/page"}],"author":[{"embeddable":true,"href":"https:\/\/istressportsbadminton.com\/index.php?rest_route=\/wp\/v2\/users\/2"}],"replies":[{"embeddable":true,"href":"https:\/\/istressportsbadminton.com\/index.php?rest_route=%2Fwp%2Fv2%2Fcomments&post=502"}],"version-history":[{"count":2,"href":"https:\/\/istressportsbadminton.com\/index.php?rest_route=\/wp\/v2\/pages\/502\/revisions"}],"predecessor-version":[{"id":505,"href":"https:\/\/istressportsbadminton.com\/index.php?rest_route=\/wp\/v2\/pages\/502\/revisions\/505"}],"wp:attachment":[{"href":"https:\/\/istressportsbadminton.com\/index.php?rest_route=%2Fwp%2Fv2%2Fmedia&parent=502"}],"curies":[{"name":"wp","href":"https:\/\/api.w.org\/{rel}","templated":true}]}}