{"id":506,"date":"2015-12-22T01:27:06","date_gmt":"2015-12-22T00:27:06","guid":{"rendered":"http:\/\/istressportsbadminton.com\/?page_id=506"},"modified":"2015-12-22T01:27:06","modified_gmt":"2015-12-22T00:27:06","slug":"compte-rendu-j3","status":"publish","type":"page","link":"https:\/\/istressportsbadminton.com\/?page_id=506","title":{"rendered":"Compte rendu J3"},"content":{"rendered":"<p>Mardi 8 d\u00e9cembre se jouait \u00e0 Donadieu la 3e journ\u00e9e des interclubs d\u00e9partementaux avec deux rencontres au programme: En D1, l&rsquo;\u00e9quipe de <b>Greg <\/b>recevait Vitrolles tandis qu&rsquo;en D4, l&rsquo;\u00e9quipe de <b>Thibaud <\/b>recevait P\u00e9lissanne.<br \/>\nAvec deux victoires lors des deux premiers journ\u00e9es, l&rsquo;\u00e9quipe 2 d&rsquo;ISB recevait (pour la 3e fois cons\u00e9cutive) une \u00e9quipe de Vitrolles qui pr\u00e9sentait un bilan mitig\u00e9 d&rsquo;une victoire et d&rsquo;une d\u00e9faite depuis le d\u00e9but de la saison. Objectif \u00e9tait donc simple: Confirmer l&rsquo;excellent d\u00e9but de saison et asseoir la place de leader au classement de la poule B. Confront\u00e9 \u00e0 des contraintes de r\u00e8glement, <b>Greg <\/b>a du se creuser la t\u00eate pour composer une \u00e9quipe comp\u00e9titive: Ce sont finalement <b>Teddy<\/b>, <b>Greg<\/b>, <b>Steph<\/b>, <b>Agn\u00e8s <\/b>et <b>Aur\u00e9lie <\/b>qui sont align\u00e9s pour tenter de ramener la victoire \u00e0 notre club.<\/p>\n<p>Sans surprise, <b>Teddy <\/b>remporte sa 3e victoire en simple de la saison en interclub contre son ami Mathieu BALSAMO sans trembler (21-15 21-17).<\/p>\n<p>Dans le m\u00eame temps, le capitaine <b>Greg <\/b>se retrouve oppos\u00e9 en SH2 au (tr\u00e8s) jeune Gabriel RODRIGUES, tout juste 13 ans. Et c&rsquo;est au terme d&rsquo;un v\u00e9ritable marathon conclu 21-19 au 3e set que notre istr\u00e9en va finir par l&#8217;emporter apr\u00e8s une extraordinaire r\u00e9sistance de ce futur tr\u00e8s grand joueur ;).<\/p>\n<p>Enfin dans le 3e match de la premi\u00e8re rotation, <b>Steph<\/b>, en SH3, affrontait Guillaume MORILLON dans un match qui semblait \u00e9quilibr\u00e9 sur le papier. Malheureusement, malgr\u00e9 un beau combat dans le 2e set, Steph s&rsquo;inclinera en 2 sets 13-21 23-25. 2-1 pour ISB apr\u00e8s les 3 premiers matchs.<\/p>\n<p>Habituellement align\u00e9e avec l&rsquo;\u00e9quipe 1, <b>Aur\u00e9lie<\/b>, indisponible le week end suivant\u00a0 pour la R3, venait renforcer la d\u00e9partementale 1 et se retrouver align\u00e9e en simple dame. Oppos\u00e9e \u00e0 Natacha FORESTIER, notre istr\u00e9enne va tant bien que mal tenir son rang avec une belle victoire au bout du 3e set (21-18) face \u00e0 une joueuse extr\u00eamement accrocheuse. 3-1 apr\u00e8s les 4 simples !<\/p>\n<p>Place d\u00e9sormais aux doubles avec une association in\u00e9dite en DH: <b>Teddy <\/b>et <b>St\u00e9ph <\/b>se retrouvent oppos\u00e9s \u00e0 leur adversaire respectif des simples 1 et 3 pour une victoire \u00e0 nouveau en 3 sets 21-14 18-21 21-12.<\/p>\n<p>Dans le 6e et avant dernier match de la rencontre, <b>Greg <\/b>et <b>Agn\u00e8s<\/b>, qui restaient sur une d\u00e9faite face \u00e0 Salon, ne firent qu&rsquo;une bouch\u00e9e de leur adversaire 21-15 21-09 pour signer leur premi\u00e8re victoire de la saison ensemble en interclubs.<\/p>\n<p>Enfin pour conclure, <b>Agn\u00e8s <\/b>et <b>Aur\u00e9lie<\/b>, largement au dessus de leurs adversaires, remportaient le double dame sans trembler 21-11 21-11. 6-1! Bravo donc \u00e0 <b>Greg <\/b>et \u00e0 son \u00e9quipe pour cette belle 3e victoire en 3 matchs qui confirme un peu plus sa domination sur la poule B de la d\u00e9partementale 1.<\/p>\n<p>Prochain rendez vous: d\u00e9placement (le 1er de la saison) le 11 janvier chez la lanterne rouge Port de Bouc. Objectif 4\/4!!<\/p>\n","protected":false},"excerpt":{"rendered":"<p>Mardi 8 d\u00e9cembre se jouait \u00e0 Donadieu la 3e journ\u00e9e des interclubs d\u00e9partementaux avec deux rencontres au programme: En D1, l&rsquo;\u00e9quipe de Greg recevait Vitrolles tandis qu&rsquo;en D4, l&rsquo;\u00e9quipe de Thibaud recevait P\u00e9lissanne. Avec deux victoires lors des deux premiers journ\u00e9es, l&rsquo;\u00e9quipe 2 d&rsquo;ISB recevait (pour la 3e fois cons\u00e9cutive) une \u00e9quipe de Vitrolles qui &hellip; <a href=\"https:\/\/istressportsbadminton.com\/?page_id=506\" class=\"more-link\">Continuer la lecture<span class=\"screen-reader-text\"> de &laquo;&nbsp;Compte rendu J3&nbsp;&raquo;<\/span><\/a><\/p>\n","protected":false},"author":2,"featured_media":0,"parent":0,"menu_order":0,"comment_status":"closed","ping_status":"closed","template":"","meta":{"sfsi_plus_gutenberg_text_before_share":"","sfsi_plus_gutenberg_show_text_before_share":"","sfsi_plus_gutenberg_icon_type":"","sfsi_plus_gutenberg_icon_alignemt":"","sfsi_plus_gutenburg_max_per_row":""},"_links":{"self":[{"href":"https:\/\/istressportsbadminton.com\/index.php?rest_route=\/wp\/v2\/pages\/506"}],"collection":[{"href":"https:\/\/istressportsbadminton.com\/index.php?rest_route=\/wp\/v2\/pages"}],"about":[{"href":"https:\/\/istressportsbadminton.com\/index.php?rest_route=\/wp\/v2\/types\/page"}],"author":[{"embeddable":true,"href":"https:\/\/istressportsbadminton.com\/index.php?rest_route=\/wp\/v2\/users\/2"}],"replies":[{"embeddable":true,"href":"https:\/\/istressportsbadminton.com\/index.php?rest_route=%2Fwp%2Fv2%2Fcomments&post=506"}],"version-history":[{"count":1,"href":"https:\/\/istressportsbadminton.com\/index.php?rest_route=\/wp\/v2\/pages\/506\/revisions"}],"predecessor-version":[{"id":507,"href":"https:\/\/istressportsbadminton.com\/index.php?rest_route=\/wp\/v2\/pages\/506\/revisions\/507"}],"wp:attachment":[{"href":"https:\/\/istressportsbadminton.com\/index.php?rest_route=%2Fwp%2Fv2%2Fmedia&parent=506"}],"curies":[{"name":"wp","href":"https:\/\/api.w.org\/{rel}","templated":true}]}}