{"id":509,"date":"2015-12-22T01:28:46","date_gmt":"2015-12-22T00:28:46","guid":{"rendered":"http:\/\/istressportsbadminton.com\/?page_id=509"},"modified":"2015-12-22T01:28:46","modified_gmt":"2015-12-22T00:28:46","slug":"compte-rendu-j3-2","status":"publish","type":"page","link":"https:\/\/istressportsbadminton.com\/?page_id=509","title":{"rendered":"Compte rendu J3"},"content":{"rendered":"<p>Dans l&rsquo;autre rencontre de la soir\u00e9e, l&rsquo;\u00e9quipe 3 d&rsquo;ISB affrontait P\u00e9lissanne. Apr\u00e8s une d\u00e9faite lors de la 1ere journ\u00e9e contre la M\u00e8de (0-6), les p\u00e9lissannais s\u2019\u00e9taient bien repris lors de la 2e journ\u00e9e contre Bouc Bel Air en l&#8217;emportant 5-2. Apr\u00e8s concertation, les capitaines avaient d\u00e9cid\u00e9 de d\u00e9buter la rencontre par les doubles hommes et dames:<\/p>\n<p>Align\u00e9s pour la premi\u00e8re fois depuis leur belle victoire lors du match pour la 3e place des play off en juin, <b>Thibaud <\/b>et <b>Alex<\/b> retrouv\u00e8rent rapidement leurs marques dans un match d\u00e9marr\u00e9 tambour battant. Apr\u00e8s un 1er set remport\u00e9 facilement 21-11, le pr\u00e9sident associ\u00e9 \u00e0 son secr\u00e9taire, conclurent le match apr\u00e8s un 2e set plus accroch\u00e9 21-18.<\/p>\n<p>Association in\u00e9dite en double dame avec la paire <b>Marie-Laure<\/b> \/ <b>Annie <\/b>qui, au terme d&rsquo;un match interminable (presque une heure!), parvinrent \u00e0 remporter une magnifique victoire au bout du suspense 23-21 au 3e!! Bravo les filles!!<\/p>\n<p>Tous les 3 mieux class\u00e9s que leurs adversaires, les 3 simples hommes jou\u00e9s respectivement par <b>Dorian<\/b>, <b>Thibaud <\/b>et <b>J\u00e9r\u00e9my<\/b>, remport\u00e8rent plus ou moins facilement leurs matchs avec une mention sp\u00e9ciale pour notre mascotte <b>J\u00e9r\u00e9my <\/b>qui gagne son 2e match de la saison malgr\u00e9 la perte du premier set. 5-0 la rencontre \u00e9tait boucl\u00e9e.<\/p>\n<p><b>Marie-Laure<\/b>, tout juste remise de son marathon en double, se retrouvait ensuite oppos\u00e9 \u00e0 Sol\u00e8ne GARCIA, l&rsquo;une de ses adversaires en double, pour un nouveau match \u00e0 rallonge! En effet apr\u00e8s la perte du premier set sur le score serr\u00e9 de 21-19, notre istr\u00e9enne, pourtant men\u00e9e largement dans le 2e, allait avoir le m\u00e9rite de s&rsquo;accrocher pour remonter petit \u00e0 petit et l&#8217;emporter 23-21! Malheureusement, \u00e0 bout physiquement, <b>Marie-Laure<\/b> finira par craquer dans le 3e set sur le score de 21-12. Dommage! La 1ere victoire en simple de sa carri\u00e8re n&rsquo;\u00e9tait pas loin!<\/p>\n<p>Enfin pour terminer la soir\u00e9e, nos magnifiques v\u00e9t\u00e9rans <b>Franck <\/b>et <b>Annie <\/b>survol\u00e8rent leur mixte, malgr\u00e9 une contracture au mollet pour <b>Annie <\/b>qui l\u2019obligea \u00e0 jouer sur une jambe, sur le score sans appel de 21-16 21-10. Et de 3 donc pour <b>Thibaud <\/b>et son \u00e9quipe qui caracolent en t\u00eate de la poule B de la d\u00e9partementale 4 avec 3 victoires en 3 matchs!<\/p>\n<p>Prochaine rencontre au sommet d\u00e9but janvier contre La M\u00e8de pour le remake de la demi finale \u00e9pique de la saison derni\u00e8re (hein <b>Maxime<\/b>?? lol)<\/p>\n","protected":false},"excerpt":{"rendered":"<p>Dans l&rsquo;autre rencontre de la soir\u00e9e, l&rsquo;\u00e9quipe 3 d&rsquo;ISB affrontait P\u00e9lissanne. Apr\u00e8s une d\u00e9faite lors de la 1ere journ\u00e9e contre la M\u00e8de (0-6), les p\u00e9lissannais s\u2019\u00e9taient bien repris lors de la 2e journ\u00e9e contre Bouc Bel Air en l&#8217;emportant 5-2. Apr\u00e8s concertation, les capitaines avaient d\u00e9cid\u00e9 de d\u00e9buter la rencontre par les doubles hommes et &hellip; <a href=\"https:\/\/istressportsbadminton.com\/?page_id=509\" class=\"more-link\">Continuer la lecture<span class=\"screen-reader-text\"> de &laquo;&nbsp;Compte rendu J3&nbsp;&raquo;<\/span><\/a><\/p>\n","protected":false},"author":2,"featured_media":0,"parent":0,"menu_order":0,"comment_status":"closed","ping_status":"closed","template":"","meta":{"sfsi_plus_gutenberg_text_before_share":"","sfsi_plus_gutenberg_show_text_before_share":"","sfsi_plus_gutenberg_icon_type":"","sfsi_plus_gutenberg_icon_alignemt":"","sfsi_plus_gutenburg_max_per_row":""},"_links":{"self":[{"href":"https:\/\/istressportsbadminton.com\/index.php?rest_route=\/wp\/v2\/pages\/509"}],"collection":[{"href":"https:\/\/istressportsbadminton.com\/index.php?rest_route=\/wp\/v2\/pages"}],"about":[{"href":"https:\/\/istressportsbadminton.com\/index.php?rest_route=\/wp\/v2\/types\/page"}],"author":[{"embeddable":true,"href":"https:\/\/istressportsbadminton.com\/index.php?rest_route=\/wp\/v2\/users\/2"}],"replies":[{"embeddable":true,"href":"https:\/\/istressportsbadminton.com\/index.php?rest_route=%2Fwp%2Fv2%2Fcomments&post=509"}],"version-history":[{"count":1,"href":"https:\/\/istressportsbadminton.com\/index.php?rest_route=\/wp\/v2\/pages\/509\/revisions"}],"predecessor-version":[{"id":510,"href":"https:\/\/istressportsbadminton.com\/index.php?rest_route=\/wp\/v2\/pages\/509\/revisions\/510"}],"wp:attachment":[{"href":"https:\/\/istressportsbadminton.com\/index.php?rest_route=%2Fwp%2Fv2%2Fmedia&parent=509"}],"curies":[{"name":"wp","href":"https:\/\/api.w.org\/{rel}","templated":true}]}}