{"id":519,"date":"2015-12-26T20:51:39","date_gmt":"2015-12-26T19:51:39","guid":{"rendered":"http:\/\/istressportsbadminton.com\/?page_id=519"},"modified":"2015-12-26T21:49:56","modified_gmt":"2015-12-26T20:49:56","slug":"decembre-2015","status":"publish","type":"page","link":"https:\/\/istressportsbadminton.com\/?page_id=519","title":{"rendered":"D\u00e9cembre 2015"},"content":{"rendered":"<p><strong>Quelle belle ann\u00e9e !! Joyeux Anniversaire.<\/strong><\/p>\n<p>Ce 10 d\u00e9cembre, Solibad c\u00e9l\u00e9brait son sixi\u00e8me anniversaire.\u00a0<a href=\"http:\/\/istressportsbadminton.com\/wp-content\/uploads\/2015\/12\/Solibad-happy-birthday.jpg\"><img loading=\"lazy\" class=\"wp-image-522 alignright\" src=\"http:\/\/istressportsbadminton.com\/wp-content\/uploads\/2015\/12\/Solibad-happy-birthday-300x135.jpg\" alt=\"Solibad happy birthday\" width=\"395\" height=\"178\" srcset=\"https:\/\/istressportsbadminton.com\/wp-content\/uploads\/2015\/12\/Solibad-happy-birthday-300x135.jpg 300w, https:\/\/istressportsbadminton.com\/wp-content\/uploads\/2015\/12\/Solibad-happy-birthday-2x1.jpg 2w, https:\/\/istressportsbadminton.com\/wp-content\/uploads\/2015\/12\/Solibad-happy-birthday.jpg 1000w\" sizes=\"(max-width: 395px) 85vw, 395px\" \/><\/a><\/p>\n<p>Et oui, six ans d\u00e9j\u00e0 que votre Association pr\u00e9f\u00e9r\u00e9e a vu le jour et elle grandit bien, les chiffres sont en augmentation \u00e0 tous niveaux !!<br \/>\nNous avons en ce jour d\u2019anniversaire pas moins de 14 F\u00e9d\u00e9rations, 20 Ligues et Codeps, 165 Clubs et 57 Ambassadeurs qui nous soutiennent \u00e0 travers le monde entier.<br \/>\nMais c\u2019est aussi et surtout 11 programmes en bonne progression et 2 nouveaux qui d\u00e9butent en cette fin d\u2019ann\u00e9e.<\/p>\n<hr \/>\n<p>&nbsp;<\/p>\n<p><img loading=\"lazy\" class=\"wp-image-524 alignleft\" src=\"http:\/\/istressportsbadminton.com\/wp-content\/uploads\/2015\/12\/Solibad-img1-300x220.jpg\" alt=\"Solibad img1\" width=\"357\" height=\"262\" srcset=\"https:\/\/istressportsbadminton.com\/wp-content\/uploads\/2015\/12\/Solibad-img1-300x220.jpg 300w, https:\/\/istressportsbadminton.com\/wp-content\/uploads\/2015\/12\/Solibad-img1-1x1.jpg 1w, https:\/\/istressportsbadminton.com\/wp-content\/uploads\/2015\/12\/Solibad-img1.jpg 422w\" sizes=\"(max-width: 357px) 85vw, 357px\" \/>Mais Solibad ne peut exister que gr\u00e2ce \u00e0 vous.<\/p>\n<p>Vos dons, les stands lors des tournois, la boutique, les participations \u00e0 l\u2019inscription et\/ou \u00e0 la buvette, les tombolas, les ventes aux ench\u00e8res, les organisations d\u2019\u00e9v\u00e9nements au profit de Solibad, la Course des H\u00e9ros et bien d\u2019autres choses.<br \/>\nUN TOUT GRAND MERCI A TOUS !!!<br \/>\n<span style=\"color: #339966;\">N\u2019oubliez pas que Solibad \u00e9tant une association reconnue d\u2019Int\u00e9r\u00eat g\u00e9n\u00e9ral les dons vous donnent droit \u00e0 une r\u00e9duction d\u2019imp\u00f4t \u00e0 hauteur de 66 % !!!<\/span><\/p>\n<hr \/>\n<p>&nbsp;<\/p>\n<p><span style=\"color: #3366ff;\"><strong><a href=\"http:\/\/istressportsbadminton.com\/wp-content\/uploads\/2015\/12\/Solibad-img2.jpg\"><img loading=\"lazy\" class=\"size-full wp-image-525 alignleft\" src=\"http:\/\/istressportsbadminton.com\/wp-content\/uploads\/2015\/12\/Solibad-img2.jpg\" alt=\"Solibad img2\" width=\"114\" height=\"118\" srcset=\"https:\/\/istressportsbadminton.com\/wp-content\/uploads\/2015\/12\/Solibad-img2.jpg 114w, https:\/\/istressportsbadminton.com\/wp-content\/uploads\/2015\/12\/Solibad-img2-1x1.jpg 1w\" sizes=\"(max-width: 114px) 85vw, 114px\" \/><\/a>25000 euros<\/strong><\/span> c\u2019est le montant que nous allons distribuer en cette fin d\u2019ann\u00e9e !<br \/>\nCette somme sera r\u00e9partie en fonction des besoins \u00e0 nos programmes au Br\u00e9sil, en Ouganda, en Malaisie, en Iran, en Inde, en Colombie et \u00e0 notre tout nouveau en Indon\u00e9sie.<\/p>\n<hr \/>\n<p>&nbsp;<\/p>\n<p>&nbsp;<\/p>\n<h3><strong><span style=\"color: #ff0000;\">\u00a0 \u00a0 \u00a0 \u00a0 \u00a0 \u00a0 \u00a0 \u00a0 \u00a0 \u00a0 \u00a0 \u00a0 \u00a0 \u00a0 \u00a0 \u00a0 Joyeuses F\u00eates de fin d\u2019ann\u00e9e<\/span><\/strong><\/h3>\n<p>&nbsp;<\/p>\n<p>Contacts : Rapha\u00ebl raphael@solibad.net et Colette cristina@solibad.net<\/p>\n","protected":false},"excerpt":{"rendered":"<p>Quelle belle ann\u00e9e !! Joyeux Anniversaire. Ce 10 d\u00e9cembre, Solibad c\u00e9l\u00e9brait son sixi\u00e8me anniversaire.\u00a0 Et oui, six ans d\u00e9j\u00e0 que votre Association pr\u00e9f\u00e9r\u00e9e a vu le jour et elle grandit bien, les chiffres sont en augmentation \u00e0 tous niveaux !! Nous avons en ce jour d\u2019anniversaire pas moins de 14 F\u00e9d\u00e9rations, 20 Ligues et Codeps, &hellip; <a href=\"https:\/\/istressportsbadminton.com\/?page_id=519\" class=\"more-link\">Continuer la lecture<span class=\"screen-reader-text\"> de &laquo;&nbsp;D\u00e9cembre 2015&nbsp;&raquo;<\/span><\/a><\/p>\n","protected":false},"author":3,"featured_media":0,"parent":0,"menu_order":0,"comment_status":"closed","ping_status":"closed","template":"","meta":{"sfsi_plus_gutenberg_text_before_share":"","sfsi_plus_gutenberg_show_text_before_share":"","sfsi_plus_gutenberg_icon_type":"","sfsi_plus_gutenberg_icon_alignemt":"","sfsi_plus_gutenburg_max_per_row":""},"_links":{"self":[{"href":"https:\/\/istressportsbadminton.com\/index.php?rest_route=\/wp\/v2\/pages\/519"}],"collection":[{"href":"https:\/\/istressportsbadminton.com\/index.php?rest_route=\/wp\/v2\/pages"}],"about":[{"href":"https:\/\/istressportsbadminton.com\/index.php?rest_route=\/wp\/v2\/types\/page"}],"author":[{"embeddable":true,"href":"https:\/\/istressportsbadminton.com\/index.php?rest_route=\/wp\/v2\/users\/3"}],"replies":[{"embeddable":true,"href":"https:\/\/istressportsbadminton.com\/index.php?rest_route=%2Fwp%2Fv2%2Fcomments&post=519"}],"version-history":[{"count":5,"href":"https:\/\/istressportsbadminton.com\/index.php?rest_route=\/wp\/v2\/pages\/519\/revisions"}],"predecessor-version":[{"id":530,"href":"https:\/\/istressportsbadminton.com\/index.php?rest_route=\/wp\/v2\/pages\/519\/revisions\/530"}],"wp:attachment":[{"href":"https:\/\/istressportsbadminton.com\/index.php?rest_route=%2Fwp%2Fv2%2Fmedia&parent=519"}],"curies":[{"name":"wp","href":"https:\/\/api.w.org\/{rel}","templated":true}]}}