{"id":607,"date":"2016-01-16T00:40:37","date_gmt":"2016-01-15T23:40:37","guid":{"rendered":"http:\/\/istressportsbadminton.com\/?page_id=607"},"modified":"2016-01-16T00:40:37","modified_gmt":"2016-01-15T23:40:37","slug":"compte-rendu-j4","status":"publish","type":"page","link":"https:\/\/istressportsbadminton.com\/?page_id=607","title":{"rendered":"Compte rendu J4"},"content":{"rendered":"<p>Lundi 11 janvier, choc des extr\u00eames en d\u00e9partementale 1 o\u00f9 l&rsquo;\u00e9quipe 2 d&rsquo;ISB du capitaine <b>Greg<\/b>, leader invaincu de la poule, faisait le court d\u00e9placement chez nos amis de Port de Bouc bon dernier avec 3 d\u00e9faites en 3 matchs.<br \/>\nEt la sup\u00e9riorit\u00e9 des istr\u00e9ens allait rapidement se mat\u00e9rialiser sur le terrain avec une victoire s\u00e8che et rapide sur le score de 7-0 en moins d&rsquo;une heure. Aucun probl\u00e8me pour <b>Quentin<\/b>, <b>Teddy <\/b>et <b>Maxence <\/b>align\u00e9s en simple homme, de m\u00eame que pour <b>Aur\u00e9lie <\/b>en simple dame. Les doubles mixte (<b>Greg <\/b>et <b>Agn\u00e8s<\/b>), homme (<b>Quentin <\/b>et <b>Jean Pierre<\/b>) et dame (<b>Aur\u00e9lie <\/b>et <b>Agn\u00e8s<\/b>) s\u2019av\u00e9reront \u00e9galement une simple formalit\u00e9. La D1 signe donc sa 4e victoire en autant de match et conforte sa 1ere place en t\u00eate de la poule B. Prochain rendez vous le mardi 26 janvier \u00e0 Arles, 3e de la poule.<\/p>\n","protected":false},"excerpt":{"rendered":"<p>Lundi 11 janvier, choc des extr\u00eames en d\u00e9partementale 1 o\u00f9 l&rsquo;\u00e9quipe 2 d&rsquo;ISB du capitaine Greg, leader invaincu de la poule, faisait le court d\u00e9placement chez nos amis de Port de Bouc bon dernier avec 3 d\u00e9faites en 3 matchs. Et la sup\u00e9riorit\u00e9 des istr\u00e9ens allait rapidement se mat\u00e9rialiser sur le terrain avec une victoire &hellip; <a href=\"https:\/\/istressportsbadminton.com\/?page_id=607\" class=\"more-link\">Continuer la lecture<span class=\"screen-reader-text\"> de &laquo;&nbsp;Compte rendu J4&nbsp;&raquo;<\/span><\/a><\/p>\n","protected":false},"author":2,"featured_media":0,"parent":0,"menu_order":0,"comment_status":"closed","ping_status":"closed","template":"","meta":{"sfsi_plus_gutenberg_text_before_share":"","sfsi_plus_gutenberg_show_text_before_share":"","sfsi_plus_gutenberg_icon_type":"","sfsi_plus_gutenberg_icon_alignemt":"","sfsi_plus_gutenburg_max_per_row":""},"_links":{"self":[{"href":"https:\/\/istressportsbadminton.com\/index.php?rest_route=\/wp\/v2\/pages\/607"}],"collection":[{"href":"https:\/\/istressportsbadminton.com\/index.php?rest_route=\/wp\/v2\/pages"}],"about":[{"href":"https:\/\/istressportsbadminton.com\/index.php?rest_route=\/wp\/v2\/types\/page"}],"author":[{"embeddable":true,"href":"https:\/\/istressportsbadminton.com\/index.php?rest_route=\/wp\/v2\/users\/2"}],"replies":[{"embeddable":true,"href":"https:\/\/istressportsbadminton.com\/index.php?rest_route=%2Fwp%2Fv2%2Fcomments&post=607"}],"version-history":[{"count":1,"href":"https:\/\/istressportsbadminton.com\/index.php?rest_route=\/wp\/v2\/pages\/607\/revisions"}],"predecessor-version":[{"id":608,"href":"https:\/\/istressportsbadminton.com\/index.php?rest_route=\/wp\/v2\/pages\/607\/revisions\/608"}],"wp:attachment":[{"href":"https:\/\/istressportsbadminton.com\/index.php?rest_route=%2Fwp%2Fv2%2Fmedia&parent=607"}],"curies":[{"name":"wp","href":"https:\/\/api.w.org\/{rel}","templated":true}]}}