{"id":613,"date":"2016-01-16T00:42:45","date_gmt":"2016-01-15T23:42:45","guid":{"rendered":"http:\/\/istressportsbadminton.com\/?page_id=613"},"modified":"2016-01-22T15:20:47","modified_gmt":"2016-01-22T14:20:47","slug":"compte-rendu-j4-3","status":"publish","type":"page","link":"https:\/\/istressportsbadminton.com\/?page_id=613","title":{"rendered":"Compte rendu J4"},"content":{"rendered":"<p>Mercredi 13 janvier, c\u2019\u00e9tait au tour de l&rsquo;\u00e9quipe PromoBad de jouer, en d\u00e9placement \u00e0 Rognes pour la 3\u00e8me rencontre de leur jeune histoire et pour tenter de reprendre \u00e0 leurs h\u00f4tes d&rsquo;un soir la seconde place de la\u00a0poule.<\/p>\n<div>\n<p><b>Alex D<\/b>, capitaine par int\u00e9rim\u00a0en ce mois de janvier\u00a0en l&rsquo;absence du Captain <b>Olive<\/b>, avait d\u00e9cid\u00e9 d&#8217;emmener une \u00e9quipe compos\u00e9e de 3 d\u00e9butants \u00e0 ce niveau (<b>Aur\u00e9lie G<\/b>, <b>Taline <\/b>et <b>S\u00e9bastien L<\/b>) encadr\u00e9s par 6 joueurs (tr\u00e8s l\u00e9g\u00e8rement) plus exp\u00e9riment\u00e9s (<b>C\u00e9line<\/b>, <b>Charles<\/b>, <b>David<\/b>, <b>Valentin<\/b>, <b>Fred <\/b>et <b>Alex D<\/b>). 12 matchs avaient \u00e9t\u00e9 programm\u00e9s par les 2 capitaines: 3 simples homme, 3 doubles homme, 3 doubles dames et 3 doubles mixte.<\/p>\n<div><\/div>\n<div>La rencontre d\u00e9butait par un premier double dame associant <b>C\u00e9line <\/b>\u00e0 une <b>Aur\u00e9lie <\/b>stress\u00e9e pour son tout premier match de comp\u00e9tition. Mais l&rsquo;assurance de <b>C\u00e9line <\/b>lui permet de vite oublier ses craintes et aux filles de remporter en 2 sets ce premier point importantissime pour mettre toute l&rsquo;\u00e9quipe sur de bons rails et d\u00e9complexer tout le monde.<\/div>\n<div>\n<div><\/div>\n<div>Les 3 simples hommes remport\u00e9s plus tard (<b>Charles <\/b>et\u00a0<b>David <\/b>en 3 set acharn\u00e9s,\u00a0<b>Valentin <\/b>plus tranquillement), puis 3 doubles hommes \u00e9galement victorieux des paires <b>Charles\/ Seb<\/b>, <b>Fred\/Alex<\/b> et <b>David\/Valentin<\/b>. La gagne \u00e9tait l\u00e0!<\/div>\n<div>Surtout que dans le m\u00eame temps, les filles n&rsquo;avaient pas ch\u00f4m\u00e9. <b>Taline <\/b>remportait elle aussi son tout premier match associ\u00e9e \u00e0 une <b>C\u00e9line <\/b>d\u00e9cid\u00e9ment intenable (\u00e9galement vainqueur de son 3\u00e8me match de la soir\u00e9e associ\u00e9e en mixte avec <b>Fred<\/b>).<\/div>\n<div>Les d\u00e9faites de <b>Aur\u00e9lie\/Taline<\/b>\u00a0en double et de\u00a0<b>Taline\/Seb<\/b> et <b>Aur\u00e9lie\/Alex<\/b> en mixte ne seront finalement qu\u2019anecdotiques.<\/div>\n<div><\/div>\n<div>Au final une superbe victoire 9\/3, \u00a0synonyme de 2\u00e8me place au classement derri\u00e8re l&rsquo;invaincu leader de St Cannat. Mention tr\u00e8s sp\u00e9ciale a nos trois super filles qui ont assur\u00e9 comme des pros! Bravo tout le monde!<\/div>\n<\/div>\n<\/div>\n","protected":false},"excerpt":{"rendered":"<p>Mercredi 13 janvier, c\u2019\u00e9tait au tour de l&rsquo;\u00e9quipe PromoBad de jouer, en d\u00e9placement \u00e0 Rognes pour la 3\u00e8me rencontre de leur jeune histoire et pour tenter de reprendre \u00e0 leurs h\u00f4tes d&rsquo;un soir la seconde place de la\u00a0poule. Alex D, capitaine par int\u00e9rim\u00a0en ce mois de janvier\u00a0en l&rsquo;absence du Captain Olive, avait d\u00e9cid\u00e9 d&#8217;emmener une &hellip; <a href=\"https:\/\/istressportsbadminton.com\/?page_id=613\" class=\"more-link\">Continuer la lecture<span class=\"screen-reader-text\"> de &laquo;&nbsp;Compte rendu J4&nbsp;&raquo;<\/span><\/a><\/p>\n","protected":false},"author":2,"featured_media":0,"parent":0,"menu_order":0,"comment_status":"closed","ping_status":"closed","template":"","meta":{"sfsi_plus_gutenberg_text_before_share":"","sfsi_plus_gutenberg_show_text_before_share":"","sfsi_plus_gutenberg_icon_type":"","sfsi_plus_gutenberg_icon_alignemt":"","sfsi_plus_gutenburg_max_per_row":""},"_links":{"self":[{"href":"https:\/\/istressportsbadminton.com\/index.php?rest_route=\/wp\/v2\/pages\/613"}],"collection":[{"href":"https:\/\/istressportsbadminton.com\/index.php?rest_route=\/wp\/v2\/pages"}],"about":[{"href":"https:\/\/istressportsbadminton.com\/index.php?rest_route=\/wp\/v2\/types\/page"}],"author":[{"embeddable":true,"href":"https:\/\/istressportsbadminton.com\/index.php?rest_route=\/wp\/v2\/users\/2"}],"replies":[{"embeddable":true,"href":"https:\/\/istressportsbadminton.com\/index.php?rest_route=%2Fwp%2Fv2%2Fcomments&post=613"}],"version-history":[{"count":2,"href":"https:\/\/istressportsbadminton.com\/index.php?rest_route=\/wp\/v2\/pages\/613\/revisions"}],"predecessor-version":[{"id":617,"href":"https:\/\/istressportsbadminton.com\/index.php?rest_route=\/wp\/v2\/pages\/613\/revisions\/617"}],"wp:attachment":[{"href":"https:\/\/istressportsbadminton.com\/index.php?rest_route=%2Fwp%2Fv2%2Fmedia&parent=613"}],"curies":[{"name":"wp","href":"https:\/\/api.w.org\/{rel}","templated":true}]}}