{"id":622,"date":"2016-01-23T13:40:32","date_gmt":"2016-01-23T12:40:32","guid":{"rendered":"http:\/\/istressportsbadminton.com\/?page_id=622"},"modified":"2016-01-24T18:35:45","modified_gmt":"2016-01-24T17:35:45","slug":"tdj-apt","status":"publish","type":"page","link":"https:\/\/istressportsbadminton.com\/?page_id=622","title":{"rendered":"TDJ Apt"},"content":{"rendered":"<p>Nouveau chapitre des aventures de notre\u00a0petit champion <strong>Swann Hardi<\/strong>.<\/p>\n<p>On l&rsquo;avait quitt\u00e9 au mois de D\u00e9cembre <a href=\"http:\/\/istressportsbadminton.com\/?page_id=490\" target=\"_blank\">tout pr\u00e8s de sa premi\u00e8re victoire en tournoi<\/a>. Dimanche 17 janvier, il remettait le couvert, toujours \u00e0 Apt pour cette fois-ci un\u00a0tournoi d\u00e9partemental jeune.<\/p>\n<p>L&rsquo;entr\u00e9e en mati\u00e8re s&rsquo;av\u00e8re laborieuse pour <strong>Swann<\/strong>. Contre un adversaire qu&rsquo;il avait d\u00e9j\u00e0 battu 2 fois tr\u00e8s facilement, ce premier match lui voit faire beaucoup de fautes directes, mais il va n\u00e9anmoins r\u00e9ussir \u00e0\u00a0l&#8217;emporter, non sans mal 22-20 \/21-19. Les deux autres matchs de poules seront heureusement bien plus facilement n\u00e9goci\u00e9s, dont une victoire tr\u00e8s satisfaisante contre Hugo LURON (21-15 \/21-09), son bourreau de la finale de D\u00e9cembre.<\/p>\n<p>Voila <strong>Swann<\/strong> premier de sa poule et qualifi\u00e9 pour les demi-finales. Il y retrouve le petit Eliott qui l&rsquo;avait \u00e9limin\u00e9\u00a0du\u00a0TDJ d&rsquo;Avignon en octobre. Et cette fois-ci, notre Istr\u00e9en prend sa revanche et se qualifie brillament pour la finale, dans laquelle il retrouve&#8230; Hugo. Ces 2 la ne se quittent plus!<\/p>\n<p>Alors qu&rsquo;il survole\u00a0litt\u00e9ralement ce d\u00e9but de finale (21-08), la pression s&#8217;empare de <strong>Swann<\/strong> dans le\u00a0deuxi\u00e8me set qu&rsquo;il abandonne 21-19. Tout est a refaire lors d&rsquo;un\u00a03\u00e8me set d\u00e9cisif qui s&rsquo;annonce terrible! Et quel set mes amis!<\/p>\n<p>Toutes les\u00a0\u00e9motions possibles vont y passer. Le\u00a0d\u00e9but est catastrophique.\u00a0Men\u00e9 6-2, les larmes font leurs apparitions. Le grand fr\u00e8re <strong>Dorian\u00a0<\/strong>joue alors son r\u00f4le de coach \u00e0 fond et sait redonner confiance \u00e0 <strong>Swann<\/strong> qui parvient \u00e0 recoller \u00e0 11-10 au changement de cot\u00e9. Reprise du jeu, \u00e9galit\u00e9 \u00e0 13-13, la tension est \u00e0 son comble! Tout se joue l\u00e0! Et\u00a0<strong>Swann<\/strong>\u00a0r\u00e9pond superbement pr\u00e9sent et s&rsquo;envole litt\u00e9ralement, victoire\u00a021-15!! Les pleurs sont cette fois ci de la joie pour la toute premi\u00e8re victoire en tournoi de sa tr\u00e8s jeune carri\u00e8re, une victoire qui en appelle \u00e0 coup sur beaucoup d&rsquo;autres!<\/p>\n<p><a href=\"http:\/\/istressportsbadminton.com\/wp-content\/uploads\/2015\/11\/emoji_u1f3c61.png\"><img loading=\"lazy\" class=\"alignnone size-full wp-image-432\" src=\"http:\/\/istressportsbadminton.com\/wp-content\/uploads\/2015\/11\/emoji_u1f3c61.png\" alt=\"Victoire\" width=\"35\" height=\"35\" \/><\/a>Bravo!!\u00a0Et de 18 pour ISB.<\/p>\n<p><a href=\"http:\/\/istressportsbadminton.com\/wp-content\/uploads\/2016\/01\/101.jpg\"><img loading=\"lazy\" class=\"alignleft wp-image-624 size-medium\" src=\"http:\/\/istressportsbadminton.com\/wp-content\/uploads\/2016\/01\/101-169x300.jpg\" alt=\"101\" width=\"169\" height=\"300\" srcset=\"https:\/\/istressportsbadminton.com\/wp-content\/uploads\/2016\/01\/101-169x300.jpg 169w, https:\/\/istressportsbadminton.com\/wp-content\/uploads\/2016\/01\/101-576x1024.jpg 576w, https:\/\/istressportsbadminton.com\/wp-content\/uploads\/2016\/01\/101-1x1.jpg 1w, https:\/\/istressportsbadminton.com\/wp-content\/uploads\/2016\/01\/101.jpg 1440w\" sizes=\"(max-width: 169px) 85vw, 169px\" \/><\/a><a href=\"http:\/\/istressportsbadminton.com\/wp-content\/uploads\/2016\/01\/102.jpg\"><img loading=\"lazy\" class=\"alignnone wp-image-625 size-medium\" src=\"http:\/\/istressportsbadminton.com\/wp-content\/uploads\/2016\/01\/102-169x300.jpg\" alt=\"102\" width=\"169\" height=\"300\" srcset=\"https:\/\/istressportsbadminton.com\/wp-content\/uploads\/2016\/01\/102-169x300.jpg 169w, https:\/\/istressportsbadminton.com\/wp-content\/uploads\/2016\/01\/102-576x1024.jpg 576w, https:\/\/istressportsbadminton.com\/wp-content\/uploads\/2016\/01\/102-1x1.jpg 1w, https:\/\/istressportsbadminton.com\/wp-content\/uploads\/2016\/01\/102.jpg 1440w\" sizes=\"(max-width: 169px) 85vw, 169px\" \/><\/a><\/p>\n<p>&nbsp;<\/p>\n","protected":false},"excerpt":{"rendered":"<p>Nouveau chapitre des aventures de notre\u00a0petit champion Swann Hardi. On l&rsquo;avait quitt\u00e9 au mois de D\u00e9cembre tout pr\u00e8s de sa premi\u00e8re victoire en tournoi. Dimanche 17 janvier, il remettait le couvert, toujours \u00e0 Apt pour cette fois-ci un\u00a0tournoi d\u00e9partemental jeune. L&rsquo;entr\u00e9e en mati\u00e8re s&rsquo;av\u00e8re laborieuse pour Swann. Contre un adversaire qu&rsquo;il avait d\u00e9j\u00e0 battu 2 &hellip; <a href=\"https:\/\/istressportsbadminton.com\/?page_id=622\" class=\"more-link\">Continuer la lecture<span class=\"screen-reader-text\"> de &laquo;&nbsp;TDJ Apt&nbsp;&raquo;<\/span><\/a><\/p>\n","protected":false},"author":3,"featured_media":0,"parent":0,"menu_order":0,"comment_status":"closed","ping_status":"closed","template":"","meta":{"sfsi_plus_gutenberg_text_before_share":"","sfsi_plus_gutenberg_show_text_before_share":"","sfsi_plus_gutenberg_icon_type":"","sfsi_plus_gutenberg_icon_alignemt":"","sfsi_plus_gutenburg_max_per_row":""},"_links":{"self":[{"href":"https:\/\/istressportsbadminton.com\/index.php?rest_route=\/wp\/v2\/pages\/622"}],"collection":[{"href":"https:\/\/istressportsbadminton.com\/index.php?rest_route=\/wp\/v2\/pages"}],"about":[{"href":"https:\/\/istressportsbadminton.com\/index.php?rest_route=\/wp\/v2\/types\/page"}],"author":[{"embeddable":true,"href":"https:\/\/istressportsbadminton.com\/index.php?rest_route=\/wp\/v2\/users\/3"}],"replies":[{"embeddable":true,"href":"https:\/\/istressportsbadminton.com\/index.php?rest_route=%2Fwp%2Fv2%2Fcomments&post=622"}],"version-history":[{"count":9,"href":"https:\/\/istressportsbadminton.com\/index.php?rest_route=\/wp\/v2\/pages\/622\/revisions"}],"predecessor-version":[{"id":635,"href":"https:\/\/istressportsbadminton.com\/index.php?rest_route=\/wp\/v2\/pages\/622\/revisions\/635"}],"wp:attachment":[{"href":"https:\/\/istressportsbadminton.com\/index.php?rest_route=%2Fwp%2Fv2%2Fmedia&parent=622"}],"curies":[{"name":"wp","href":"https:\/\/api.w.org\/{rel}","templated":true}]}}