{"id":664,"date":"2016-01-28T13:08:58","date_gmt":"2016-01-28T12:08:58","guid":{"rendered":"http:\/\/istressportsbadminton.com\/?page_id=664"},"modified":"2016-01-28T13:08:58","modified_gmt":"2016-01-28T12:08:58","slug":"janvier-2016-2","status":"publish","type":"page","link":"https:\/\/istressportsbadminton.com\/?page_id=664","title":{"rendered":"Janvier 2016"},"content":{"rendered":"<p><a href=\"http:\/\/istressportsbadminton.com\/wp-content\/uploads\/2016\/01\/solibad_fr.png\"><img loading=\"lazy\" class=\"aligncenter size-medium wp-image-671\" src=\"http:\/\/istressportsbadminton.com\/wp-content\/uploads\/2016\/01\/solibad_fr-300x120.png\" alt=\"solibad_fr\" width=\"300\" height=\"120\" \/><\/a><\/p>\n<h4><strong>2016 \u2026 allons de l\u2019avant !<\/strong><\/h4>\n<hr \/>\n<p><strong><span style=\"color: #ff0000;\"> La Course des H\u00e9ros \u2013 19 juin !!<a href=\"http:\/\/istressportsbadminton.com\/wp-content\/uploads\/2016\/01\/course-des-heroes.jpg\"><img loading=\"lazy\" class=\"alignright wp-image-668 \" src=\"http:\/\/istressportsbadminton.com\/wp-content\/uploads\/2016\/01\/course-des-heroes-300x249.jpg\" alt=\"course des heroes\" width=\"341\" height=\"283\" srcset=\"https:\/\/istressportsbadminton.com\/wp-content\/uploads\/2016\/01\/course-des-heroes-300x249.jpg 300w, https:\/\/istressportsbadminton.com\/wp-content\/uploads\/2016\/01\/course-des-heroes-1x1.jpg 1w, https:\/\/istressportsbadminton.com\/wp-content\/uploads\/2016\/01\/course-des-heroes.jpg 740w\" sizes=\"(max-width: 341px) 85vw, 341px\" \/><\/a><\/span><\/strong><br \/>\n<strong>Comme les deux ann\u00e9es pass\u00e9es, Solibad sera repr\u00e9sent\u00e9 lors de la Course des H\u00e9ros. A Paris mais aussi \u00e0 Lyon. Joignez-vous \u00e0 l\u2019\u00e9quipe Solibad .<\/strong><br \/>\n<strong> Pour Paris : Solibad Team 3.01, Pour Lyon : Solibad Lyon<\/strong>.<\/p>\n<p>De quoi s\u2019agit-il ? \u2013 2 ou 6 km marche, 6 ou 10 km course. L\u2019inscription est de 15 euros et le but afin de pouvoir participer (validation du dossard) est de recueillir au minimum 250 euros de dons pour votre Association. Si vous n\u2019obtenez pas les 250 euros, l\u2019argent r\u00e9colt\u00e9 est de toute mani\u00e8re distribu\u00e9 \u00e0 l\u2019association choisie. Pour vous inscrire c\u2019est ici : <a href=\"http:\/\/www.coursedesheros.com\">www.coursedesheros.com<\/a> Ensuite vous rejoignez l\u2019\u00e9quipe Solibad et vous choisissez l\u2019Association Solibad dans l\u2019onglet \u00ab Solidarit\u00e9 et Social \u00bb.<\/p>\n<hr \/>\n<p>&nbsp;<\/p>\n<p><span style=\"color: #ff9900;\"><a href=\"http:\/\/istressportsbadminton.com\/wp-content\/uploads\/2016\/01\/montre.jpg\"><img loading=\"lazy\" class=\"alignleft wp-image-669 size-medium\" src=\"http:\/\/istressportsbadminton.com\/wp-content\/uploads\/2016\/01\/montre-e1453982489546-300x138.jpg\" alt=\"montre\" width=\"300\" height=\"138\" srcset=\"https:\/\/istressportsbadminton.com\/wp-content\/uploads\/2016\/01\/montre-e1453982489546-300x138.jpg 300w, https:\/\/istressportsbadminton.com\/wp-content\/uploads\/2016\/01\/montre-e1453982489546-2x1.jpg 2w, https:\/\/istressportsbadminton.com\/wp-content\/uploads\/2016\/01\/montre-e1453982489546.jpg 734w\" sizes=\"(max-width: 300px) 85vw, 300px\" \/><\/a><strong>Cadeaux &#8211; Et oui, c\u2019est No\u00ebl toute l\u2019ann\u00e9e !!<\/strong><\/span><\/p>\n<p>Celui d\u2019entre vous qui aura r\u00e9colt\u00e9 le plus de dons pour la Course des H\u00e9ros 2016 (\u00e0 Paris ou \u00e0 Lyon) recevra un joli cadeau : la toute derni\u00e8re montre connect\u00e9e Huawei Watch d\u2019une valeur de 450 euros<\/p>\n<hr \/>\n<p>&nbsp;<\/p>\n<p><strong><span style=\"color: #99cc00;\">Vos raquettes au N\u00e9pal !!<\/span><\/strong><\/p>\n<p><strong><span style=\"color: #99cc00;\"><a href=\"http:\/\/istressportsbadminton.com\/wp-content\/uploads\/2016\/01\/Nepal.jpg\"><img loading=\"lazy\" class=\"alignright size-medium wp-image-670\" src=\"http:\/\/istressportsbadminton.com\/wp-content\/uploads\/2016\/01\/Nepal-300x249.jpg\" alt=\"Nepal\" width=\"300\" height=\"249\" srcset=\"https:\/\/istressportsbadminton.com\/wp-content\/uploads\/2016\/01\/Nepal-300x249.jpg 300w, https:\/\/istressportsbadminton.com\/wp-content\/uploads\/2016\/01\/Nepal-1x1.jpg 1w, https:\/\/istressportsbadminton.com\/wp-content\/uploads\/2016\/01\/Nepal.jpg 740w\" sizes=\"(max-width: 300px) 85vw, 300px\" \/><\/a><\/span><\/strong>Cet \u00e9t\u00e9, une partie des raquettes r\u00e9colt\u00e9es par Solibad ont \u00e9t\u00e9 apport\u00e9es \u00e0 Katmandou pour redonner le sourire aux enfants apr\u00e8s le tremblement de terre d\u00e9vastateur. Cette ann\u00e9e, Philippe et son comparse retourneront sur place et nous continuerons notre aide avant d\u2019en faire (peut-\u00eatre) un nouveau programme en 2017. Donc \u2026<\/p>\n<hr \/>\n<p>&nbsp;<\/p>\n<p><span style=\"color: #33cccc;\"><strong><img loading=\"lazy\" class=\"alignleft wp-image-667 size-medium\" src=\"http:\/\/istressportsbadminton.com\/wp-content\/uploads\/2016\/01\/Collecte-materiel-300x249.jpg\" alt=\"Collecte materiel\" width=\"300\" height=\"249\" srcset=\"https:\/\/istressportsbadminton.com\/wp-content\/uploads\/2016\/01\/Collecte-materiel-300x249.jpg 300w, https:\/\/istressportsbadminton.com\/wp-content\/uploads\/2016\/01\/Collecte-materiel-1x1.jpg 1w, https:\/\/istressportsbadminton.com\/wp-content\/uploads\/2016\/01\/Collecte-materiel.jpg 740w\" sizes=\"(max-width: 300px) 85vw, 300px\" \/>Collectes de raquettes, filets, chaussures<\/strong><\/span><br \/>\nLes collectes pour le programme Shuttle Time de la BWF relay\u00e9 par la FFBad et pour Solibad continueront toute la saison.<br \/>\nLa prochaine grosse collecte aura lieu lors des Championnats de France seniors 2016 les 4, 5, 6 et 7 f\u00e9vrier \u00e0 Rouen.<br \/>\nNous comptons sur vous \ud83d\ude42 .<\/p>\n<hr \/>\n<p>&nbsp;<\/p>\n<p><span style=\"color: #33cccc;\"><strong>Contacts :<\/strong><\/span> Rapha\u00ebl, raphael@solibad.net et Colette, cristina@solibad.net<\/p>\n<p>&nbsp;<\/p>\n<p><strong><span style=\"color: #800080;\">BONNE ET HEUREUSE ANNEE A TOUS ET A TOUTES<\/span><\/strong><\/p>\n","protected":false},"excerpt":{"rendered":"<p>2016 \u2026 allons de l\u2019avant ! La Course des H\u00e9ros \u2013 19 juin !! Comme les deux ann\u00e9es pass\u00e9es, Solibad sera repr\u00e9sent\u00e9 lors de la Course des H\u00e9ros. A Paris mais aussi \u00e0 Lyon. Joignez-vous \u00e0 l\u2019\u00e9quipe Solibad . Pour Paris : Solibad Team 3.01, Pour Lyon : Solibad Lyon. De quoi s\u2019agit-il ? \u2013 &hellip; <a href=\"https:\/\/istressportsbadminton.com\/?page_id=664\" class=\"more-link\">Continuer la lecture<span class=\"screen-reader-text\"> de &laquo;&nbsp;Janvier 2016&nbsp;&raquo;<\/span><\/a><\/p>\n","protected":false},"author":3,"featured_media":0,"parent":0,"menu_order":0,"comment_status":"closed","ping_status":"closed","template":"","meta":{"sfsi_plus_gutenberg_text_before_share":"","sfsi_plus_gutenberg_show_text_before_share":"","sfsi_plus_gutenberg_icon_type":"","sfsi_plus_gutenberg_icon_alignemt":"","sfsi_plus_gutenburg_max_per_row":""},"_links":{"self":[{"href":"https:\/\/istressportsbadminton.com\/index.php?rest_route=\/wp\/v2\/pages\/664"}],"collection":[{"href":"https:\/\/istressportsbadminton.com\/index.php?rest_route=\/wp\/v2\/pages"}],"about":[{"href":"https:\/\/istressportsbadminton.com\/index.php?rest_route=\/wp\/v2\/types\/page"}],"author":[{"embeddable":true,"href":"https:\/\/istressportsbadminton.com\/index.php?rest_route=\/wp\/v2\/users\/3"}],"replies":[{"embeddable":true,"href":"https:\/\/istressportsbadminton.com\/index.php?rest_route=%2Fwp%2Fv2%2Fcomments&post=664"}],"version-history":[{"count":15,"href":"https:\/\/istressportsbadminton.com\/index.php?rest_route=\/wp\/v2\/pages\/664\/revisions"}],"predecessor-version":[{"id":685,"href":"https:\/\/istressportsbadminton.com\/index.php?rest_route=\/wp\/v2\/pages\/664\/revisions\/685"}],"wp:attachment":[{"href":"https:\/\/istressportsbadminton.com\/index.php?rest_route=%2Fwp%2Fv2%2Fmedia&parent=664"}],"curies":[{"name":"wp","href":"https:\/\/api.w.org\/{rel}","templated":true}]}}