{"id":703,"date":"2016-01-29T16:50:29","date_gmt":"2016-01-29T15:50:29","guid":{"rendered":"http:\/\/istressportsbadminton.com\/?page_id=703"},"modified":"2016-01-29T16:50:29","modified_gmt":"2016-01-29T15:50:29","slug":"trj-4-aix-en-provence","status":"publish","type":"page","link":"https:\/\/istressportsbadminton.com\/?page_id=703","title":{"rendered":"TRJ 4 Aix en Provence"},"content":{"rendered":"<p>Notre petit <strong>Swann<\/strong> continue son aventure sur les routes de la r\u00e9gion. Apr\u00e8s sa tr\u00e8s belle premi\u00e8re <a href=\"http:\/\/istressportsbadminton.com\/?page_id=622\" target=\"_blank\">victoire en tournoi du weekend pr\u00e9cedant \u00e0 Apt<\/a>, un gros challenge l&rsquo;attendait dimanche 24 janvier \u00e0 Aix pour cette fois ci un Tournoi <span style=\"text-decoration: underline;\">R\u00e9gional<\/span>, et\u00a0en cat\u00e9gorie poussin TopA, cat\u00e9gorie la plus \u00e9lev\u00e9e.<\/p>\n<p>Pour son deuxi\u00e8me TRJ (le premier avait donn\u00e9 <a href=\"http:\/\/istressportsbadminton.com\/?page_id=490\" target=\"_blank\">une finale en TopB<\/a>), <strong>Swann<\/strong> d\u00e9bute par un match contre\u00a0Hugo\u00a0Jacob,\u00a0le fils de Fabien ! Un\u00a0Fabien qui forcement ne coachera ni l&rsquo;un ni l&rsquo;autre de ses deux \u00e9l\u00e8ves, le match n&rsquo;est pas d&rsquo;un grand niveau avec beaucoup de fautes commises par les 2 petits loups, beaucoup de pleurs aussi, et au final une victoire d&rsquo;Hugo en 3 sets 18-21\/ 21-18\/ 21-14. Mais rien n&rsquo;est perdu!<\/p>\n<p>Pour son second match de poule, <strong>Swann<\/strong> affronte Dorian contre qui il avait perdu \u00e0 Auriol en octobre. Et preuve des progr\u00e8s de notre Istr\u00e9en, c&rsquo;est cette fois ci lui qui remporte la mise apr\u00e8s 3 beau sets bien serr\u00e9s 22-20\/ 15-21\/ 21-13.<\/p>\n<p>Direction alors la demi-finale ou l&rsquo;attend un tr\u00e8s gros morceau en la personne du\u00a0num\u00e9ro 1 r\u00e9gional Tim\u00e9o LACOUR. Et apr\u00e8s une premi\u00e8re manche perdue 21-11, <strong>Swann<\/strong> va faire mieux que r\u00e9sister dans le deuxi\u00e8me set et s&rsquo;arracher sur tous les points pour pousser son adversaire dans ses retranchements. Mais malgr\u00e9 un\u00a0beau combat, il\u00a0va finalement devoir s&rsquo;avouer battu, 21-18 et s\u2019arr\u00eater l\u00e0.<\/p>\n<p>Une demi-finale et une performance extr\u00eamement encourageante pour son premier tournoi dans l&rsquo;elite, soulign\u00e9e et salu\u00e9e par Fabien. Tout \u00e7a est de bonne augure pour la suite.<\/p>\n<p>Bravo <strong>Swann<\/strong>!!<\/p>\n","protected":false},"excerpt":{"rendered":"<p>Notre petit Swann continue son aventure sur les routes de la r\u00e9gion. Apr\u00e8s sa tr\u00e8s belle premi\u00e8re victoire en tournoi du weekend pr\u00e9cedant \u00e0 Apt, un gros challenge l&rsquo;attendait dimanche 24 janvier \u00e0 Aix pour cette fois ci un Tournoi R\u00e9gional, et\u00a0en cat\u00e9gorie poussin TopA, cat\u00e9gorie la plus \u00e9lev\u00e9e. Pour son deuxi\u00e8me TRJ (le premier &hellip; <a href=\"https:\/\/istressportsbadminton.com\/?page_id=703\" class=\"more-link\">Continuer la lecture<span class=\"screen-reader-text\"> de &laquo;&nbsp;TRJ 4 Aix en Provence&nbsp;&raquo;<\/span><\/a><\/p>\n","protected":false},"author":3,"featured_media":0,"parent":0,"menu_order":0,"comment_status":"closed","ping_status":"closed","template":"","meta":{"sfsi_plus_gutenberg_text_before_share":"","sfsi_plus_gutenberg_show_text_before_share":"","sfsi_plus_gutenberg_icon_type":"","sfsi_plus_gutenberg_icon_alignemt":"","sfsi_plus_gutenburg_max_per_row":""},"_links":{"self":[{"href":"https:\/\/istressportsbadminton.com\/index.php?rest_route=\/wp\/v2\/pages\/703"}],"collection":[{"href":"https:\/\/istressportsbadminton.com\/index.php?rest_route=\/wp\/v2\/pages"}],"about":[{"href":"https:\/\/istressportsbadminton.com\/index.php?rest_route=\/wp\/v2\/types\/page"}],"author":[{"embeddable":true,"href":"https:\/\/istressportsbadminton.com\/index.php?rest_route=\/wp\/v2\/users\/3"}],"replies":[{"embeddable":true,"href":"https:\/\/istressportsbadminton.com\/index.php?rest_route=%2Fwp%2Fv2%2Fcomments&post=703"}],"version-history":[{"count":3,"href":"https:\/\/istressportsbadminton.com\/index.php?rest_route=\/wp\/v2\/pages\/703\/revisions"}],"predecessor-version":[{"id":706,"href":"https:\/\/istressportsbadminton.com\/index.php?rest_route=\/wp\/v2\/pages\/703\/revisions\/706"}],"wp:attachment":[{"href":"https:\/\/istressportsbadminton.com\/index.php?rest_route=%2Fwp%2Fv2%2Fmedia&parent=703"}],"curies":[{"name":"wp","href":"https:\/\/api.w.org\/{rel}","templated":true}]}}