{"id":759,"date":"2016-02-12T13:51:21","date_gmt":"2016-02-12T12:51:21","guid":{"rendered":"http:\/\/istressportsbadminton.com\/?page_id=759"},"modified":"2016-12-05T12:24:01","modified_gmt":"2016-12-05T11:24:01","slug":"gpa-mixte-pelissanne","status":"publish","type":"page","link":"https:\/\/istressportsbadminton.com\/?page_id=759","title":{"rendered":"GPA Mixte P\u00e9lissanne"},"content":{"rendered":"<p>P\u00e9lissanne accueillait dimanche 7 f\u00e9vrier un GPA de mixte auquel\u00a0participaient <strong>Agn\u00e8s<\/strong> associ\u00e9e \u00e0 <strong>Francky<\/strong>, et <strong>JP<\/strong> qui faisait \u00e9quipe avec\u00a0Sabrina PUTORTI (Vitrolles), les deux paires dans\u00a0le\u00a0m\u00eame tableau R5\/R6. Un tableau compos\u00e9e de 2 poules seulement, \u00e7a aura son importance&#8230; Et \u00e0 une semaine de la Saint Valentin, ce tournoi s&rsquo;est r\u00e9v\u00e9l\u00e9 \u00eatre une belle histoire de couple\u00a0comme vous allez le voir&#8230;<\/p>\n<p>Pour <strong>JP<\/strong> et Sabrina, t\u00eate de serie N1 du tournoi, cette poule A se d\u00e9roule sans trop de souci, 2 matchs victorieux, certes gagn\u00e9s en 3 set \u00e0 chaque fois, mais sans r\u00e9ellement trembler au final. Direction donc la demi-finale pour attendre le second de l&rsquo;autre poule&#8230;<\/p>\n<p>Dans la poule B, on retrouvait donc <strong>Agn\u00e8s<\/strong> et <strong>Francky<\/strong>, qui vont connaitre des\u00a0d\u00e9buts plus\u00a0laborieux, avec une d\u00e9faite qui ne restera pas dans les annales contre les Airbus H\u00e9licopt\u00e8res Tania HERNANDEZ\/ Raphael VANNUNEN. Avec un match perdu dans la besace, l&rsquo;objectif a viser d\u00e9sormais \u00e9tait\u00a0d&rsquo;arracher la\u00a0seconde place et une potentielle demi-finale contre &#8230; <strong>JP<\/strong> et Sabrina!<\/p>\n<p>All\u00e9ch\u00e9e par la\u00a0perspective de foutre une rouste \u00e0 son petit JP d&rsquo;amour <img src=\"https:\/\/ssl.gstatic.com\/mail\/emoji\/6\/48px\/emoji_u1f60d.png\" alt=\"\uf60d\" data-goomoji=\"1f60d\" \/>, <strong>Agn\u00e8s<\/strong> va montrer une motivation surmultipli\u00e9e, pour le plus grand bonheur de <strong>Francky<\/strong>. Resultat, 2 victoires en 2 sets secs, et l&rsquo;objectif de la seconde place atteint!<\/p>\n<p>Et nous y voila, cette fameuse demi-finale qui va valloir\u00a0son pesant de cacahu\u00e8tes. Qui d&rsquo;<strong>Agn\u00e8s<\/strong> ou <strong>JP<\/strong> rentrera de P\u00e9lissanne \u00e0 pied? Qui se retrouvera de corv\u00e9e de couche pendant 10 jours? Qui de la bondissante tigresse arm\u00e9nienne ou du v\u00e9n\u00e9rable dragon Vietnamien remportera cet affrontement digne des plus grandes trag\u00e9dies grecques?? Les enjeux \u00e9taient \u00e9normes sur le terrain,\u00a0avec au milieu, ne les oublions pas, deux\u00a0spectateurs privil\u00e9gi\u00e9s en la personne de Sabrina et <strong>Francky<\/strong>.<\/p>\n<p>Et ce match\u00a0tient toutes ses promesses! La bave aux l\u00e8vres\u00a0et\u00a0d\u00e9gainant ses\u00a0fameux plongeons avec plus de dext\u00e9rit\u00e9 que jamais, <strong>Agn\u00e8s<\/strong> est en folie, et <strong>\u00a0<\/strong>remporte avec <strong>Francky\u00a0<\/strong>ce premier round 21-18. <strong>JP<\/strong>\u00a0est alors saisis par la peur,\u00a0cette peur de rentrer la queue entre les jambe, devoir raser les murs pour \u00e9viter les moqueries \u00e0 la maison, et pire que tout: devoir se farcir pendant des semaines la fameuse danse de la victoire d&rsquo;<strong>Agn\u00e8s<\/strong>\u00a0WOUWOUWOU!!!<strong>\u00a0<\/strong>L&rsquo;\u00e9lectrochoc fonctionne, les boulons sont resserr\u00e9s, et Sabrina et <strong>JP<\/strong>\u00a0remportent ais\u00e9ment la seconde manche 21-15.<\/p>\n<p>Tout se jouera donc au 3\u00e8me!! Et ce set d\u00e9cisif est monstrueux, du magnifique badminton tactique, de longs \u00e9changes, un score serr\u00e9 au possible, aucune \u00e9quipe ne l\u00e2chant le morceau, 14-14, jusqu\u2019\u00e0 ce que &#8230;. Patatras, <strong>JP<\/strong> et Sabrina choisissent le pire des moments pour encha\u00eener 4 fautes directes! Ils ne reverront plus leurs adversaires, et\u00a0<strong>Francky<\/strong> et <strong>Agn\u00e8s<\/strong> triomphent, cette derni\u00e8re exulte! WouWouWou!! Le filet s&rsquo;en souvient encore !!<\/p>\n<p>On en oublierait presque que ce match n\u2019\u00e9tait qu&rsquo;une demi finale&#8230; et qu&rsquo;il restait une finale \u00e0 jouer, contre Justine BOURGU\u00c8S\/ Fabien BOUCHET (Aubagne\/ Simiane). Et comme souvent apr\u00e8s un tel sommet dans l&rsquo;\u00e9motion, vient l&rsquo;anticlimax. <strong>Agn\u00e8s<\/strong> et <strong>Francky<\/strong> ne parviendront jamais \u00e0 prendre le dessus contre des adversaires qui s\u2019av\u00e9reront meilleurs dans le jeu, d\u00e9faite 21-18\/ 21-17.\u00a0Mais l&rsquo;importante bataille en ce dimanche avait eu\u00a0lieu bien plus t\u00f4t.<\/p>\n<p>Je rassure n\u00e9anmoins leurs nombreux fans, <strong>Agn\u00e8s<\/strong> et <strong>JP<\/strong> s&rsquo;aiment finalement toujours, comme on dit tout est bien qui fini bien, et cette aventure n&rsquo;aura pas laiss\u00e9 de trace&#8230;<\/p>\n<p>Quoique&#8230; ??? Je vous laisse\u00a0en juger&#8230;<\/p>\n<p><a href=\"http:\/\/istressportsbadminton.com\/wp-content\/uploads\/2016\/02\/unnamed.jpg\"><img loading=\"lazy\" class=\"alignleft wp-image-767 size-medium\" src=\"http:\/\/istressportsbadminton.com\/wp-content\/uploads\/2016\/02\/unnamed-155x300.jpg\" alt=\"unnamed\" width=\"155\" height=\"300\" srcset=\"https:\/\/istressportsbadminton.com\/wp-content\/uploads\/2016\/02\/unnamed-155x300.jpg 155w, https:\/\/istressportsbadminton.com\/wp-content\/uploads\/2016\/02\/unnamed-1x1.jpg 1w, https:\/\/istressportsbadminton.com\/wp-content\/uploads\/2016\/02\/unnamed.jpg 479w\" sizes=\"(max-width: 155px) 85vw, 155px\" \/><\/a><\/p>\n<p>&nbsp;<\/p>\n<p>&nbsp;<\/p>\n","protected":false},"excerpt":{"rendered":"<p>P\u00e9lissanne accueillait dimanche 7 f\u00e9vrier un GPA de mixte auquel\u00a0participaient Agn\u00e8s associ\u00e9e \u00e0 Francky, et JP qui faisait \u00e9quipe avec\u00a0Sabrina PUTORTI (Vitrolles), les deux paires dans\u00a0le\u00a0m\u00eame tableau R5\/R6. Un tableau compos\u00e9e de 2 poules seulement, \u00e7a aura son importance&#8230; Et \u00e0 une semaine de la Saint Valentin, ce tournoi s&rsquo;est r\u00e9v\u00e9l\u00e9 \u00eatre une belle histoire &hellip; <a href=\"https:\/\/istressportsbadminton.com\/?page_id=759\" class=\"more-link\">Continuer la lecture<span class=\"screen-reader-text\"> de &laquo;&nbsp;GPA Mixte P\u00e9lissanne&nbsp;&raquo;<\/span><\/a><\/p>\n","protected":false},"author":3,"featured_media":0,"parent":0,"menu_order":0,"comment_status":"closed","ping_status":"closed","template":"","meta":{"sfsi_plus_gutenberg_text_before_share":"","sfsi_plus_gutenberg_show_text_before_share":"","sfsi_plus_gutenberg_icon_type":"","sfsi_plus_gutenberg_icon_alignemt":"","sfsi_plus_gutenburg_max_per_row":""},"_links":{"self":[{"href":"https:\/\/istressportsbadminton.com\/index.php?rest_route=\/wp\/v2\/pages\/759"}],"collection":[{"href":"https:\/\/istressportsbadminton.com\/index.php?rest_route=\/wp\/v2\/pages"}],"about":[{"href":"https:\/\/istressportsbadminton.com\/index.php?rest_route=\/wp\/v2\/types\/page"}],"author":[{"embeddable":true,"href":"https:\/\/istressportsbadminton.com\/index.php?rest_route=\/wp\/v2\/users\/3"}],"replies":[{"embeddable":true,"href":"https:\/\/istressportsbadminton.com\/index.php?rest_route=%2Fwp%2Fv2%2Fcomments&post=759"}],"version-history":[{"count":13,"href":"https:\/\/istressportsbadminton.com\/index.php?rest_route=\/wp\/v2\/pages\/759\/revisions"}],"predecessor-version":[{"id":2130,"href":"https:\/\/istressportsbadminton.com\/index.php?rest_route=\/wp\/v2\/pages\/759\/revisions\/2130"}],"wp:attachment":[{"href":"https:\/\/istressportsbadminton.com\/index.php?rest_route=%2Fwp%2Fv2%2Fmedia&parent=759"}],"curies":[{"name":"wp","href":"https:\/\/api.w.org\/{rel}","templated":true}]}}