{"id":828,"date":"2016-03-08T23:25:10","date_gmt":"2016-03-08T22:25:10","guid":{"rendered":"http:\/\/istressportsbadminton.com\/?page_id=828"},"modified":"2016-12-05T12:29:12","modified_gmt":"2016-12-05T11:29:12","slug":"tournoi-du-rocher-vitrolles","status":"publish","type":"page","link":"https:\/\/istressportsbadminton.com\/?page_id=828","title":{"rendered":"Tournoi du Rocher (Vitrolles)"},"content":{"rendered":"<p>Les 20 et 21 f\u00e9vrier se d\u00e9roulait le c\u00e9l\u00e8bre Tournoi du Rocher \u00e0 Vitrolles o\u00f9 pas moins de 14 Istr\u00e9ens \u00e9taient inscrits.<\/p>\n<h4><span style=\"color: #800080;\"><strong>Simple Homme<\/strong><\/span><\/h4>\n<p><span style=\"text-decoration: underline;\">Tableau D8\/D9<\/span><\/p>\n<p><strong>Maxime<\/strong> et <strong>Baptiste<\/strong>\u00a0\u00e9taient les seuls courageux (assez c**illus diront certains, normal me direz vous pour le\u00a0duo B&amp;C&#8230;&#8230;) pour participer aux simples.<\/p>\n<p>Ils \u00e9taient donc tous les 2 engag\u00e9s dans un difficile tableau D8\/D9\/P.\u00a0Pour <strong>Max<\/strong>, P1 en simple, la marche s&rsquo;av\u00e8re un peu trop haute, s&rsquo;inclinant lors de ses 2 matchs de poules, mais\u00a0poussant \u00e0 chaque fois ses adversaires en 3 sets. Dommage.<\/p>\n<p><strong>Baptiste<\/strong> s&rsquo;en sort bien mieux, remportant solidement ses 2 matchs de poule, puis\u00a0son 1\/8\u00e8me de finale sans abandonner le moindre\u00a0set,\u00a0pour retrouver en\u00a0quart de finale Mathias ALEGRIA (Martigues). Apres une premi\u00e8re manche perdue de justesse 21-18, <strong>Baptiste<\/strong> semble prendre les commandes en survolant la seconde 21-11. Malheureusement, il s&rsquo;inclinera finalement (15-21 dans la derni\u00e8re) dans un match qui semblait pourtant \u00e0 sa port\u00e9e. Rageant d&rsquo;autant plus que Mathias ira finalement remporter ce tableau.<\/p>\n<hr \/>\n<h4><span style=\"color: #800080;\"><strong>Doubles Mixte<\/strong><\/span><\/h4>\n<p><span style=\"text-decoration: underline;\">Tableau D8\/D9\/P<\/span><\/p>\n<p>Premi\u00e8re association pour <strong>Dorian<\/strong> avec Salom\u00e9 LEVALLET du SMUC. Et pour une premi\u00e8re ce fut plut\u00f4t r\u00e9ussi un parcours sans faute jusqu\u2019\u00e0 la finale et 4\u00a0matchs liquid\u00e9s rapidement. La finale contre Morgane CHARBONNEAU\/ Lionel DURNAIAN (SMUC) d\u00e9marre sur les m\u00eames bases, 21-12. Salom\u00e9 et <strong>Dorian<\/strong> abandonnent alors la 2\u00e8me manche pour avoir tent\u00e9 quelques exp\u00e9rimentations. Mais finalement sans cons\u00e9quence puisqu&rsquo;ils exp\u00e9dient la 3\u00e8me sur un cinglant 21-09 et remportent tr\u00e8s facilement ce premier tournoi ensemble (qui en appelle beaucoup d&rsquo;autres??).<\/p>\n<p><strong>22\u00e8me troph\u00e9es pour ISB !! Bravo Dorian!!\u00a0<a href=\"http:\/\/istressportsbadminton.com\/wp-content\/uploads\/2016\/04\/emoji_u1f3c6.png\"><img loading=\"lazy\" class=\"alignnone size-full wp-image-1322\" src=\"http:\/\/istressportsbadminton.com\/wp-content\/uploads\/2016\/04\/emoji_u1f3c6.png\" alt=\"Victoire\" width=\"25\" height=\"25\" srcset=\"https:\/\/istressportsbadminton.com\/wp-content\/uploads\/2016\/04\/emoji_u1f3c6.png 25w, https:\/\/istressportsbadminton.com\/wp-content\/uploads\/2016\/04\/emoji_u1f3c6-1x1.png 1w\" sizes=\"(max-width: 25px) 85vw, 25px\" \/><\/a><\/strong><\/p>\n<p>&nbsp;<\/p>\n<p><span style=\"text-decoration: underline;\">Tableau R6\/D7<\/span><\/p>\n<p>Apr\u00e8s leurs aventures de P\u00e9lissanne (<a href=\"http:\/\/istressportsbadminton.com\/?page_id=759\" target=\"_blank\">lire ici<\/a>), <strong>Agnes<\/strong> et <strong>Francky<\/strong> faisaient de nouveau \u00e9quipe, mais cette fois ci sans grande r\u00e9ussite: dans une poule \u00e0 4, deux\u00a0d\u00e9faites et c&rsquo;\u00e9tait d\u00e9j\u00e0 l&rsquo;\u00e9limination pr\u00e9matur\u00e9e. Ils sauveront n\u00e9anmoins l&rsquo;honneur en remportant le dernier match pour le fun. Journ\u00e9e \u00e0 oublier donc.<\/p>\n<p><span style=\"text-decoration: underline;\">Tableau R4\/R5<\/span><\/p>\n<p>De l&rsquo;Istr\u00e9en \u00e0 foison dans ce tableau: <strong>Marie<\/strong> avec <strong>JP<\/strong>, <strong>Quentin<\/strong> avec Perrine AHUIR (Vitrolles) et enfin <strong>Aur\u00e9lie<\/strong> et <strong>Seb C<\/strong>, vainqueurs ensemble de ce m\u00eame tournoi l&rsquo;an pass\u00e9.<\/p>\n<p>Pour les 3 paires sortent des poules sans gros souci, seuls Marie\/JP perdent de justesse un match. Direction les quarts de finales.<\/p>\n<p>Pour <strong>Quentin<\/strong>, le match se termine rapidement: victime d&rsquo;une blessure, ils doivent abandonner. <strong>Marie<\/strong>\/<strong>JP<\/strong> subissent la loi d&rsquo;Elodie THERY\/Nicolas GOLOMBIEWSKI (Airbus). Seuls <strong>Seb<\/strong> et <strong>Aur\u00e9<\/strong> vont passer le cap en \u00e9cartant\u00a0de fa\u00e7on autoritaire Christelle\u00a0FERRAND\/\u00a0Jeremy VAN BOXSOM (Airbus). La demi-finale est \u00e9galement s\u00e9rieusement\u00a0exp\u00e9di\u00e9e pour retrouver en finale les bourreau de <strong>Marie<\/strong> et <strong>JP<\/strong>, Elodie et Nicolas.<\/p>\n<p>L&rsquo;entr\u00e9e en mati\u00e8re dans cette finale est bonne, <strong>Seb<\/strong>\/<strong>Aur\u00e9<\/strong> remportant la premi\u00e8re manche 21\/15. N\u00e9anmoins, ils c\u00e8dent la seconde 16-21 pour engager le match dans un 3\u00e8me set qui va s\u2019av\u00e9rer ultra serr\u00e9. Au bout du suspense, <strong>Aur\u00e9<\/strong> et <strong>Seb<\/strong> l&#8217;emporte finalement 22-20, et conservent leur titre dans ce tournois Vitrollais. Bien jou\u00e9s!!!<\/p>\n<p><strong>Et de 23\u00a0victoires\u00a0pour ISB \u00a0<a href=\"http:\/\/istressportsbadminton.com\/wp-content\/uploads\/2016\/04\/emoji_u1f3c6.png\"><img loading=\"lazy\" class=\"alignnone size-full wp-image-1322\" src=\"http:\/\/istressportsbadminton.com\/wp-content\/uploads\/2016\/04\/emoji_u1f3c6.png\" alt=\"Victoire\" width=\"25\" height=\"25\" srcset=\"https:\/\/istressportsbadminton.com\/wp-content\/uploads\/2016\/04\/emoji_u1f3c6.png 25w, https:\/\/istressportsbadminton.com\/wp-content\/uploads\/2016\/04\/emoji_u1f3c6-1x1.png 1w\" sizes=\"(max-width: 25px) 85vw, 25px\" \/><\/a><\/strong><\/p>\n<hr \/>\n<h4><span style=\"color: #800080;\"><strong>Doubles\u00a0Dames<\/strong><\/span><\/h4>\n<p><span style=\"text-decoration: underline;\">Tableau R4\/R5<\/span><\/p>\n<p>2 paires \u00e9taient engag\u00e9es dans ce tableau.<\/p>\n<p>Malgr\u00e9 leur ind\u00e9niable envie, la marche \u00e9taient trop haute pour <strong>Agn\u00e8s<\/strong>\u00a0et\u00a0<strong>Aur\u00e9lie<\/strong>\u00a0qui perdent s\u00e8chement leur deux rencontres contre des paires d&rsquo;un meilleur niveau, les fautes directes et le manque de r\u00e9ussite avec ce fichu filet n&rsquo;aidant pas&#8230;<\/p>\n<p><strong>Marie<\/strong> faisait, elle, \u00e9quipe avec Ath\u00e9na\u00efs HADJ RABAH (Carnoux), et leur journ\u00e9e va s&rsquo;av\u00e9rer un peu plus fructueuse. Elles sortent de leur poule avec 1 victoire (contre Loriane DR\u00c9AN, future ISB\u00e8nne\u00a0?? \ud83d\ude09 ), mais 1 d\u00e9faite qui les oblige a en passer par un 1\/8\u00e8me de finale, 1\/8\u00e8me de finale qui va s\u2019av\u00e9rer\u00a0tr\u00e8s serr\u00e9, <strong>Marie<\/strong>\/Ath\u00e9na\u00efs s&rsquo;en sortant\u00a022-20\/ 21-19. Mais l&rsquo;aventure s\u2019arr\u00eatera finalement au tour suivant contre Dorothea SCHMIDT\/Aur\u00e9lie PEREGRINA (SMUC\/Aix) au cours d&rsquo;un match dans lequel elles n&rsquo;arriveront jamais a prendre le dessus.<\/p>\n<hr \/>\n<h4><span style=\"color: #800080;\"><strong>Doubles\u00a0Hommes<\/strong><\/span><\/h4>\n<p><span style=\"text-decoration: underline;\">Tableau D8\/D9<\/span><\/p>\n<p>Notre c\u00e9l\u00e8bre couple B&amp;C s&rsquo;attaquait \u00e0 du costaud dans un tableau D8\/D9. Fini la rigolade des tableaux Promobad!!\u00a0<strong>Max\/Baptiste\u00a0<\/strong>commencent par une d\u00e9faite malgr\u00e9 un premier set bien accroch\u00e9 21-19\/ 21-12. Le second match de leur poule leur voit r\u00e9aliser une belle perf, victoire 24-22\/ 21-09 et une qualif en\u00a0quart de finale, o\u00f9 ils vont finalement s&rsquo;incliner contre la paire aixoise GOEPP\/GOSSETTE\u00a0en 2 sets, 21-16\/ 21-14.<\/p>\n<p><span style=\"text-decoration: underline;\">Tableau R6\/D7<\/span><\/p>\n<p>3 Istr\u00e9ens dans ce tableau: <strong>Tibo<\/strong>\/<strong>Francky,<\/strong> et <strong>David O<\/strong> au choix qui s&rsquo;est retrouv\u00e9 avec un (autre) auvergnat,\u00a0Gr\u00e9gory JOUBERT (Brives-Charensac).<\/p>\n<p>Malgr\u00e9 leur statut de t\u00eate de s\u00e9rie, Tibo et Francky ont toutes les peines du monde a entrer dans leur premier match qui se r\u00e9v\u00e8le tr\u00e8s laborieux, 21-14 puis 15-21. Ils arrachent finalement la victoire au 3\u00e8me set 21-19! Le second match est par contre une formalit\u00e9 vite exp\u00e9di\u00e9e. Qualif pour les 1\/4 de finale ou les attendent 2 jeunes d&rsquo;Ollioules, Fabien MARIEY\/Lucas BENOIT qui remportent la 1ere manche. Nos comp\u00e8res r\u00e9ussissent enfin a mettre leur jeu en place et ils \u00e9galisent, 1 set partout 17-21\/ 21-15. Malheureusement, beaucoup trop d&rsquo;erreurs de la part de <strong>Tibo<\/strong> et <strong>Francky<\/strong> dans la 3\u00e8me manche, au contraire de Fabien et Lucas qui assurent leurs points, et nos Istr\u00e9ens en resteront la malgr\u00e9 un sursaut en fin de set, perdu finalement 21-14.<\/p>\n<p>De son cot\u00e9, <strong>David<\/strong> et son partenaire Gr\u00e9gory sortent tr\u00e8s sereinement de leur poule avec 2 victoires en 2 sets, trouvant tout de suite leurs marques alors m\u00eame qu&rsquo;ils ne se connaissent pas. Direction les 1\/4 de finale, et ils poursuivent sur les m\u00eames bonnes bases, tr\u00e8s agressifs dans le jeu et faisant commettre beaucoup de fautes directes \u00e0 leurs adversaires. Malheureusement, la machine s\u2019enraille, les coups s&rsquo;av\u00e8rent moins pr\u00e9cis, et <strong>David<\/strong> et Gr\u00e9g perdent le contr\u00f4le du jeu, et la 2\u00e8me manche. La 3\u00e8me sera du m\u00eame acabit, <strong>David<\/strong> chopant m\u00eame une crampe, et leur tournoi s\u2019arr\u00eatera la contre les futurs finalistes 16-21\/ 21-15\/ 21-15, pour ce qui restera comme une bonne reprise \u00e0 la competition pour <strong>David<\/strong>.<\/p>\n<p><span style=\"text-decoration: underline;\">Tableau R4\/R5<\/span><\/p>\n<p>Enfin dans cet all\u00e9chant tableau R4\/R5, 5 membres d&rsquo;ISB y prenait part: <strong>JP<\/strong> associ\u00e9 \u00e0 Cyril BORG de Vitrolles, <strong>Seb C<\/strong> et <strong>Teddy<\/strong>, qui restent ensemble sur une victoire \u00e0 Istres. Et enfin, retour \u00e0 la compet pour <strong>Geoffrey<\/strong> qui fait \u00e9quipe avec <strong>Robert<\/strong>, rempla\u00e7ant de derni\u00e8re minute de Quentin bless\u00e9 la veille.<\/p>\n<p>Teddy\/Seb survolent sans souci leur poule. Geoffrey et Rob ont eux un peu plus de mal a entrer dans leur premier match, le manque d&rsquo;automatisme n&rsquo;aidant pas, mais ils remportent quand m\u00eame leurs 2 rencontres. Enfin, JP\/Cyril s&rsquo;extirpent \u00e9galement de cette premi\u00e8re phase malgr\u00e9 la perte de leur deuxi\u00e8me match.<\/p>\n<p>Les trois paires sont donc qualifi\u00e9s pour les 1\/8\u00e8mes de finale. Matchs plus accroch\u00e9s pour Teddy\/Seb et Geoffrey\/Rob, mais \u00e7a passe tous les 2 en deux manches. Par contre le tournoi s&rsquo;arretera l\u00e0 pour JP et Cyril.<\/p>\n<p>Les 2 paires restantes continuent tranquillement leur chemin et survolent toutes les 2 leur quart de finale respectif, pour se retrouver finalement oppos\u00e9es lors d&rsquo;une demi-finale \u00ab\u00a0en famille\u00a0\u00bb pleine de promesse entre 4 joueurs qui ne se connaissent que trop bien. Et comme c&rsquo;est souvent le cas, le match est tr\u00e8s accroch\u00e9, la premi\u00e8re manche tombant dans l&rsquo;escarcelle de Geoffrey et Rob 23-21. 1 set, c&rsquo;est le temps qu&rsquo;il fallait \u00e0 Seb et Teddy pour monter en puissance, et affirmer finalement leur sup\u00e9riorit\u00e9 en remportant autoritairement les 2 sets suivants 21-13\/ 21-15.<\/p>\n<p>La finale les oppose \u00e0\u00a0Jimmy LEBLET\/ Lo\u00efc ALLIO. Mais <strong>Seb<\/strong> et <strong>Teddy<\/strong> ne laissent aucune chances aux 2 salonais, et remportent ce tournois 21-10\/ 21-17 pour signer leur 2\u00e8me succ\u00e8s en autant d&rsquo;association.<\/p>\n<p>Et d&rsquo;un <strong>24\u00e8me troph\u00e9es<\/strong> dans la vitrine d&rsquo;ISB\u00a0<strong><a href=\"http:\/\/istressportsbadminton.com\/wp-content\/uploads\/2016\/04\/emoji_u1f3c6.png\"><img loading=\"lazy\" class=\"alignnone size-full wp-image-1322\" src=\"http:\/\/istressportsbadminton.com\/wp-content\/uploads\/2016\/04\/emoji_u1f3c6.png\" alt=\"Victoire\" width=\"25\" height=\"25\" srcset=\"https:\/\/istressportsbadminton.com\/wp-content\/uploads\/2016\/04\/emoji_u1f3c6.png 25w, https:\/\/istressportsbadminton.com\/wp-content\/uploads\/2016\/04\/emoji_u1f3c6-1x1.png 1w\" sizes=\"(max-width: 25px) 85vw, 25px\" \/><\/a><\/strong><\/p>\n<hr \/>\n<h4><span style=\"color: #800080;\"><strong>Le weekend en Bref<\/strong><\/span><\/h4>\n<p><span style=\"text-decoration: underline;\"><strong>3 nouvelles victoires<\/strong><\/span> pour ISB en ce weekend Vitrollais, portant le total \u00e0 <strong>24 <\/strong>depuis le d\u00e9but de saison.<\/p>\n<p>1ere victoire de la saison pour <strong>Aur\u00e9<\/strong> avec son succ\u00e8s en mixte avec <strong>Seb<\/strong>.<\/p>\n<p><strong>Dorian<\/strong> remporte lui son <strong>4\u00e8me<\/strong> tournoi (1 en Double et 3 en Mixte).<\/p>\n<p>3\u00e8me succ\u00e8s pour <strong>Teddy<\/strong>\u00a0apr\u00e9s sa victoire en\u00a0Double avec <strong>Seb<\/strong>.<\/p>\n<p>Mais le grand bonhomme de ce weekend se pr\u00e9nomme encore une fois <strong>Seb<\/strong> <strong>Coto<\/strong>, qui remporte le doubl\u00e9 Double et Mixte, et qui en est d\u00e9sormais \u00e0 6 troph\u00e9es (5 Double, 1 Mixte)!!! Mais ou s\u2019arr\u00eatera-t&rsquo;il ?!?<\/p>\n<p>Bravo \u00e0 tous.<\/p>\n","protected":false},"excerpt":{"rendered":"<p>Les 20 et 21 f\u00e9vrier se d\u00e9roulait le c\u00e9l\u00e8bre Tournoi du Rocher \u00e0 Vitrolles o\u00f9 pas moins de 14 Istr\u00e9ens \u00e9taient inscrits. Simple Homme Tableau D8\/D9 Maxime et Baptiste\u00a0\u00e9taient les seuls courageux (assez c**illus diront certains, normal me direz vous pour le\u00a0duo B&amp;C&#8230;&#8230;) pour participer aux simples. Ils \u00e9taient donc tous les 2 engag\u00e9s dans &hellip; <a href=\"https:\/\/istressportsbadminton.com\/?page_id=828\" class=\"more-link\">Continuer la lecture<span class=\"screen-reader-text\"> de &laquo;&nbsp;Tournoi du Rocher (Vitrolles)&nbsp;&raquo;<\/span><\/a><\/p>\n","protected":false},"author":3,"featured_media":0,"parent":0,"menu_order":0,"comment_status":"closed","ping_status":"closed","template":"","meta":{"sfsi_plus_gutenberg_text_before_share":"","sfsi_plus_gutenberg_show_text_before_share":"","sfsi_plus_gutenberg_icon_type":"","sfsi_plus_gutenberg_icon_alignemt":"","sfsi_plus_gutenburg_max_per_row":""},"_links":{"self":[{"href":"https:\/\/istressportsbadminton.com\/index.php?rest_route=\/wp\/v2\/pages\/828"}],"collection":[{"href":"https:\/\/istressportsbadminton.com\/index.php?rest_route=\/wp\/v2\/pages"}],"about":[{"href":"https:\/\/istressportsbadminton.com\/index.php?rest_route=\/wp\/v2\/types\/page"}],"author":[{"embeddable":true,"href":"https:\/\/istressportsbadminton.com\/index.php?rest_route=\/wp\/v2\/users\/3"}],"replies":[{"embeddable":true,"href":"https:\/\/istressportsbadminton.com\/index.php?rest_route=%2Fwp%2Fv2%2Fcomments&post=828"}],"version-history":[{"count":24,"href":"https:\/\/istressportsbadminton.com\/index.php?rest_route=\/wp\/v2\/pages\/828\/revisions"}],"predecessor-version":[{"id":2131,"href":"https:\/\/istressportsbadminton.com\/index.php?rest_route=\/wp\/v2\/pages\/828\/revisions\/2131"}],"wp:attachment":[{"href":"https:\/\/istressportsbadminton.com\/index.php?rest_route=%2Fwp%2Fv2%2Fmedia&parent=828"}],"curies":[{"name":"wp","href":"https:\/\/api.w.org\/{rel}","templated":true}]}}