{"id":857,"date":"2016-03-16T16:03:32","date_gmt":"2016-03-16T15:03:32","guid":{"rendered":"http:\/\/istressportsbadminton.com\/?page_id=857"},"modified":"2016-12-05T12:30:10","modified_gmt":"2016-12-05T11:30:10","slug":"tournoi-de-venissieux-gpa-double-aubagne","status":"publish","type":"page","link":"https:\/\/istressportsbadminton.com\/?page_id=857","title":{"rendered":"GPA Double Aubagne"},"content":{"rendered":"<p>&nbsp;<\/p>\n<p>Le Dimanche 28 f\u00e9vrier au GPA de double d&rsquo;Aubagne, association in\u00e9dite entre <strong>Dorian<\/strong> et <strong>Steph<\/strong> <strong>Nony\u00a0<\/strong>en D7\/D8.<\/p>\n<p>Vers\u00e9s dans une poule de 4, Ils remportent sans probl\u00e8me le match initial, puis s&rsquo;inclinent de justesse en 3 sets et 22-20 au dernier ! Malgr\u00e9 une nouvelle d\u00e9faite en 3 sets au dernier match, ils se retrouvent n\u00e9anmoins qualif\u00e9s pour les quarts de finale au set-average.<\/p>\n<p><strong>Steph<\/strong> et <strong>Dorian<\/strong> vont alors sortir un beau match pour se hisser en demi-finale, o\u00f9 l&rsquo;aventure va s\u2019arr\u00eater non sans avoir combattu de fa\u00e7on acharn\u00e9e. D\u00e9faite 20-22\/ 21-08\/ 21-19 contre les aixois MANUGUERRA\/LACAZE. Dommage.<\/p>\n<p>Donc pas de nouvelle breloques pour ISB lors de tournoi.<\/p>\n<p>&nbsp;<\/p>\n","protected":false},"excerpt":{"rendered":"<p>&nbsp; Le Dimanche 28 f\u00e9vrier au GPA de double d&rsquo;Aubagne, association in\u00e9dite entre Dorian et Steph Nony\u00a0en D7\/D8. Vers\u00e9s dans une poule de 4, Ils remportent sans probl\u00e8me le match initial, puis s&rsquo;inclinent de justesse en 3 sets et 22-20 au dernier ! Malgr\u00e9 une nouvelle d\u00e9faite en 3 sets au dernier match, ils se &hellip; <a href=\"https:\/\/istressportsbadminton.com\/?page_id=857\" class=\"more-link\">Continuer la lecture<span class=\"screen-reader-text\"> de &laquo;&nbsp;GPA Double Aubagne&nbsp;&raquo;<\/span><\/a><\/p>\n","protected":false},"author":3,"featured_media":0,"parent":0,"menu_order":0,"comment_status":"closed","ping_status":"closed","template":"","meta":{"sfsi_plus_gutenberg_text_before_share":"","sfsi_plus_gutenberg_show_text_before_share":"","sfsi_plus_gutenberg_icon_type":"","sfsi_plus_gutenberg_icon_alignemt":"","sfsi_plus_gutenburg_max_per_row":""},"_links":{"self":[{"href":"https:\/\/istressportsbadminton.com\/index.php?rest_route=\/wp\/v2\/pages\/857"}],"collection":[{"href":"https:\/\/istressportsbadminton.com\/index.php?rest_route=\/wp\/v2\/pages"}],"about":[{"href":"https:\/\/istressportsbadminton.com\/index.php?rest_route=\/wp\/v2\/types\/page"}],"author":[{"embeddable":true,"href":"https:\/\/istressportsbadminton.com\/index.php?rest_route=\/wp\/v2\/users\/3"}],"replies":[{"embeddable":true,"href":"https:\/\/istressportsbadminton.com\/index.php?rest_route=%2Fwp%2Fv2%2Fcomments&post=857"}],"version-history":[{"count":2,"href":"https:\/\/istressportsbadminton.com\/index.php?rest_route=\/wp\/v2\/pages\/857\/revisions"}],"predecessor-version":[{"id":2133,"href":"https:\/\/istressportsbadminton.com\/index.php?rest_route=\/wp\/v2\/pages\/857\/revisions\/2133"}],"wp:attachment":[{"href":"https:\/\/istressportsbadminton.com\/index.php?rest_route=%2Fwp%2Fv2%2Fmedia&parent=857"}],"curies":[{"name":"wp","href":"https:\/\/api.w.org\/{rel}","templated":true}]}}